{"id":4820,"date":"2019-10-02T23:02:42","date_gmt":"2019-10-02T21:02:42","guid":{"rendered":"http:\/\/archeol.sav.sk\/?page_id=4820"},"modified":"2019-10-02T23:22:30","modified_gmt":"2019-10-02T21:22:30","slug":"publikacie-2016","status":"publish","type":"page","link":"https:\/\/archeol.sav.sk\/index.php\/sk\/publikacie-2016\/","title":{"rendered":"Publik\u00e1cie 2016"},"content":{"rendered":"<p>Objedn\u00e1vky: 037\/6943209, e-mail:\u00a0<a href=\"mailto:gabriela.holkova@savba.sk\">gabriela.holkova@savba.sk<\/a><\/p>\n<p>&nbsp;<\/p>\n<p><a href=\"http:\/\/archeol.sav.sk\/files\/Titulkaobsah001.pdf\"><strong><img decoding=\"async\" loading=\"lazy\" class=\" wp-image-2635 alignleft\" src=\"http:\/\/archeol.sav.sk\/files\/Str_001-9-204x300.jpg\" alt=\"str_001\" width=\"143\" height=\"211\" srcset=\"https:\/\/archeol.sav.sk\/files\/Str_001-9-204x300.jpg 204w, https:\/\/archeol.sav.sk\/files\/Str_001-9-768x1132.jpg 768w, https:\/\/archeol.sav.sk\/files\/Str_001-9-695x1024.jpg 695w\" sizes=\"(max-width: 143px) 100vw, 143px\" \/>Ilava, poloha Porubsk\u00e1 dolina<\/strong><\/a><\/p>\n<p>Autori: <strong>Lucia Benedikov\u00e1, Jana Katkinov\u00e1, Vojtech Budinsk\u00fd-Kri\u010dka<\/strong><br \/>\nVydal: <b>Archeologick\u00fd \u00fastav SAV, VEDA &#8211; vydavate\u013estvo Slovenskej akad\u00e9mie vied\u00a0<\/b><br \/>\nISBN\u00a0978-80-8196-001-7,\u00a0ISBN\u00a0978-80-224-1562-0<br \/>\nRok vydania: <b>2016<\/b><\/p>\n<p>&nbsp;<\/p>\n<p>&nbsp;<\/p>\n<p>&nbsp;<\/p>\n<p><strong><a href=\"http:\/\/archeol.sav.sk\/files\/Radzovce001.pdf\"><img decoding=\"async\" loading=\"lazy\" class=\"alignleft wp-image-2559\" src=\"http:\/\/archeol.sav.sk\/files\/Radzovce_Titulka-206x300.jpg\" alt=\"radzovce_titulka\" width=\"150\" height=\"218\" srcset=\"https:\/\/archeol.sav.sk\/files\/Radzovce_Titulka-206x300.jpg 206w, https:\/\/archeol.sav.sk\/files\/Radzovce_Titulka-768x1116.jpg 768w, https:\/\/archeol.sav.sk\/files\/Radzovce_Titulka-704x1024.jpg 704w\" sizes=\"(max-width: 150px) 100vw, 150px\" \/><\/a><a href=\"http:\/\/archeol.sav.sk\/files\/Radzovce001.pdf\">Radzovce in der zeit der urnenfelderkulturen<\/a><\/strong><\/p>\n<p>Autor: <strong>V\u00e1clav Furm\u00e1nek, Vladim\u00edr Mit\u00e1\u0161, Vojtech Budav\u00e1ry<\/strong><br \/>\nVydal: <b>Archeologick\u00fd \u00fastav SAV<\/b><br \/>\nISBN\u00a0978-80-89315-99-4<br \/>\nRok vydania: <b>2016<\/b><br \/>\nCena: <strong>46 Eur<\/strong><\/p>\n<p>&nbsp;<\/p>\n<p>&nbsp;<\/p>\n<p><b><a href=\"http:\/\/archeol.sav.sk\/files\/AVANS-2011001.pdf\"><img decoding=\"async\" loading=\"lazy\" class=\"alignleft wp-image-2554\" src=\"http:\/\/archeol.sav.sk\/files\/Str_001-6-203x300.jpg\" alt=\"str_001\" width=\"150\" height=\"222\" srcset=\"https:\/\/archeol.sav.sk\/files\/Str_001-6-203x300.jpg 203w, https:\/\/archeol.sav.sk\/files\/Str_001-6-768x1135.jpg 768w, https:\/\/archeol.sav.sk\/files\/Str_001-6-693x1024.jpg 693w\" sizes=\"(max-width: 150px) 100vw, 150px\" \/><\/a><a href=\"http:\/\/archeol.sav.sk\/files\/AVANS-2011001.pdf\">Archeologick\u00e9 v\u00fdskumy a n\u00e1lezy na Slovensku v roku 2011<\/a><\/b><\/p>\n<p>Autori: Ivan Cheben, Klaudia Da\u0148ov\u00e1, Marek Vojte\u010dek\u00a0<b> (zost.)<\/b><br \/>\nVydal: <b>Archeologick\u00fd \u00fastav SAV<\/b><br \/>\nRok vydania: <b>2016<\/b><br \/>\nPo\u010det str\u00e1n: <b>210<\/b><br \/>\nCena: <strong>46 Eur<\/strong><\/p>\n<p>&nbsp;<\/p>\n<p>&nbsp;<\/p>\n<p>&nbsp;<\/p>\n<p><b><a href=\"http:\/\/archeol.sav.sk\/files\/S-A-6422016001.pdf\"><img decoding=\"async\" loading=\"lazy\" class=\"alignleft wp-image-2549\" src=\"http:\/\/archeol.sav.sk\/files\/SlA_2016_2-213x300.jpg\" alt=\"sla_2016_2\" width=\"150\" height=\"211\" srcset=\"https:\/\/archeol.sav.sk\/files\/SlA_2016_2-213x300.jpg 213w, https:\/\/archeol.sav.sk\/files\/SlA_2016_2.jpg 512w\" sizes=\"(max-width: 150px) 100vw, 150px\" \/><\/a><a href=\"http:\/\/archeol.sav.sk\/files\/S-A-6422016001.pdf\">Slovensk\u00e1 archeol\u00f3gia LXIV-2<\/a><\/b><\/p>\n<p>Autor: <b>Gabriel Fusek (zost.)<\/b><br \/>\nVydal: <b>Archeologick\u00fd \u00fastav SAV<\/b><br \/>\nRok vydania: <b>2016<\/b><br \/>\nPo\u010det str\u00e1n: <b>361<\/b><br \/>\nCena: <b>79 Eur<\/b><\/p>\n<p>&nbsp;<\/p>\n<p>&nbsp;<\/p>\n<p>&nbsp;<\/p>\n<p><a href=\"http:\/\/archeol.sav.sk\/files\/\u0160-Z-60-2016001.pdf\"><img decoding=\"async\" loading=\"lazy\" class=\"alignleft wp-image-2545\" src=\"http:\/\/archeol.sav.sk\/files\/SZ-60-obalka-1-207x300.jpg\" alt=\"sz-60-obalka\" width=\"150\" height=\"218\" srcset=\"https:\/\/archeol.sav.sk\/files\/SZ-60-obalka-1-207x300.jpg 207w, https:\/\/archeol.sav.sk\/files\/SZ-60-obalka-1.jpg 500w\" sizes=\"(max-width: 150px) 100vw, 150px\" \/><\/a><\/p>\n<p><a href=\"http:\/\/archeol.sav.sk\/files\/%C5%A0-Z-60-2016001.pdf\"><b>\u0160tudijn\u00e9 Zvesti\u00a060<\/b><\/a><\/p>\n<p>Autori: <b>Gertr\u00fada B\u0159ezinov\u00e1, Alena Bist\u00e1kov\u00e1 (zost.)<\/b><br \/>\nVydal: <b>Archeologick\u00fd \u00fastav SAV<\/b><br \/>\nRok vydania: <b>2016<\/b><br \/>\nPo\u010det str\u00e1n: <b>203<\/b><br \/>\nCena: 7<strong>4 Eur<\/strong><\/p>\n<p>&nbsp;<\/p>\n<p>&nbsp;<\/p>\n<p>&nbsp;<\/p>\n<p><img decoding=\"async\" loading=\"lazy\" class=\"wp-image-2295 alignleft\" src=\"http:\/\/archeol.sav.sk\/files\/Str_001_32Eur-204x300.jpg\" alt=\"str_001_32eur\" width=\"151\" height=\"222\" srcset=\"https:\/\/archeol.sav.sk\/files\/Str_001_32Eur-204x300.jpg 204w, https:\/\/archeol.sav.sk\/files\/Str_001_32Eur-768x1131.jpg 768w, https:\/\/archeol.sav.sk\/files\/Str_001_32Eur-695x1024.jpg 695w\" sizes=\"(max-width: 151px) 100vw, 151px\" \/><\/p>\n<p><strong>Badensk\u00e9 os\u00eddlenie Cerovej vrchoviny<\/strong><br \/>\nAutor: <strong>R\u00f3bert Mal\u010dek<\/strong><br \/>\nVydal: <b>Archeologick\u00fd \u00fastav SAV<\/b><br \/>\nISBN\u00a0978-80-89315-88-8<br \/>\nRok vydania: <b>2016<\/b><br \/>\nCena: <strong>32 Eur<\/strong><\/p>\n<p>&nbsp;<\/p>\n<p>&nbsp;<\/p>\n<p>&nbsp;<\/p>\n<p><img decoding=\"async\" loading=\"lazy\" class=\"wp-image-2261 alignleft\" src=\"http:\/\/archeol.sav.sk\/files\/Str_001-5-211x300.jpg\" alt=\"str_001\" width=\"150\" height=\"213\" srcset=\"https:\/\/archeol.sav.sk\/files\/Str_001-5-211x300.jpg 211w, https:\/\/archeol.sav.sk\/files\/Str_001-5-768x1090.jpg 768w, https:\/\/archeol.sav.sk\/files\/Str_001-5-722x1024.jpg 722w\" sizes=\"(max-width: 150px) 100vw, 150px\" \/><\/p>\n<p><strong>Pohrebisko z\u00a0obdobia avarsk\u00e9ho kagan\u00e1tu vo Valalikoch-V\u0161echsv\u00e4t\u00fdch<\/strong><\/p>\n<p>Autori: <strong>Jozef Z\u00e1bojn\u00edk \u2013 J\u00falius B\u00e9re\u0161<\/strong><br \/>\nVydal: <b>Archeologick\u00fd \u00fastav SAV<\/b><br \/>\nISBN 978-80-89315-96-3<br \/>\nRok vydania: <b>2016<\/b><br \/>\nPo\u010det str\u00e1n:\u00a0<b>294<\/b><br \/>\n<strong>Cd pr\u00edloha<\/strong><\/p>\n<p>&nbsp;<\/p>\n<p>&nbsp;<\/p>\n<p><img decoding=\"async\" loading=\"lazy\" class=\"wp-image-2010 alignleft\" src=\"http:\/\/archeol.sav.sk\/files\/SZ2016-201x300.jpg\" alt=\"sz2016\" width=\"150\" height=\"224\" srcset=\"https:\/\/archeol.sav.sk\/files\/SZ2016-201x300.jpg 201w, https:\/\/archeol.sav.sk\/files\/SZ2016-768x1148.jpg 768w, https:\/\/archeol.sav.sk\/files\/SZ2016-685x1024.jpg 685w\" sizes=\"(max-width: 150px) 100vw, 150px\" \/><\/p>\n<p><a href=\"http:\/\/archeol.sav.sk\/files\/Titu\u0160Z-59-2016001.pdf\"><span style=\"font-size: medium;\"><b>\u0160tudijn\u00e9 Zvesti 59<\/b><\/span><\/a><\/p>\n<p>Autor: <b>Gertr\u00fada B\u0159ezinov\u00e1, Alena Bist\u00e1kov\u00e1 (zost.)<\/b><br \/>\nVydal: <b>Archeologick\u00fd \u00fastav SAV<\/b><br \/>\nRok vydania: <b>2016<\/b><br \/>\nPo\u010det str\u00e1n: <b>189<\/b><\/p>\n<p>&nbsp;<\/p>\n<p>&nbsp;<\/p>\n<p>&nbsp;<\/p>\n<p><img decoding=\"async\" loading=\"lazy\" class=\" wp-image-1990 alignleft\" src=\"http:\/\/archeol.sav.sk\/files\/Str_001-4-212x300.jpg\" alt=\"str_001\" width=\"144\" height=\"204\" srcset=\"https:\/\/archeol.sav.sk\/files\/Str_001-4-212x300.jpg 212w, https:\/\/archeol.sav.sk\/files\/Str_001-4-768x1088.jpg 768w, https:\/\/archeol.sav.sk\/files\/Str_001-4-723x1024.jpg 723w\" sizes=\"(max-width: 144px) 100vw, 144px\" \/><\/p>\n<div><strong>Bojn\u00e1 2<br \/>\n<\/strong><\/div>\n<div>\n<p>Autor: <strong>Karol Pieta &#8211; Zbigniew Robak<\/strong><br \/>\nVydal:\u00a0<strong>Archeologick\u00fd \u00fastav SAV<\/strong><br \/>\nISBN 978-80-89315-60-4<br \/>\nPo\u010det str\u00e1n: 383<br \/>\n<a href=\"http:\/\/archeol.sav.sk\/files\/Titul.Bojn\u00e1-2001.pdf\">Obsah<\/a><\/p>\n<\/div>\n<p>&nbsp;<\/p>\n<p>&nbsp;<\/p>\n<p><img decoding=\"async\" loading=\"lazy\" class=\"wp-image-1944 alignleft\" src=\"http:\/\/archeol.sav.sk\/files\/SlA_2016_1-198x300.jpg\" alt=\"SlA_2016_1\" width=\"148\" height=\"225\" srcset=\"https:\/\/archeol.sav.sk\/files\/SlA_2016_1-198x300.jpg 198w, https:\/\/archeol.sav.sk\/files\/SlA_2016_1.jpg 400w\" sizes=\"(max-width: 148px) 100vw, 148px\" \/><\/p>\n<p><b>Slovensk\u00e1 archeol\u00f3gia LXIV-1<\/b><\/p>\n<p>Autor: <b>Gabriel Fusek (zost.)<\/b><br \/>\nVydal: <b>Archeologick\u00fd \u00fastav SAV<\/b><br \/>\nRok vydania: <b>2016<\/b><br \/>\nPo\u010det str\u00e1n: <b>182<\/b><br \/>\nCena: <b>79 Eur<\/b><\/p>\n<p>&nbsp;<\/p>\n<p>&nbsp;<\/p>\n<p>&nbsp;<\/p>\n<p style=\"text-align: left;\"><img decoding=\"async\" loading=\"lazy\" class=\"wp-image-1299 alignleft\" src=\"http:\/\/archeol.sav.sk\/files\/Str_001-3-210x300.jpg\" sizes=\"(max-width: 150px) 100vw, 150px\" srcset=\"http:\/\/archeol.sav.sk\/files\/Str_001-3-210x300.jpg 210w, http:\/\/archeol.sav.sk\/files\/Str_001-3-768x1099.jpg 768w, http:\/\/archeol.sav.sk\/files\/Str_001-3-715x1024.jpg 715w\" alt=\"Str_001\" width=\"150\" height=\"215\" \/><\/p>\n<p><strong>Hrady z\u00e1padn\u00fdch Slovanov<\/strong><\/p>\n<p>Autor: <strong>Peter \u0160alkovsk\u00fd<\/strong><br \/>\nVydal:\u00a0<strong>Archeologick\u00fd \u00fastav SAV<\/strong><br \/>\nISBN 978-80-89315-95-6<br \/>\nPo\u010det str\u00e1n: 185<br \/>\nCena: <strong>64 Eur<\/strong><br \/>\n<a href=\"http:\/\/archeol.sav.sk\/files\/Hrady-zapadny-Slovanov.pdf\">Obsah<\/a><\/p>\n<p>&nbsp;<\/p>\n<p>&nbsp;<\/p>\n<p style=\"text-align: left;\"><img decoding=\"async\" loading=\"lazy\" class=\"wp-image-1303 alignleft\" src=\"http:\/\/archeol.sav.sk\/files\/Muzla-titulka-214x300.jpg\" alt=\"Muzla titulka\" width=\"150\" height=\"215\" \/><\/p>\n<div style=\"text-align: left;\"><strong>Mu\u017ela-\u010cenkov II<br \/>\n<\/strong><\/div>\n<p>Autor: <strong>Milan Hanuliak \u2013 Ivan Kuzma<\/strong><br \/>\nVydal:\u00a0<strong>Archeologick\u00fd \u00fastav SAV<\/strong><br \/>\nISBN 978-80-89315-90-1<br \/>\nPo\u010det str\u00e1n: 362<br \/>\nCena: <strong>83 Eur<\/strong><br \/>\n<a href=\"http:\/\/archeol.sav.sk\/files\/Muzla_Obsah001.pdf\">Obsah<\/a><\/p>\n<p>&nbsp;<\/p>\n<p>&nbsp;<\/p>\n<p style=\"text-align: left;\"><img decoding=\"async\" loading=\"lazy\" class=\"wp-image-1252 alignleft\" src=\"http:\/\/archeol.sav.sk\/files\/Str_001-2-300x212.jpg\" sizes=\"(max-width: 240px) 100vw, 240px\" srcset=\"http:\/\/archeol.sav.sk\/files\/Str_001-2-300x212.jpg 300w, http:\/\/archeol.sav.sk\/files\/Str_001-2-768x542.jpg 768w, http:\/\/archeol.sav.sk\/files\/Str_001-2-1024x723.jpg 1024w\" alt=\"Str_001\" width=\"240\" height=\"170\" \/><\/p>\n<p style=\"text-align: left;\"><strong>Horn\u00e9 Po\u017eitavie \u2013 Svedectvo archeol\u00f3gie<\/strong><br \/>\nAutori: <strong>Jaroslava Ruttkayov\u00e1 a Matej Ruttkay<\/strong><br \/>\nVydal:\u00a0<strong>Archeologick\u00fd \u00fastav SAV<\/strong><br \/>\nISBN 978-80-89315-65-9<br \/>\nPo\u010det str\u00e1n: 170<\/p>\n","protected":false},"excerpt":{"rendered":"<p>Objedn\u00e1vky: 037\/6943209, e-mail:\u00a0gabriela.holkova@savba.sk &nbsp; Ilava, poloha Porubsk\u00e1 dolina Autori: Lucia Benedikov\u00e1, Jana Katkinov\u00e1, Vojtech Budinsk\u00fd-Kri\u010dka Vydal: Archeologick\u00fd \u00fastav SAV, VEDA &#8211; vydavate\u013estvo Slovenskej akad\u00e9mie vied\u00a0 ISBN\u00a0978-80-8196-001-7,\u00a0ISBN\u00a0978-80-224-1562-0 Rok vydania: 2016 &nbsp; &nbsp; &nbsp; Radzovce in der zeit der urnenfelderkulturen Autor: V\u00e1clav Furm\u00e1nek, Vladim\u00edr Mit\u00e1\u0161, Vojtech Budav\u00e1ry Vydal: Archeologick\u00fd \u00fastav SAV ISBN\u00a0978-80-89315-99-4 Rok vydania: 2016 Cena: 46 &#8230; <a class=\"read-more\" href=\"https:\/\/archeol.sav.sk\/index.php\/sk\/publikacie-2016\/\">\u010c\u00edtajte viac<\/a><\/p>\n","protected":false},"author":2,"featured_media":0,"parent":0,"menu_order":0,"comment_status":"closed","ping_status":"closed","template":"","meta":[],"_links":{"self":[{"href":"https:\/\/archeol.sav.sk\/index.php\/wp-json\/wp\/v2\/pages\/4820"}],"collection":[{"href":"https:\/\/archeol.sav.sk\/index.php\/wp-json\/wp\/v2\/pages"}],"about":[{"href":"https:\/\/archeol.sav.sk\/index.php\/wp-json\/wp\/v2\/types\/page"}],"author":[{"embeddable":true,"href":"https:\/\/archeol.sav.sk\/index.php\/wp-json\/wp\/v2\/users\/2"}],"replies":[{"embeddable":true,"href":"https:\/\/archeol.sav.sk\/index.php\/wp-json\/wp\/v2\/comments?post=4820"}],"version-history":[{"count":2,"href":"https:\/\/archeol.sav.sk\/index.php\/wp-json\/wp\/v2\/pages\/4820\/revisions"}],"predecessor-version":[{"id":4849,"href":"https:\/\/archeol.sav.sk\/index.php\/wp-json\/wp\/v2\/pages\/4820\/revisions\/4849"}],"wp:attachment":[{"href":"https:\/\/archeol.sav.sk\/index.php\/wp-json\/wp\/v2\/media?parent=4820"}],"curies":[{"name":"wp","href":"https:\/\/api.w.org\/{rel}","templated":true}]}}