{"id":4816,"date":"2019-10-02T22:58:04","date_gmt":"2019-10-02T20:58:04","guid":{"rendered":"http:\/\/archeol.sav.sk\/?page_id=4816"},"modified":"2019-10-02T23:00:29","modified_gmt":"2019-10-02T21:00:29","slug":"publikacie-2017","status":"publish","type":"page","link":"https:\/\/archeol.sav.sk\/index.php\/sk\/publikacie-2017\/","title":{"rendered":"Publik\u00e1cie 2017"},"content":{"rendered":"<p>&nbsp;<\/p>\n<div><strong><img decoding=\"async\" loading=\"lazy\" class=\"size-medium wp-image-3557 alignleft\" src=\"http:\/\/archeol.sav.sk\/files\/Str_001-17-206x300.jpg\" sizes=\"(max-width: 150px) 100vw, 150px\" srcset=\"http:\/\/archeol.sav.sk\/files\/Str_001-17-768x1120.jpg 768w, http:\/\/archeol.sav.sk\/files\/Str_001-17-702x1024.jpg 702w\" alt=\"str_001\" width=\"150\" height=\"220\" \/><a href=\"http:\/\/archeol.sav.sk\/files\/Str_002.pdf\">Pohrebisko zo star\u0161ej doby bronzovej v\u00a0Ni\u017enej My\u0161li. Katal\u00f3g III.<\/a><\/strong><\/div>\n<div>\n<p>Autor:\u00a0<strong>Ladislav Olexa \u2013 Tom\u00e1\u0161 Nov\u00e1\u010dek<\/strong><br \/>\nVydal:\u00a0<strong>Archeologick\u00fd \u00fastav SAV<\/strong><br \/>\nRok vydania:\u00a0<strong>2017<\/strong><br \/>\nISBN 978-80-8196-012-3<\/p>\n<\/div>\n<p>&nbsp;<\/p>\n<p>&nbsp;<\/p>\n<p>&nbsp;<\/p>\n<div>\n<p><strong><img decoding=\"async\" loading=\"lazy\" class=\"alignleft wp-image-3516\" src=\"http:\/\/archeol.sav.sk\/files\/Bojn%C3%A1-2.roz%C5%A1iren%C3%A9-vydanie-205x300.jpg\" sizes=\"(max-width: 150px) 100vw, 150px\" srcset=\"http:\/\/archeol.sav.sk\/files\/Bojn\u00e1-2.roz\u0161iren\u00e9-vydanie-205x300.jpg 205w, http:\/\/archeol.sav.sk\/files\/Bojn\u00e1-2.roz\u0161iren\u00e9-vydanie-768x1126.jpg 768w, http:\/\/archeol.sav.sk\/files\/Bojn\u00e1-2.roz\u0161iren\u00e9-vydanie-699x1024.jpg 699w\" alt=\"bojna-2-rozsirene-vydanie\" width=\"150\" height=\"220\" \/><a href=\"http:\/\/archeol.sav.sk\/files\/Str_001-6.pdf\">Bojn\u00e1 2 \u2013 2. roz\u0161\u00edren\u00e9 vydanie<\/a><\/strong><\/p>\n<\/div>\n<div>Autori:\u00a0<strong>Karol Pieta \u2013 Zbigniew Robak<\/strong><br \/>\nVydal:\u00a0<strong>Archeologick\u00fd \u00fastav SAV<\/strong><br \/>\nRok vydania: 2017<br \/>\nISBN 978-80-8196-008-6<br \/>\nPo\u010det str\u00e1n: 383<br \/>\nCena: 42 Eur<br \/>\n<a href=\"http:\/\/archeol.sav.sk\/files\/Str_001-6.pdf\">Obsah<\/a><\/div>\n<div><\/div>\n<div><\/div>\n<p><strong><img decoding=\"async\" loading=\"lazy\" class=\" wp-image-3492 alignleft\" src=\"http:\/\/archeol.sav.sk\/files\/Str_001_1-1-209x300.jpg\" alt=\"str_001_1\" width=\"160\" height=\"215\" \/><a href=\"http:\/\/archeol.sav.sk\/files\/Str_001_1-2.pdf\">Osady doby r\u00edmskej v Ostrovanoch a Medzanoch<\/a><\/strong><\/p>\n<p>Autor:\u00a0<strong>M\u00e1ria Lamiov\u00e1-Schmiedlov\u00e1, Lucia Lu\u0161tikov\u00e1, Bo\u017eena Tom\u00e1\u0161ov\u00e1<\/strong><br \/>\nVydal:\u00a0<b>Archeologick\u00fd \u00fastav SAV<\/b><br \/>\nISBN\u00a0978-80-8196-002-4<br \/>\nRok vydania:\u00a0<b>2017<\/b><br \/>\nPo\u010det str\u00e1n:<br \/>\nCena: 28 Eur<\/p>\n<p>&nbsp;<\/p>\n<p>&nbsp;<\/p>\n<p><a href=\"http:\/\/archeol.sav.sk\/files\/Str_001-5.pdf\">B<img decoding=\"async\" loading=\"lazy\" class=\" wp-image-3477 alignleft\" src=\"http:\/\/archeol.sav.sk\/files\/Str_001-16-210x300.jpg\" alt=\"str_001\" width=\"160\" height=\"229\" srcset=\"https:\/\/archeol.sav.sk\/files\/Str_001-16-210x300.jpg 210w, https:\/\/archeol.sav.sk\/files\/Str_001-16-768x1097.jpg 768w, https:\/\/archeol.sav.sk\/files\/Str_001-16-717x1024.jpg 717w\" sizes=\"(max-width: 160px) 100vw, 160px\" \/>ratislava-D\u00fabravka<\/a><\/p>\n<p>Autor:\u00a0<strong>Kristi\u00e1n Elschek<\/strong><br \/>\nVydal:\u00a0<b>Archeologick\u00fd \u00fastav SAV<\/b><br \/>\nISBN\u00a0978-80-8196-010-9<br \/>\nRok vydania:\u00a0<b>2017<\/b><br \/>\nPo\u010det str\u00e1n:\u00a0<b>183<\/b><br \/>\nCena: 44 Eur<\/p>\n<p>&nbsp;<\/p>\n<p>&nbsp;<\/p>\n<p><img decoding=\"async\" loading=\"lazy\" class=\" wp-image-3452 alignleft\" src=\"http:\/\/archeol.sav.sk\/files\/Str_002-2-254x300.jpg\" alt=\"str_002\" width=\"180\" height=\"212\" srcset=\"https:\/\/archeol.sav.sk\/files\/Str_002-2-254x300.jpg 254w, https:\/\/archeol.sav.sk\/files\/Str_002-2-768x908.jpg 768w, https:\/\/archeol.sav.sk\/files\/Str_002-2-866x1024.jpg 866w\" sizes=\"(max-width: 180px) 100vw, 180px\" \/><\/p>\n<p><a href=\"http:\/\/archeol.sav.sk\/files\/Str_001-4.pdf\"><b>Budat\u00ednsky hrad<\/b><\/a><\/p>\n<p>Autor:\u00a0<strong>Peter Bedn\u00e1r, Zuzana Stanekov\u00e1, Peter \u0160imko\u00a0<b>(zost.)<\/b><\/strong><br \/>\nVydal:\u00a0<b>Archeologick\u00fd \u00fastav SAV<\/b><br \/>\nISBN\u00a0978-80-88877-81-3<br \/>\nRok vydania:\u00a0<b>2017<\/b><br \/>\nPo\u010det str\u00e1n:\u00a0<b>183<\/b><\/p>\n<p>&nbsp;<\/p>\n<p>&nbsp;<\/p>\n<p><a href=\"http:\/\/archeol.sav.sk\/files\/Str_001_1-1.pdf\"><b><img decoding=\"async\" loading=\"lazy\" class=\" wp-image-3438 alignleft\" src=\"http:\/\/archeol.sav.sk\/files\/Str_001_1-203x300.jpg\" alt=\"str_001_1\" width=\"150\" height=\"242\" \/>Bone and Antler Artefacts from the Roman Fort at I\u017ea<\/b><\/a><\/p>\n<p>Autor:\u00a0<strong>Erik Hrn\u010diarik<\/strong><br \/>\nVydal:\u00a0<b>Archeologick\u00fd \u00fastav SAV<\/b><br \/>\nISBN\u00a0978-80-8196-011-6<br \/>\nRok vydania:\u00a0<b>2017<\/b><br \/>\nPo\u010det str\u00e1n:\u00a0<b>136<\/b><br \/>\nCena: 25 Eur<\/p>\n<p>&nbsp;<\/p>\n<p><b><img decoding=\"async\" loading=\"lazy\" class=\" wp-image-3416 alignleft\" src=\"http:\/\/archeol.sav.sk\/files\/Str_001-15-206x300.jpg\" alt=\"str_001\" width=\"150\" height=\"218\" srcset=\"https:\/\/archeol.sav.sk\/files\/Str_001-15-206x300.jpg 206w, https:\/\/archeol.sav.sk\/files\/Str_001-15-768x1118.jpg 768w, https:\/\/archeol.sav.sk\/files\/Str_001-15-703x1024.jpg 703w\" sizes=\"(max-width: 150px) 100vw, 150px\" \/><a href=\"http:\/\/archeol.sav.sk\/files\/Str_001_1.pdf\">Ot\u00e1zky neolitu a eneolitu na\u0161ich kraj\u00edn\u00a0\u2013 2013\u00a0<\/a><\/b><\/p>\n<p>Autor:\u00a0<strong>Ivan Cheben\u00a0<\/strong><b>(ed.)<\/b><br \/>\nVydal:\u00a0<b>Archeologick\u00fd \u00fastav SAV<\/b><br \/>\nISBN\u00a0978-80-8196-006-2<br \/>\nRok vydania:\u00a0<b>2017<\/b><br \/>\nPo\u010det str\u00e1n:\u00a0<b>290<\/b><br \/>\nCena: 43 Eur<\/p>\n<p>&nbsp;<\/p>\n<p><img decoding=\"async\" loading=\"lazy\" class=\" wp-image-3409 alignleft\" src=\"http:\/\/archeol.sav.sk\/files\/Str_001-14-208x300.jpg\" alt=\"str_001\" width=\"150\" height=\"216\" srcset=\"https:\/\/archeol.sav.sk\/files\/Str_001-14-208x300.jpg 208w, https:\/\/archeol.sav.sk\/files\/Str_001-14-768x1108.jpg 768w, https:\/\/archeol.sav.sk\/files\/Str_001-14-710x1024.jpg 710w\" sizes=\"(max-width: 150px) 100vw, 150px\" \/><a href=\"http:\/\/archeol.sav.sk\/files\/Str_001-3.pdf\"><b>Arch\u00e4ologische Studien zum fr<\/b><strong>\u00fchen Mittelalter<\/strong><\/a><\/p>\n<p>Autor:\u00a0<b>Gabriel Fusek (zost.)<\/b><br \/>\nVydal:\u00a0<b>Archeologick\u00fd \u00fastav SAV<\/b><br \/>\nISBN\u00a0978-80-8196-009-3<br \/>\nRok vydania:\u00a0<b>2017<\/b><br \/>\nPo\u010det str\u00e1n:\u00a0<b>225<\/b><br \/>\nCena: 35 Eur<\/p>\n<p>&nbsp;<\/p>\n<p><a href=\"http:\/\/archeol.sav.sk\/files\/Slov-Arch-2017_2.pdf\"><b><img decoding=\"async\" loading=\"lazy\" class=\" wp-image-3395 alignleft\" src=\"http:\/\/archeol.sav.sk\/files\/Str_001-13-222x300.jpg\" sizes=\"(max-width: 150px) 100vw, 150px\" srcset=\"http:\/\/archeol.sav.sk\/files\/Str_001-13-222x300.jpg 222w, http:\/\/archeol.sav.sk\/files\/Str_001-13-768x1038.jpg 768w, http:\/\/archeol.sav.sk\/files\/Str_001-13-758x1024.jpg 758w\" alt=\"str_001\" width=\"150\" height=\"203\" \/>\u00a0Slovensk\u00e1 archeol\u00f3gia LXV-2<\/b><\/a><\/p>\n<p>Autor:\u00a0<b>Gabriel Fusek (zost.)<\/b><br \/>\nVydal:\u00a0<b>Archeologick\u00fd \u00fastav SAV<\/b><br \/>\nRok vydania:\u00a0<b>2017<\/b><br \/>\nPo\u010det str\u00e1n:\u00a0<b>399<\/b><\/p>\n<p>&nbsp;<\/p>\n<p>&nbsp;<\/p>\n<p><img decoding=\"async\" loading=\"lazy\" class=\"size-medium wp-image-3201 alignleft\" src=\"http:\/\/archeol.sav.sk\/files\/Str_002-1-200x300.jpg\" alt=\"str_002\" width=\"150\" height=\"222\" \/><\/p>\n<p><a href=\"http:\/\/www.cevnad.sav.sk\/aktivita_1_1\/AVANS_v_roku_2012.pdf\"><b>Archeologick\u00e9 v\u00fdskumy a n\u00e1lezy na Slovensku v roku 2012<\/b><\/a><\/p>\n<p>Autori: Ivan Cheben, Klaudia Da\u0148ov\u00e1, Marek Vojte\u010dek\u00a0<b>\u00a0(zost.)<\/b><br \/>\nVydal:\u00a0<b>Archeologick\u00fd \u00fastav SAV<\/b><br \/>\nRok vydania:\u00a0<b>2017<\/b><br \/>\nPo\u010det str\u00e1n:\u00a0<b>225<\/b><\/p>\n<p>&nbsp;<\/p>\n<p>&nbsp;<\/p>\n<p>&nbsp;<\/p>\n<p><a href=\"http:\/\/www.cevnad.sav.sk\/aktivita_1_1\/SZ_62.pdf\"><b><img decoding=\"async\" loading=\"lazy\" class=\"size-medium wp-image-3200 alignleft\" src=\"http:\/\/archeol.sav.sk\/files\/Str_001-12-205x300.jpg\" alt=\"str_001\" width=\"150\" height=\"223\" \/>\u0160tudijn\u00e9 Zvesti\u00a062<\/b><\/a><\/p>\n<p>Autori:\u00a0<b>Gertr\u00fada B\u0159ezinov\u00e1, Alena Bist\u00e1kov\u00e1 (zost.)<\/b><br \/>\nVydal:\u00a0<b>Archeologick\u00fd \u00fastav SAV<\/b><br \/>\nRok vydania:\u00a0<strong>2017<\/strong><br \/>\nPo\u010det str\u00e1n:\u00a0<strong>208<\/strong><\/p>\n<p>&nbsp;<\/p>\n<p>&nbsp;<\/p>\n<p>&nbsp;<\/p>\n<p><a href=\"http:\/\/archeol.sav.sk\/files\/Str_001-1.pdf\"><strong><img decoding=\"async\" loading=\"lazy\" class=\" wp-image-2833 alignleft\" src=\"http:\/\/archeol.sav.sk\/files\/Str_001-11-206x300.jpg\" sizes=\"(max-width: 149px) 100vw, 149px\" srcset=\"http:\/\/archeol.sav.sk\/files\/Str_001-11-206x300.jpg 206w, http:\/\/archeol.sav.sk\/files\/Str_001-11-768x1119.jpg 768w, http:\/\/archeol.sav.sk\/files\/Str_001-11-703x1024.jpg 703w\" alt=\"str_001\" width=\"149\" height=\"217\" \/>Str\u00e1nska. Osada badenskej kult\u00fary z obdobia eneolitu v kontexte v\u00fdvoja severn\u00e9ho Pot\u00edsia.<\/strong><\/a><\/p>\n<p>Autori:\u00a0<strong>Eva Horv\u00e1thov\u00e1, Gabriel Neviz\u00e1nsky<\/strong><br \/>\nVydal:\u00a0<b>Archeologick\u00fd \u00fastav SAV,\u00a0VEDA \u2013 vydavate\u013estvo Slovenskej akad\u00e9mie vied\u00a0<\/b><br \/>\nISBN\u00a0978-80-8196-003-1,\u00a0ISBN\u00a0978-80-224-15832-5<br \/>\nRok vydania:\u00a0<b>2017<\/b><\/p>\n<p>&nbsp;<\/p>\n<p>&nbsp;<\/p>\n<p>&nbsp;<\/p>\n<p><a href=\"http:\/\/www.cevnad.sav.sk\/aktivita_1_1\/SZ_61.pdf\"><b><img decoding=\"async\" loading=\"lazy\" class=\" wp-image-2828 alignleft\" src=\"http:\/\/archeol.sav.sk\/files\/Str_001-10-202x300.jpg\" sizes=\"(max-width: 150px) 100vw, 150px\" srcset=\"http:\/\/archeol.sav.sk\/files\/Str_001-10-202x300.jpg 202w, http:\/\/archeol.sav.sk\/files\/Str_001-10-768x1138.jpg 768w, http:\/\/archeol.sav.sk\/files\/Str_001-10-691x1024.jpg 691w\" alt=\"str_001\" width=\"150\" height=\"223\" \/>\u0160tudijn\u00e9 Zvesti\u00a061<\/b><\/a><\/p>\n<p>Autori:\u00a0<b>Gertr\u00fada B\u0159ezinov\u00e1, Alena Bist\u00e1kov\u00e1 (zost.)<\/b><br \/>\nVydal:\u00a0<b>Archeologick\u00fd \u00fastav SAV<\/b><br \/>\nRok vydania:\u00a0<strong>2017<\/strong><\/p>\n<p>&nbsp;<\/p>\n","protected":false},"excerpt":{"rendered":"<p>&nbsp; Pohrebisko zo star\u0161ej doby bronzovej v\u00a0Ni\u017enej My\u0161li. Katal\u00f3g III. Autor:\u00a0Ladislav Olexa \u2013 Tom\u00e1\u0161 Nov\u00e1\u010dek Vydal:\u00a0Archeologick\u00fd \u00fastav SAV Rok vydania:\u00a02017 ISBN 978-80-8196-012-3 &nbsp; &nbsp; &nbsp; Bojn\u00e1 2 \u2013 2. roz\u0161\u00edren\u00e9 vydanie Autori:\u00a0Karol Pieta \u2013 Zbigniew Robak Vydal:\u00a0Archeologick\u00fd \u00fastav SAV Rok vydania: 2017 ISBN 978-80-8196-008-6 Po\u010det str\u00e1n: 383 Cena: 42 Eur Obsah Osady doby r\u00edmskej v &#8230; <a class=\"read-more\" href=\"https:\/\/archeol.sav.sk\/index.php\/sk\/publikacie-2017\/\">\u010c\u00edtajte viac<\/a><\/p>\n","protected":false},"author":2,"featured_media":0,"parent":0,"menu_order":0,"comment_status":"closed","ping_status":"closed","template":"","meta":[],"_links":{"self":[{"href":"https:\/\/archeol.sav.sk\/index.php\/wp-json\/wp\/v2\/pages\/4816"}],"collection":[{"href":"https:\/\/archeol.sav.sk\/index.php\/wp-json\/wp\/v2\/pages"}],"about":[{"href":"https:\/\/archeol.sav.sk\/index.php\/wp-json\/wp\/v2\/types\/page"}],"author":[{"embeddable":true,"href":"https:\/\/archeol.sav.sk\/index.php\/wp-json\/wp\/v2\/users\/2"}],"replies":[{"embeddable":true,"href":"https:\/\/archeol.sav.sk\/index.php\/wp-json\/wp\/v2\/comments?post=4816"}],"version-history":[{"count":3,"href":"https:\/\/archeol.sav.sk\/index.php\/wp-json\/wp\/v2\/pages\/4816\/revisions"}],"predecessor-version":[{"id":4850,"href":"https:\/\/archeol.sav.sk\/index.php\/wp-json\/wp\/v2\/pages\/4816\/revisions\/4850"}],"wp:attachment":[{"href":"https:\/\/archeol.sav.sk\/index.php\/wp-json\/wp\/v2\/media?parent=4816"}],"curies":[{"name":"wp","href":"https:\/\/api.w.org\/{rel}","templated":true}]}}