{"id":480,"date":"2015-06-29T08:31:40","date_gmt":"2015-06-29T06:31:40","guid":{"rendered":"http:\/\/archeol.sav.sk\/?page_id=480"},"modified":"2015-11-29T23:16:23","modified_gmt":"2015-11-29T21:16:23","slug":"terenny-vyskum-2011","status":"publish","type":"page","link":"https:\/\/archeol.sav.sk\/index.php\/sk\/veda-a-vyskum\/terenny-vyskum-2011\/","title":{"rendered":"Ter\u00e9nny v\u00fdskum 2011"},"content":{"rendered":"<h3>V\u00fdber z ter\u00e9nnych v\u00fdskumov za rok 2011<\/h3>\n<p><img decoding=\"async\" class=\"noprint\" src=\"http:\/\/archeol.sav.sk\/pics\/pdf_button.png\" alt=\"pdf\" align=\"left\" hspace=\"5\" vspace=\"0\" \/><a href=\"http:\/\/archeol.sav.sk\/docs_vyskumy2011\/2011_bojna.pdf\" target=\"_blank\">Bojn\u00e1 &#8211; Valy<\/a><\/p>\n<p><img decoding=\"async\" class=\"noprint\" src=\"http:\/\/archeol.sav.sk\/pics\/pdf_button.png\" alt=\"pdf\" align=\"left\" hspace=\"5\" vspace=\"0\" \/><a href=\"http:\/\/archeol.sav.sk\/docs_vyskumy2011\/2011_cierne.pdf\" target=\"_blank\">\u010cierne &#8211; Valy, reduta 4<\/a><\/p>\n<p><img decoding=\"async\" class=\"noprint\" src=\"http:\/\/archeol.sav.sk\/pics\/pdf_button.png\" alt=\"pdf\" align=\"left\" hspace=\"5\" vspace=\"0\" \/><a href=\"http:\/\/archeol.sav.sk\/docs_vyskumy2011\/2011_kovacovce-petov.pdf\" target=\"_blank\">Kov\u00e1\u010dovce, \u010das\u0165 Pe\u0165ov<\/a><\/p>\n<p><img decoding=\"async\" class=\"noprint\" src=\"http:\/\/archeol.sav.sk\/pics\/pdf_button.png\" alt=\"pdf\" align=\"left\" hspace=\"5\" vspace=\"0\" \/><a href=\"http:\/\/archeol.sav.sk\/docs_vyskumy2011\/2011_michal_nad_zitavou.pdf\" target=\"_blank\">Michal nad \u017ditavou &#8211; Pri kme\u0165ovskom majeri<\/a><\/p>\n<p><img decoding=\"async\" class=\"noprint\" src=\"http:\/\/archeol.sav.sk\/pics\/pdf_button.png\" alt=\"pdf\" align=\"left\" hspace=\"5\" vspace=\"0\" \/><a href=\"http:\/\/archeol.sav.sk\/docs_vyskumy2011\/2011_novy_tekov.pdf\" target=\"_blank\">Nov\u00fd Tekov &#8211; Horn\u00e9 l\u00faky<\/a><\/p>\n<p><img decoding=\"async\" class=\"noprint\" src=\"http:\/\/archeol.sav.sk\/pics\/pdf_button.png\" alt=\"pdf\" align=\"left\" hspace=\"5\" vspace=\"0\" \/><a href=\"http:\/\/archeol.sav.sk\/docs_vyskumy2011\/2011_ostra_luka-petusa.pdf\" target=\"_blank\">Ostr\u00e1 L\u00faka &#8211; Pe\u0165u\u0161a<\/a><\/p>\n<p><img decoding=\"async\" class=\"noprint\" src=\"http:\/\/archeol.sav.sk\/pics\/pdf_button.png\" alt=\"pdf\" align=\"left\" hspace=\"5\" vspace=\"0\" \/><a href=\"http:\/\/archeol.sav.sk\/docs_vyskumy2011\/2011_pusty_hrad.pdf\" target=\"_blank\">Pust\u00fd hrad<\/a><\/p>\n<p><img decoding=\"async\" class=\"noprint\" src=\"http:\/\/archeol.sav.sk\/pics\/pdf_button.png\" alt=\"pdf\" align=\"left\" hspace=\"5\" vspace=\"0\" \/><a href=\"http:\/\/archeol.sav.sk\/docs_vyskumy2011\/2011_rybnik.pdf\" target=\"_blank\">Rybn\u00edk &#8211; Nad Hronom<\/a><\/p>\n<p><img decoding=\"async\" class=\"noprint\" src=\"http:\/\/archeol.sav.sk\/pics\/pdf_button.png\" alt=\"pdf\" align=\"left\" hspace=\"5\" vspace=\"0\" \/><a href=\"http:\/\/archeol.sav.sk\/docs_vyskumy2011\/2011_sabinov.pdf\" target=\"_blank\">Sabinov &#8211; Ul. 17 Novembra, N\u00e1mestie Slobody<\/a><\/p>\n<p><img decoding=\"async\" class=\"noprint\" src=\"http:\/\/archeol.sav.sk\/pics\/pdf_button.png\" alt=\"pdf\" align=\"left\" hspace=\"5\" vspace=\"0\" \/><a href=\"http:\/\/archeol.sav.sk\/docs_vyskumy2011\/2011_santovka.pdf\" target=\"_blank\">Santovka &#8211; Travert\u00ednov\u00fd lom III<\/a><\/p>\n<p><img decoding=\"async\" class=\"noprint\" src=\"http:\/\/archeol.sav.sk\/pics\/pdf_button.png\" alt=\"pdf\" align=\"left\" hspace=\"5\" vspace=\"0\" \/><a href=\"http:\/\/archeol.sav.sk\/docs_vyskumy2011\/2011_trenc-raros.pdf\" target=\"_blank\">Tren\u010d, \u010das\u0165 R\u00e1ro\u0161<\/a><\/p>\n<p><img decoding=\"async\" class=\"noprint\" src=\"http:\/\/archeol.sav.sk\/pics\/pdf_button.png\" alt=\"pdf\" align=\"left\" hspace=\"5\" vspace=\"0\" \/><a href=\"http:\/\/archeol.sav.sk\/docs_vyskumy2011\/2011_vrable.pdf\" target=\"_blank\">Vr\u00e1ble &#8211; Fidv\u00e1r<\/a><\/p>\n<p><img decoding=\"async\" class=\"noprint\" src=\"http:\/\/archeol.sav.sk\/pics\/pdf_button.png\" alt=\"pdf\" align=\"left\" hspace=\"5\" vspace=\"0\" \/><a href=\"http:\/\/archeol.sav.sk\/docs_vyskumy2011\/2011_vrable_velke_lehemby.pdf\" target=\"_blank\">Vr\u00e1ble &#8211; Ve\u013ek\u00e9 Lehemby<\/a><\/p>\n<p><img decoding=\"async\" class=\"noprint\" src=\"http:\/\/archeol.sav.sk\/pics\/pdf_button.png\" alt=\"pdf\" align=\"left\" hspace=\"5\" vspace=\"0\" \/><a href=\"http:\/\/archeol.sav.sk\/docs_vyskumy2011\/2011_vysny_kubin2.pdf\" target=\"_blank\">Vy\u0161n\u00fd Kub\u00edn &#8211; Kub\u00ednyovsk\u00fd ka\u0161tie\u013e<\/a><\/p>\n<p><img decoding=\"async\" class=\"noprint\" src=\"http:\/\/archeol.sav.sk\/pics\/pdf_button.png\" alt=\"pdf\" align=\"left\" hspace=\"5\" vspace=\"0\" \/><a href=\"http:\/\/archeol.sav.sk\/docs_vyskumy2011\/2011_vysny_kubin.pdf\" target=\"_blank\">Vy\u0161n\u00fd Kub\u00edn &#8211; Vy\u0161nokub\u00ednska ulica<\/a><\/p>\n","protected":false},"excerpt":{"rendered":"<p>V\u00fdber z ter\u00e9nnych v\u00fdskumov za rok 2011 Bojn\u00e1 &#8211; Valy \u010cierne &#8211; Valy, reduta 4 Kov\u00e1\u010dovce, \u010das\u0165 Pe\u0165ov Michal nad \u017ditavou &#8211; Pri kme\u0165ovskom majeri Nov\u00fd Tekov &#8211; Horn\u00e9 l\u00faky Ostr\u00e1 L\u00faka &#8211; Pe\u0165u\u0161a Pust\u00fd hrad Rybn\u00edk &#8211; Nad Hronom Sabinov &#8211; Ul. 17 Novembra, N\u00e1mestie Slobody Santovka &#8211; Travert\u00ednov\u00fd lom III Tren\u010d, \u010das\u0165 R\u00e1ro\u0161 &#8230; <a class=\"read-more\" href=\"https:\/\/archeol.sav.sk\/index.php\/sk\/veda-a-vyskum\/terenny-vyskum-2011\/\">\u010c\u00edtajte viac<\/a><\/p>\n","protected":false},"author":1,"featured_media":0,"parent":466,"menu_order":0,"comment_status":"closed","ping_status":"open","template":"","meta":[],"_links":{"self":[{"href":"https:\/\/archeol.sav.sk\/index.php\/wp-json\/wp\/v2\/pages\/480"}],"collection":[{"href":"https:\/\/archeol.sav.sk\/index.php\/wp-json\/wp\/v2\/pages"}],"about":[{"href":"https:\/\/archeol.sav.sk\/index.php\/wp-json\/wp\/v2\/types\/page"}],"author":[{"embeddable":true,"href":"https:\/\/archeol.sav.sk\/index.php\/wp-json\/wp\/v2\/users\/1"}],"replies":[{"embeddable":true,"href":"https:\/\/archeol.sav.sk\/index.php\/wp-json\/wp\/v2\/comments?post=480"}],"version-history":[{"count":3,"href":"https:\/\/archeol.sav.sk\/index.php\/wp-json\/wp\/v2\/pages\/480\/revisions"}],"predecessor-version":[{"id":849,"href":"https:\/\/archeol.sav.sk\/index.php\/wp-json\/wp\/v2\/pages\/480\/revisions\/849"}],"up":[{"embeddable":true,"href":"https:\/\/archeol.sav.sk\/index.php\/wp-json\/wp\/v2\/pages\/466"}],"wp:attachment":[{"href":"https:\/\/archeol.sav.sk\/index.php\/wp-json\/wp\/v2\/media?parent=480"}],"curies":[{"name":"wp","href":"https:\/\/api.w.org\/{rel}","templated":true}]}}