{"id":478,"date":"2015-06-29T08:31:10","date_gmt":"2015-06-29T06:31:10","guid":{"rendered":"http:\/\/archeol.sav.sk\/?page_id=478"},"modified":"2015-11-29T23:15:41","modified_gmt":"2015-11-29T21:15:41","slug":"terenny-vyskum-2010","status":"publish","type":"page","link":"https:\/\/archeol.sav.sk\/index.php\/sk\/veda-a-vyskum\/terenny-vyskum-2010\/","title":{"rendered":"Ter\u00e9nny v\u00fdskum 2010"},"content":{"rendered":"<h3>V\u00fdber z ter\u00e9nnych v\u00fdskumov za rok 2010<\/h3>\n<p><img decoding=\"async\" class=\"noprint\" src=\"http:\/\/archeol.sav.sk\/pics\/pdf_button.png\" alt=\"pdf\" align=\"left\" hspace=\"5\" vspace=\"0\" \/><a href=\"http:\/\/archeol.sav.sk\/docs_vyskumy2010\/2010_bojna.pdf\" target=\"_blank\">Bojn\u00e1<\/a><\/p>\n<p><img decoding=\"async\" class=\"noprint\" src=\"http:\/\/archeol.sav.sk\/pics\/pdf_button.png\" alt=\"pdf\" align=\"left\" hspace=\"5\" vspace=\"0\" \/><a href=\"http:\/\/archeol.sav.sk\/docs_vyskumy2010\/2010_cinobana.pdf\" target=\"_blank\">Cinoba\u0148a &#8211; Jar\u010danisko<\/a><\/p>\n<p><img decoding=\"async\" class=\"noprint\" src=\"http:\/\/archeol.sav.sk\/pics\/pdf_button.png\" alt=\"pdf\" align=\"left\" hspace=\"5\" vspace=\"0\" \/><a href=\"http:\/\/archeol.sav.sk\/docs_vyskumy2010\/2010_dolna_strehova_termalne_kupalisko_pramen.pdf\" target=\"_blank\">Doln\u00e1 Strehov\u00e1 &#8211; Term\u00e1lne k\u00fapalisko Prame\u0148<\/a><\/p>\n<p><img decoding=\"async\" class=\"noprint\" src=\"http:\/\/archeol.sav.sk\/pics\/pdf_button.png\" alt=\"pdf\" align=\"left\" hspace=\"5\" vspace=\"0\" \/><a href=\"http:\/\/archeol.sav.sk\/docs_vyskumy2010\/2010_kosice.pdf\" target=\"_blank\">Ko\u0161ice<\/a><\/p>\n<p><img decoding=\"async\" class=\"noprint\" src=\"http:\/\/archeol.sav.sk\/pics\/pdf_button.png\" alt=\"pdf\" align=\"left\" hspace=\"5\" vspace=\"0\" \/><a href=\"http:\/\/archeol.sav.sk\/docs_vyskumy2010\/2010_kremnica_mincovna.pdf\" target=\"_blank\">Kremnica &#8211; mincov\u0148a<\/a><\/p>\n<p><img decoding=\"async\" class=\"noprint\" src=\"http:\/\/archeol.sav.sk\/pics\/pdf_button.png\" alt=\"pdf\" align=\"left\" hspace=\"5\" vspace=\"0\" \/><a href=\"http:\/\/archeol.sav.sk\/docs_vyskumy2010\/2010_levoca_vojenske_cvicisko.pdf\" target=\"_blank\">Levo\u010da &#8211; Vojensk\u00e9 cvi\u010disko<\/a><\/p>\n<p><img decoding=\"async\" class=\"noprint\" src=\"http:\/\/archeol.sav.sk\/pics\/pdf_button.png\" alt=\"pdf\" align=\"left\" hspace=\"5\" vspace=\"0\" \/><a href=\"http:\/\/archeol.sav.sk\/docs_vyskumy2010\/2010_nitra_mikov_dvor_I.pdf\" target=\"_blank\">Nitra &#8211; Mikov dvor I<\/a><\/p>\n<p><img decoding=\"async\" class=\"noprint\" src=\"http:\/\/archeol.sav.sk\/pics\/pdf_button.png\" alt=\"pdf\" align=\"left\" hspace=\"5\" vspace=\"0\" \/><a href=\"http:\/\/archeol.sav.sk\/docs_vyskumy2010\/2010_nitra_hrad.pdf\" target=\"_blank\">Nitra &#8211; hrad<\/a><\/p>\n<p><img decoding=\"async\" class=\"noprint\" src=\"http:\/\/archeol.sav.sk\/pics\/pdf_button.png\" alt=\"pdf\" align=\"left\" hspace=\"5\" vspace=\"0\" \/><a href=\"http:\/\/archeol.sav.sk\/docs_vyskumy2010\/2010_poprad.pdf\" target=\"_blank\">Poprad &#8211; Matejovce<\/a><\/p>\n<p><img decoding=\"async\" class=\"noprint\" src=\"http:\/\/archeol.sav.sk\/pics\/pdf_button.png\" alt=\"pdf\" align=\"left\" hspace=\"5\" vspace=\"0\" \/><a href=\"http:\/\/archeol.sav.sk\/docs_vyskumy2010\/2010_presov_chmelove_ticha_dolina.pdf\" target=\"_blank\">Pre\u0161ov &#8211; Chme\u013eov\u00e9 &#8211; Tich\u00e1 dolina<\/a><\/p>\n<p><img decoding=\"async\" class=\"noprint\" src=\"http:\/\/archeol.sav.sk\/pics\/pdf_button.png\" alt=\"pdf\" align=\"left\" hspace=\"5\" vspace=\"0\" \/><a href=\"http:\/\/archeol.sav.sk\/docs_vyskumy2010\/2010_rybnik.pdf\" target=\"_blank\">Rybn\u00edk &#8211; Nad Hronom<\/a><\/p>\n<p><img decoding=\"async\" class=\"noprint\" src=\"http:\/\/archeol.sav.sk\/pics\/pdf_button.png\" alt=\"pdf\" align=\"left\" hspace=\"5\" vspace=\"0\" \/><a href=\"http:\/\/archeol.sav.sk\/docs_vyskumy2010\/2010_santovka.pdf\" target=\"_blank\">Santovka &#8211; Malinovec<\/a><\/p>\n<p><img decoding=\"async\" class=\"noprint\" src=\"http:\/\/archeol.sav.sk\/pics\/pdf_button.png\" alt=\"pdf\" align=\"left\" hspace=\"5\" vspace=\"0\" \/><a href=\"http:\/\/archeol.sav.sk\/docs_vyskumy2010\/2010_velky_saris_kaplnka_sv_kunhuty.pdf\" target=\"_blank\">Ve\u013ek\u00fd \u0160ari\u0161 &#8211; Kaplnka sv. Kunhuty<\/a><\/p>\n<p><img decoding=\"async\" class=\"noprint\" src=\"http:\/\/archeol.sav.sk\/pics\/pdf_button.png\" alt=\"pdf\" align=\"left\" hspace=\"5\" vspace=\"0\" \/><a href=\"http:\/\/archeol.sav.sk\/docs_vyskumy2010\/2010_vinodol_infranet.pdf\" target=\"_blank\">Vinodol<\/a><\/p>\n<p><img decoding=\"async\" class=\"noprint\" src=\"http:\/\/archeol.sav.sk\/pics\/pdf_button.png\" alt=\"pdf\" align=\"left\" hspace=\"5\" vspace=\"0\" \/><a href=\"http:\/\/archeol.sav.sk\/docs_vyskumy2010\/2010_vrable.pdf\" target=\"_blank\">Vr\u00e1ble &#8211; Fidv\u00e1r<\/a><\/p>\n<p><img decoding=\"async\" class=\"noprint\" src=\"http:\/\/archeol.sav.sk\/pics\/pdf_button.png\" alt=\"pdf\" align=\"left\" hspace=\"5\" vspace=\"0\" \/><a href=\"http:\/\/archeol.sav.sk\/docs_vyskumy2010\/2010_vyskum_rimskych_polnych_taborov.pdf\" target=\"_blank\">V\u00fdskum r\u00edmskych po\u013en\u00fdch t\u00e1borov v rokoch 2009-2010<\/a><\/p>\n<p><img decoding=\"async\" class=\"noprint\" src=\"http:\/\/archeol.sav.sk\/pics\/pdf_button.png\" alt=\"htm\" align=\"left\" hspace=\"5\" vspace=\"0\" \/><a href=\"http:\/\/archeol.sav.sk\/docs_vyskumy2010\/2010_zohor_piesky.pdf\" target=\"_blank\">Zohor &#8211; Piesky<\/a><\/p>\n<p><img decoding=\"async\" class=\"noprint\" src=\"http:\/\/archeol.sav.sk\/pics\/pdf_button.png\" alt=\"pdf\" align=\"left\" hspace=\"5\" vspace=\"0\" \/><a href=\"http:\/\/archeol.sav.sk\/docs_vyskumy2010\/2010_zvolen_podborova_ul_banika_a_borovianska.pdf\" target=\"_blank\">Zvolen, Podborov\u00e1, ul. B\u00e1nika a Borovianska<\/a><\/p>\n<p><img decoding=\"async\" class=\"noprint\" src=\"http:\/\/archeol.sav.sk\/pics\/html_button.png\" alt=\"htm\" align=\"left\" hspace=\"5\" vspace=\"0\" \/><a href=\"http:\/\/www.pustyhrad.com\/vyskum\/vyskum_02.html\" target=\"_blank\">Zvolen &#8211; Pust\u00fd hrad<\/a><\/p>\n<p><img decoding=\"async\" class=\"noprint\" src=\"http:\/\/archeol.sav.sk\/pics\/html_button.png\" alt=\"htm\" align=\"left\" hspace=\"5\" vspace=\"0\" \/><a href=\"http:\/\/www.pustyhrad.com\/okolie\/val_drahy.html\" target=\"_blank\">Zvolen &#8211; Drahy<\/a><\/p>\n<p>&nbsp;<\/p>\n","protected":false},"excerpt":{"rendered":"<p>V\u00fdber z ter\u00e9nnych v\u00fdskumov za rok 2010 Bojn\u00e1 Cinoba\u0148a &#8211; Jar\u010danisko Doln\u00e1 Strehov\u00e1 &#8211; Term\u00e1lne k\u00fapalisko Prame\u0148 Ko\u0161ice Kremnica &#8211; mincov\u0148a Levo\u010da &#8211; Vojensk\u00e9 cvi\u010disko Nitra &#8211; Mikov dvor I Nitra &#8211; hrad Poprad &#8211; Matejovce Pre\u0161ov &#8211; Chme\u013eov\u00e9 &#8211; Tich\u00e1 dolina Rybn\u00edk &#8211; Nad Hronom Santovka &#8211; Malinovec Ve\u013ek\u00fd \u0160ari\u0161 &#8211; Kaplnka sv. Kunhuty &#8230; <a class=\"read-more\" href=\"https:\/\/archeol.sav.sk\/index.php\/sk\/veda-a-vyskum\/terenny-vyskum-2010\/\">\u010c\u00edtajte viac<\/a><\/p>\n","protected":false},"author":1,"featured_media":0,"parent":466,"menu_order":0,"comment_status":"closed","ping_status":"open","template":"","meta":[],"_links":{"self":[{"href":"https:\/\/archeol.sav.sk\/index.php\/wp-json\/wp\/v2\/pages\/478"}],"collection":[{"href":"https:\/\/archeol.sav.sk\/index.php\/wp-json\/wp\/v2\/pages"}],"about":[{"href":"https:\/\/archeol.sav.sk\/index.php\/wp-json\/wp\/v2\/types\/page"}],"author":[{"embeddable":true,"href":"https:\/\/archeol.sav.sk\/index.php\/wp-json\/wp\/v2\/users\/1"}],"replies":[{"embeddable":true,"href":"https:\/\/archeol.sav.sk\/index.php\/wp-json\/wp\/v2\/comments?post=478"}],"version-history":[{"count":3,"href":"https:\/\/archeol.sav.sk\/index.php\/wp-json\/wp\/v2\/pages\/478\/revisions"}],"predecessor-version":[{"id":848,"href":"https:\/\/archeol.sav.sk\/index.php\/wp-json\/wp\/v2\/pages\/478\/revisions\/848"}],"up":[{"embeddable":true,"href":"https:\/\/archeol.sav.sk\/index.php\/wp-json\/wp\/v2\/pages\/466"}],"wp:attachment":[{"href":"https:\/\/archeol.sav.sk\/index.php\/wp-json\/wp\/v2\/media?parent=478"}],"curies":[{"name":"wp","href":"https:\/\/api.w.org\/{rel}","templated":true}]}}