{"id":476,"date":"2015-06-29T08:30:42","date_gmt":"2015-06-29T06:30:42","guid":{"rendered":"http:\/\/archeol.sav.sk\/?page_id=476"},"modified":"2015-11-29T23:13:56","modified_gmt":"2015-11-29T21:13:56","slug":"terenny-vyskum-2009","status":"publish","type":"page","link":"https:\/\/archeol.sav.sk\/index.php\/sk\/veda-a-vyskum\/terenny-vyskum-2009\/","title":{"rendered":"Ter\u00e9nny v\u00fdskum 2009"},"content":{"rendered":"<h3>V\u00fdber z ter\u00e9nnych v\u00fdskumov za rok 2009<\/h3>\n<p><img decoding=\"async\" class=\"noprint\" src=\"http:\/\/archeol.sav.sk\/pics\/pdf_button.png\" alt=\"pdf\" align=\"left\" hspace=\"5\" vspace=\"0\" \/><a href=\"http:\/\/archeol.sav.sk\/docs_vyskumy2009\/2009_bb_obnova_stl_plynovodu_banska_bystrica.pdf\" target=\"_blank\">Bansk\u00e1 Bystrica, Obnova STL plynovodu ul. Kapitulsk\u00e1<\/a><\/p>\n<p><img decoding=\"async\" class=\"noprint\" src=\"http:\/\/archeol.sav.sk\/pics\/pdf_button.png\" alt=\"pdf\" align=\"left\" hspace=\"5\" vspace=\"0\" \/><a href=\"http:\/\/archeol.sav.sk\/docs_vyskumy2009\/2009_beladice.pdf\" target=\"_blank\">Beladice, \u010das\u0165 Ve\u013ek\u00e9 Chr\u00e1\u0161\u0165any (R1)<\/a><\/p>\n<p><img decoding=\"async\" class=\"noprint\" src=\"http:\/\/archeol.sav.sk\/pics\/pdf_button.png\" alt=\"pdf\" align=\"left\" hspace=\"5\" vspace=\"0\" \/><a href=\"http:\/\/archeol.sav.sk\/docs_vyskumy2009\/2009_hronovce_cast_cajakovo_rubaniska.pdf\" target=\"_blank\">Hronovce, \u010das\u0165 \u010cajakovo \u2013 R\u00fabanisk\u00e1<\/a><\/p>\n<p><img decoding=\"async\" class=\"noprint\" src=\"http:\/\/archeol.sav.sk\/pics\/pdf_button.png\" alt=\"pdf\" align=\"left\" hspace=\"5\" vspace=\"0\" \/><a href=\"http:\/\/archeol.sav.sk\/docs_vyskumy2009\/2009_hronovce_cast_cajakovo_rubaniska.pdf\" target=\"_blank\">Hronovce, \u010das\u0165 \u010cajakovo \u2013 R\u00fabanisk\u00e1<\/a><\/p>\n<p><img decoding=\"async\" class=\"noprint\" src=\"http:\/\/archeol.sav.sk\/pics\/pdf_button.png\" alt=\"pdf\" align=\"left\" hspace=\"5\" vspace=\"0\" \/><a href=\"http:\/\/archeol.sav.sk\/docs_vyskumy2009\/2009_kosice.pdf\" target=\"_blank\">Ko\u0161ice<\/a><\/p>\n<p><img decoding=\"async\" class=\"noprint\" src=\"http:\/\/archeol.sav.sk\/pics\/pdf_button.png\" alt=\"pdf\" align=\"left\" hspace=\"5\" vspace=\"0\" \/><a href=\"http:\/\/archeol.sav.sk\/docs_vyskumy2009\/2009_krupina_ul_sladkovicova_a_hajdusky_rad.pdf\" target=\"_blank\">Krupina, ul. Sl\u00e1dkovi\u010dova a Hajd\u00fasky r\u00e1d<\/a><\/p>\n<p><img decoding=\"async\" class=\"noprint\" src=\"http:\/\/archeol.sav.sk\/pics\/pdf_button.png\" alt=\"pdf\" align=\"left\" hspace=\"5\" vspace=\"0\" \/><a href=\"http:\/\/archeol.sav.sk\/docs_vyskumy2009\/2009_presov_chmelove_ticha_dolina.pdf\" target=\"_blank\">Pre\u0161ov &#8211; Chme\u013eov\u00e9 &#8211; Tich\u00e1 dolina<\/a><\/p>\n<p><img decoding=\"async\" class=\"noprint\" src=\"http:\/\/archeol.sav.sk\/pics\/pdf_button.png\" alt=\"pdf\" align=\"left\" hspace=\"5\" vspace=\"0\" \/><a href=\"http:\/\/archeol.sav.sk\/docs_vyskumy2009\/2009_prieskum_potokov.pdf\" target=\"_blank\">Prieskum povodia Rado\u0161inky, Hlavinky a Perkovsk\u00e9ho potoka<\/a><\/p>\n<p><img decoding=\"async\" class=\"noprint\" src=\"http:\/\/archeol.sav.sk\/pics\/pdf_button.png\" alt=\"pdf\" align=\"left\" hspace=\"5\" vspace=\"0\" \/><a href=\"http:\/\/archeol.sav.sk\/docs_vyskumy2009\/2009_r1-severny_obchvat_v_banskej_bystrici.pdf\" target=\"_blank\">R1 \u2013 severn\u00fd obchvat \u2013 v Banskej Bystrici<\/a><\/p>\n<p><img decoding=\"async\" class=\"noprint\" src=\"http:\/\/archeol.sav.sk\/pics\/pdf_button.png\" alt=\"pdf\" align=\"left\" hspace=\"5\" vspace=\"0\" \/><a href=\"http:\/\/archeol.sav.sk\/docs_vyskumy2009\/2009_r1-zarnovica-sasovske_podhradie_IIetapa.pdf\" target=\"_blank\">R1 \u2013 \u017darnovica \u2013 \u0160\u00e1\u0161ovsk\u00e9 Podhradie, II. etapa<\/a><\/p>\n<p><img decoding=\"async\" class=\"noprint\" src=\"http:\/\/archeol.sav.sk\/pics\/pdf_button.png\" alt=\"pdf\" align=\"left\" hspace=\"5\" vspace=\"0\" \/><a href=\"http:\/\/archeol.sav.sk\/docs_vyskumy2009\/2009_spisske_podhradie_nad_pivovarom_I.pdf\" target=\"_blank\">Spi\u0161sk\u00e9 Podhradie &#8211; Nad pivovarom I<\/a><\/p>\n<p><img decoding=\"async\" class=\"noprint\" src=\"http:\/\/archeol.sav.sk\/pics\/pdf_button.png\" alt=\"pdf\" align=\"left\" hspace=\"5\" vspace=\"0\" \/><a href=\"http:\/\/archeol.sav.sk\/docs_vyskumy2009\/2009_spisske_podhradie_pod_ostrou_horou.pdf\" target=\"_blank\">Spi\u0161sk\u00e9 Podhradie &#8211; Pod ostrou horou<\/a><\/p>\n<p><img decoding=\"async\" class=\"noprint\" src=\"http:\/\/archeol.sav.sk\/pics\/pdf_button.png\" alt=\"pdf\" align=\"left\" hspace=\"5\" vspace=\"0\" \/><a href=\"http:\/\/archeol.sav.sk\/docs_vyskumy2009\/2009_topolcany.pdf\" target=\"_blank\">Topo\u013e\u010dany, Kru\u0161ovsk\u00e1 cesta, cest\u00fd obchvat<\/a><\/p>\n<p><img decoding=\"async\" class=\"noprint\" src=\"http:\/\/archeol.sav.sk\/pics\/pdf_button.png\" alt=\"pdf\" align=\"left\" hspace=\"5\" vspace=\"0\" \/><a href=\"http:\/\/archeol.sav.sk\/docs_vyskumy2009\/2009_zvolen_namestie_snp_parc_c1249.pdf\" target=\"_blank\">Zvolen, N\u00e1mestie SNP, parc. \u010d. 1249<\/a><\/p>\n<p><img decoding=\"async\" class=\"noprint\" src=\"http:\/\/archeol.sav.sk\/pics\/pdf_button.png\" alt=\"pdf\" align=\"left\" hspace=\"5\" vspace=\"0\" \/><a href=\"http:\/\/archeol.sav.sk\/docs_vyskumy2009\/2009_zvolen_podborova_banika_43.pdf\" target=\"_blank\">Zvolen &#8211; Podborov\u00e1, B\u00e1nika 43<\/a><\/p>\n<p><img decoding=\"async\" class=\"noprint\" src=\"http:\/\/archeol.sav.sk\/pics\/pdf_button.png\" alt=\"pdf\" align=\"left\" hspace=\"5\" vspace=\"0\" \/><a href=\"http:\/\/archeol.sav.sk\/docs_vyskumy2009\/2009_zvolen_top_slovakia_q_art.pdf\" target=\"_blank\">Zvolen &#8211; TOP SLOVAKIA Q ART<\/a><\/p>\n<p><img decoding=\"async\" class=\"noprint\" src=\"http:\/\/archeol.sav.sk\/pics\/html_button.png\" alt=\"htm\" align=\"left\" hspace=\"5\" vspace=\"0\" \/><a href=\"http:\/\/www.pustyhrad.com\/vyskum\/dolny_hrad\/2009.html\" target=\"_blank\">Zvolen &#8211; Pust\u00fd hrad<\/a><\/p>\n<p><img decoding=\"async\" class=\"noprint\" src=\"http:\/\/archeol.sav.sk\/pics\/html_button.png\" alt=\"htm\" align=\"left\" hspace=\"5\" vspace=\"0\" \/><a href=\"http:\/\/www.pustyhrad.com\/okolie\/petusa_hradok.html\" target=\"_blank\">Ostr\u00e1 L\u00faka &#8211; Pe\u0165u\u0161a<\/a><\/p>\n<p><img decoding=\"async\" class=\"noprint\" src=\"http:\/\/archeol.sav.sk\/pics\/html_button.png\" alt=\"htm\" align=\"left\" hspace=\"5\" vspace=\"0\" \/><a href=\"http:\/\/www.pustyhrad.com\/okolie\/gunda.html\" target=\"_blank\">Ostr\u00e1 L\u00faka &#8211; Gunda<\/a><\/p>\n<p><img decoding=\"async\" class=\"noprint\" src=\"http:\/\/archeol.sav.sk\/pics\/html_button.png\" alt=\"htm\" align=\"left\" hspace=\"5\" vspace=\"0\" \/><a href=\"http:\/\/www.pustyhrad.com\/okolie\/bukovinka.html\" target=\"_blank\">Zvolen &#8211; Bukovinka<\/a><\/p>\n<p><img decoding=\"async\" class=\"noprint\" src=\"http:\/\/archeol.sav.sk\/pics\/html_button.png\" alt=\"htm\" align=\"left\" hspace=\"5\" vspace=\"0\" \/><a href=\"http:\/\/www.pustyhrad.com\/okolie\/motova_priehrada.html\" target=\"_blank\">Zvolen &#8211; M\u00f4\u0165ovska priehrada<\/a><\/p>\n<p><img decoding=\"async\" class=\"noprint\" src=\"http:\/\/archeol.sav.sk\/pics\/pdf_button.png\" alt=\"pdf\" align=\"left\" hspace=\"5\" vspace=\"0\" \/><a href=\"http:\/\/archeol.sav.sk\/docs_vyskumy2009\/2009_tesarska_plan.pdf\" target=\"_blank\">Tes\u00e1rske Mly\u0148any, poloha Tes\u00e1rska Pl\u00e1\u0148<\/a><\/p>\n","protected":false},"excerpt":{"rendered":"<p>V\u00fdber z ter\u00e9nnych v\u00fdskumov za rok 2009 Bansk\u00e1 Bystrica, Obnova STL plynovodu ul. Kapitulsk\u00e1 Beladice, \u010das\u0165 Ve\u013ek\u00e9 Chr\u00e1\u0161\u0165any (R1) Hronovce, \u010das\u0165 \u010cajakovo \u2013 R\u00fabanisk\u00e1 Hronovce, \u010das\u0165 \u010cajakovo \u2013 R\u00fabanisk\u00e1 Ko\u0161ice Krupina, ul. Sl\u00e1dkovi\u010dova a Hajd\u00fasky r\u00e1d Pre\u0161ov &#8211; Chme\u013eov\u00e9 &#8211; Tich\u00e1 dolina Prieskum povodia Rado\u0161inky, Hlavinky a Perkovsk\u00e9ho potoka R1 \u2013 severn\u00fd obchvat \u2013 v &#8230; <a class=\"read-more\" href=\"https:\/\/archeol.sav.sk\/index.php\/sk\/veda-a-vyskum\/terenny-vyskum-2009\/\">\u010c\u00edtajte viac<\/a><\/p>\n","protected":false},"author":1,"featured_media":0,"parent":466,"menu_order":0,"comment_status":"closed","ping_status":"open","template":"","meta":[],"_links":{"self":[{"href":"https:\/\/archeol.sav.sk\/index.php\/wp-json\/wp\/v2\/pages\/476"}],"collection":[{"href":"https:\/\/archeol.sav.sk\/index.php\/wp-json\/wp\/v2\/pages"}],"about":[{"href":"https:\/\/archeol.sav.sk\/index.php\/wp-json\/wp\/v2\/types\/page"}],"author":[{"embeddable":true,"href":"https:\/\/archeol.sav.sk\/index.php\/wp-json\/wp\/v2\/users\/1"}],"replies":[{"embeddable":true,"href":"https:\/\/archeol.sav.sk\/index.php\/wp-json\/wp\/v2\/comments?post=476"}],"version-history":[{"count":3,"href":"https:\/\/archeol.sav.sk\/index.php\/wp-json\/wp\/v2\/pages\/476\/revisions"}],"predecessor-version":[{"id":847,"href":"https:\/\/archeol.sav.sk\/index.php\/wp-json\/wp\/v2\/pages\/476\/revisions\/847"}],"up":[{"embeddable":true,"href":"https:\/\/archeol.sav.sk\/index.php\/wp-json\/wp\/v2\/pages\/466"}],"wp:attachment":[{"href":"https:\/\/archeol.sav.sk\/index.php\/wp-json\/wp\/v2\/media?parent=476"}],"curies":[{"name":"wp","href":"https:\/\/api.w.org\/{rel}","templated":true}]}}