{"id":474,"date":"2015-06-29T08:30:12","date_gmt":"2015-06-29T06:30:12","guid":{"rendered":"http:\/\/archeol.sav.sk\/?page_id=474"},"modified":"2015-11-29T23:13:20","modified_gmt":"2015-11-29T21:13:20","slug":"terenny-vyskum-2008","status":"publish","type":"page","link":"https:\/\/archeol.sav.sk\/index.php\/sk\/veda-a-vyskum\/terenny-vyskum-2008\/","title":{"rendered":"Ter\u00e9nny v\u00fdskum 2008"},"content":{"rendered":"<h3>V\u00fdber z ter\u00e9nnych v\u00fdskumov za rok 2008<\/h3>\n<p><img decoding=\"async\" class=\"noprint\" src=\"http:\/\/archeol.sav.sk\/pics\/pdf_button.png\" alt=\"pdf\" align=\"left\" hspace=\"5\" vspace=\"0\" \/><a href=\"http:\/\/archeol.sav.sk\/docs_vyskumy2008\/POIPLIE.pdf\" target=\"_blank\">Archeologick\u00e1 prospekcia stredn\u00e9ho Poiplia<\/a><\/p>\n<p><img decoding=\"async\" class=\"noprint\" src=\"http:\/\/archeol.sav.sk\/pics\/pdf_button.png\" alt=\"pdf\" align=\"left\" hspace=\"5\" vspace=\"0\" \/><a href=\"http:\/\/archeol.sav.sk\/docs_vyskumy2008\/BENADIKOVA.pdf\" target=\"_blank\">Be\u0148adikov\u00e1, okr. Liptovsk\u00fd Mikul\u00e1\u0161<\/a><\/p>\n<p><img decoding=\"async\" class=\"noprint\" src=\"http:\/\/archeol.sav.sk\/pics\/pdf_button.png\" alt=\"pdf\" align=\"left\" hspace=\"5\" vspace=\"0\" \/><a href=\"http:\/\/archeol.sav.sk\/docs_vyskumy2008\/vyskum_Bednar_Bina.pdf\" target=\"_blank\">B\u00ed\u0148a<\/a><\/p>\n<p><img decoding=\"async\" class=\"noprint\" src=\"http:\/\/archeol.sav.sk\/pics\/pdf_button.png\" alt=\"pdf\" align=\"left\" hspace=\"5\" vspace=\"0\" \/><a href=\"http:\/\/archeol.sav.sk\/docs_vyskumy2008\/vyskumy_Pieta_Bojna.pdf\" target=\"_blank\">Bojn\u00e1<\/a><\/p>\n<p><img decoding=\"async\" class=\"noprint\" src=\"http:\/\/archeol.sav.sk\/pics\/pdf_button.png\" alt=\"pdf\" align=\"left\" hspace=\"5\" vspace=\"0\" \/><a href=\"http:\/\/archeol.sav.sk\/docs_vyskumy2008\/cinobana.pdf\" target=\"_blank\">Cinoba\u0148a<\/a><\/p>\n<p><img decoding=\"async\" class=\"noprint\" src=\"http:\/\/archeol.sav.sk\/pics\/pdf_button.png\" alt=\"pdf\" align=\"left\" hspace=\"5\" vspace=\"0\" \/><a href=\"http:\/\/archeol.sav.sk\/docs_vyskumy2008\/vyskumy_Pieta_Oresany.pdf\" target=\"_blank\">Horn\u00e9 Ore\u0161any &#8211; Slep\u00fd vrch<\/a><\/p>\n<p><img decoding=\"async\" class=\"noprint\" src=\"http:\/\/archeol.sav.sk\/pics\/pdf_button.png\" alt=\"pdf\" align=\"left\" hspace=\"5\" vspace=\"0\" \/><a href=\"http:\/\/archeol.sav.sk\/docs_vyskumy2008\/IZA.pdf\" target=\"_blank\">I\u017ea &#8211; Jednota, okr. Kom\u00e1rno<\/a><\/p>\n<p><img decoding=\"async\" class=\"noprint\" src=\"http:\/\/archeol.sav.sk\/pics\/pdf_button.png\" alt=\"pdf\" align=\"left\" hspace=\"5\" vspace=\"0\" \/><a href=\"http:\/\/archeol.sav.sk\/docs_vyskumy2008\/izajano.pdf\" target=\"_blank\">I\u017ea &#8211; r\u00edmsky kastel<\/a><\/p>\n<p><img decoding=\"async\" class=\"noprint\" src=\"http:\/\/archeol.sav.sk\/pics\/pdf_button.png\" alt=\"pdf\" align=\"left\" hspace=\"5\" vspace=\"0\" \/><a href=\"http:\/\/archeol.sav.sk\/docs_vyskumy2008\/mara.pdf\" target=\"_blank\">Liptovsk\u00e1 Mara II &#8211; Rybn\u00edky<\/a><\/p>\n<p><img decoding=\"async\" class=\"noprint\" src=\"http:\/\/archeol.sav.sk\/pics\/pdf_button.png\" alt=\"pdf\" align=\"left\" hspace=\"5\" vspace=\"0\" \/><a href=\"http:\/\/archeol.sav.sk\/docs_vyskumy2008\/2008-liptovsky_trnovec-ravence.pdf\" target=\"_blank\">Liptovsk\u00fd Trnovec &#8211; Ravence<\/a><\/p>\n<p><img decoding=\"async\" class=\"noprint\" src=\"http:\/\/archeol.sav.sk\/pics\/pdf_button.png\" alt=\"pdf\" align=\"left\" hspace=\"5\" vspace=\"0\" \/><a href=\"http:\/\/archeol.sav.sk\/docs_vyskumy2008\/vyskum_Bednar_Nitra.pdf\" target=\"_blank\">Nitra &#8211; Hrad, Katedr\u00e1la sv. Emer\u00e1ma<\/a><\/p>\n<p><img decoding=\"async\" class=\"noprint\" src=\"http:\/\/archeol.sav.sk\/pics\/pdf_button.png\" alt=\"pdf\" align=\"left\" hspace=\"5\" vspace=\"0\" \/><a href=\"http:\/\/archeol.sav.sk\/docs_vyskumy2008\/vyskum_Brezinova_Mostna%20338-1.pdf\" target=\"_blank\">Nitra &#8211; Mostn\u00e1 ul. parcela 338\/1<\/a><\/p>\n<p><img decoding=\"async\" class=\"noprint\" src=\"http:\/\/archeol.sav.sk\/pics\/pdf_button.png\" alt=\"pdf\" align=\"left\" hspace=\"5\" vspace=\"0\" \/><a href=\"http:\/\/archeol.sav.sk\/docs_vyskumy2008\/vyskum_Brezinova_Mostna%20327-2.pdf\" target=\"_blank\">Nitra &#8211; Mostn\u00e1 ul. parcela 327\/2<\/a><\/p>\n<p><img decoding=\"async\" class=\"noprint\" src=\"http:\/\/archeol.sav.sk\/pics\/pdf_button.png\" alt=\"pdf\" align=\"left\" hspace=\"5\" vspace=\"0\" \/><a href=\"http:\/\/archeol.sav.sk\/docs_vyskumy2008\/vyskum_Bednar_Valy-Sance.pdf\" target=\"_blank\">Pevnostn\u00fd syst\u00e9m Jablunkovsk\u00e9ho priesmyku<\/a><\/p>\n<p><img decoding=\"async\" class=\"noprint\" src=\"http:\/\/archeol.sav.sk\/pics\/pdf_button.png\" alt=\"pdf\" align=\"left\" hspace=\"5\" vspace=\"0\" \/><a href=\"http:\/\/archeol.sav.sk\/docs_vyskumy2008\/dunajska.pdf\" target=\"_blank\">Pohrebisko v Dunajskej Strede<\/a><\/p>\n<p><img decoding=\"async\" class=\"noprint\" src=\"http:\/\/archeol.sav.sk\/pics\/pdf_button.png\" alt=\"pdf\" align=\"left\" hspace=\"5\" vspace=\"0\" \/><a href=\"http:\/\/archeol.sav.sk\/docs_vyskumy2008\/vyskumy_Pieta_Poprad.pdf\" target=\"_blank\">Poprad<\/a><\/p>\n<p><img decoding=\"async\" class=\"noprint\" src=\"http:\/\/archeol.sav.sk\/pics\/pdf_button.png\" alt=\"pdf\" align=\"left\" hspace=\"5\" vspace=\"0\" \/><a href=\"http:\/\/archeol.sav.sk\/docs_vyskumy2008\/vyskumy_Zaar_Hradiste%20Povazska%20Bystrica.pdf\" target=\"_blank\">Pova\u017esk\u00e1 Bystrica &#8211; Hradi\u0161te<\/a><\/p>\n<p><img decoding=\"async\" class=\"noprint\" src=\"http:\/\/archeol.sav.sk\/pics\/pdf_button.png\" alt=\"pdf\" align=\"left\" hspace=\"5\" vspace=\"0\" \/><a href=\"http:\/\/archeol.sav.sk\/docs_vyskumy2008\/vyskumy_Horvatova_Medzibodrozie.pdf\" target=\"_blank\">Prieskum Medzibodro\u017eia<\/a><\/p>\n<p><img decoding=\"async\" class=\"noprint\" src=\"http:\/\/archeol.sav.sk\/pics\/pdf_button.png\" alt=\"pdf\" align=\"left\" hspace=\"5\" vspace=\"0\" \/><a href=\"http:\/\/archeol.sav.sk\/docs_vyskumy2008\/vyskumy_Kaminska_Stredne%20Povazie.pdf\" target=\"_blank\">Prieskum stredn\u00e9ho Pova\u017eia<\/a><\/p>\n<p><img decoding=\"async\" class=\"noprint\" src=\"http:\/\/archeol.sav.sk\/pics\/pdf_button.png\" alt=\"pdf\" align=\"left\" hspace=\"5\" vspace=\"0\" \/><a href=\"http:\/\/archeol.sav.sk\/docs_vyskumy2008\/liptov.pdf\" target=\"_blank\">Prieskumy v regi\u00f3ne Liptova<\/a><\/p>\n<p><img decoding=\"async\" class=\"noprint\" src=\"http:\/\/archeol.sav.sk\/pics\/pdf_button.png\" alt=\"pdf\" align=\"left\" hspace=\"5\" vspace=\"0\" \/><a href=\"http:\/\/archeol.sav.sk\/docs_vyskumy2008\/vyskum_Batora_Santovka.pdf\" target=\"_blank\">Santovka<\/a><\/p>\n<p><img decoding=\"async\" class=\"noprint\" src=\"http:\/\/archeol.sav.sk\/pics\/pdf_button.png\" alt=\"pdf\" align=\"left\" hspace=\"5\" vspace=\"0\" \/><a href=\"http:\/\/archeol.sav.sk\/docs_vyskumy2008\/molpir.pdf\" target=\"_blank\">Smolenice &#8211; Molp\u00edr<\/a><\/p>\n<p><img decoding=\"async\" class=\"noprint\" src=\"http:\/\/archeol.sav.sk\/pics\/pdf_button.png\" alt=\"pdf\" align=\"left\" hspace=\"5\" vspace=\"0\" \/><a href=\"http:\/\/archeol.sav.sk\/docs_vyskumy2008\/stupava.pdf\" target=\"_blank\">Stupava<\/a><\/p>\n<p><img decoding=\"async\" class=\"noprint\" src=\"http:\/\/archeol.sav.sk\/pics\/pdf_button.png\" alt=\"pdf\" align=\"left\" hspace=\"5\" vspace=\"0\" \/><a href=\"http:\/\/archeol.sav.sk\/docs_vyskumy2008\/Trencini.pdf\" target=\"_blank\">Tren\u010d\u00edn, Z\u00e1humnie<\/a><\/p>\n<p><img decoding=\"async\" class=\"noprint\" src=\"http:\/\/archeol.sav.sk\/pics\/pdf_button.png\" alt=\"pdf\" align=\"left\" hspace=\"5\" vspace=\"0\" \/><a href=\"http:\/\/archeol.sav.sk\/docs_vyskumy2008\/Vrsatec.pdf\" target=\"_blank\">Vr\u0161atsk\u00e9 Podhradie<\/a><\/p>\n<p><img decoding=\"async\" class=\"noprint\" src=\"http:\/\/archeol.sav.sk\/pics\/pdf_button.png\" alt=\"pdf\" align=\"left\" hspace=\"5\" vspace=\"0\" \/><a href=\"http:\/\/archeol.sav.sk\/docs_vyskumy2008\/tabory.pdf\" target=\"_blank\">V\u00fdskum r\u00edmskych po\u013en\u00fdch t\u00e1borov na Slovensku<\/a><\/p>\n<p><img decoding=\"async\" class=\"noprint\" src=\"http:\/\/archeol.sav.sk\/pics\/pdf_button.png\" alt=\"pdf\" align=\"left\" hspace=\"5\" vspace=\"0\" \/><a href=\"http:\/\/archeol.sav.sk\/docs_vyskumy2008\/zohor.pdf\" target=\"_blank\">Zohor, okr. Malacky<\/a><\/p>\n<p><img decoding=\"async\" class=\"noprint\" src=\"http:\/\/archeol.sav.sk\/pics\/pdf_button.png\" alt=\"pdf\" align=\"left\" hspace=\"5\" vspace=\"0\" \/><a href=\"http:\/\/archeol.sav.sk\/docs_vyskumy2008\/ZV_CIERNE%20ZEME.pdf\" target=\"_blank\">Zvolen &#8211; \u010cierne zeme<\/a><\/p>\n<p><img decoding=\"async\" class=\"noprint\" src=\"http:\/\/archeol.sav.sk\/pics\/pdf_button.png\" alt=\"pdf\" align=\"left\" hspace=\"5\" vspace=\"0\" \/><a href=\"http:\/\/archeol.sav.sk\/docs_vyskumy2008\/ZV_DOM%20SLUZIEB.pdf\" target=\"_blank\">Zvolen &#8211; Dom slu\u017eieb<\/a><\/p>\n<p><img decoding=\"async\" class=\"noprint\" src=\"http:\/\/archeol.sav.sk\/pics\/pdf_button.png\" alt=\"pdf\" align=\"left\" hspace=\"5\" vspace=\"0\" \/><a href=\"http:\/\/archeol.sav.sk\/docs_vyskumy2008\/2008-zvolen-namestie_snp-rekonstrukcia-IIetapa.pdf\" target=\"_blank\">Zvolen, N\u00e1mestie SNP \u2013 rekon\u0161trukcia \u2013 II. etapa<\/a><\/p>\n<p><img decoding=\"async\" class=\"noprint\" src=\"http:\/\/archeol.sav.sk\/pics\/pdf_button.png\" alt=\"pdf\" align=\"left\" hspace=\"5\" vspace=\"0\" \/><a href=\"http:\/\/archeol.sav.sk\/docs_vyskumy2008\/ZV_STEFANIKA.pdf\" target=\"_blank\">Zvolen &#8211; ul. M. R. \u0160tef\u00e1nika<\/a><\/p>\n<p><img decoding=\"async\" class=\"noprint\" src=\"http:\/\/archeol.sav.sk\/pics\/pdf_button.png\" alt=\"pdf\" align=\"left\" hspace=\"5\" vspace=\"0\" \/><a href=\"http:\/\/archeol.sav.sk\/docs_vyskumy2008\/ZV_NA%20ROVNI.pdf\" target=\"_blank\">Zvolen &#8211; ul. Na rovni 13<\/a><\/p>\n<p><img decoding=\"async\" class=\"noprint\" src=\"http:\/\/archeol.sav.sk\/pics\/pdf_button.png\" alt=\"pdf\" align=\"left\" hspace=\"5\" vspace=\"0\" \/><a href=\"http:\/\/archeol.sav.sk\/docs_vyskumy2008\/ZV_WITTMANN.pdf\" target=\"_blank\">Zvolen &#8211; Wittmann<\/a><\/p>\n<p><img decoding=\"async\" class=\"noprint\" src=\"http:\/\/archeol.sav.sk\/pics\/pdf_button.png\" alt=\"pdf\" align=\"left\" hspace=\"5\" vspace=\"0\" \/><a href=\"http:\/\/archeol.sav.sk\/docs_vyskumy2008\/vyskumy_Mirossayova_Pohrebisko%20v%20Zdani.pdf\" target=\"_blank\">\u017dda\u0148a, okr. Ko\u0161ice &#8211; okolie<\/a><\/p>\n","protected":false},"excerpt":{"rendered":"<p>V\u00fdber z ter\u00e9nnych v\u00fdskumov za rok 2008 Archeologick\u00e1 prospekcia stredn\u00e9ho Poiplia Be\u0148adikov\u00e1, okr. Liptovsk\u00fd Mikul\u00e1\u0161 B\u00ed\u0148a Bojn\u00e1 Cinoba\u0148a Horn\u00e9 Ore\u0161any &#8211; Slep\u00fd vrch I\u017ea &#8211; Jednota, okr. Kom\u00e1rno I\u017ea &#8211; r\u00edmsky kastel Liptovsk\u00e1 Mara II &#8211; Rybn\u00edky Liptovsk\u00fd Trnovec &#8211; Ravence Nitra &#8211; Hrad, Katedr\u00e1la sv. Emer\u00e1ma Nitra &#8211; Mostn\u00e1 ul. parcela 338\/1 Nitra &#8211; &#8230; <a class=\"read-more\" href=\"https:\/\/archeol.sav.sk\/index.php\/sk\/veda-a-vyskum\/terenny-vyskum-2008\/\">\u010c\u00edtajte viac<\/a><\/p>\n","protected":false},"author":1,"featured_media":0,"parent":466,"menu_order":0,"comment_status":"closed","ping_status":"open","template":"","meta":[],"_links":{"self":[{"href":"https:\/\/archeol.sav.sk\/index.php\/wp-json\/wp\/v2\/pages\/474"}],"collection":[{"href":"https:\/\/archeol.sav.sk\/index.php\/wp-json\/wp\/v2\/pages"}],"about":[{"href":"https:\/\/archeol.sav.sk\/index.php\/wp-json\/wp\/v2\/types\/page"}],"author":[{"embeddable":true,"href":"https:\/\/archeol.sav.sk\/index.php\/wp-json\/wp\/v2\/users\/1"}],"replies":[{"embeddable":true,"href":"https:\/\/archeol.sav.sk\/index.php\/wp-json\/wp\/v2\/comments?post=474"}],"version-history":[{"count":6,"href":"https:\/\/archeol.sav.sk\/index.php\/wp-json\/wp\/v2\/pages\/474\/revisions"}],"predecessor-version":[{"id":846,"href":"https:\/\/archeol.sav.sk\/index.php\/wp-json\/wp\/v2\/pages\/474\/revisions\/846"}],"up":[{"embeddable":true,"href":"https:\/\/archeol.sav.sk\/index.php\/wp-json\/wp\/v2\/pages\/466"}],"wp:attachment":[{"href":"https:\/\/archeol.sav.sk\/index.php\/wp-json\/wp\/v2\/media?parent=474"}],"curies":[{"name":"wp","href":"https:\/\/api.w.org\/{rel}","templated":true}]}}