{"id":4704,"date":"2019-07-29T13:22:03","date_gmt":"2019-07-29T11:22:03","guid":{"rendered":"http:\/\/archeol.sav.sk\/?page_id=4704"},"modified":"2020-04-06T10:02:17","modified_gmt":"2020-04-06T08:02:17","slug":"terenny-vyskum-2019-2","status":"publish","type":"page","link":"https:\/\/archeol.sav.sk\/index.php\/sk\/terenny-vyskum-2019-2\/","title":{"rendered":"Ter\u00e9nny v\u00fdskum 2019"},"content":{"rendered":"\r\n<p><a href=\"http:\/\/archeol.sav.sk\/files\/poster-hradok-2019.pdf\">Divinka &#8211; Hradisko<\/a><\/p>\r\n<p><a href=\"http:\/\/archeol.sav.sk\/files\/Divinka-Ve\u013ek\u00fd-vrch-2019.pdf\">Divinka &#8211; Ve\u013ek\u00fd vrch<\/a><\/p>\r\n<p><a href=\"http:\/\/archeol.sav.sk\/files\/Kissova_Divin_na-web.pdf\">Div\u00edn<\/a><\/p>\r\n<p><a href=\"http:\/\/archeol.sav.sk\/files\/Web_poster-Divin-predhradie-2018.pdf\">Div\u00edn &#8211; Hrad<\/a>1<\/p>\r\n<p><a href=\"http:\/\/archeol.sav.sk\/files\/Web_poster-Hrad-Divin-predhradie-2019.pdf\">Div\u00edn &#8211; Hrad 2<\/a><\/p>\r\n<p><a href=\"http:\/\/archeol.sav.sk\/files\/Web_poster-Divin-horn\u00fd-hrad-n\u00e1dvorie-2018-19.pdf\">Div\u00edn &#8211; Horn\u00fd hrad<\/a><\/p>\r\n<p><a href=\"http:\/\/archeol.sav.sk\/files\/Horne_Lefantovce_2019.pdf\">Horn\u00e9 Lefantovce<\/a><\/p>\r\n<p><a href=\"http:\/\/archeol.sav.sk\/files\/Sojak2019-jskHuciva-diera.pdf\">Hu\u010div\u00e1 diera<\/a><\/p>\r\n<p><a href=\"http:\/\/archeol.sav.sk\/files\/Hrad-Hru\u0161ov-2019.pdf\">Hrad Hru\u0161o<\/a><a href=\"http:\/\/archeol.sav.sk\/files\/Hrad-Hru\u0161ov-2019.pdf\">v<\/a><\/p>\r\n\r\n\r\n\r\n<p><a href=\"http:\/\/archeol.sav.sk\/files\/Hrad-G\u00fdme\u0161-2019.pdf\">Hrad Gym\u00e9\u0161<\/a><\/p>\r\n<p><a href=\"http:\/\/archeol.sav.sk\/files\/Hrad-Lietava-2019.pdf\">Hrad Lietava<\/a><\/p>\r\n<p><a href=\"http:\/\/archeol.sav.sk\/files\/Mitas-Bobek_Kl\u00e1tovaNV_WebAU_2019.pdf\">Kl\u00e1tova Nov\u00e1 Ves<\/a><\/p>\r\n\r\n\r\n\r\n<p><a href=\"http:\/\/archeol.sav.sk\/files\/Kovarce2019_2.pdf\">Kovarce<\/a><\/p>\r\n<p><a href=\"http:\/\/archeol.sav.sk\/files\/Mitas-Bobek-Debnar_Mojmirovce_WebAU_2019.pdf\">Mojm\u00edrovce<\/a><\/p>\r\n<p><a href=\"http:\/\/archeol.sav.sk\/files\/Moravany_nad_Vahom-Podkovica_2019.pdf\">Moravany nad V\u00e1hom &#8211; Podkovica<\/a><\/p>\r\n<p><a href=\"http:\/\/archeol.sav.sk\/files\/PRE\u0160OV-_-SOLIVAR-_2019.jpg\">Pre\u0161ov-Solivar<\/a><\/p>\r\n","protected":false},"excerpt":{"rendered":"<p>Divinka &#8211; Hradisko Divinka &#8211; Ve\u013ek\u00fd vrch Div\u00edn Div\u00edn &#8211; Hrad1 Div\u00edn &#8211; Hrad 2 Div\u00edn &#8211; Horn\u00fd hrad Horn\u00e9 Lefantovce Hu\u010div\u00e1 diera Hrad Hru\u0161ov Hrad Gym\u00e9\u0161 Hrad Lietava Kl\u00e1tova Nov\u00e1 Ves Kovarce Mojm\u00edrovce Moravany nad V\u00e1hom &#8211; Podkovica Pre\u0161ov-Solivar<\/p>\n","protected":false},"author":2,"featured_media":0,"parent":0,"menu_order":0,"comment_status":"closed","ping_status":"closed","template":"","meta":[],"_links":{"self":[{"href":"https:\/\/archeol.sav.sk\/index.php\/wp-json\/wp\/v2\/pages\/4704"}],"collection":[{"href":"https:\/\/archeol.sav.sk\/index.php\/wp-json\/wp\/v2\/pages"}],"about":[{"href":"https:\/\/archeol.sav.sk\/index.php\/wp-json\/wp\/v2\/types\/page"}],"author":[{"embeddable":true,"href":"https:\/\/archeol.sav.sk\/index.php\/wp-json\/wp\/v2\/users\/2"}],"replies":[{"embeddable":true,"href":"https:\/\/archeol.sav.sk\/index.php\/wp-json\/wp\/v2\/comments?post=4704"}],"version-history":[{"count":14,"href":"https:\/\/archeol.sav.sk\/index.php\/wp-json\/wp\/v2\/pages\/4704\/revisions"}],"predecessor-version":[{"id":5196,"href":"https:\/\/archeol.sav.sk\/index.php\/wp-json\/wp\/v2\/pages\/4704\/revisions\/5196"}],"wp:attachment":[{"href":"https:\/\/archeol.sav.sk\/index.php\/wp-json\/wp\/v2\/media?parent=4704"}],"curies":[{"name":"wp","href":"https:\/\/api.w.org\/{rel}","templated":true}]}}