{"id":466,"date":"2015-06-29T08:25:46","date_gmt":"2015-06-29T06:25:46","guid":{"rendered":"http:\/\/archeol.sav.sk\/?page_id=466"},"modified":"2015-06-29T08:36:30","modified_gmt":"2015-06-29T06:36:30","slug":"veda-a-vyskum","status":"publish","type":"page","link":"https:\/\/archeol.sav.sk\/index.php\/sk\/veda-a-vyskum\/","title":{"rendered":"V\u00fdskum"},"content":{"rendered":"<h1>Preh\u013ead grantov\u00fdch projektov, rie\u0161en\u00fdch v A\u00da SAV<\/h1>\n<h2>Grantov\u00e9 projekty VEGA, rie\u0161en\u00e9 v A\u00da SAV<\/h2>\n<p>\u010c\u00edslo projektu: <strong>2\/0050\/12<\/strong><br \/>\nDoba rie\u0161enia: <strong>01\/2012 &#8211; 12\/2015<\/strong><br \/>\nN\u00e1zov projektu: <strong>Od detailu k celku. Reflexia aktu\u00e1lnych potrieb archeologick\u00e9ho b\u00e1dania vo v\u010dasnom stredoveku<\/strong><br \/>\nVed\u00faci projektu: <strong>PhDr. Gabriel Fusek, CSc. <\/strong><br \/>\n\u010clenovia: <strong>5<\/strong><\/p>\n<p>\u010c\u00edslo projektu: <strong>2\/0098\/12<\/strong><br \/>\nDoba rie\u0161enia: <strong>01\/2012 &#8211; 12\/2015<\/strong><br \/>\nN\u00e1zov projektu: <strong>Civiliz\u00e1cia popolnicov\u00fdch pol\u00ed na Slovensku<\/strong><br \/>\nVed\u00faci projektu: <strong>Prof. PhDr. V\u00e1clav Furm\u00e1nek, DrSc. <\/strong><br \/>\n\u010clenovia: <strong>10<\/strong><\/p>\n<p>\u010c\u00edslo projektu: <strong>2\/0189\/12<\/strong><br \/>\nDoba rie\u0161enia: <strong>01\/2012 &#8211; 12\/2015<\/strong><br \/>\nN\u00e1zov projektu: <strong>Migr\u00e1cia &#8211; akultur\u00e1cia &#8211; integr\u00e1cia &#8211; mobilita &#8211; obchod v dobe s\u0165ahovania n\u00e1rodov a vo v\u010dasnom stredoveku na \u00fazem\u00ed Slovenska<\/strong><br \/>\nVed\u00faci projektu: <strong>Doc. PhDr. Matej Ruttkay, CSc.<\/strong><br \/>\n\u010clenovia: <strong>18<\/strong><\/p>\n<p>\u010c\u00edslo projektu: <strong>2\/0036\/13<\/strong><br \/>\nDoba rie\u0161enia: <strong>01\/2013 -12\/2015<\/strong><br \/>\nN\u00e1zov projektu: <strong>Opevnen\u00e9 s\u00eddlisk\u00e1 zo star\u0161ej doby bronzovej na Slovensku &#8211; centr\u00e1 produkcie, distrib\u00facie, v\u00fdmeny, kultu a s\u00eddla spolo\u010denskej elity?<\/strong><br \/>\nVed\u00faci projektu: <strong>Prof. PhDr. Jozef B\u00e1tora, DrSc. <\/strong><br \/>\n\u010clenovia: <strong>3<\/strong><\/p>\n<p>\u010c\u00edslo projektu: <strong>2\/0063\/13<\/strong><br \/>\nDoba rie\u0161enia: <strong>01\/2013 &#8211; 12\/2015<\/strong><br \/>\nN\u00e1zov projektu: <strong>Ed\u00edcia archeologick\u00fdch prame\u0148ov z obdobia neolitu a eneolitu Slovenska<\/strong><br \/>\nVed\u00faci projektu: <strong>PhDr. Gabriel Neviz\u00e1nsky, CSc.<\/strong><br \/>\n\u010clenovia: <strong>6<\/strong><\/p>\n<p>\u010c\u00edslo projektu: <strong>2\/0147\/13<\/strong><br \/>\nDoba rie\u0161enia: <strong>01\/2013 &#8211; 12\/2016<\/strong><br \/>\nN\u00e1zov projektu: <strong>Br\u00fasen\u00e1 industria neolitu a eneolitu Slovenska v kontexte surovinov\u00fdch zdrojov strednej Eur\u00f3py<\/strong><br \/>\nVed\u00faci projektu: <strong>PhDr. Ivan Cheben, CSc.<\/strong><br \/>\n\u010clenovia: <strong>7<\/strong><\/p>\n<p>\u010c\u00edslo projektu: <strong>2\/0006\/14<\/strong><br \/>\nDoba rie\u0161enia: <strong>01\/2014 &#8211; 12\/2016<\/strong><br \/>\nN\u00e1zov projektu: <strong>V\u00fdvoj os\u00eddlenia ju\u017enej \u010dasti Ko\u0161ickej kotliny v dob\u00e1ch kamenn\u00fdch (mlad\u00fd paleolit &#8211; stredn\u00fd neolit)<\/strong><br \/>\nVed\u00faci projektu: <strong>Doc. PhDr. \u013dubom\u00edra Kaminsk\u00e1, CSc.<\/strong><\/p>\n<p>\u010c\u00edslo projektu: <strong>2\/0195\/14<\/strong><br \/>\nDoba rie\u0161enia: <strong>01\/2014 &#8211; 12\/2016<\/strong><br \/>\nN\u00e1zov projektu: <strong>Vojenstvo a v\u00fdzbroj na Ve\u013ekej Morave a v stredovekom Uhorsku<\/strong><br \/>\nVed\u00faci projektu: <strong>Prof. PhDr. Alexander Ruttkay, DrSc.<\/strong><br \/>\n\u010clenovia: <strong>2<\/strong><\/p>\n<p>\u010c\u00edslo projektu: <strong>2\/0156\/14<\/strong><br \/>\nDoba rie\u0161enia: <strong>01\/2014 &#8211; 12\/2016<\/strong><br \/>\nN\u00e1zov projektu: <strong>Stredovek\u00e9 pochov\u00e1vanie na Nitriansku<\/strong><br \/>\nVed\u00faci projektu: <strong>PhDr. Peter Bedn\u00e1r, CSc.<\/strong><br \/>\n\u010clenovia: <strong>18<\/strong><\/p>\n<p>\u010c\u00edslo projektu: <strong>2\/0181\/14<\/strong><br \/>\nDoba rie\u0161enia: <strong>01\/2014 &#8211; 12\/2016<\/strong><br \/>\nN\u00e1zov projektu: <strong>Technol\u00f3gia a ekon\u00f3mia suroviny v kontexte paleolitu stredn\u00e9ho Podunajska<\/strong><br \/>\nVed\u00faci projektu: <strong>prom. hist. Bibi\u00e1na Hromadov\u00e1, CSc.<\/strong><br \/>\n\u010clenovia: <strong>2<\/strong><\/p>\n<p>\u010c\u00edslo projektu: <strong>2\/0111\/14<\/strong><br \/>\nDoba rie\u0161enia: <strong>01\/2014 &#8211; 12\/2016<\/strong><br \/>\nN\u00e1zov projektu: <strong>Fajansa, sklo-kry\u0161talick\u00e9 a sklen\u00e9 materi\u00e1ly v praveku a\u017e v\u010dasnom stredoveku na Slovensku<\/strong><br \/>\nVed\u00faci projektu: <strong>PhDr. Susanne Stegmann-Rajt\u00e1r, CSc.<\/strong><br \/>\n\u010clenovia: <strong>1<\/strong><\/p>\n<p>\u010c\u00edslo projektu: <strong>2\/0044\/14<\/strong><br \/>\nDoba rie\u0161enia: <strong>01\/2014 &#8211; 12\/2016<\/strong><br \/>\nN\u00e1zov projektu: <strong>Materi\u00e1lna kult\u00fara a jej pr\u00ednos k rekon\u0161trukcii pozemsk\u00e9ho \u017eivota a pohrebn\u00fdch zvykov v stredovekej societe<\/strong><br \/>\nVed\u00faci projektu: <strong>PhDr. Milan Hanuliak, DrSc.<\/strong><br \/>\n\u010clenovia: <strong>3<\/strong><\/p>\n<p>\u010c\u00edslo projektu: <strong>1\/0045\/14<\/strong><br \/>\nDoba rie\u0161enia: <strong>01\/2014 &#8211; 12\/2016<\/strong><br \/>\nN\u00e1zov projektu: <strong>\u017divot v pohrani\u010d\u00ed. S\u00eddliskov\u00e9 \u0161trukt\u00fary v predpol\u00ed a z\u00e1zem\u00ed pan\u00f3nskeho limitu od mlad\u0161ej doby lat\u00e9nskej po z\u00e1ver antiky<\/strong><br \/>\nVed\u00faci projektu: <strong>Doc.PhDr. Vladim\u00edr Varsik, CSc. <\/strong><br \/>\n\u010clenovia: <strong>5<\/strong><\/p>\n<p>\u010c\u00edslo projektu: <strong>2\/0032\/15<\/strong><br \/>\nDoba rie\u0161enia: <strong>01\/2015 &#8211; 12\/2017<\/strong><br \/>\nN\u00e1zov projektu: <strong>Profil\u00e1cia s\u00eddliskov\u00fdch enkl\u00e1v na tras\u00e1ch dia\u013ekov\u00fdch komunik\u00e1ci\u00ed v severnej \u010dasti Karpatskej kotliny<\/strong><br \/>\nVed\u00faci projektu: <strong>PhDr. Elena Miro\u0161\u0161ayov\u00e1, CSc.<\/strong><br \/>\n\u010clenovia: <strong>2<\/strong><\/p>\n<p>\u010c\u00edslo projektu: <strong>2\/0030\/15<\/strong><br \/>\nDoba rie\u0161enia: <strong>01\/2015 &#8211; 12\/2017<\/strong><br \/>\nN\u00e1zov projektu: <strong>\u0160trukt\u00fara a determinanty os\u00eddlenia v\u00fdch. Slovenska na pozad\u00ed pr\u00edrodn\u00fdch, kult\u00farnych a spolo\u010densk\u00fdch pomerov v obdob\u00ed praveku a\u017e v\u010dasn\u00e9ho novoveku<\/strong><br \/>\nVed\u00faci projektu: <strong>PhDr. Eva Horv\u00e1thov\u00e1, CSc.<\/strong><br \/>\n\u010clenovia: <strong>4<\/strong><\/p>\n<p>\u010c\u00edslo projektu: <strong>2\/0121\/15<\/strong><br \/>\nDoba rie\u0161enia: <strong>01\/2015 &#8211; 12\/2017<\/strong><br \/>\nN\u00e1zov projektu: <strong>Mocensk\u00e9 \u0161trukt\u00fary v\u010dasnej doby dejinnej a v\u010dasn\u00e9ho stredoveku v archeologick\u00fdch prame\u0148och<\/strong><br \/>\nVed\u00faci projektu: <strong>PhDr. Karol Pieta, DrSc.<\/strong><br \/>\n\u010clenovia: <strong>15<\/strong><\/p>\n<p>\u010c\u00edslo projektu: <strong>2\/0170\/15<\/strong><br \/>\nDoba rie\u0161enia: <strong>01\/2015 &#8211; 12\/2017<\/strong><br \/>\nN\u00e1zov projektu: <strong>Nov\u00e9 n\u00e1lezy numizmatick\u00fdch pamiatok vo vz\u0165ahu k archeologick\u00fdm a historick\u00fdm prame\u0148om<\/strong><br \/>\nVed\u00faci projektu: <strong>PhDr. J\u00e1n Hunka, CSc.<\/strong><br \/>\n\u010clenovia: <strong>2<\/strong><\/p>\n<p>\u010c\u00edslo projektu: <strong>2\/0150\/15<\/strong><br \/>\nDoba rie\u0161enia: <strong>01\/2015 &#8211; 12\/2017<\/strong><br \/>\nN\u00e1zov projektu: <strong>Suroviny a technol\u00f3gie vo v\u010dasnom historickom obdob\u00ed na Slovensku<\/strong><br \/>\nVed\u00faci projektu: <strong>PhDr. J\u00e1n Rajt\u00e1r, CSc.<\/strong><br \/>\n\u010clenovia: <strong>6<\/strong><\/p>\n<hr \/>\n<h2>GP in\u00fdch in\u0161tit\u00faci\u00ed, na ktor\u00fdch sa podie\u013eaj\u00fa na\u0161i pracovn\u00edci:<\/h2>\n<p>\u010c\u00edslo projektu: <strong>1\/0346\/15<\/strong><br \/>\nDoba rie\u0161enia: <strong>01\/2015 &#8211; 12\/2017<\/strong><br \/>\nN\u00e1zov projektu: <strong>Kastel v I\u017ei &#8211; s\u00fa\u010das\u0165 limes romanus na Slovensku<\/strong><br \/>\nZ\u00e1st.ved. projektu: <strong>PhDr. J\u00e1n Rajt\u00e1r, CSc. <\/strong><br \/>\n\u010clenovia: <strong>2<\/strong><\/p>\n<p>\u010c\u00edslo projektu: <strong>1\/0208\/15<\/strong><br \/>\nDoba rie\u0161enia: <strong>01\/2015 &#8211; 12\/2017<\/strong><br \/>\nN\u00e1zov projektu: <strong>\u010clovek a hory v priebehu \u010dasu &#8211; od pravek\u00fdch hrad\u00edsk k stredovek\u00fdm hradom<\/strong><br \/>\nZ\u00e1st.ved. projektu: <strong>PhDr. J\u00e1n Beljak, PhD. <\/strong><\/p>\n<hr \/>\n<h2>Programy: APVV<\/h2>\n<p><strong>Pr\u00ednos Slovenska pre hospod\u00e1rsky a spolo\u010densk\u00fd rozvoj eur\u00f3pskeho metalika (Contribution of Slovakia for Economic and Social Development of European Metal Age)<\/strong><br \/>\nZodpovedn\u00fd rie\u0161ite\u013e: <strong>Dr. h.c. Prof. PhDr. V\u00e1clav Furm\u00e1nek, DrSc.<\/strong><br \/>\nTrvanie projektu: <strong>1.7.2012 &#8211; 30.6.2015<\/strong><br \/>\nEviden\u010dn\u00e9 \u010d\u00edslo projektu: <strong>APVV-0736-11<\/strong><br \/>\nOrganiz\u00e1cia je koordin\u00e1torom projektu: <strong>\u00e1no<\/strong><\/p>\n<hr \/>\n<h2>Programy: \u0160truktur\u00e1lne fondy E\u00da V\u00fdskum a v\u00fdvoj<\/h2>\n<p><strong>Dobudovanie \u0161pi\u010dkov\u00e9ho pracoviska pre v\u00fdskum a v\u00fdvoj v oblasti ochrany a z\u00e1chrany kult\u00farneho dedi\u010dstva Slovenska <\/strong><br \/>\nZodpovedn\u00fd rie\u0161ite\u013e: <strong>PhDr. Ivan Cheben, CSc.<\/strong><br \/>\nTrvanie projektu: <strong>1.12.2013 &#8211; 30.6.2015<\/strong><br \/>\nEviden\u010dn\u00e9 \u010d\u00edslo projektu: <strong>NFP 26210120123<\/strong><br \/>\nOrganiz\u00e1cia je koordin\u00e1torom projektu: <strong>\u00e1no<\/strong><\/p>\n<hr \/>\n<p><strong>Centrum v\u00fdskumu najstar\u0161\u00edch dej\u00edn stredn\u00e9ho Podunajska <\/strong><br \/>\nZodpovedn\u00fd rie\u0161ite\u013e: <strong>Doc. PhDr. Matej Ruttkay, CSc.<\/strong><br \/>\nTrvanie projektu: <strong>28.10.2010 &#8211; 31.3.2015<\/strong><br \/>\nEviden\u010dn\u00e9 \u010d\u00edslo projektu: <strong>26220120059<\/strong><br \/>\nOrganiz\u00e1cia je koordin\u00e1torom projektu: <strong>\u00e1no<\/strong><\/p>\n","protected":false},"excerpt":{"rendered":"<p>Preh\u013ead grantov\u00fdch projektov, rie\u0161en\u00fdch v A\u00da SAV Grantov\u00e9 projekty VEGA, rie\u0161en\u00e9 v A\u00da SAV \u010c\u00edslo projektu: 2\/0050\/12 Doba rie\u0161enia: 01\/2012 &#8211; 12\/2015 N\u00e1zov projektu: Od detailu k celku. Reflexia aktu\u00e1lnych potrieb archeologick\u00e9ho b\u00e1dania vo v\u010dasnom stredoveku Ved\u00faci projektu: PhDr. Gabriel Fusek, CSc. \u010clenovia: 5 \u010c\u00edslo projektu: 2\/0098\/12 Doba rie\u0161enia: 01\/2012 &#8211; 12\/2015 N\u00e1zov projektu: Civiliz\u00e1cia &#8230; <a class=\"read-more\" href=\"https:\/\/archeol.sav.sk\/index.php\/sk\/veda-a-vyskum\/\">\u010c\u00edtajte viac<\/a><\/p>\n","protected":false},"author":1,"featured_media":0,"parent":0,"menu_order":0,"comment_status":"closed","ping_status":"open","template":"","meta":[],"_links":{"self":[{"href":"https:\/\/archeol.sav.sk\/index.php\/wp-json\/wp\/v2\/pages\/466"}],"collection":[{"href":"https:\/\/archeol.sav.sk\/index.php\/wp-json\/wp\/v2\/pages"}],"about":[{"href":"https:\/\/archeol.sav.sk\/index.php\/wp-json\/wp\/v2\/types\/page"}],"author":[{"embeddable":true,"href":"https:\/\/archeol.sav.sk\/index.php\/wp-json\/wp\/v2\/users\/1"}],"replies":[{"embeddable":true,"href":"https:\/\/archeol.sav.sk\/index.php\/wp-json\/wp\/v2\/comments?post=466"}],"version-history":[{"count":2,"href":"https:\/\/archeol.sav.sk\/index.php\/wp-json\/wp\/v2\/pages\/466\/revisions"}],"predecessor-version":[{"id":499,"href":"https:\/\/archeol.sav.sk\/index.php\/wp-json\/wp\/v2\/pages\/466\/revisions\/499"}],"wp:attachment":[{"href":"https:\/\/archeol.sav.sk\/index.php\/wp-json\/wp\/v2\/media?parent=466"}],"curies":[{"name":"wp","href":"https:\/\/api.w.org\/{rel}","templated":true}]}}