{"id":46,"date":"2015-05-02T23:08:07","date_gmt":"2015-05-02T21:08:07","guid":{"rendered":"http:\/\/chcemlego.sk\/?page_id=46"},"modified":"2025-07-02T11:03:47","modified_gmt":"2025-07-02T09:03:47","slug":"spravy-o-cinnosti","status":"publish","type":"page","link":"https:\/\/archeol.sav.sk\/index.php\/sk\/o-nas\/spravy-o-cinnosti\/","title":{"rendered":"Spr\u00e1vy o \u010dinnosti"},"content":{"rendered":"<ul>\n<li><a href=\"https:\/\/archeol.sav.sk\/files\/ArU_SAV_Annual_Report_2024.pdf\">Spr\u00e1va o \u010dinnosti za rok 2024<\/a><\/li>\n<li><a href=\"https:\/\/archeol.sav.sk\/files\/AU_SAV_Annual_Report_2023.pdf\">Spr\u00e1va o \u010dinnosti za rok 2023<\/a><\/li>\n<li><a href=\"http:\/\/archeol.sav.sk\/files\/AUSAV_Annual_Report_2022.pdf\">Spr\u00e1va o \u010dinnosti za rok 2022<\/a><\/li>\n<li><a href=\"http:\/\/archeol.sav.sk\/files\/AUSAV_Annual_Report_2021.pdf\">Spr\u00e1va o \u010dinnosti za rok 2021<\/a><\/li>\n<li><a href=\"http:\/\/archeol.sav.sk\/files\/AUSAV_Annual_Report_2020.pdf\">Spr\u00e1va o \u010dinnosti za rok 2020<\/a><\/li>\n<li><a href=\"http:\/\/archeol.sav.sk\/files\/AUSAV_Annual_Report_2019.pdf\">Spr\u00e1va o \u010dinnosti za rok 2019<\/a><\/li>\n<li><a href=\"http:\/\/archeol.sav.sk\/files\/AU_SAV_Annual_Report_2018-2.pdf\">Spr\u00e1va o \u010dinnosti za rok 2018<\/a><\/li>\n<li><a href=\"http:\/\/archeol.sav.sk\/files\/AUSAV_Annual_Report_2017.pdf\">Spr\u00e1va o \u010dinnosti za rok 2017<\/a><\/li>\n<li><a href=\"http:\/\/archeol.sav.sk\/files\/AUSAV_Annual_Report_2016.pdf\">Spr\u00e1va o \u010dinnosti za rok 2016<\/a><\/li>\n<li><a href=\"http:\/\/archeol.sav.sk\/files\/v\u00fdro\u010dn\u00e1-spr\u00e1va-2015.pdf\">Spr\u00e1va o \u010dinnosti za rok 2015<\/a><\/li>\n<li><a href=\"http:\/\/archeol.sav.sk\/docs_spravy\/sp2014.pdf\">Spr\u00e1va o \u010dinnosti za rok 2014<\/a><\/li>\n<li><a href=\"http:\/\/archeol.sav.sk\/docs_spravy\/sp2013.pdf\">Spr\u00e1va o \u010dinnosti za rok 2013<\/a><\/li>\n<li><a href=\"http:\/\/archeol.sav.sk\/docs_spravy\/sp2012.pdf\">Spr\u00e1va o \u010dinnosti za rok 2012<\/a><\/li>\n<li><a href=\"http:\/\/archeol.sav.sk\/docs_spravy\/sp2011.pdf\">Spr\u00e1va o \u010dinnosti za rok 2011<\/a><\/li>\n<li><a href=\"http:\/\/archeol.sav.sk\/docs_spravy\/sp2010.pdf\">Spr\u00e1va o \u010dinnosti za rok 2010<\/a><\/li>\n<li><a href=\"http:\/\/archeol.sav.sk\/docs_spravy\/sp2009.pdf\">Spr\u00e1va o \u010dinnosti za rok 2009<\/a><\/li>\n<li><a href=\"http:\/\/archeol.sav.sk\/docs_spravy\/sp2008.pdf\">Spr\u00e1va o \u010dinnosti za rok 2008<\/a><\/li>\n<li><a href=\"http:\/\/archeol.sav.sk\/docs_spravy\/sp2007.pdf\">Spr\u00e1va o \u010dinnosti za rok 2007<\/a><\/li>\n<li><a href=\"http:\/\/archeol.sav.sk\/docs_spravy\/sp2006.pdf\">Spr\u00e1va o \u010dinnosti za rok 2006<\/a><\/li>\n<li><a href=\"http:\/\/archeol.sav.sk\/docs_spravy\/sp2005.pdf\">Spr\u00e1va o \u010dinnosti za rok 2005<\/a><\/li>\n<li><a href=\"http:\/\/archeol.sav.sk\/docs_spravy\/sp2004.pdf\">Spr\u00e1va o \u010dinnosti za rok 2004<\/a><\/li>\n<li><a href=\"http:\/\/archeol.sav.sk\/docs_spravy\/sp2003.pdf\">Spr\u00e1va o \u010dinnosti za rok 2003<\/a><\/li>\n<\/ul>\n","protected":false},"excerpt":{"rendered":"<p>Spr\u00e1va o \u010dinnosti za rok 2024 Spr\u00e1va o \u010dinnosti za rok 2023 Spr\u00e1va o \u010dinnosti za rok 2022 Spr\u00e1va o \u010dinnosti za rok 2021 Spr\u00e1va o \u010dinnosti za rok 2020 Spr\u00e1va o \u010dinnosti za rok 2019 Spr\u00e1va o \u010dinnosti za rok 2018 Spr\u00e1va o \u010dinnosti za rok 2017 Spr\u00e1va o \u010dinnosti za rok 2016 Spr\u00e1va &#8230; <a class=\"read-more\" href=\"https:\/\/archeol.sav.sk\/index.php\/sk\/o-nas\/spravy-o-cinnosti\/\">\u010c\u00edtajte viac<\/a><\/p>\n","protected":false},"author":1,"featured_media":0,"parent":35,"menu_order":0,"comment_status":"closed","ping_status":"closed","template":"","meta":[],"_links":{"self":[{"href":"https:\/\/archeol.sav.sk\/index.php\/wp-json\/wp\/v2\/pages\/46"}],"collection":[{"href":"https:\/\/archeol.sav.sk\/index.php\/wp-json\/wp\/v2\/pages"}],"about":[{"href":"https:\/\/archeol.sav.sk\/index.php\/wp-json\/wp\/v2\/types\/page"}],"author":[{"embeddable":true,"href":"https:\/\/archeol.sav.sk\/index.php\/wp-json\/wp\/v2\/users\/1"}],"replies":[{"embeddable":true,"href":"https:\/\/archeol.sav.sk\/index.php\/wp-json\/wp\/v2\/comments?post=46"}],"version-history":[{"count":15,"href":"https:\/\/archeol.sav.sk\/index.php\/wp-json\/wp\/v2\/pages\/46\/revisions"}],"predecessor-version":[{"id":7742,"href":"https:\/\/archeol.sav.sk\/index.php\/wp-json\/wp\/v2\/pages\/46\/revisions\/7742"}],"up":[{"embeddable":true,"href":"https:\/\/archeol.sav.sk\/index.php\/wp-json\/wp\/v2\/pages\/35"}],"wp:attachment":[{"href":"https:\/\/archeol.sav.sk\/index.php\/wp-json\/wp\/v2\/media?parent=46"}],"curies":[{"name":"wp","href":"https:\/\/api.w.org\/{rel}","templated":true}]}}