{"id":453,"date":"2015-06-28T08:52:42","date_gmt":"2015-06-28T06:52:42","guid":{"rendered":"http:\/\/archeol.sav.sk\/?page_id=453"},"modified":"2019-10-07T20:45:20","modified_gmt":"2019-10-07T18:45:20","slug":"kontakt-pre-stavebnikov","status":"publish","type":"page","link":"https:\/\/archeol.sav.sk\/index.php\/sk\/kontakt-pre-stavebnikov\/","title":{"rendered":"Kontakt pre stavebn\u00edkov"},"content":{"rendered":"<h3><strong>V\u00a0pr\u00edpade z\u00e1ujmu o\u00a0realiz\u00e1ciu archeologick\u00e9ho v\u00fdskumu n\u00e1s kontaktujte:<\/strong><\/h3>\n<p>Mgr. Vojte\u010dek Marek, PhD.<br \/>\n<a href=\"mailto:nraumvoj@savba.sk\">nraumvoj@savba.sk<\/a><\/p>\n<p>&nbsp;<\/p>\n","protected":false},"excerpt":{"rendered":"<p>V\u00a0pr\u00edpade z\u00e1ujmu o\u00a0realiz\u00e1ciu archeologick\u00e9ho v\u00fdskumu n\u00e1s kontaktujte: Mgr. Vojte\u010dek Marek, PhD. nraumvoj@savba.sk &nbsp;<\/p>\n","protected":false},"author":2,"featured_media":0,"parent":0,"menu_order":0,"comment_status":"closed","ping_status":"open","template":"","meta":[],"_links":{"self":[{"href":"https:\/\/archeol.sav.sk\/index.php\/wp-json\/wp\/v2\/pages\/453"}],"collection":[{"href":"https:\/\/archeol.sav.sk\/index.php\/wp-json\/wp\/v2\/pages"}],"about":[{"href":"https:\/\/archeol.sav.sk\/index.php\/wp-json\/wp\/v2\/types\/page"}],"author":[{"embeddable":true,"href":"https:\/\/archeol.sav.sk\/index.php\/wp-json\/wp\/v2\/users\/2"}],"replies":[{"embeddable":true,"href":"https:\/\/archeol.sav.sk\/index.php\/wp-json\/wp\/v2\/comments?post=453"}],"version-history":[{"count":3,"href":"https:\/\/archeol.sav.sk\/index.php\/wp-json\/wp\/v2\/pages\/453\/revisions"}],"predecessor-version":[{"id":4870,"href":"https:\/\/archeol.sav.sk\/index.php\/wp-json\/wp\/v2\/pages\/453\/revisions\/4870"}],"wp:attachment":[{"href":"https:\/\/archeol.sav.sk\/index.php\/wp-json\/wp\/v2\/media?parent=453"}],"curies":[{"name":"wp","href":"https:\/\/api.w.org\/{rel}","templated":true}]}}