{"id":4493,"date":"2019-04-12T14:05:20","date_gmt":"2019-04-12T12:05:20","guid":{"rendered":"http:\/\/archeol.sav.sk\/?page_id=4493"},"modified":"2019-12-19T16:49:39","modified_gmt":"2019-12-19T14:49:39","slug":"publikacie-2018","status":"publish","type":"page","link":"https:\/\/archeol.sav.sk\/index.php\/sk\/publikacie-2018\/","title":{"rendered":"Publik\u00e1cie 2018"},"content":{"rendered":"<p style=\"text-align: left;\">Objedn\u00e1vky: 037\/6943209, e-mail: <a href=\"mailto:gabriela.holkova@savba.sk\">gabriela.holkova@savba.sk<\/a><\/p>\r\n<p>&nbsp;<\/p>\r\n<div class=\"wp-block-image\">\u00a0<\/div>\r\n<p><!-- \/wp:image -->\r\n\r\n<!-- wp:paragraph --><\/p>\r\n<p><a href=\"http:\/\/archeol.sav.sk\/files\/G.Nevizansk\u00fd.pdf\"><strong>Stredovek\u00fd a v\u010dasnonovovek\u00fd kostoln\u00fd cintor\u00edn v Nesvadoch<\/strong><\/a><a href=\"http:\/\/archeol.sav.sk\/files\/Str_004-1.jpg\"><img decoding=\"async\" loading=\"lazy\" class=\"alignleft wp-image-4909\" src=\"http:\/\/archeol.sav.sk\/files\/Str_004-1-203x300.jpg\" alt=\"\" width=\"156\" height=\"231\" srcset=\"https:\/\/archeol.sav.sk\/files\/Str_004-1-203x300.jpg 203w, https:\/\/archeol.sav.sk\/files\/Str_004-1-768x1133.jpg 768w, https:\/\/archeol.sav.sk\/files\/Str_004-1-694x1024.jpg 694w\" sizes=\"(max-width: 156px) 100vw, 156px\" \/><\/a><\/p>\r\n<p>Autor: <strong>Gabriel Neviz\u00e1nsky \u2013 P\u00e9ter Proh\u00e1szka<\/strong><\/p>\r\n<p>Vydal:\u00a0<strong>Archeologick\u00fd \u00fastav SAV<\/strong><\/p>\r\n<p>Rok vydania:\u00a0<strong>2018<\/strong><\/p>\r\n<p>ISBN 978-80-8196-016-1<\/p>\r\n<p>Po\u010det str\u00e1n: <strong>134 str\u00e1n + 34 tab.<\/strong><\/p>\r\n<p>&nbsp;<\/p>\r\n<div class=\"wp-block-image\">\r\n<figure class=\"alignleft is-resized\"><img decoding=\"async\" loading=\"lazy\" class=\"wp-image-4472\" src=\"http:\/\/archeol.sav.sk\/files\/Ob%C3%A1lka-Sila.....-1-713x1024.jpg\" alt=\"\" width=\"171\" height=\"245\" \/><\/figure>\r\n<\/div>\r\n<!-- \/wp:image -->\r\n\r\n<!-- wp:paragraph -->\r\n<p><strong>S\u00eddla, artefakty a \u010das<\/strong><\/p>\r\n<p>Autor:\u00a0<strong>Lucia Benedikov\u00e1 \u2013 Milan Horn\u00e1k<\/strong><\/p>\r\n<p>Vydal:\u00a0<strong>Archeologick\u00fd \u00fastav SAV<\/strong><\/p>\r\n<p>Rok vydania:\u00a0<strong>2018<\/strong><\/p>\r\n<p>ISBN 978-80-8196-020-8<\/p>\r\n<p>Po\u010det str\u00e1n:\u00a0<strong>323<\/strong><\/p>\r\n<p>&nbsp;<\/p>\r\n<div>\u00a0<\/div>\r\n<div><img decoding=\"async\" loading=\"lazy\" class=\" wp-image-4212 alignleft\" src=\"http:\/\/archeol.sav.sk\/files\/Mince-203x300.jpg\" alt=\"mince\" width=\"151\" height=\"223\" srcset=\"https:\/\/archeol.sav.sk\/files\/Mince-203x300.jpg 203w, https:\/\/archeol.sav.sk\/files\/Mince-768x1132.jpg 768w, https:\/\/archeol.sav.sk\/files\/Mince-695x1024.jpg 695w\" sizes=\"(max-width: 151px) 100vw, 151px\" \/><\/div>\r\n<div><strong><a href=\"http:\/\/archeol.sav.sk\/files\/Mince.pdf\">N\u00e1lezy minc\u00ed na Slovensku<\/a><\/strong><\/div>\r\n<div>Autor:\u00a0<strong>Marek Budaj \u2013 <\/strong><strong>J\u00e1n Hunka<\/strong><\/div>\r\n<div>Vydal:\u00a0<strong>Archeologick\u00fd \u00fastav SAV<\/strong><\/div>\r\n<div>Rok vydania:\u00a0<strong>2018<\/strong><\/div>\r\n<div>ISBN 978-80-8196-026-0<\/div>\r\n<div>Po\u010det str\u00e1n: <strong>259<\/strong><\/div>\r\n<div>Cena: 28 Eur<\/div>\r\n<div>\u00a0<\/div>\r\n<div>\u00a0<\/div>\r\n<div>\u00a0<\/div>\r\n<div>\u00a0<\/div>\r\n<div>\r\n<p><a href=\"http:\/\/archeol.sav.sk\/files\/Obsah-1.pdf\"><b><img decoding=\"async\" loading=\"lazy\" class=\" wp-image-4852 alignleft\" src=\"http:\/\/archeol.sav.sk\/files\/Ob%C3%A1lka-2-203x300.jpg\" sizes=\"(max-width: 153px) 100vw, 153px\" srcset=\"http:\/\/archeol.sav.sk\/files\/Ob\u00e1lka-2-203x300.jpg 203w, http:\/\/archeol.sav.sk\/files\/Ob\u00e1lka-2-768x1135.jpg 768w, http:\/\/archeol.sav.sk\/files\/Ob\u00e1lka-2-693x1024.jpg 693w\" alt=\"\" width=\"153\" height=\"226\" \/><\/b><\/a><\/p>\r\n<p>&nbsp;<\/p>\r\n<p><a href=\"http:\/\/archeol.sav.sk\/files\/Obsah-1.pdf\"><b>Archeologick\u00e9 v\u00fdskumy a n\u00e1lezy na Slovensku<\/b><\/a><br \/>Autor:\u00a0<strong>Ivan Cheben, Klaudia Da\u0148ov\u00e1, Marek Vojte\u010dek\u00a0\u00a0(zost.)<\/strong><br \/>Vydal:\u00a0<strong>Archeologick\u00fd \u00fastav SAV<\/strong><br \/>Rok vydania:\u00a0<strong>2019<\/strong><br \/>ISSN\u00a0<strong>0231-925X<\/strong><\/p>\r\n<p>Po\u010det str\u00e1n:\u00a0<strong>154<\/strong><\/p>\r\n<\/div>\r\n<div>\u00a0<\/div>\r\n<div>\u00a0<\/div>\r\n<div>\u00a0<\/div>\r\n<div>\r\n<p><b> <a href=\"http:\/\/archeol.sav.sk\/files\/Slov-Arch-2018_2.pdf\"><img decoding=\"async\" loading=\"lazy\" class=\"alignleft wp-image-4999\" src=\"http:\/\/archeol.sav.sk\/files\/sla-208x300.jpg\" alt=\"\" width=\"144\" height=\"208\" srcset=\"https:\/\/archeol.sav.sk\/files\/sla-208x300.jpg 208w, https:\/\/archeol.sav.sk\/files\/sla-768x1106.jpg 768w, https:\/\/archeol.sav.sk\/files\/sla-711x1024.jpg 711w, https:\/\/archeol.sav.sk\/files\/sla.jpg 972w\" sizes=\"(max-width: 144px) 100vw, 144px\" \/><\/a><a href=\"http:\/\/archeol.sav.sk\/files\/Slov-Arch-2018_2.pdf\">Slovensk\u00e1 archeol\u00f3gia LXVI-2<\/a><\/b><\/p>\r\n<p>Autor:\u00a0<b>Gabriel Fusek (zost.)<\/b><\/p>\r\n<p>Vydal:\u00a0<b>Archeologick\u00fd \u00fastav SAV<\/b><\/p>\r\n<p>ISSN 1355-01012<\/p>\r\n<p>Rok vydania:\u00a0<b>2018<\/b><\/p>\r\n<p>Po\u010det str\u00e1n:\u00a0<b>188<\/b><\/p>\r\n<\/div>\r\n<div>\u00a0<\/div>\r\n<div>\u00a0<\/div>\r\n<div>\u00a0<\/div>\r\n<div>\u00a0<\/div>\r\n<div><a href=\"http:\/\/archeol.sav.sk\/files\/Obsah-2.pdf\"><img decoding=\"async\" loading=\"lazy\" class=\"alignleft wp-image-4994\" src=\"http:\/\/archeol.sav.sk\/files\/Ob\u00e1lka-3-209x300.jpg\" alt=\"\" width=\"150\" height=\"215\" srcset=\"https:\/\/archeol.sav.sk\/files\/Ob\u00e1lka-3-209x300.jpg 209w, https:\/\/archeol.sav.sk\/files\/Ob\u00e1lka-3-768x1102.jpg 768w, https:\/\/archeol.sav.sk\/files\/Ob\u00e1lka-3-714x1024.jpg 714w\" sizes=\"(max-width: 150px) 100vw, 150px\" \/><\/a>\r\n<div><a href=\"http:\/\/archeol.sav.sk\/files\/Obsah-2.pdf\"><b>Anton To\u010d\u00edk legenda slovenskej archeol\u00f3gie\u00a0<\/b><\/a><\/div>\r\n<div>Autor:\u00a0<strong>Jozef B\u00e1tora \u2013 Rudolf Kujovsk\u00fd \u2013 Matej Ruttkay \u2013 Jozef Vlad\u00e1r<\/strong><\/div>\r\n<div>Vydal:\u00a0<strong>Archeologick\u00fd \u00fastav SAV<\/strong><\/div>\r\n<div>Rok vydania:\u00a0<strong>2018<\/strong><\/div>\r\n<div>ISBN 978-80-8196-015-4<\/div>\r\n<div>Po\u010det str\u00e1n: <strong>222<\/strong><\/div>\r\n<div>\u00a0<\/div>\r\n<div>\u00a0<\/div>\r\n<\/div>\r\n<div>\u00a0<\/div>\r\n<div>\u00a0<\/div>\r\n<div>\u00a0<\/div>\r\n<div><a href=\"http:\/\/archeol.sav.sk\/files\/SZ-64-2018_na-net.pdf\"><img decoding=\"async\" loading=\"lazy\" class=\"wp-image-4997 alignleft\" src=\"http:\/\/archeol.sav.sk\/files\/\u0160Z-64-2018-ob\u00e1lka-200x300.jpg\" alt=\"\" width=\"151\" height=\"227\" srcset=\"https:\/\/archeol.sav.sk\/files\/\u0160Z-64-2018-ob\u00e1lka-200x300.jpg 200w, https:\/\/archeol.sav.sk\/files\/\u0160Z-64-2018-ob\u00e1lka-768x1154.jpg 768w, https:\/\/archeol.sav.sk\/files\/\u0160Z-64-2018-ob\u00e1lka-682x1024.jpg 682w\" sizes=\"(max-width: 151px) 100vw, 151px\" \/><\/a>\r\n<p><a href=\"http:\/\/archeol.sav.sk\/files\/SZ-64-2018_na-net.pdf\"><b>\u0160tudijn\u00e9 Zvesti 64<\/b><\/a><\/p>\r\n<p>Autori:\u00a0<b>Gertr\u00fada B\u0159ezinov\u00e1, Alena Bist\u00e1kov\u00e1 (zost.)<\/b><br \/>Vydal:\u00a0<b>Archeologick\u00fd \u00fastav SAV<\/b><br \/>Rok vydania:\u00a0<strong>2018<\/strong><br \/>Po\u010det str\u00e1n:\u00a0<strong>218<\/strong><\/p>\r\n<\/div>\r\n<p>&nbsp;<\/p>\r\n<p>&nbsp;<\/p>\r\n<div>\u00a0<\/div>\r\n<p><strong><a href=\"http:\/\/archeol.sav.sk\/files\/Sapropelit.pdf\"><img decoding=\"async\" loading=\"lazy\" class=\" wp-image-4225 alignleft\" src=\"http:\/\/archeol.sav.sk\/files\/Sapropelit-205x300.jpg\" alt=\"sapropelit\" width=\"153\" height=\"224\" srcset=\"https:\/\/archeol.sav.sk\/files\/Sapropelit-205x300.jpg 205w, https:\/\/archeol.sav.sk\/files\/Sapropelit-768x1126.jpg 768w, https:\/\/archeol.sav.sk\/files\/Sapropelit-699x1024.jpg 699w\" sizes=\"(max-width: 153px) 100vw, 153px\" \/>\u0160perk zo skla a sapropelitu u Keltov na Slovensku<\/a><\/strong><\/p>\r\n<p>Autor:\u00a0<strong>Getr\u00fada B\u0159ezinov\u00e1<\/strong><\/p>\r\n<p>Vydal:\u00a0<strong>Archeologick\u00fd \u00fastav SAV<\/strong><\/p>\r\n<p>Rok vydania:\u00a0<strong>2018<\/strong><\/p>\r\n<p>ISBN 978-80-8196-018-5<\/p>\r\n<p>Cena: 28 Eur<\/p>\r\n<p>&nbsp;<\/p>\r\n<div><a href=\"http:\/\/archeol.sav.sk\/files\/Radzovce.pdf\"><strong><img decoding=\"async\" loading=\"lazy\" class=\" wp-image-4227 alignleft\" src=\"http:\/\/archeol.sav.sk\/files\/Radzovce-210x300.jpg\" alt=\"radzovce\" width=\"154\" height=\"220\" srcset=\"https:\/\/archeol.sav.sk\/files\/Radzovce-210x300.jpg 210w, https:\/\/archeol.sav.sk\/files\/Radzovce-768x1099.jpg 768w, https:\/\/archeol.sav.sk\/files\/Radzovce-715x1024.jpg 715w\" sizes=\"(max-width: 154px) 100vw, 154px\" \/>Radzovce v obdob\u00ed popolnicov\u00fdch pol\u00ed<\/strong><\/a> <strong><a href=\"http:\/\/archeol.sav.sk\/files\/Radzovce.pdf\">Architektonick\u00e1 rekon\u0161trukcia stavieb na z\u00e1klade anal\u00fdzy mazanice<\/a><\/strong><\/div>\r\n<div>Autor:\u00a0<strong>Jozef \u010euri\u0161<\/strong><\/div>\r\n<div>Vydal:\u00a0<strong>Archeologick\u00fd \u00fastav SAV<\/strong><\/div>\r\n<div>Rok vydania:\u00a0<strong>2018<\/strong><\/div>\r\n<div>ISBN 978-80-8196-017-18<\/div>\r\n<div>Cena: 36 Eur<\/div>\r\n<div>\u00a0<\/div>\r\n<div>\u00a0<\/div>\r\n<div>\u00a0<\/div>\r\n<div>\u00a0<\/div>\r\n<div>\u00a0<\/div>\r\n<p><a href=\"http:\/\/archeol.sav.sk\/files\/Slovensk%C3%A1-archeologia-LXVI_1_2018.pdf\"><b><img decoding=\"async\" loading=\"lazy\" class=\" wp-image-3690 alignleft\" src=\"http:\/\/archeol.sav.sk\/files\/Slovensk%C3%A1-archeologia-LXVI_1_2018-1-206x300.jpg\" sizes=\"(max-width: 150px) 100vw, 150px\" srcset=\"http:\/\/archeol.sav.sk\/files\/Slovensk\u00e1-archeologia-LXVI_1_2018-1-206x300.jpg 206w, http:\/\/archeol.sav.sk\/files\/Slovensk\u00e1-archeologia-LXVI_1_2018-1-768x1119.jpg 768w, http:\/\/archeol.sav.sk\/files\/Slovensk\u00e1-archeologia-LXVI_1_2018-1-703x1024.jpg 703w\" alt=\"slovenska-archeologia-lxvi_1_2018\" width=\"150\" height=\"218\" \/>\u00a0Slovensk\u00e1 archeol\u00f3gia LXVI-1<\/b><\/a><\/p>\r\n<p>Autor:\u00a0<b>Gabriel Fusek (zost.)<\/b><\/p>\r\n<p>Vydal:\u00a0<b>Archeologick\u00fd \u00fastav SAV<\/b><\/p>\r\n<p>ISSN 1355-01012<\/p>\r\n<p>Rok vydania:\u00a0<b>2018<\/b><\/p>\r\n<p>Po\u010det str\u00e1n:\u00a0<b>188<\/b><\/p>","protected":false},"excerpt":{"rendered":"<p>Objedn\u00e1vky: 037\/6943209, e-mail: gabriela.holkova@savba.sk &nbsp; \u00a0 Stredovek\u00fd a v\u010dasnonovovek\u00fd kostoln\u00fd cintor\u00edn v Nesvadoch Autor: Gabriel Neviz\u00e1nsky \u2013 P\u00e9ter Proh\u00e1szka Vydal:\u00a0Archeologick\u00fd \u00fastav SAV Rok vydania:\u00a02018 ISBN 978-80-8196-016-1 Po\u010det str\u00e1n: 134 str\u00e1n + 34 tab. &nbsp; S\u00eddla, artefakty a \u010das Autor:\u00a0Lucia Benedikov\u00e1 \u2013 Milan Horn\u00e1k Vydal:\u00a0Archeologick\u00fd \u00fastav SAV Rok vydania:\u00a02018 ISBN 978-80-8196-020-8 Po\u010det str\u00e1n:\u00a0323 &nbsp; \u00a0 N\u00e1lezy &#8230; <a class=\"read-more\" href=\"https:\/\/archeol.sav.sk\/index.php\/sk\/publikacie-2018\/\">\u010c\u00edtajte viac<\/a><\/p>\n","protected":false},"author":2,"featured_media":0,"parent":0,"menu_order":0,"comment_status":"closed","ping_status":"closed","template":"","meta":[],"_links":{"self":[{"href":"https:\/\/archeol.sav.sk\/index.php\/wp-json\/wp\/v2\/pages\/4493"}],"collection":[{"href":"https:\/\/archeol.sav.sk\/index.php\/wp-json\/wp\/v2\/pages"}],"about":[{"href":"https:\/\/archeol.sav.sk\/index.php\/wp-json\/wp\/v2\/types\/page"}],"author":[{"embeddable":true,"href":"https:\/\/archeol.sav.sk\/index.php\/wp-json\/wp\/v2\/users\/2"}],"replies":[{"embeddable":true,"href":"https:\/\/archeol.sav.sk\/index.php\/wp-json\/wp\/v2\/comments?post=4493"}],"version-history":[{"count":28,"href":"https:\/\/archeol.sav.sk\/index.php\/wp-json\/wp\/v2\/pages\/4493\/revisions"}],"predecessor-version":[{"id":5001,"href":"https:\/\/archeol.sav.sk\/index.php\/wp-json\/wp\/v2\/pages\/4493\/revisions\/5001"}],"wp:attachment":[{"href":"https:\/\/archeol.sav.sk\/index.php\/wp-json\/wp\/v2\/media?parent=4493"}],"curies":[{"name":"wp","href":"https:\/\/api.w.org\/{rel}","templated":true}]}}