{"id":4367,"date":"2019-03-07T11:17:42","date_gmt":"2019-03-07T09:17:42","guid":{"rendered":"http:\/\/archeol.sav.sk\/?page_id=4367"},"modified":"2019-03-07T11:18:10","modified_gmt":"2019-03-07T09:18:10","slug":"activities-in-year-2018","status":"publish","type":"page","link":"https:\/\/archeol.sav.sk\/index.php\/sk\/activities-in-year-2018\/","title":{"rendered":"Activities in year 2018"},"content":{"rendered":"\n<p><strong>Theoretical works.<\/strong> First of all, three monographical studies are in the stage of finishing: \u201ePerished medieval village in Nededza &#8211; catalogue\u201c, \u201eArchaeological topography of medieval and modern age villigae settlement of Kysuce region\u201c and \u201eEarly medieval hillfort Ve\u013ek\u00fd vrch in Divinka\u201c. Seven studies were submitted for publishing and the results of the project were presented at four regional and international conferences.<\/p>\n\n\n\n<p><strong>Hillfort\nVe\u013ek\u00fd vrch in Divinka. <\/strong>Sixth season of research at the locality and its\nsurroundings was concluded this year. Excavations of the gate defending the\nhillfort from the side of the V\u00e1h valley continued in the location Ve\u013ek\u00e9\nSala\u0161ky<strong>. <\/strong>Ramparts were excavated at\nthe location Lovi\u0161ky.<\/p>\n\n\n\n<p><strong>Medieval\nstronghold in Divinka.<\/strong> First phase of excavations were concluded in the\nlocality Hradisko. Except the classical archaeological works was concluded\ngeophysical survey and the site was geodetically measured.<\/p>\n\n\n\n<p><strong>Lidar scanning and survey. <\/strong><strong>Spatial scanning of the\nchosen parts of the Kysuce region continued, untill now, area of &nbsp;<\/strong>286 km\u00b2 was scanned. Relicts of\nancient settlement and traces of human intervention in nature found on thusly\ngathered maps were checked up in the cadasterd of villages Svr\u010dinovec, \u010cierne,\nSkalit\u00e9, O\u0161\u010dadnica and Klubina.<\/p>\n","protected":false},"excerpt":{"rendered":"<p>Theoretical works. First of all, three monographical studies are in the stage of finishing: \u201ePerished medieval village in Nededza &#8211; catalogue\u201c, \u201eArchaeological topography of medieval and modern age villigae settlement of Kysuce region\u201c and \u201eEarly medieval hillfort Ve\u013ek\u00fd vrch in Divinka\u201c. Seven studies were submitted for publishing and the results of the project were presented &#8230; <a class=\"read-more\" href=\"https:\/\/archeol.sav.sk\/index.php\/sk\/activities-in-year-2018\/\">\u010c\u00edtajte viac<\/a><\/p>\n","protected":false},"author":2,"featured_media":0,"parent":0,"menu_order":0,"comment_status":"closed","ping_status":"closed","template":"","meta":[],"_links":{"self":[{"href":"https:\/\/archeol.sav.sk\/index.php\/wp-json\/wp\/v2\/pages\/4367"}],"collection":[{"href":"https:\/\/archeol.sav.sk\/index.php\/wp-json\/wp\/v2\/pages"}],"about":[{"href":"https:\/\/archeol.sav.sk\/index.php\/wp-json\/wp\/v2\/types\/page"}],"author":[{"embeddable":true,"href":"https:\/\/archeol.sav.sk\/index.php\/wp-json\/wp\/v2\/users\/2"}],"replies":[{"embeddable":true,"href":"https:\/\/archeol.sav.sk\/index.php\/wp-json\/wp\/v2\/comments?post=4367"}],"version-history":[{"count":2,"href":"https:\/\/archeol.sav.sk\/index.php\/wp-json\/wp\/v2\/pages\/4367\/revisions"}],"predecessor-version":[{"id":4369,"href":"https:\/\/archeol.sav.sk\/index.php\/wp-json\/wp\/v2\/pages\/4367\/revisions\/4369"}],"wp:attachment":[{"href":"https:\/\/archeol.sav.sk\/index.php\/wp-json\/wp\/v2\/media?parent=4367"}],"curies":[{"name":"wp","href":"https:\/\/api.w.org\/{rel}","templated":true}]}}