{"id":4302,"date":"2019-02-26T12:29:52","date_gmt":"2019-02-26T10:29:52","guid":{"rendered":"http:\/\/archeol.sav.sk\/?page_id=4302"},"modified":"2019-02-26T12:29:53","modified_gmt":"2019-02-26T10:29:53","slug":"projektove-aktivity-2018","status":"publish","type":"page","link":"https:\/\/archeol.sav.sk\/index.php\/sk\/projektove-aktivity-2018\/","title":{"rendered":"Projektov\u00e9 aktivity 2018"},"content":{"rendered":"\n<p style=\"font-size:18px\"><strong>Ter\u00e9nne\naktivity (prieskumy, v\u00fdskumy a&nbsp;prospek\u010dn\u00e1 \u010dinnos\u0165)<\/strong><\/p>\n\n\n\n<p>Rie\u0161ite\u013esk\u00e1\norganiz\u00e1cia (SNM \u2013 Archeologick\u00e9 m\u00fazeum) pokra\u010dovala\nv&nbsp;prieskumoch v&nbsp;oblasti juhoz\u00e1padn\u00e9ho Slovenska \u2013 P. JEL\u00cdNEK robil\nprieskumy v&nbsp;povod\u00ed potokov Bohat\u00e1 a&nbsp;Parn\u00e1. I. BAZOVSK\u00dd spolu s&nbsp;R.\n\u010cAMBALOM pokra\u010dovali v&nbsp;prieskumoch lokal\u00edt z&nbsp;doby lat\u00e9nskej a r\u00edmskej\n(I. BAZOVSK\u00dd, R. \u010cAMBAL). Okrem prieskumov na d\u00e1vnej\u0161ie zn\u00e1mych lokalit\u00e1ch sa\npodarilo objavi\u0165 dve nov\u00e9 lokality \u2013 s\u00eddlisko z&nbsp;doby lat\u00e9nskej v&nbsp;L\u00e1be\na&nbsp;s\u00eddlisko z&nbsp;doby r\u00edmskej v&nbsp;Kostoli\u0161ti. V&nbsp;r\u00e1mci\nsystematick\u00e9ho prieskumu a&nbsp;v\u00fdskumu os\u00eddlenia uveden\u00fdch obdob\u00ed\nv&nbsp;Tvrdo\u0161ovciach sa v&nbsp;roku 2018 podarilo kompletne presk\u00fama\u0165 dva\narcheologick\u00e9 objekty obytn\u00e9ho charakteru, ktor\u00e9 boli vytypovan\u00e9 na z\u00e1klade\ngeofyzik\u00e1lneho prieskumu. Prv\u00fdm je polozemnica 7-kolovej kon\u0161trukcie\nz&nbsp;doby r\u00edmskej, ktorej datovanie bolo overen\u00e9 u\u017e pri v\u00fdskume\nv&nbsp;predch\u00e1dzaj\u00facom roku. Druh\u00fd objekt \u2013 zemnicu 2-kolovej kon\u0161trukcie\ndatuj\u00fa n\u00e1lezy&nbsp; do doby lat\u00e9nskej.\nZ&nbsp;v\u00fdplne oboch objektov boli odobrat\u00e9 vzorky pre paleobotaniku. D\u00f4le\u017eit\u00fdm\npodkladom pre v\u00fdskum pravek\u00fdch hrad\u00edsk v&nbsp;Mal\u00fdch Kapatoch bolo z\u00edskanie\ndetailn\u00fdch lidarov\u00fdch sn\u00edmok zo 46 lokal\u00edt (J. BART\u00cdK).<\/p>\n\n\n\n<p>Spolurie\u0161ite\u013esk\u00e1 organiz\u00e1cia (Archeologick\u00fd \u00fastav SAV) pokra\u010dovali v\u00a0z\u00edskavan\u00ed z\u00e1berov prostredn\u00edctvom LIDAR-sn\u00edmkovania, kde sa zamerali z\u00a0h\u013eadiska archeol\u00f3gie na dva zauj\u00edmav\u00e9 mezoregi\u00f3ny a\u00a0to Podskalie, Pru\u017eina a\u00a0okolie a\u00a0na Vr\u0161atec, Tuchy\u0148u, Kva\u0161ov a\u00a0okolie. Uskuto\u010dnili sa aj prieskumy pol\u00f4h v katastri Ilavy, okr. Ilava (BENEDIKOV\u00c1, L.), ako aj prieskum polohy Ve\u013ek\u00e9 skaly\/Roh\u00e1\u010d v katatri Podskalia, okr. Pova\u017esk\u00e1 Bystrica (BENEDIKOV\u00c1, L.).<\/p>\n\n\n\n<p style=\"font-size:18px\"><strong>Spracov\u00e1vanie\na&nbsp;vyhodnocovanie materi\u00e1lu<\/strong><\/p>\n\n\n\n<p>\u010eal\u0161ou\naktivitou v&nbsp;r\u00e1mci projektu je spracov\u00e1vanie a&nbsp;vyhodnocovanie\nmateri\u00e1lu zo star\u0161\u00edch v\u00fdskumov, ako aj n\u00e1lezov z\u00edskan\u00fdch v&nbsp;r\u00e1mci projektu.\n<\/p>\n\n\n\n<p>Rie\u0161ite\u013esk\u00e1\norganiz\u00e1cia (SNM \u2013 Archeologick\u00e9 m\u00fazeum) \u2013 V&nbsp;roku 2018 SNM \u2013 Archeologick\u00e9 m\u00fazeum\npokra\u010dovalo v&nbsp;zhroma\u017e\u010fovan\u00ed \u00fadajov o&nbsp;archeologick\u00fdch lokalit\u00e1ch.\nExistuj\u00faca datab\u00e1za bola ter\u00e9nnymi prieskumami doplnen\u00e1 o&nbsp;nieko\u013eko nov\u00fdch\nlokal\u00edt. <\/p>\n\n\n\n<p>N\u00e1lezy\na&nbsp;vzorky boli sk\u00faman\u00e9 pr\u00edrodovedn\u00fdmi met\u00f3dami. Bola realizovan\u00e1 anal\u00fdza C14 vzorky z&nbsp;Bukovej (Z.\nFarka\u0161). Pokra\u010dovali anal\u00fdzy kovov \u2013 r\u00f6ntgenovo-fluorescen\u010denj anal\u00fdze bol\npodroben\u00fd \u010fal\u0161\u00ed s\u00fabor predmetov z&nbsp;r\u00f4znych lokal\u00edt preva\u017ene z&nbsp;doby\nlat\u00e9nskej a&nbsp;r\u00edmskej. Okrem n\u00e1lezov zo SNM \u2013 Archeologick\u00e9ho m\u00fazea boli\nanalyzovan\u00e9 aj archeologick\u00e9 predmety z&nbsp;m\u00fazea v&nbsp;Hlohovci.\nV&nbsp;spolupr\u00e1ci so SNM-Pr\u00edrodovedn\u00fdm m\u00fazeom je roben\u00e1 anal\u00fdza zvy\u0161kov ko\u017ee\nz&nbsp;konsk\u00e9ho postroja z&nbsp;Borinky z&nbsp;doby r\u00edmskej.<\/p>\n\n\n\n<p>Spolurie\u0161ite\u013esk\u00e1\norganiz\u00e1cia (Archeologick\u00fd \u00fastav SAV) &#8211; &nbsp;pozornos\u0165 sa venovala spracovaniu a prezent\u00e1cii\nstar\u0161\u00edch v\u00fdskumov v Nitre a Bratislave (G. B\u0158EZINOV\u00c1, B. KOV\u00c1R). \u010ciasto\u010dn\u00e9\nv\u00fdsledky boli odprezentovan\u00e9 na dvoch dom\u00e1cich konferenci\u00e1ch a \u010fal\u0161\u00edch\nmedzin\u00e1rodn\u00fdch. &nbsp;B. KOV\u00c1R sk\u00famal lokalitu Bratislavsk\u00fd\nhrad. Na troch konferenci\u00e1ch prezentoval priebe\u017en\u00fd v\u00fdsledky zo spracovania\nmateri\u00e1lu a aj z&nbsp;ter\u00e9nnej aktivity. Pokra\u010doval v&nbsp;zbieran\u00ed lokal\u00edt z\nokresov P\u00fachov a&nbsp;Pova\u017esk\u00e1 Bystrica.<\/p>\n\n\n\n<p style=\"font-size:18px\"><strong>Konferencie a&nbsp;vedeck\u00e9 podujatia<\/strong><\/p>\n\n\n\n<p>V&nbsp;r\u00e1mci projektu zorganizovali rie\u0161itelia dve\nkonferencie a&nbsp;v\u00fdsledky rie\u0161enia projektu prezentovali nieko\u013ek\u00fdch \u010fal\u0161\u00edch\nkonferenci\u00e1ch a&nbsp;in\u00fdch vedeck\u00fdch podujatiach. <\/p>\n\n\n\n<p><strong>Organiz\u00e1cia konferenci\u00ed<\/strong><\/p>\n\n\n\n<ol><li><em>Konferencia\nk&nbsp;v\u00fdsledkom projektu APVV-15-0491 \u201e<\/em><em>Proces\na z\u00e1konitosti os\u00eddlenia horsk\u00fdch a podhorsk\u00fdch oblast\u00ed z\u00e1padn\u00e9ho Slovenska v\npraveku a v\u010dasnej dobe dejinnej\u201c v&nbsp;Bratislave:\nArcheologick\u00e9 m\u00fazeum SNM. Bratislava, 15. november 2018 (BAZOVSK\u00dd, I.\n\/B\u0158EZINOV\u00c1, G.). Dom\u00e1ca. Publika\u010dn\u00fd v\u00fdstup v roku 2019.<\/em><\/li><li><em>Diversity of Identities in Prehistory, Early History\nand Presence. Nitra, 29.-30.10. 2018 (KOV\u00c1R, B.). Medzin\u00e1rodn\u00e1.<\/em><\/li><\/ol>\n\n\n\n<p><strong>Predn\u00e1\u0161ky a v\u00fdvesky na dom\u00e1cich vedeck\u00fdch podujatiach<\/strong><\/p>\n\n\n\n<ol><li><em>Konferencia k\u00a0v\u00fdsledkom projektu APVV-15-0491 \u201eProces a z\u00e1konitosti os\u00eddlenia horsk\u00fdch a podhorsk\u00fdch oblast\u00ed z\u00e1padn\u00e9ho Slovenska v praveku a v\u010dasnej dobe dejinnej\u201c v\u00a0Bratislave: Archeologick\u00e9 m\u00fazeum SNM. Bratislava, 15. november 2018.<\/em><\/li><\/ol>\n\n\n\n<p>Stretnutie kompletn\u00e9ho\nrie\u0161ite\u013esk\u00e9ho t\u00edmu bolo zameran\u00e9 predov\u0161etk\u00fdm na vz\u00e1jomn\u00e9 informovanie\no&nbsp;tom, na \u010dom jednotliv\u00ed \u010dlenovia pracuj\u00fa. V&nbsp;priate\u013eskej atmosf\u00e9re\ns&nbsp;bohatou diskusiou boli prezentovan\u00e9 jednotliv\u00e9 refer\u00e1ty. V&nbsp;roku\n2019 by mali by\u0165 s\u00fa\u010das\u0165ou kompletnej monografie, ktor\u00e1 vyjde ako Suplementum\nSNM.<\/p>\n\n\n\n<p><em>Zoznam predn\u00e1\u0161ok:<\/em><\/p>\n\n\n\n<p>BAZOVSK\u00dd, I.:&nbsp; Horsk\u00e9\na&nbsp;podhorsk\u00e9 oblasti z\u00e1padn\u00e9ho Slovenska a&nbsp;ich vz\u0165ah k&nbsp;os\u00eddleniu\nod praveku po obdobie v\u010dasn\u00e9ho stredoveku. <\/p>\n\n\n\n<p>BART\u00cdK, J.\/FARKA\u0160, Z.\/JEL\u00cdNEK, P.: Hromadn\u00e9 n\u00e1lezy z\u00a0doby bronzovej v\u00a0Mal\u00fdch Karpatoch<\/p>\n\n\n\n<p>JEL\u00cdNEK, P.\/LIESKOVSK\u00dd, M.\/MAR\u010cI\u0160, P.\/BIST\u00c1K P.\/SL\u00c1DOK, M.:\u00a0 Elektr\u00f3nov\u00fd dr\u00f4t z\u00a0polohy V\u00e1penice.<\/p>\n\n\n\n<p>\u010eURI\u0160, J.: &nbsp;Architektonick\u00e1 rekon\u0161trukcia stavieb na z\u00e1klade anal\u00fdzy\nmazanice (Radzovce v&nbsp;obdob\u00ed popolnicov\u00fdch pol\u00ed)<\/p>\n\n\n\n<p>BENEDIKOV\u00c1, L.:&nbsp; Archeologick\u00e1 topografia okresu Pova\u017esk\u00e1\nBystrica: Pramene z neskorej doby bronzovej a\u017e strednej doby lat\u00e9nskej so\nzrete\u013eom na n\u00e1lezy depotov.<\/p>\n\n\n\n<p>B\u0158EZINOV\u00c1, G.:&nbsp; S\u00eddliskov\u00e1 aglomer\u00e1cia z&nbsp;doby lat\u00e9nskej\nv&nbsp;Nitre. Z\u00e1zemie podhorsk\u00fdch oblast\u00ed.<\/p>\n\n\n\n<p>\u010cAMBAL, R.\/KOV\u00c1R.\nB.:&nbsp; Zna\u010dky na n\u00e1dob\u00e1ch z&nbsp;doby\nlat\u00e9nskej na pr\u00edklade Bratislavy-Vydrice<\/p>\n\n\n\n<p>\u010cAMBAL, R.:&nbsp; Hromadn\u00e9\nn\u00e1lezy&nbsp;zo strednej a neskorej doby lat\u00e9nskej z Mal\u00fdch Karp\u00e1t a ich\npredpolia.<\/p>\n\n\n\n<p>BAZOVSK\u00dd, I.:&nbsp; Hromadn\u00e9 n\u00e1lezy\nz&nbsp;doby r\u00edmskej na juhoz\u00e1padnom Slovensku<\/p>\n\n\n\n<p>BIELICHOV\u00c1, Z. Stav a perspekt\u00edvy archeozoologick\u00e9ho v\u00fdskumu: doba r\u00edmska,\nSlovensko<\/p>\n\n\n\n<p>TUR\u010cAN, V.: V\u010dasnostredovek\u00e9 depoty vo vz\u0165ahu k&nbsp;pr\u00edrodn\u00e9mu\nprostrediu.<\/p>\n\n\n\n<p>BLA\u017dOV\u00c1, E:. Geoinforma\u010dn\u00fd syst\u00e9m A\u00da SAV v Nitre &#8211; zdroj inform\u00e1cii o realizovan\u00fdch archeologick\u00fdch aktivit\u00e1ch na \u00fazem\u00ed Slovenska.<\/p>\n\n\n\n<p>2. <em>V\u00fdsledky nov\u00fdch archeologick\u00fdch v\u00fdskumov na strednom Slovensku 3. Oravsk\u00fd Podz\u00e1mok 6. 12. 2018.<\/em><\/p>\n\n\n\n<p>BENEDIKOV\u00c1, L. Pozoruhodn\u00e9 polykult\u00farne n\u00e1lezisko\u00a0Ve\u013ek\u00e9 skaly\/Roh\u00e1\u010d v Podskal\u00ed, okr. Pova\u017esk\u00e1 Bystrica. Prezent\u00e1cia. Konferencia (dom\u00e1ca) <\/p>\n\n\n\n<p><strong>Predn\u00e1\u0161ky a v\u00fdvesky na\nmedzin\u00e1rodn\u00fdch vedeck\u00fdch podujatiach<\/strong><\/p>\n\n\n\n<ol><li><em>Internationales Symposium &#8220;Grundprobleme der fr\u00fchgeschichtlichen Entwicklung im mittleren Donauraum&#8221; Brno, 14.-16.11.2018.<\/em><\/li><\/ol>\n\n\n\n<p>30. ro\u010dn\u00edk\nkonferencie zorganizovali A\u00da AV \u010cR (AR\u00daB) a Leibniz-Institut f\u00fcr Geschichte und\nKultur des \u00f6stlichen Europa (GWZO) s t\u00e9mou \u201eProduzieren \u2013 Verzehren \u2013\nRepr\u00e4sentieren (Speisen und Getr\u00e4nke r\u00f6mischfr\u00fchmittelalterlichen Eliten im\nSpiegel arch\u00e4ologischer und arch\u00e4obiologischer QuellenPozvanie prijali\nb\u00e1datelia z Nemecka, \u010ceskej republiky, Rak\u00faska, Slovenska a Po\u013eska.<\/p>\n\n\n\n<p>RAJT\u00c1R, J.\/BIELICHOV\u00c1, Z.\/HAJNALOV\u00c1, M.\/KR\u010cOV\u00c1, D. Die Ern\u00e4hrung der Besatzung des r\u00f6mischen Holz-Erde-Lagers in I\u017ea. In Produzieren &#8211; Verzehren &#8211; Repr\u00e4sentieren : 30. Internationales Symposium &#8220;Grundprobleme der fr\u00fchgeschichtlichen Entwicklung im mittleren Donauraum&#8221; Brno, 14.-16.11.2018. Orsolya Heinrich-Tam\u00e1ska, Lum\u00edr Pol\u00e1\u010dek (Hrsg.). &#8211; Brno ; Leibnitz : Archeologick\u00fd \u00fastav AV \u010cR, v.v.i. : Institut f\u00fcr Geschichte und Kultur des \u00f6stlichen Europa, 2018. Brno, 16. november 2018.<\/p>\n\n\n\n<p><em>2. 30 rokov v\u00fdskumu Nitrianskeho hradu\u00a0 Nitra : Archeologick\u00fd \u00fastav SAV, 2018. 6.-7.9.2019<\/em><\/p>\n\n\n\n<p>B\u0158EZINOV\u00c1, G.: Nitriansky\nhradn\u00fd kopec a jeho z\u00e1zemie pred zmenou letopo\u010dtu. In 30 rokov v\u00fdskumu\nNitrianskeho hradu&nbsp; Nitra : Archeologick\u00fd\n\u00fastav SAV, 2018. <\/p>\n\n\n\n<p>Medzin\u00e1rodn\u00e1 konferencia zameran\u00e1 predov\u0161etk\u00fdm na v\u00fdskum Nitrianskeho hradu a\u00a0konfront\u00e1ciu poznatkov s\u00a0okolit\u00fdmi krajinami. Z\u00fa\u010dastnili sa jej b\u00e1datelia z\u00a0\u010ciech, Ma\u010farska, Po\u013eska. Usporiadan\u00e1 bola pri pr\u00edle\u017eitosti uplynutia tridsiatich rokov od zapo\u010datia s\u00e9rie rozsiahlych z\u00e1chrann\u00fdch v\u00fdskumov Nitrianskeho hradu v roku 1988 v s\u00favislosti s jeho obnovou, ktor\u00e9 prer\u00e1stli a\u017e do systematick\u00e9ho v\u00fdskumu a s v\u00e4\u010d\u0161\u00edmi \u010di men\u0161\u00edmi prest\u00e1vkami sa v \u0148om pokra\u010duje a\u017e do s\u00fa\u010dasnosti. Konferenciu organizoval Archeologick\u00fd \u00fastav SAV, Mesto Nitra, R\u00edmskokatol\u00edcka cirkev Biskupstvo Nitra a neziskov\u00e1 organiz\u00e1cia Castellum, n. o.<\/p>\n\n\n\n<p><em>3. Keltov\u00e9 : 19. mezin\u00e1rodn\u00ed konference Doba lat\u00e9nsk\u00e1 ve st\u0159edn\u00ed Evrop\u011b (Praha 9.5. 2018). AFEAF 2018. Praha, 9.-13.5.2018<\/em><\/p>\n\n\n\n<p>9. m\u00e1ja 2018\nsa na p\u00f4de Filozofickej fakulty University Karlovy v Prahe uskuto\u010dnilo tradi\u010dn\u00e9\nstretnutie \u0161pecialistov na dobu lat\u00e9nsku. Zvl\u00e1\u0161tnos\u0165ou tohtoro\u010dnej konferencie\nbolo jej prepojenie s 42. medzin\u00e1rodnou konferenciou AFEAF 2018, ktor\u00e1 sa\nkonala na tom istom mieste v nasleduj\u00facich d\u0148och <em>Jednota\na rozmanitos\u0165 keltsk\u00e9ho sveta. <\/em>Za Franc\u00fazov zastupoval vedeck\u00fd v\u00fdbor Gilles Pierrevelcin a\nza \u010desk\u00fa stranu J\u00e1n Kysela.. Vzh\u013eadom na hojn\u00fa \u00fa\u010das\u0165 zahrani\u010dn\u00fdch b\u00e1date\u013eov\nboli refer\u00e1ty prednesen\u00e9 na konferencii v\u00fdnimo\u010dne len vo svetov\u00fdch jazykoch.<\/p>\n\n\n\n<p>B\u0158EZINOV\u00c1. G. : The late La T\u00e8ne\nsettlement features in Bernol\u00e1kovo, distr. Senec, Slovakia. In Keltov\u00e9 : 19. mezin\u00e1rodn\u00ed konference Doba\nlat\u00e9nsk\u00e1 ve st\u0159edn\u00ed Evrop\u011b (Praha 9.5. 2018).<\/p>\n\n\n\n<p>\u010cAMBAL \u2013 KOV\u00c1R, B.: Foreign\u00a0pottery in the late La Tene environment of the Bratislava oppidum as exemplified by the finds at the site of Vydrica. Konferencia: Keltov\u00e9 2018\/AFEAF 2018. Praha, 9.-13.5.2018<\/p>\n\n\n\n<p><em>4. Diversity of Identities in Prehistory, Early History and Presence. Nitra, 29.-30.10. 2018.<\/em><\/p>\n\n\n\n<p>KOV\u00c1R, B. spoluorganiz\u00e1tor.<\/p>\n\n\n\n<p><em>5. 13. ro\u010dn\u00edk ICAZ sa konal v d\u0148och 2. a\u017e 7. septembra 2018 v Turecku<\/em> <\/p>\n\n\n\n<p>Pod z\u00e1\u0161titou Stredov\u00fdchodnej technickej univerzity (METU), ICAZ a Britsk\u00e9ho archeologick\u00e9ho in\u0161tit\u00fatu (BIAA) v Ankare (http:\/\/www.icaz2018ankara.com).The International Council for Archaeozoology (ICAZ) je medzin\u00e1rodn\u00e1 vedeck\u00e1 spolo\u010dnos\u0165, ktor\u00e1 u\u017e od roku 1976 zastre\u0161uje v\u00fdskumy pozostatkov zvierat z archeologick\u00fdch vykop\u00e1vok (<a href=\"https:\/\/www.alexandriaarchive.org\/\">https:\/\/www.alexandriaarchive.org\/<\/a> icaz\/).<\/p>\n\n\n\n<p>BIELICHOV\u00c1, Z. Poster.<\/p>\n\n\n\n<p><em>6. XIV. Protohistorick\u00e1 konference Archeologie barbar\u016f 2018. \u201eZbran\u011b a\u00a0jejich nositel\u00e9\u201c:<\/em> 3. \u2013 5.10.2018 Brno (\u010cR)<\/p>\n\n\n\n<p>predn\u00e1\u0161ka: Igor Bazovsk\u00fd \u2013 Marek Budaj \u2013 Radoslav \u010cambal \u2013 Zsolt Mr\u00e1v \u2013 Istv\u00e1n Vida: N\u00e1lezy r\u00edmsk\u00fdch vojensk\u00fdch diplomov v naddunajskom barbariku. R: \u010cambal: Zbrane a\u00a0v\u00fdstroj z\u00a0Plaveck\u00e9ho podhradia \u2013 Pohanskej (JZ Slovensko).<\/p>\n\n\n\n<p>7. <em>V\u00fdnimo\u010dn\u00e9 solit\u00e9rne n\u00e1lezy (18.4.2018) v SNM \u2013 Archeologickom m\u00fazeu<\/em><\/p>\n\n\n\n<p>\u2013 kolokvium v\u00a0SNM \u2013 Archeologickom m\u00fazeu v Bratislave<em>Igor Bazovsk\u00fd<\/em>: Antropomorfn\u00e1 plastika z\u00a0doby r\u00edmskej z\u00a0Tvrdo\u0161oviec (okr. Nov\u00e9 Z\u00e1mky)<\/p>\n\n\n\n<p><em>8. Nov\u00e9 germ\u00e1nske n\u00e1lezy (13.12.2018) \u2013 kolokvium v\u00a0SNM \u2013 Archeologickom m\u00fazeu v\u00a0Bratislave. <\/em><\/p>\n\n\n\n<p>Igor Bazovsk\u00fd \u2013 Radoslav \u010cambal \u2013 Katar\u00edna Hlad\u00edkov\u00e1 \u2013 J\u00e1n Rajt\u00e1r: Nov\u00e9 funer\u00e1lne n\u00e1lezy zo\u00a0Z\u00e1vodu.<em> R. \u010cambal<\/em>: \u017delezn\u00fd me\u010d a\u00a0bimetalick\u00e1 d\u00fdka typu Gam\u00f3w Thr\u00e1ko-kimersk\u00e9ho horizontu z\u00a0Doln\u00fdch Vesten\u00edc (okr. Prievidza). K v\u00fdskytu zbran\u00ed Thr\u00e1ko-kimersk\u00e9ho horizontu na Slovensku<\/p>\n\n\n\n<p><em>9. Popolnicov\u00e9 polia a\u00a0doba hal\u0161tatsk\u00e1 v\u00a0\u010cech\u00e1ch a\u00a0na Slovensku, <\/em>Konferencia v Smoleniciach: J. Bart\u00edk\/P.Jel\u00ednek: Hromadn\u00fd n\u00e1lez zo Sv\u00e4t\u00e9ho Jura (15.-17.10.s\u00a0P. Jel\u00ednkom). <\/p>\n\n\n\n<p><\/p>\n\n\n\n<p style=\"font-size:18px\"><strong>Rozbor v\u00fdsledkov rie\u0161enia vzh\u013eadom na stanoven\u00e9 ciele<\/strong><\/p>\n\n\n\n<p>V roku 2018 sa podarilo uskuto\u010dni\u0165\nv\u00e4\u010d\u0161inu pl\u00e1novan\u00fdch cie\u013eov. Prostredn\u00edctvom ter\u00e9nnej \u010dinnosti boli dop\u013a\u0148an\u00e9 datab\u00e1ty\nlokal\u00edt a&nbsp;dop\u013a\u0148an\u00e9 inform\u00e1cie o&nbsp;u\u017e zn\u00e1mych lokalit\u00e1ch.<\/p>\n\n\n\n<p>D\u00f4le\u017eit\u00fdm bolo najm\u00e4 zorganizovanie\nkonferencie k&nbsp;projektu (december), na ktorej boli prezentovan\u00e9 doteraj\u0161ie\nv\u00fdsledky projektu. V\u00fdsledky \u00faloh rie\u0161en\u00fdch v&nbsp;r\u00e1mci projektu boli\nprezentovan\u00e9 na medzin\u00e1rodn\u00fdch, i&nbsp;dom\u00e1cich konferenci\u00e1ch. V&nbsp;r\u00e1mci\nprojektu vy\u0161iel, resp. bol odovzdan\u00fd \u010dlenmi rie\u0161ite\u013esk\u00e9ho kolekt\u00edvu v\u00e4\u010d\u0161\u00ed po\u010det\n\u010dl\u00e1nkov. V\u00fdstupy z&nbsp;projektu boli \u0161\u00edren\u00e9 aj medzi \u0161ir\u0161ou verejnos\u0165ou\nprostredn\u00edctvom predn\u00e1\u0161ok, populariza\u010dn\u00fdch \u010dl\u00e1nkov a&nbsp;inform\u00e1ci\u00ed na webovej\nstr\u00e1nke. Bola realizovan\u00e1 v\u00e4\u010d\u0161ina pl\u00e1novan\u00fdch pr\u00edrodovedn\u00fdch anal\u00fdz, okrem\npaleobotanickej anal\u00fdze vzoriek z&nbsp;v\u00fdskumu v&nbsp;Tvrdo\u0161ovciach. Ter\u00e9nnou\n\u010dinnos\u0165ou bola tie\u017e roz\u0161\u00edren\u00e1 datab\u00e1za archeologick\u00fdch lokal\u00edt\nv&nbsp;sledovan\u00fdch oblastiach, tie\u017e boli doplnen\u00e9 poznatky o&nbsp;u\u017e zn\u00e1mych\nlokalit\u00e1ch. <\/p>\n\n\n\n<p>J. BART\u00cdK spracoval formou \u0161t\u00fadie\nodovzdanej do tla\u010de pohrebisko zo \u0160oporne a&nbsp;v&nbsp;spolupr\u00e1ci s&nbsp;R. \u010cambalom\n\u0161t\u00fadiu o&nbsp;n\u00e1leze razidiel z&nbsp;hradiska Pohansk\u00e1 pri Plaveckom Podhrad\u00ed. &nbsp;Pripravuje \u0161t\u00fadie o &nbsp;tzv. Litzenkeramik a&nbsp;o n\u00e1leze depotu zo\nSv\u00e4teho Jura (spolu s&nbsp;P. Jel\u00ednkom) P. JEL\u00cdNEK m\u00e1 v&nbsp;spolupr\u00e1ci\ns&nbsp;in\u00fdmi autormi rozpracovan\u00fa \u0161t\u00fadiu o&nbsp;n\u00e1leze elektronov\u00e9ho dr\u00f4tu z&nbsp;V\u00e1penice\nz Mal\u00fdch Karp\u00e1t. V&nbsp;spolupr\u00e1ci s&nbsp;B. Danielovou pl\u00e1nuje \u0161t\u00fadiu \u201eN\u00e1ramky\nz&nbsp;neskorej doby bronzovej z&nbsp;Nitry-Zobora. I.&nbsp; BAZOVSK\u00dd spracov\u00e1val\nnov\u00e9 n\u00e1lezy z\u00edskan\u00e9 v&nbsp;r\u00e1mci projektu \u2013 polymetalick\u00fa antropofmorfn\u00fa\nplastiku z&nbsp;Tvrdo\u0161oviec prezentoval na kolokviu v&nbsp;SNM-AM a spracoval\nformou \u0161t\u00fadie do Zborn\u00edka \u2013 SNM \u2013 Archeol\u00f3gia (v tla\u010di). Nov\u00e9 n\u00e1lezy r\u00edmskych\nvojensk\u00fdch diplomov z&nbsp;JZ Slovenska zatia\u013e spracoval len \u010diasto\u010dne formou\nkapitoly v&nbsp;populariza\u010dnej monografie z&nbsp;v\u00fdskumu (v tla\u010di). Pokra\u010duje\nv&nbsp;spracovan\u00ed honosnej uzdy z&nbsp;doby r\u00edmskej z&nbsp;Borinky \u2013\nv&nbsp;r\u00e1mci neho bol v&nbsp;tomto roku dokumentovan\u00fd podobn\u00fd n\u00e1lez\nz&nbsp;Dvorn\u00edkov zapo\u017ei\u010dan\u00fd z&nbsp;m\u00fazea v&nbsp;Hlohovci, v&nbsp;spolupr\u00e1ci so\nSNM \u2013 Pr\u00edrodovedn\u00fdm m\u00fazeom prebiehaj\u00fa anal\u00fdzy ko\u017ee. &nbsp;R. \u010cAMBAL spracoval n\u00e1lez v\u010dasnolat\u00e9nskej\nspony z&nbsp;Horn\u00fdch Ore\u0161ian \u2013 Slep\u00e9ho vrchu (zborn\u00edk&nbsp; prof. O. Urbanovi, v tla\u010di) a\nv&nbsp;spolupr\u00e1ci s&nbsp;P C. Ramslom hrobov\u00fd n\u00e1lez z&nbsp;Ple\u0161ivca (zborn\u00edk\nprof. Bujnovi, v&nbsp;tla\u010di) a&nbsp;v&nbsp;spolupr\u00e1ci s&nbsp;A. Helmuth.&nbsp; Hal\u0161tatsk\u00e9 zna\u010dkovan\u00e9 hroty z&nbsp;vrchu\nMolp\u00edr pri Smoleniciach (zborn\u00edk venovan\u00fd E. Miro\u0161ayovej). Spolu&nbsp; s&nbsp;s&nbsp;B. Kov\u00e1rom pokra\u010duje\nv&nbsp;spracovan\u00ed lat\u00e9nskych n\u00e1lezov z&nbsp;Bratislavy-Vydrice. P V. Tur\u010dan\npokra\u010duje v&nbsp;spracovan\u00ed n\u00e1lezov zo slovansk\u00e9ho obdobia \u2013 do kolekt\u00edvnej\nmonografie spracov\u00e1va problematiku slovansk\u00fdch depotov.<\/p>\n\n\n\n<p style=\"font-size:18px\"><strong>Upresnenie harmonogramu pr\u00e1c a\u00a0cie\u013eov na nasleduj\u00faci rok<\/strong><\/p>\n\n\n\n<p>V roku 2019 bude\npokra\u010dova\u0165 doplnenie existuj\u00facich datab\u00e1z lokal\u00edt a ich overovanie v ter\u00e9ne\nprieskumom a v\u00fdskumom. Pri ter\u00e9nnom prieskume a&nbsp;spracovan\u00ed lokal\u00edt bud\u00fa\nvyu\u017e\u00edvan\u00e9 LIDAR-sn\u00edmky z\u00edskan\u00e9 v&nbsp;roku 2018.<\/p>\n\n\n\n<p>Rie\u0161ite\u013esk\u00e1 organiz\u00e1cia\nSNM \u2013 Archeologick\u00e9 m\u00fazeum pl\u00e1nuje v&nbsp;roku 2019 pokra\u010dova\u0165 v&nbsp;systematick\u00fdch prieskumoch na Z\u00e1hor\u00ed\na&nbsp;JV predpol\u00ed Mal\u00fdch Karp\u00e1t, ako aj v&nbsp;archeologickom v\u00fdskume na\nvedeck\u00e9 a&nbsp;dokumenta\u010dn\u00e9 \u00fa\u010dely v&nbsp;Tvrdo\u0161ovciach (I. BAZOVSKY, R.\n\u010cAMBAL). P. JEL\u00cdNEK bude pokra\u010dova\u0165 v prieskumoch v&nbsp;povod\u00ed potokov Parn\u00e1\na&nbsp;Bohat\u00e1.&nbsp; Z. FARKA\u0160 bude na z\u00e1klade\nz\u00edskan\u00fdch LIDAR sn\u00edmok v&nbsp;ter\u00e9ne overevova\u0165 priebeh opevnen\u00ed v&nbsp;Mal\u00fdch\nKarpatoch s&nbsp;vyu\u017eit\u00edm georadaru.<\/p>\n\n\n\n<p>&nbsp;Bud\u00fa tie\u017e pokra\u010dova\u0165 anal\u00fdzy\nkovov&nbsp;a&nbsp;anal\u00fdzy C<sup>14<\/sup> a&nbsp;pri mapovan\u00ed vybran\u00fdch lokal\u00edt\nbude vyu\u017eit\u00e9 snimkovanie technol\u00f3giou LIDAR. Pl\u00e1nuje sa anal\u00fdza\npaleobotanick\u00fdch zvy\u0161kov z&nbsp;Tvrdo\u0161oviec. J. BART\u00cdK&nbsp; pokra\u010duje v&nbsp;spracovan\u00ed n\u00e1lezov tzv.\nLitzenkeramik a v&nbsp;spracovan\u00ed hromadn\u00e9ho n\u00e1lezu bronzov zo Sv\u00e4t\u00e9ho Jura\n(spolu s&nbsp;P. Jelinkom) a&nbsp;pl\u00e1nuje \u0161t\u00fadiu o&nbsp;hradisku Star\u00fd Pl\u00e1\u0161\u0165\nv&nbsp;Mal\u00fdch Karpatoch. P.\nJEL\u00cdNEK m\u00e1 v&nbsp;spolupr\u00e1ci s&nbsp;in\u00fdmi autormi rozpracovan\u00fa \u0161t\u00fadiu\no&nbsp;n\u00e1leze elektronov\u00e9ho dr\u00f4tu z&nbsp;V\u00e1penice z Mal\u00fdch Karp\u00e1t. V&nbsp;spolupr\u00e1ci\ns&nbsp;B. Danielovou pl\u00e1nuje \u0161t\u00fadiu \u201eN\u00e1ramky z&nbsp;neskorej doby bronzovej\nz&nbsp;Nitry-Zobora. I.&nbsp; BAZOVSK\u00dd pl\u00e1nuje zostavi\u0165 kolekt\u00edvnu\nmonografiu z&nbsp;konferencie k&nbsp;projektu s&nbsp;pr\u00edspevkami rie\u0161ite\u013eov zo\nSNM \u2013 AM a&nbsp;A\u00da SAV &nbsp;a&nbsp;bude aj\njedn\u00fdm z&nbsp;autorov \u0161t\u00fadi\u00ed. &nbsp;V&nbsp;r\u00e1mci\nnov\u00fdch n\u00e1lezov z\u00edskan\u00fdch v&nbsp;r\u00e1mci projektu dokon\u010d\u00ed&nbsp; spracovanie s\u00fa\u010dast\u00ed konskeho postroja\nz&nbsp;doby r\u00edmskej z&nbsp;Borinky a&nbsp;spracuje (spolu so spoluautormi)&nbsp; n\u00e1lezy r\u00edmskych diplomov formou \u0161t\u00fadie&nbsp; formou \u0161t\u00fadie do zborn\u00edka z&nbsp;konferencie\n\u201eArcheologie barbar\u016f 2018. R. \u010cAMBAL pl\u00e1nuje&nbsp;spolupr\u00e1ci s&nbsp;B. KOV\u00c1ROM\npl\u00e1nuje dokon\u010di\u0165 spracovanie n\u00e1lezov z&nbsp;Bratislavy-Vydrice, Spolu\ns&nbsp;numizmatikom M. Budajom pripravuje monografiu Kelti na Z\u00e1hor\u00ed. Pl\u00e1nuje\nodovzda\u0165 do tla\u010de odovzdanie \u010dl\u00e1nku Milit\u00e1ria z&nbsp;doby lat\u00e9nskej z&nbsp;Plaveck\u00e9ho\nPodhradia, ktor\u00fd vyjde v \u010cR v&nbsp;zborn\u00edku z&nbsp;konferencie Archeologie\nbarbar\u016f 2019. V. TUR\u010cAN &nbsp;pripravuje do\ntla\u010de \u0161t\u00fadie \u201eV\u010dasnostredovek\u00e9 jazykovit\u00e9 kovanie z&nbsp;Pohanskej (okr.\nMalacky)! a \u201eKr\u00fa\u017ekov\u00e9 brnenie zo Stupavy\u201c. V&nbsp;spolupr\u00e1ci so Z. FARKA\u0160OM\n\u201eV\u010dasnostredovek\u00e9 n\u00e1lezy z&nbsp;malokarpatsk\u00fdch opevnen\u00fdch pol\u00f4h Dra\u010d\u00ed hr\u00e1dok\na&nbsp;Okoponec a&nbsp;hromadn\u00fd n\u00e1lez kovan\u00ed opaska z&nbsp;Modry. Z. FARKA\u0160\nspracuje n\u00e1lezy star\u0161ej line\u00e1rnej keramiky z&nbsp;JZ Slovenska.<\/p>\n\n\n\n<p>Spolurie\u0161ite\u013esk\u00e1\norganiz\u00e1cia (Archeologick\u00fd \u00fastav SAV) <\/p>\n\n\n\n<p>Postupne sa aktualizuje <a href=\"http:\/\/ http:\/\/archeol.sav.sk\/index.php\/sk\/kontakt\/vyskum\/projekty-apvv\/proces-a-zakonitosti-osidlenia-horskych-a-podhorskych-oblasti-zapadneho-slovenska\/. \">web str\u00e1nka projektu<\/a>, kde s\u00fa v\u0161etky inform\u00e1cie t\u00fdkaj\u00face sa aktiv\u00edt jej rie\u0161ite\u013eov, ako aj publika\u010dn\u00fdch v\u00fdstupov za jednotliv\u00e9 roky rie\u0161enia<\/p>\n\n\n\n<p>B\u0158EZINOV\u00c1, G.\/BENEDIKOV\u00c1,\nL. V&nbsp;m\u00e1ji roku 2019 sa uskuto\u010dn\u00ed v\u00fdznamn\u00e9 medzin\u00e1rodne podujatie\no&nbsp;dobe \u017eeleznej, ktor\u00e9 organiza\u010dne zabezpe\u010duje slovensk\u00e1 strana\nv&nbsp;Starej Lesnej. So svojimi pr\u00edspevkami s\u00favisiacimi s&nbsp;t\u00e9mou rie\u0161en\u00e9ho\nprojektu z\u00fa\u010dastnia viacer\u00ed \u010dlenovia rie\u0161ite\u013esk\u00e9ho kolekt\u00edvu (G. B\u0158EZINOV\u00c1, B.\nKOV\u00c1R, L. BENEDIKOV\u00c1, R. \u010cAMBAL, I. BAZOVSK\u00dd, Z. BIELICHOV\u00c1). <\/p>\n\n\n\n<p>BENEDIKOV\u00c1. L.\nPrieskumy v katastroch \u010eur\u010fov\u00e9ho (lokalita Richt\u00e1rska) a Pova\u017eskej Bystrice (lokalita\nMal\u00fd Man\u00edn)<\/p>\n","protected":false},"excerpt":{"rendered":"<p>Ter\u00e9nne aktivity (prieskumy, v\u00fdskumy a&nbsp;prospek\u010dn\u00e1 \u010dinnos\u0165) Rie\u0161ite\u013esk\u00e1 organiz\u00e1cia (SNM \u2013 Archeologick\u00e9 m\u00fazeum) pokra\u010dovala v&nbsp;prieskumoch v&nbsp;oblasti juhoz\u00e1padn\u00e9ho Slovenska \u2013 P. JEL\u00cdNEK robil prieskumy v&nbsp;povod\u00ed potokov Bohat\u00e1 a&nbsp;Parn\u00e1. I. BAZOVSK\u00dd spolu s&nbsp;R. \u010cAMBALOM pokra\u010dovali v&nbsp;prieskumoch lokal\u00edt z&nbsp;doby lat\u00e9nskej a r\u00edmskej (I. BAZOVSK\u00dd, R. \u010cAMBAL). Okrem prieskumov na d\u00e1vnej\u0161ie zn\u00e1mych lokalit\u00e1ch sa podarilo objavi\u0165 dve nov\u00e9 lokality \u2013 &#8230; <a class=\"read-more\" href=\"https:\/\/archeol.sav.sk\/index.php\/sk\/projektove-aktivity-2018\/\">Read more<\/a><\/p>\n","protected":false},"author":2,"featured_media":0,"parent":0,"menu_order":0,"comment_status":"closed","ping_status":"closed","template":"","meta":[],"_links":{"self":[{"href":"https:\/\/archeol.sav.sk\/index.php\/wp-json\/wp\/v2\/pages\/4302"}],"collection":[{"href":"https:\/\/archeol.sav.sk\/index.php\/wp-json\/wp\/v2\/pages"}],"about":[{"href":"https:\/\/archeol.sav.sk\/index.php\/wp-json\/wp\/v2\/types\/page"}],"author":[{"embeddable":true,"href":"https:\/\/archeol.sav.sk\/index.php\/wp-json\/wp\/v2\/users\/2"}],"replies":[{"embeddable":true,"href":"https:\/\/archeol.sav.sk\/index.php\/wp-json\/wp\/v2\/comments?post=4302"}],"version-history":[{"count":1,"href":"https:\/\/archeol.sav.sk\/index.php\/wp-json\/wp\/v2\/pages\/4302\/revisions"}],"predecessor-version":[{"id":4303,"href":"https:\/\/archeol.sav.sk\/index.php\/wp-json\/wp\/v2\/pages\/4302\/revisions\/4303"}],"wp:attachment":[{"href":"https:\/\/archeol.sav.sk\/index.php\/wp-json\/wp\/v2\/media?parent=4302"}],"curies":[{"name":"wp","href":"https:\/\/api.w.org\/{rel}","templated":true}]}}