{"id":4255,"date":"2019-01-12T20:17:29","date_gmt":"2019-01-12T18:17:29","guid":{"rendered":"http:\/\/archeol.sav.sk\/?page_id=4255"},"modified":"2019-01-12T20:21:11","modified_gmt":"2019-01-12T18:21:11","slug":"cinnost-v-roku-2018","status":"publish","type":"page","link":"https:\/\/archeol.sav.sk\/index.php\/sk\/cinnost-v-roku-2018\/","title":{"rendered":"\u010cinnos\u0165 v roku 2018"},"content":{"rendered":"<ol>\n<li>\n<figure id=\"attachment_4212\" aria-describedby=\"caption-attachment-4212\" style=\"width: 126px\" class=\"wp-caption alignright\"><a href=\"http:\/\/archeol.sav.sk\/files\/Mince.jpg\"><img decoding=\"async\" loading=\"lazy\" class=\"wp-image-4212\" src=\"http:\/\/archeol.sav.sk\/files\/Mince-203x300.jpg\" alt=\"mince\" width=\"136\" height=\"200\" srcset=\"https:\/\/archeol.sav.sk\/files\/Mince-203x300.jpg 203w, https:\/\/archeol.sav.sk\/files\/Mince-768x1132.jpg 768w, https:\/\/archeol.sav.sk\/files\/Mince-695x1024.jpg 695w\" sizes=\"(max-width: 136px) 100vw, 136px\" \/><\/a><figcaption id=\"caption-attachment-4212\" class=\"wp-caption-text\">Obr. 1. Monografia.<\/figcaption><\/figure>\n<p><strong>Heuristick\u00e1 \u010dinnos\u0165.<\/strong> Z aktiv\u00edt tohto druhu je d\u00f4le\u017eit\u00e1 prepracovan\u00e1 \u0161trukt\u00fara z\u00e1vere\u010dn\u00e9ho v\u00fdstupu maj\u00faceho podobu monografie. V\u00a0r\u00e1mci nej boli ur\u010den\u00ed zostavovatelia a\u00a0autori pr\u00edslu\u0161n\u00fdch kapitol i\u00a0stat\u00ed. V\u00a0s\u00falade s\u00a0t\u00fdm rie\u0161itelia pokra\u010dovali v excerpovan\u00ed \u00fadajov z\u00a0publikovanej literat\u00fary, arch\u00edvnych prame\u0148ov, centr\u00e1lnej datab\u00e1zy ISAU. Vyhotovili sa mapov\u00e9 poklady, do ktor\u00fdch bud\u00fa umiest\u0148ovan\u00e9 pr\u00edslu\u0161n\u00e9 typy archeologick\u00fdch lokal\u00edt.<\/li>\n<li><strong> Publika\u010dn\u00e1 \u010dinnos\u0165.<\/strong> Najv\u00fdznamnej\u0161\u00ed v\u00fdstup reprezentuje monografia: N\u00e1lezy minc\u00ed na Slovensku V\/1. Bratislava \u2013 Nitra 2018. ISBN 978-80-8196-026-0. (obr. 1). Zverejnili sa \u0161tyri krat\u0161ie \u0161t\u00fadie, jedna monografick\u00e1 \u0161t\u00fadia sa redak\u010dne pripravuje do intern\u00e9ho periodika. Do tla\u010de sa odovzdalo desa\u0165 pr\u00edspevkov a \u0161t\u00fadi\u00ed r\u00f4zneho rozsahu.<\/li>\n<li><strong> Vedeck\u00e9 podujatia.<\/strong> Traja rie\u0161itelia sa z\u00fa\u010dastnili na \u0161tyroch zahrani\u010dn\u00fdch a\u00a0dom\u00e1cich vedeck\u00fdch podujatiach. Najv\u00fdznamnej\u0161ia z\u00a0nich je Konferencia: 30 rokov v\u00fdskumu Nitrianskeho hradu. Nitra, 6.-7. 9. 2018 (obr. 2). Na podujat\u00ed vyst\u00fapili \u0161tyria rie\u0161itelia Projektu APVV, ktor\u00ed konferenciu takisto zorganizovali. Sedem \u010fal\u0161\u00edch refer\u00e1tov zvidite\u013enilo v\u00fdznam stredovekej Nitry v\u00a0eur\u00f3pskom kontexte (obr. 3). Pr\u00edspevky z\u00a0konferencie sa v\u00a0s\u00fa\u010dasnosti redak\u010dne upravuj\u00fa do jednotn\u00e9ho monografick\u00e9ho v\u00fdstupu.<\/li>\n<\/ol>\n<figure id=\"attachment_4260\" aria-describedby=\"caption-attachment-4260\" style=\"width: 220px\" class=\"wp-caption alignleft\"><a href=\"http:\/\/archeol.sav.sk\/files\/obr_2.jpg\"><img decoding=\"async\" loading=\"lazy\" class=\"wp-image-4260\" src=\"http:\/\/archeol.sav.sk\/files\/obr_2-215x300.jpg\" alt=\"obr_2\" width=\"230\" height=\"320\" srcset=\"https:\/\/archeol.sav.sk\/files\/obr_2-215x300.jpg 215w, https:\/\/archeol.sav.sk\/files\/obr_2-768x1071.jpg 768w, https:\/\/archeol.sav.sk\/files\/obr_2-735x1024.jpg 735w\" sizes=\"(max-width: 230px) 100vw, 230px\" \/><\/a><figcaption id=\"caption-attachment-4260\" class=\"wp-caption-text\">Obr. 2. Program konferencie.<\/figcaption><\/figure>\n<figure id=\"attachment_4259\" aria-describedby=\"caption-attachment-4259\" style=\"width: 485px\" class=\"wp-caption alignnone\"><img decoding=\"async\" loading=\"lazy\" class=\"wp-image-4259\" src=\"http:\/\/archeol.sav.sk\/files\/obr_3-e1547316870548-300x169.jpg\" alt=\"obr_3\" width=\"495\" height=\"279\" srcset=\"https:\/\/archeol.sav.sk\/files\/obr_3-e1547316870548-300x169.jpg 300w, https:\/\/archeol.sav.sk\/files\/obr_3-e1547316870548-768x432.jpg 768w, https:\/\/archeol.sav.sk\/files\/obr_3-e1547316870548-1024x576.jpg 1024w\" sizes=\"(max-width: 495px) 100vw, 495px\" \/><figcaption id=\"caption-attachment-4259\" class=\"wp-caption-text\">Obr. 3. \u00da\u010dastn\u00edci konferencie.<\/figcaption><\/figure>\n<p>&nbsp;<\/p>\n<p>&nbsp;<\/p>\n<p>&nbsp;<\/p>\n","protected":false},"excerpt":{"rendered":"<p>Heuristick\u00e1 \u010dinnos\u0165. Z aktiv\u00edt tohto druhu je d\u00f4le\u017eit\u00e1 prepracovan\u00e1 \u0161trukt\u00fara z\u00e1vere\u010dn\u00e9ho v\u00fdstupu maj\u00faceho podobu monografie. V\u00a0r\u00e1mci nej boli ur\u010den\u00ed zostavovatelia a\u00a0autori pr\u00edslu\u0161n\u00fdch kapitol i\u00a0stat\u00ed. V\u00a0s\u00falade s\u00a0t\u00fdm rie\u0161itelia pokra\u010dovali v excerpovan\u00ed \u00fadajov z\u00a0publikovanej literat\u00fary, arch\u00edvnych prame\u0148ov, centr\u00e1lnej datab\u00e1zy ISAU. Vyhotovili sa mapov\u00e9 poklady, do ktor\u00fdch bud\u00fa umiest\u0148ovan\u00e9 pr\u00edslu\u0161n\u00e9 typy archeologick\u00fdch lokal\u00edt. Publika\u010dn\u00e1 \u010dinnos\u0165. Najv\u00fdznamnej\u0161\u00ed v\u00fdstup reprezentuje &#8230; <a class=\"read-more\" href=\"https:\/\/archeol.sav.sk\/index.php\/sk\/cinnost-v-roku-2018\/\">\u010c\u00edtajte viac<\/a><\/p>\n","protected":false},"author":2,"featured_media":0,"parent":0,"menu_order":0,"comment_status":"closed","ping_status":"closed","template":"","meta":[],"_links":{"self":[{"href":"https:\/\/archeol.sav.sk\/index.php\/wp-json\/wp\/v2\/pages\/4255"}],"collection":[{"href":"https:\/\/archeol.sav.sk\/index.php\/wp-json\/wp\/v2\/pages"}],"about":[{"href":"https:\/\/archeol.sav.sk\/index.php\/wp-json\/wp\/v2\/types\/page"}],"author":[{"embeddable":true,"href":"https:\/\/archeol.sav.sk\/index.php\/wp-json\/wp\/v2\/users\/2"}],"replies":[{"embeddable":true,"href":"https:\/\/archeol.sav.sk\/index.php\/wp-json\/wp\/v2\/comments?post=4255"}],"version-history":[{"count":4,"href":"https:\/\/archeol.sav.sk\/index.php\/wp-json\/wp\/v2\/pages\/4255\/revisions"}],"predecessor-version":[{"id":4266,"href":"https:\/\/archeol.sav.sk\/index.php\/wp-json\/wp\/v2\/pages\/4255\/revisions\/4266"}],"wp:attachment":[{"href":"https:\/\/archeol.sav.sk\/index.php\/wp-json\/wp\/v2\/media?parent=4255"}],"curies":[{"name":"wp","href":"https:\/\/api.w.org\/{rel}","templated":true}]}}