{"id":412,"date":"2015-06-24T23:36:21","date_gmt":"2015-06-24T21:36:21","guid":{"rendered":"http:\/\/archeol.sav.sk\/?page_id=412"},"modified":"2019-11-15T13:24:48","modified_gmt":"2019-11-15T11:24:48","slug":"admin","status":"publish","type":"page","link":"https:\/\/archeol.sav.sk\/index.php\/sk\/kontakt\/admin\/","title":{"rendered":"Admin"},"content":{"rendered":"<p>Chyby a\u00a0nedostatky n\u00e1\u0161ho webu hl\u00e1ste na: <a href=\"mailto:branislav.kovar@savba.sk\">branislav.kovar@savba.sk<\/a><\/p>\n<p>&nbsp;<\/p>\n<p><a href=\"http:\/\/archeol.sav.sk\/files\/Pravidl\u00e1-publikovania-na-webovej-str\u00e1nke-Archeologick\u00e9ho-\u00fastav-SAV.pdf\">Pravidl\u00e1 publikovania na webovej str\u00e1nke Archeologick\u00e9ho \u00fastav SAV v Nitre<\/a><\/p>\n","protected":false},"excerpt":{"rendered":"<p>Chyby a\u00a0nedostatky n\u00e1\u0161ho webu hl\u00e1ste na: branislav.kovar@savba.sk &nbsp; Pravidl\u00e1 publikovania na webovej str\u00e1nke Archeologick\u00e9ho \u00fastav SAV v Nitre<\/p>\n","protected":false},"author":2,"featured_media":0,"parent":73,"menu_order":3,"comment_status":"closed","ping_status":"open","template":"","meta":[],"_links":{"self":[{"href":"https:\/\/archeol.sav.sk\/index.php\/wp-json\/wp\/v2\/pages\/412"}],"collection":[{"href":"https:\/\/archeol.sav.sk\/index.php\/wp-json\/wp\/v2\/pages"}],"about":[{"href":"https:\/\/archeol.sav.sk\/index.php\/wp-json\/wp\/v2\/types\/page"}],"author":[{"embeddable":true,"href":"https:\/\/archeol.sav.sk\/index.php\/wp-json\/wp\/v2\/users\/2"}],"replies":[{"embeddable":true,"href":"https:\/\/archeol.sav.sk\/index.php\/wp-json\/wp\/v2\/comments?post=412"}],"version-history":[{"count":4,"href":"https:\/\/archeol.sav.sk\/index.php\/wp-json\/wp\/v2\/pages\/412\/revisions"}],"predecessor-version":[{"id":4935,"href":"https:\/\/archeol.sav.sk\/index.php\/wp-json\/wp\/v2\/pages\/412\/revisions\/4935"}],"up":[{"embeddable":true,"href":"https:\/\/archeol.sav.sk\/index.php\/wp-json\/wp\/v2\/pages\/73"}],"wp:attachment":[{"href":"https:\/\/archeol.sav.sk\/index.php\/wp-json\/wp\/v2\/media?parent=412"}],"curies":[{"name":"wp","href":"https:\/\/api.w.org\/{rel}","templated":true}]}}