{"id":4107,"date":"2018-12-05T14:31:41","date_gmt":"2018-12-05T12:31:41","guid":{"rendered":"http:\/\/archeol.sav.sk\/?page_id=4107"},"modified":"2018-12-05T14:31:41","modified_gmt":"2018-12-05T12:31:41","slug":"vita-intra-muros-interdisciplinary-research-of-castles-in-middle-slovakia","status":"publish","type":"page","link":"https:\/\/archeol.sav.sk\/index.php\/en\/vita-intra-muros-interdisciplinary-research-of-castles-in-middle-slovakia\/","title":{"rendered":"Vita intra muros &#8211; interdisciplinary research of castles in middle Slovakia"},"content":{"rendered":"<p><strong>Responsible person: <\/strong>PhDr. J\u00e1n Beljak, PhD.<\/p>\n<p><strong>Project duration:\u00a0<\/strong> 1.8.2018 \u2013 30.6. 2022<\/p>\n<p><strong>Registration number: <\/strong>APVV-17-0063<\/p>\n<p><strong>Coordinator: <\/strong>Institute of Archaeology of SAS<\/p>\n<p><strong>Investigators:\u00a0<\/strong>Doc. PhDr. No\u00e9mi Beljak Pa\u017einov\u00e1, PhD., PhDr. Eva Fottov\u00e1, PhDr. J\u00e1n Hunka, CSc., Mgr. Krist\u00edna Ku\u010der\u00e1kov\u00e1, PhD., PhDr. Pavol Maliniak, PhD., Mgr. Dominik Repka, PhD., Mgr. Katar\u00edna \u0160imunkov\u00e1, Mgr. Matej Styk, PhD.<\/p>\n<p>&nbsp;<\/p>\n<p><strong>Annotation<\/strong><\/p>\n<p><a href=\"http:\/\/archeol.sav.sk\/files\/9_BEL_5040.jpg\"><img decoding=\"async\" loading=\"lazy\" class=\"alignright wp-image-4102 size-medium\" src=\"http:\/\/archeol.sav.sk\/files\/9_BEL_5040-300x200.jpg\" alt=\"9_bel_5040\" width=\"300\" height=\"200\" srcset=\"https:\/\/archeol.sav.sk\/files\/9_BEL_5040-300x200.jpg 300w, https:\/\/archeol.sav.sk\/files\/9_BEL_5040-768x512.jpg 768w, https:\/\/archeol.sav.sk\/files\/9_BEL_5040-1024x683.jpg 1024w\" sizes=\"(max-width: 300px) 100vw, 300px\" \/><\/a>There has been a trend of activities connected with restorations and reconstructions of castles in Slovakia in recent years. This resulted in statically stabilized ruins of castles but also complex reconstructions. Archaeological excavations are conducted along the building activities. They are documenting changes of castle areas during different times and they are accumulating important cultural resources from which we can learn more information about development of castles and former settlements. Findings need to be scientifically evaluated and opened to the public. This cannot be done without the help of archaeologists, historians, architectural archaeologists, landscapers and other specialists. This is the reason why the project team is composed from different types of scientists who are in the meantime also conducting their own researches and excavations in several castles around middle Slovakia. Within the project castles in historical regions Tekov, Malohont, Zvolen, Novohrad and Gemer-Malohont will be solved. Goal is the complex evaluation of acquired archaeological and historical finds, as well as written and cartographic resources. The focus will be also on study of historical (anthropogenic) landscape structures in the vicinity of the castles with the help of modern technologies. The results will contribute to the precision of chronology, generic diversity of material culture but also to better understanding of the history of everyday-life of castle inhabitants.<\/p>\n<p>&nbsp;<\/p>\n<p><a href=\"http:\/\/archeol.sav.sk\/files\/22_DSCF3656.jpg\"><img decoding=\"async\" loading=\"lazy\" class=\"alignnone wp-image-4104 size-medium\" src=\"http:\/\/archeol.sav.sk\/files\/22_DSCF3656-300x200.jpg\" alt=\"22_dscf3656\" width=\"300\" height=\"200\" srcset=\"https:\/\/archeol.sav.sk\/files\/22_DSCF3656-300x200.jpg 300w, https:\/\/archeol.sav.sk\/files\/22_DSCF3656-768x512.jpg 768w, https:\/\/archeol.sav.sk\/files\/22_DSCF3656-1024x683.jpg 1024w\" sizes=\"(max-width: 300px) 100vw, 300px\" \/><\/a> <a href=\"http:\/\/archeol.sav.sk\/files\/18_DSCF4326.jpg\"><img decoding=\"async\" loading=\"lazy\" class=\"alignnone wp-image-4103 size-medium\" src=\"http:\/\/archeol.sav.sk\/files\/18_DSCF4326-300x200.jpg\" alt=\"18_dscf4326\" width=\"300\" height=\"200\" srcset=\"https:\/\/archeol.sav.sk\/files\/18_DSCF4326-300x200.jpg 300w, https:\/\/archeol.sav.sk\/files\/18_DSCF4326-768x512.jpg 768w, https:\/\/archeol.sav.sk\/files\/18_DSCF4326-1024x683.jpg 1024w\" sizes=\"(max-width: 300px) 100vw, 300px\" \/><\/a><\/p>\n","protected":false},"excerpt":{"rendered":"<p>Responsible person: PhDr. J\u00e1n Beljak, PhD. Project duration:\u00a0 1.8.2018 \u2013 30.6. 2022 Registration number: APVV-17-0063 Coordinator: Institute of Archaeology of SAS Investigators:\u00a0Doc. PhDr. No\u00e9mi Beljak Pa\u017einov\u00e1, PhD., PhDr. Eva Fottov\u00e1, PhDr. J\u00e1n Hunka, CSc., Mgr. Krist\u00edna Ku\u010der\u00e1kov\u00e1, PhD., PhDr. Pavol Maliniak, PhD., Mgr. Dominik Repka, PhD., Mgr. Katar\u00edna \u0160imunkov\u00e1, Mgr. Matej Styk, PhD. &nbsp; Annotation &#8230; <a class=\"read-more\" href=\"https:\/\/archeol.sav.sk\/index.php\/en\/vita-intra-muros-interdisciplinary-research-of-castles-in-middle-slovakia\/\">\u010c\u00edtajte viac<\/a><\/p>\n","protected":false},"author":2,"featured_media":0,"parent":0,"menu_order":0,"comment_status":"closed","ping_status":"closed","template":"","meta":[],"_links":{"self":[{"href":"https:\/\/archeol.sav.sk\/index.php\/wp-json\/wp\/v2\/pages\/4107"}],"collection":[{"href":"https:\/\/archeol.sav.sk\/index.php\/wp-json\/wp\/v2\/pages"}],"about":[{"href":"https:\/\/archeol.sav.sk\/index.php\/wp-json\/wp\/v2\/types\/page"}],"author":[{"embeddable":true,"href":"https:\/\/archeol.sav.sk\/index.php\/wp-json\/wp\/v2\/users\/2"}],"replies":[{"embeddable":true,"href":"https:\/\/archeol.sav.sk\/index.php\/wp-json\/wp\/v2\/comments?post=4107"}],"version-history":[{"count":1,"href":"https:\/\/archeol.sav.sk\/index.php\/wp-json\/wp\/v2\/pages\/4107\/revisions"}],"predecessor-version":[{"id":4108,"href":"https:\/\/archeol.sav.sk\/index.php\/wp-json\/wp\/v2\/pages\/4107\/revisions\/4108"}],"wp:attachment":[{"href":"https:\/\/archeol.sav.sk\/index.php\/wp-json\/wp\/v2\/media?parent=4107"}],"curies":[{"name":"wp","href":"https:\/\/api.w.org\/{rel}","templated":true}]}}