{"id":4101,"date":"2018-12-05T14:22:34","date_gmt":"2018-12-05T12:22:34","guid":{"rendered":"http:\/\/archeol.sav.sk\/?page_id=4101"},"modified":"2018-12-05T14:38:10","modified_gmt":"2018-12-05T12:38:10","slug":"vita-intra-muros-interdisciplinarny-vyskum-hradov-stredneho-slovenska","status":"publish","type":"page","link":"https:\/\/archeol.sav.sk\/index.php\/sk\/vita-intra-muros-interdisciplinarny-vyskum-hradov-stredneho-slovenska\/","title":{"rendered":"Vita intra muros &#8211; interdisciplin\u00e1rny v\u00fdskum hradov stredn\u00e9ho Slovenska"},"content":{"rendered":"<p><strong>Zodpovedn\u00fd rie\u0161ite\u013e:\u00a0<\/strong> PhDr. J\u00e1n Beljak, PhD.<\/p>\n<p>&nbsp;<\/p>\n<p><strong>Doba rie\u0161enia:<\/strong> 1.8.2018 \u2013 30.6. 2022<\/p>\n<p><strong>Registra\u010dn\u00e9 \u010d\u00edslo:<\/strong> APVV-17-0063<\/p>\n<p><strong>Koordin\u00e1tor:<\/strong> Archeologick\u00fd \u00fastav SAV<\/p>\n<p><strong>Spolurie\u0161itelia:<\/strong> Doc. PhDr. No\u00e9mi Beljak Pa\u017einov\u00e1, PhD., PhDr. Eva Fottov\u00e1, PhDr. J\u00e1n Hunka, CSc., Mgr. Krist\u00edna Ku\u010der\u00e1kov\u00e1, PhD., PhDr. Pavol Maliniak, PhD., Mgr. Dominik Repka, PhD., Mgr. Katar\u00edna \u0160imunkov\u00e1, Mgr. Matej Styk, PhD.<\/p>\n<p><strong>\u00a0<\/strong><\/p>\n<p><strong>K\u013e\u00fa\u010dov\u00e9 slov\u00e1:<\/strong><\/p>\n<p>Stredn\u00e9 Slovensko, hrady, v\u00fdskum, interdisciplin\u00e1rna spolupr\u00e1ca, ka\u017edodenn\u00fd \u017eivot<\/p>\n<p><strong>\u00a0<\/strong><\/p>\n<p><strong>Anot\u00e1cia<\/strong>:<\/p>\n<p><a href=\"http:\/\/archeol.sav.sk\/files\/9_BEL_5040.jpg\"><img decoding=\"async\" loading=\"lazy\" class=\"alignright wp-image-4102 size-medium\" src=\"http:\/\/archeol.sav.sk\/files\/9_BEL_5040-300x200.jpg\" alt=\"9_bel_5040\" width=\"300\" height=\"200\" srcset=\"https:\/\/archeol.sav.sk\/files\/9_BEL_5040-300x200.jpg 300w, https:\/\/archeol.sav.sk\/files\/9_BEL_5040-768x512.jpg 768w, https:\/\/archeol.sav.sk\/files\/9_BEL_5040-1024x683.jpg 1024w\" sizes=\"(max-width: 300px) 100vw, 300px\" \/><\/a>V posledn\u00fdch rokoch Slovensko za\u017e\u00edva v\u00fdrazn\u00fd n\u00e1rast aktiv\u00edt s\u00favisiacich s pamiatkovou obnovou hradn\u00fdch zr\u00facan\u00edn. Jej v\u00fdsledkom s\u00fa staticky stabilizovan\u00e9 hradn\u00e9 ruiny i komplexne zrekon\u0161truovan\u00e9 hrady a z\u00e1mky. Po\u010das t\u00fdchto stavebn\u00fdch aktiv\u00edt s\u00fa realizovan\u00e9 archeologick\u00e9 v\u00fdskumy, ktor\u00e9 dokumentuj\u00fa premeny hradn\u00fdch are\u00e1lov v priebehu dej\u00edn a zhroma\u017e\u010fuj\u00fa bohat\u00fd a nesmierne d\u00f4le\u017eit\u00fd pramenn\u00fd fond. <strong>V \u0148om s\u00fa ukryt\u00e9 cenn\u00e9 inform\u00e1cie o v\u00fdvoji hradov a im predch\u00e1dzaj\u00facich s\u00eddiel (na t\u00fdch ist\u00fdch miestach),<\/strong> ktor\u00e9 treba \u010do najsk\u00f4r vedecky zhodnoti\u0165 a spr\u00edstupni\u0165 \u0161irokej vedeckej a laickej verejnosti. Tak\u00fdto z\u00e1mer nie je mo\u017en\u00e9 bez \u00fazkej kooper\u00e1cie archeol\u00f3gov, historikov, stavebn\u00fdch historikov, krajin\u00e1rov a \u010fal\u0161\u00edch odborn\u00edkov. Projektov\u00fd t\u00edm je preto zlo\u017een\u00fd z rozdielnych b\u00e1date\u013eov, ktor\u00ed za ostatn\u00e9 obdobie realizuj\u00fa vlastn\u00e9 ter\u00e9nne i arch\u00edvne v\u00fdskumy na viacer\u00fdch hradoch \u00fazemia stredn\u00e9ho Slovenska. V r\u00e1mci projektu bud\u00fa rie\u0161en\u00e9 hrady v historick\u00fdch regi\u00f3noch Tekov, Zvolen, Novohrad, Hont, Gemer-Malohont. Cie\u013eom je komplexn\u00e9 vyhodnotenie z\u00edskan\u00fdch hnute\u013en\u00fdch, nehnute\u013en\u00fdch, p\u00edsomn\u00fdch i kartografick\u00fdch prame\u0148ov z t\u00fdchto v\u00fdnimo\u010dn\u00fdch svedkov d\u00e1vno zabudnut\u00fdch \u010dasov. Z\u00e1merom projektu je aj v\u00fdskum historick\u00fdch (antropog\u00e9nnych) krajinn\u00fdch \u0161trukt\u00far v z\u00e1zem\u00ed hradov s pou\u017eit\u00edm modern\u00fdch technol\u00f3gi\u00ed. V\u00fdsledky rie\u0161enia prispej\u00fa k spresneniu nielen chronol\u00f3gie a druhovej r\u00f4znorodosti materi\u00e1lnej kult\u00fary, ale celkovo k lep\u0161iemu poznaniu \u017eivota hradn\u00fdch obyvate\u013eov.<\/p>\n<p>&nbsp;<\/p>\n<p><a href=\"http:\/\/archeol.sav.sk\/files\/18_DSCF4326.jpg\"><img decoding=\"async\" loading=\"lazy\" class=\"alignnone wp-image-4103 size-medium\" src=\"http:\/\/archeol.sav.sk\/files\/18_DSCF4326-300x200.jpg\" alt=\"18_dscf4326\" width=\"300\" height=\"200\" srcset=\"https:\/\/archeol.sav.sk\/files\/18_DSCF4326-300x200.jpg 300w, https:\/\/archeol.sav.sk\/files\/18_DSCF4326-768x512.jpg 768w, https:\/\/archeol.sav.sk\/files\/18_DSCF4326-1024x683.jpg 1024w\" sizes=\"(max-width: 300px) 100vw, 300px\" \/><\/a> <a href=\"http:\/\/archeol.sav.sk\/files\/22_DSCF3656.jpg\"><img decoding=\"async\" loading=\"lazy\" class=\"alignnone wp-image-4104 size-medium\" src=\"http:\/\/archeol.sav.sk\/files\/22_DSCF3656-300x200.jpg\" alt=\"22_dscf3656\" width=\"300\" height=\"200\" srcset=\"https:\/\/archeol.sav.sk\/files\/22_DSCF3656-300x200.jpg 300w, https:\/\/archeol.sav.sk\/files\/22_DSCF3656-768x512.jpg 768w, https:\/\/archeol.sav.sk\/files\/22_DSCF3656-1024x683.jpg 1024w\" sizes=\"(max-width: 300px) 100vw, 300px\" \/><\/a><\/p>\n<p>&nbsp;<\/p>\n","protected":false},"excerpt":{"rendered":"<p>Zodpovedn\u00fd rie\u0161ite\u013e:\u00a0 PhDr. J\u00e1n Beljak, PhD. &nbsp; Doba rie\u0161enia: 1.8.2018 \u2013 30.6. 2022 Registra\u010dn\u00e9 \u010d\u00edslo: APVV-17-0063 Koordin\u00e1tor: Archeologick\u00fd \u00fastav SAV Spolurie\u0161itelia: Doc. PhDr. No\u00e9mi Beljak Pa\u017einov\u00e1, PhD., PhDr. Eva Fottov\u00e1, PhDr. J\u00e1n Hunka, CSc., Mgr. Krist\u00edna Ku\u010der\u00e1kov\u00e1, PhD., PhDr. Pavol Maliniak, PhD., Mgr. Dominik Repka, PhD., Mgr. Katar\u00edna \u0160imunkov\u00e1, Mgr. Matej Styk, PhD. \u00a0 K\u013e\u00fa\u010dov\u00e9 &#8230; <a class=\"read-more\" href=\"https:\/\/archeol.sav.sk\/index.php\/sk\/vita-intra-muros-interdisciplinarny-vyskum-hradov-stredneho-slovenska\/\">\u010c\u00edtajte viac<\/a><\/p>\n","protected":false},"author":2,"featured_media":0,"parent":0,"menu_order":0,"comment_status":"closed","ping_status":"closed","template":"","meta":[],"_links":{"self":[{"href":"https:\/\/archeol.sav.sk\/index.php\/wp-json\/wp\/v2\/pages\/4101"}],"collection":[{"href":"https:\/\/archeol.sav.sk\/index.php\/wp-json\/wp\/v2\/pages"}],"about":[{"href":"https:\/\/archeol.sav.sk\/index.php\/wp-json\/wp\/v2\/types\/page"}],"author":[{"embeddable":true,"href":"https:\/\/archeol.sav.sk\/index.php\/wp-json\/wp\/v2\/users\/2"}],"replies":[{"embeddable":true,"href":"https:\/\/archeol.sav.sk\/index.php\/wp-json\/wp\/v2\/comments?post=4101"}],"version-history":[{"count":2,"href":"https:\/\/archeol.sav.sk\/index.php\/wp-json\/wp\/v2\/pages\/4101\/revisions"}],"predecessor-version":[{"id":4110,"href":"https:\/\/archeol.sav.sk\/index.php\/wp-json\/wp\/v2\/pages\/4101\/revisions\/4110"}],"wp:attachment":[{"href":"https:\/\/archeol.sav.sk\/index.php\/wp-json\/wp\/v2\/media?parent=4101"}],"curies":[{"name":"wp","href":"https:\/\/api.w.org\/{rel}","templated":true}]}}