{"id":3823,"date":"2018-10-03T14:10:41","date_gmt":"2018-10-03T12:10:41","guid":{"rendered":"http:\/\/archeol.sav.sk\/?page_id=3823"},"modified":"2018-10-03T15:16:12","modified_gmt":"2018-10-03T13:16:12","slug":"autorske-prava","status":"publish","type":"page","link":"https:\/\/archeol.sav.sk\/index.php\/sk\/autorske-prava\/","title":{"rendered":"Autorsk\u00e9 pr\u00e1va"},"content":{"rendered":"<h1>Autorsk\u00e9 pr\u00e1va a\u00a0podmienky pou\u017e\u00edvania internetov\u00fdch str\u00e1nok\u00a0<a href=\"http:\/\/archeol.sav.sk\/index.php\/sk\/\">archeol.sav.sk<\/a><\/h1>\n<p>Prev\u00e1dzkovate\u013eom internetov\u00fdch str\u00e1nok\u00a0<a href=\"http:\/\/archeol.sav.sk\/index.php\/sk\/\">archeol.sav.sk<\/a>\u00a0je Archeologick\u00fd \u00fastav Slovenskej akad\u00e9mie vied (\u010falej len \u201eprev\u00e1dzkovate\u013e\u201c), ktor\u00fd je v s\u00falade so z\u00e1konom \u010d. 618\/2003 Z.z. o autorskom pr\u00e1ve a pr\u00e1vach s\u00favisiacich s autorsk\u00fdm pr\u00e1vom (\u010falej len \u201eautorsk\u00fd z\u00e1kon\u201c), opr\u00e1vnen\u00fd vykon\u00e1va\u0165 majetkov\u00e9 pr\u00e1va k\u00a0tejto internetovej str\u00e1nke a\u00a0jej podstr\u00e1nkam. Obsah webov\u00fdch str\u00e1nok port\u00e1lu je jeho vlastn\u00edctvom a\u00a0m\u00e1 opr\u00e1vnenie na jeho pou\u017e\u00edvanie.<\/p>\n<p>Podmienky pou\u017e\u00edvania internetov\u00fdch str\u00e1nok\u00a0<a href=\"http:\/\/archeol.sav.sk\/index.php\/sk\/\">archeol.sav.sk<\/a>\u00a0ur\u010duje, vyd\u00e1va a men\u00ed v\u00fdhradne prev\u00e1dzkovate\u013e. Pou\u017e\u00edvan\u00edm t\u00fdchto internetov\u00fdch str\u00e1nok d\u00e1vate s\u00fahlas s t\u00fdmito podmienkami.<\/p>\n<p>Prev\u00e1dzkovate\u013e v\u00e1m d\u00e1va pr\u00e1vo vyu\u017e\u00edva\u0165 str\u00e1nku\u00a0<a href=\"http:\/\/archeol.sav.sk\/index.php\/sk\/\">archeol.sav.sk<\/a>\u00a0v\u00fdhradne pre va\u0161u osobn\u00fa potrebu. Ak\u00e9ko\u013evek in\u00e9 pou\u017eitie str\u00e1nok (celku aj jednotliv\u00fdch \u010dast\u00ed) podlieha predch\u00e1dzaj\u00facemu schv\u00e1leniu prev\u00e1dzkovate\u013ea v s\u00falade s autorsk\u00fdm z\u00e1konom. Vz\u0165ahuje sa to aj na\u00a0materi\u00e1ly, ktor\u00e9 s\u00fa ur\u010den\u00e9 na stiahnutie a s\u00fa dostupn\u00e9 v\u00a0pr\u00edslu\u0161n\u00fdch sekci\u00e1ch.<\/p>\n<p>Autorsk\u00e9 pr\u00e1va a licencie k materi\u00e1lom nach\u00e1dzaj\u00facim sa na tejto webovej str\u00e1nke vlastn\u00ed prev\u00e1dzkovate\u013e. V\u0161etky materi\u00e1ly s\u00fa chr\u00e1nen\u00e9 na z\u00e1klade z\u00e1konov o autorsk\u00fdch pr\u00e1vach.<\/p>\n<p>Pokia\u013e to nebolo v\u00fdslovne zak\u00e1zan\u00e9 ozn\u00e1men\u00edm uveden\u00fdm na konkr\u00e9tnej str\u00e1nke, m\u00f4\u017eu sa \u010dasti webov\u00fdch str\u00e1nok aplikova\u0165 pre osobn\u00e9 pou\u017eitie, za predpokladu, \u017ee sa k takejto k\u00f3pii pripoja inform\u00e1cie o\u00a0autorovi a\u00a0prev\u00e1dzkovate\u013eovi. Tak\u00e9to k\u00f3pie je zak\u00e1zan\u00e9 ak\u00fdmko\u013evek sp\u00f4sobom reprodukova\u0165, upravova\u0165, dop\u013a\u0148a\u0165 alebo roz\u0161irova\u0165 bez oh\u013eadu na \u00fa\u010del pou\u017eitia.<\/p>\n<p>\u017diadne inform\u00e1cie z t\u00fdchto str\u00e1nok sa nem\u00f4\u017eu interpretova\u0165 ako post\u00fapenie pr\u00e1v, n\u00e1rokov alebo in\u00fdch \u00a0podielov na obsahu podliehaj\u00facemu autorsk\u00fdm pr\u00e1vam, alebo na licencii umo\u017e\u0148uj\u00facej pou\u017e\u00edvanie tohto obsahu.<\/p>\n<p>V\u0161etci autori pr\u00edspevkov uverejnen\u00fdch na str\u00e1nkach tohto webov\u00e9ho port\u00e1lu vyhlasuj\u00fa, \u017ee s\u00fa autormi jednotliv\u00fdch \u010dl\u00e1nkov, ako aj\u00a0fotografi\u00ed, obr\u00e1zkov a in\u00fdch m\u00e9di\u00ed, ktor\u00e9 publikuj\u00fa. V\u00a0pr\u00edpade, \u017ee nie s\u00fa ich\u00a0autormi, s\u00fa povinn\u00ed\u00a0uvies\u0165 zdroj, z ktor\u00e9ho poch\u00e1dzaj\u00fa. Ak tak neurobia,\u00a0m\u00f4\u017eu poru\u0161ova\u0165\u00a0autorsk\u00e9 pr\u00e1va a\u00a0vystavova\u0165 sa z toho\u00a0vypl\u00fdvaj\u00facim\u00a0trestno-pr\u00e1vnym d\u00f4sledkom v zmysle z\u00e1kona.<\/p>\n<p>V\u0161etky materi\u00e1ly v sekcii <em>Na stiahnutie<\/em> s\u00fa publikovan\u00e9 s predch\u00e1dzaj\u00facim s\u00fahlasom autorov, alebo s\u00fa z\u00edskan\u00e9 zo zdrojov in\u00fdch webov\u00fdch str\u00e1nok, kde s\u00fa vo\u013ene dostupn\u00e9 a ur\u010den\u00e9 na stiahnutie.<\/p>\n","protected":false},"excerpt":{"rendered":"<p>Autorsk\u00e9 pr\u00e1va a\u00a0podmienky pou\u017e\u00edvania internetov\u00fdch str\u00e1nok\u00a0archeol.sav.sk Prev\u00e1dzkovate\u013eom internetov\u00fdch str\u00e1nok\u00a0archeol.sav.sk\u00a0je Archeologick\u00fd \u00fastav Slovenskej akad\u00e9mie vied (\u010falej len \u201eprev\u00e1dzkovate\u013e\u201c), ktor\u00fd je v s\u00falade so z\u00e1konom \u010d. 618\/2003 Z.z. o autorskom pr\u00e1ve a pr\u00e1vach s\u00favisiacich s autorsk\u00fdm pr\u00e1vom (\u010falej len \u201eautorsk\u00fd z\u00e1kon\u201c), opr\u00e1vnen\u00fd vykon\u00e1va\u0165 majetkov\u00e9 pr\u00e1va k\u00a0tejto internetovej str\u00e1nke a\u00a0jej podstr\u00e1nkam. Obsah webov\u00fdch str\u00e1nok port\u00e1lu je jeho vlastn\u00edctvom &#8230; <a class=\"read-more\" href=\"https:\/\/archeol.sav.sk\/index.php\/sk\/autorske-prava\/\">\u010c\u00edtajte viac<\/a><\/p>\n","protected":false},"author":2,"featured_media":0,"parent":0,"menu_order":0,"comment_status":"closed","ping_status":"closed","template":"","meta":[],"_links":{"self":[{"href":"https:\/\/archeol.sav.sk\/index.php\/wp-json\/wp\/v2\/pages\/3823"}],"collection":[{"href":"https:\/\/archeol.sav.sk\/index.php\/wp-json\/wp\/v2\/pages"}],"about":[{"href":"https:\/\/archeol.sav.sk\/index.php\/wp-json\/wp\/v2\/types\/page"}],"author":[{"embeddable":true,"href":"https:\/\/archeol.sav.sk\/index.php\/wp-json\/wp\/v2\/users\/2"}],"replies":[{"embeddable":true,"href":"https:\/\/archeol.sav.sk\/index.php\/wp-json\/wp\/v2\/comments?post=3823"}],"version-history":[{"count":2,"href":"https:\/\/archeol.sav.sk\/index.php\/wp-json\/wp\/v2\/pages\/3823\/revisions"}],"predecessor-version":[{"id":3833,"href":"https:\/\/archeol.sav.sk\/index.php\/wp-json\/wp\/v2\/pages\/3823\/revisions\/3833"}],"wp:attachment":[{"href":"https:\/\/archeol.sav.sk\/index.php\/wp-json\/wp\/v2\/media?parent=3823"}],"curies":[{"name":"wp","href":"https:\/\/api.w.org\/{rel}","templated":true}]}}