{"id":3805,"date":"2018-10-02T15:42:59","date_gmt":"2018-10-02T13:42:59","guid":{"rendered":"http:\/\/archeol.sav.sk\/?page_id=3805"},"modified":"2020-08-28T16:03:00","modified_gmt":"2020-08-28T14:03:00","slug":"how-did-they-look","status":"publish","type":"page","link":"https:\/\/archeol.sav.sk\/index.php\/en\/how-did-they-look\/","title":{"rendered":"How did they look?"},"content":{"rendered":"<p><strong>Celtic <\/strong><strong><span style=\"font-size: 12pt;\">warrior<\/span><\/strong><\/p>\n<p><iframe loading=\"lazy\" src=\"https:\/\/www.youtube.com\/embed\/dLcIzCFLVDI\" width=\"560\" height=\"315\" frameborder=\"0\" allowfullscreen=\"allowfullscreen\"><\/iframe><\/p>\n<p>&nbsp;<\/p>\n<p><strong>Celtic woman <\/strong><strong><span style=\"font-size: 12pt;\">\u2013\u00a0 the fibula is from site<\/span><\/strong><strong>\u00a0Slovensk\u00e9 Pravno<\/strong><\/p>\n<p><iframe loading=\"lazy\" src=\"https:\/\/www.youtube.com\/embed\/LSN-afQsN7w\" width=\"560\" height=\"315\" frameborder=\"0\" allowfullscreen=\"allowfullscreen\"><\/iframe><\/p>\n<h1 style=\"margin: 0cm; margin-bottom: .0001pt; background: white;\"><strong><span style=\"font-size: 12pt;\">Bronze age warrior, site L\u00fa\u010dky (helmet) a \u010caka (armour)<\/span><\/strong><\/h1>\n<p><iframe loading=\"lazy\" src=\"https:\/\/www.youtube.com\/embed\/G6tkAoSu0EM?rel=0\" width=\"560\" height=\"315\" frameborder=\"0\" allowfullscreen=\"allowfullscreen\"><\/iframe><\/p>\n<p>&nbsp;<\/p>\n<p>&nbsp;<\/p>\n<p class=\"title style-scope ytd-video-primary-info-renderer\"><strong>Nobleman,\u00a0 bronze age<\/strong><\/p>\n<p><iframe loading=\"lazy\" src=\"https:\/\/www.youtube.com\/embed\/a5T8NwHNonc\" width=\"560\" height=\"315\" frameborder=\"0\" allowfullscreen=\"allowfullscreen\"><\/iframe><\/p>\n<p>&nbsp;<\/p>\n<p style=\"margin: 0cm; margin-bottom: .0001pt; background: white;\"><strong>Cuman warrior in armour<\/strong><\/p>\n<p><iframe loading=\"lazy\" src=\"https:\/\/www.youtube.com\/embed\/quNAJ6rNpVg?rel=0\" width=\"560\" height=\"315\" frameborder=\"0\" allowfullscreen=\"allowfullscreen\"><\/iframe><\/p>\n<p>&nbsp;<\/p>\n<h1 style=\"margin: 0cm; margin-bottom: .0001pt; background: white;\"><strong><span style=\"font-size: 12pt;\">Cuman warrior<\/span><\/strong><\/h1>\n<p><iframe loading=\"lazy\" src=\"https:\/\/www.youtube.com\/embed\/W-uz6xA5xus?rel=0\" width=\"560\" height=\"315\" frameborder=\"0\" allowfullscreen=\"allowfullscreen\"><\/iframe><\/p>\n<p>&nbsp;<\/p>\n<p style=\"margin: 0cm; margin-bottom: .0001pt; background: white;\"><strong>Woman in Slavic garment with beads and bronze rattle<\/strong><\/p>\n<p><iframe loading=\"lazy\" src=\"https:\/\/www.youtube.com\/embed\/jn1dxdUuus8?rel=0\" width=\"560\" height=\"315\" frameborder=\"0\" allowfullscreen=\"allowfullscreen\"><\/iframe><\/p>\n<p>&nbsp;<\/p>\n<p style=\"margin: 0cm; margin-bottom: .0001pt; background: white;\"><strong>Woman in Slavic\u00a0garment with bronze earrings<\/strong><\/p>\n<p><iframe loading=\"lazy\" src=\"https:\/\/www.youtube.com\/embed\/rD2gFkFnhsM?rel=0\" width=\"560\" height=\"315\" frameborder=\"0\" allowfullscreen=\"allowfullscreen\"><\/iframe><\/p>\n<p>&nbsp;<\/p>\n<p style=\"margin: 0cm; margin-bottom: .0001pt; background: white;\"><strong>Woman in Slavic garment with earrings and with <\/strong><strong>the\u00a0b<span class=\"l\">ow\u00a0shaped\u00a0amulet<\/span><\/strong><\/p>\n<p><iframe loading=\"lazy\" src=\"https:\/\/www.youtube.com\/embed\/r0leUMvusPA\" width=\"560\" height=\"315\" frameborder=\"0\" allowfullscreen=\"allowfullscreen\"><\/iframe><\/p>\n<h1 style=\"margin: 0cm; margin-bottom: .0001pt; background: white;\"><strong><span style=\"font-size: 12pt;\">Warrior from Great Moravia period, site Bojn\u00e1 (prilba)<\/span><\/strong><\/h1>\n<p><iframe loading=\"lazy\" src=\"https:\/\/www.youtube.com\/embed\/ZIOG8JSOiMY?rel=0\" width=\"560\" height=\"315\" frameborder=\"0\" allowfullscreen=\"allowfullscreen\"><\/iframe><\/p>\n<p>&nbsp;<\/p>\n<p><strong>Slavic merchant<\/strong><\/p>\n<p><iframe loading=\"lazy\" src=\"https:\/\/www.youtube.com\/embed\/AeOCQkIy8B4\" width=\"560\" height=\"315\" frameborder=\"0\" allowfullscreen=\"allowfullscreen\"><\/iframe><\/p>\n","protected":false},"excerpt":{"rendered":"<p>Celtic warrior &nbsp; Celtic woman \u2013\u00a0 the fibula is from site\u00a0Slovensk\u00e9 Pravno Bronze age warrior, site L\u00fa\u010dky (helmet) a \u010caka (armour) &nbsp; &nbsp; Nobleman,\u00a0 bronze age &nbsp; Cuman warrior in armour &nbsp; Cuman warrior &nbsp; Woman in Slavic garment with beads and bronze rattle &nbsp; Woman in Slavic\u00a0garment with bronze earrings &nbsp; Woman in Slavic &#8230; <a class=\"read-more\" href=\"https:\/\/archeol.sav.sk\/index.php\/en\/how-did-they-look\/\">Read more<\/a><\/p>\n","protected":false},"author":2,"featured_media":0,"parent":0,"menu_order":0,"comment_status":"closed","ping_status":"closed","template":"","meta":[],"_links":{"self":[{"href":"https:\/\/archeol.sav.sk\/index.php\/wp-json\/wp\/v2\/pages\/3805"}],"collection":[{"href":"https:\/\/archeol.sav.sk\/index.php\/wp-json\/wp\/v2\/pages"}],"about":[{"href":"https:\/\/archeol.sav.sk\/index.php\/wp-json\/wp\/v2\/types\/page"}],"author":[{"embeddable":true,"href":"https:\/\/archeol.sav.sk\/index.php\/wp-json\/wp\/v2\/users\/2"}],"replies":[{"embeddable":true,"href":"https:\/\/archeol.sav.sk\/index.php\/wp-json\/wp\/v2\/comments?post=3805"}],"version-history":[{"count":6,"href":"https:\/\/archeol.sav.sk\/index.php\/wp-json\/wp\/v2\/pages\/3805\/revisions"}],"predecessor-version":[{"id":5351,"href":"https:\/\/archeol.sav.sk\/index.php\/wp-json\/wp\/v2\/pages\/3805\/revisions\/5351"}],"wp:attachment":[{"href":"https:\/\/archeol.sav.sk\/index.php\/wp-json\/wp\/v2\/media?parent=3805"}],"curies":[{"name":"wp","href":"https:\/\/api.w.org\/{rel}","templated":true}]}}