{"id":3801,"date":"2018-10-02T15:01:27","date_gmt":"2018-10-02T13:01:27","guid":{"rendered":"http:\/\/archeol.sav.sk\/?page_id=3801"},"modified":"2020-08-28T16:07:58","modified_gmt":"2020-08-28T14:07:58","slug":"reconstruction-of-architecture","status":"publish","type":"page","link":"https:\/\/archeol.sav.sk\/index.php\/en\/reconstruction-of-architecture\/","title":{"rendered":"Reconstruction of architecture"},"content":{"rendered":"<p><strong>Tes\u00e1rske Mly\u0148any \u2013 house, La T\u00e9ne period<\/strong><br \/>\n<iframe loading=\"lazy\" src=\"https:\/\/www.youtube.com\/embed\/VAtuSJVzMmk\" width=\"560\" height=\"315\" frameborder=\"0\" allowfullscreen=\"allowfullscreen\"><\/iframe><\/p>\n<p class=\"title style-scope ytd-video-primary-info-renderer\"><strong>Tes\u00e1rske Mly\u0148any \u2013 house, La T\u00e9ne period<\/strong><\/p>\n<p><iframe loading=\"lazy\" src=\"https:\/\/www.youtube.com\/embed\/pKrzhDiYanQ\" width=\"560\" height=\"315\" frameborder=\"0\" allowfullscreen=\"allowfullscreen\"><\/iframe><\/p>\n<p>&nbsp;<\/p>\n<p><strong>\u0160trba, \u0160oldov \u2013<\/strong> <strong>a fortress, Gothic church<\/strong><br \/>\n<iframe loading=\"lazy\" src=\"https:\/\/www.youtube.com\/embed\/KuvIS5j0KVA\" width=\"560\" height=\"315\" frameborder=\"0\" allowfullscreen=\"allowfullscreen\"><\/iframe><\/p>\n<p>&nbsp;<\/p>\n<p><strong>Nitra, Zobor, location Martinsk\u00fd vrch \u2013<\/strong> <strong>slavic settlement<\/strong><br \/>\n<iframe loading=\"lazy\" src=\"https:\/\/www.youtube.com\/embed\/BiltdC65-RY\" width=\"560\" height=\"315\" frameborder=\"0\" allowfullscreen=\"allowfullscreen\"><\/iframe><\/p>\n<p>&nbsp;<\/p>\n<p><strong>Nitra, Zobor, location Martinsk\u00fd vrch \u2013<\/strong> <strong>slavic settlement<\/strong><br \/>\n<iframe loading=\"lazy\" src=\"https:\/\/www.youtube.com\/embed\/bjBRi9ffcJ0\" width=\"560\" height=\"315\" frameborder=\"0\" allowfullscreen=\"allowfullscreen\"><\/iframe><\/p>\n<p>&nbsp;<\/p>\n<p class=\"title style-scope ytd-video-primary-info-renderer\"><strong>Nitra, Zobor, location Martinsk\u00fd vrch \u2013<\/strong> <strong>slavic settlement, interior<\/strong><\/p>\n<p><iframe loading=\"lazy\" src=\"https:\/\/www.youtube.com\/embed\/g0__bPgWw2I\" width=\"560\" height=\"315\" frameborder=\"0\" allowfullscreen=\"allowfullscreen\"><\/iframe><\/p>\n<p><strong>Nitra, castle \u2013 the reconstruction of the gate, 16<sup>th<\/sup> century<\/strong><\/p>\n<p><iframe loading=\"lazy\" src=\"https:\/\/www.youtube.com\/embed\/D68HdLLVpJA\" width=\"560\" height=\"315\" frameborder=\"0\" allowfullscreen=\"allowfullscreen\"><\/iframe><\/p>\n<p>&nbsp;<\/p>\n<p class=\"title style-scope ytd-video-primary-info-renderer\"><strong>Nitra, Star\u00e9 mesto,<\/strong> <strong>castle \u2013 the reconstruction of the fortifications from the 11<sup>th<\/sup> century<\/strong><\/p>\n<p><iframe loading=\"lazy\" src=\"https:\/\/www.youtube.com\/embed\/JF9-WBacegs\" width=\"560\" height=\"315\" frameborder=\"0\" allowfullscreen=\"allowfullscreen\"><\/iframe><\/p>\n<p>&nbsp;<\/p>\n<p><strong>Al-Qusur, Failaka, Kuwait \u2013 the house, Nestorian villaga<\/strong><\/p>\n<p><iframe loading=\"lazy\" src=\"https:\/\/www.youtube.com\/embed\/XFv1cpDS41o\" width=\"560\" height=\"315\" frameborder=\"0\" allowfullscreen=\"allowfullscreen\"><\/iframe><\/p>\n<p>&nbsp;<\/p>\n<p><strong>Beladice, Kri\u017eovatka \u2013 Germanic house<\/strong><\/p>\n<p><iframe loading=\"lazy\" src=\"https:\/\/www.youtube.com\/embed\/iP-M0YmnSAQ\" width=\"560\" height=\"315\" frameborder=\"0\" allowfullscreen=\"allowfullscreen\"><\/iframe><\/p>\n<p>&nbsp;<\/p>\n<p><strong>Kop\u010dany\u00a0\u2013 the church\u00a0from the 9<sup>th<\/sup>\u00a0century<\/strong><\/p>\n<p><iframe loading=\"lazy\" src=\"https:\/\/www.youtube.com\/embed\/1kixKj3NVqo\" width=\"560\" height=\"315\" frameborder=\"0\" allowfullscreen=\"allowfullscreen\"><\/iframe><\/p>\n<p>&nbsp;<\/p>\n<p><strong>Majcichov<\/strong>\u00a0<strong>\u2013 the reconstruction of the fortifications\u00a0from the 9<sup>th<\/sup>\u00a0century<\/strong><\/p>\n<p><iframe loading=\"lazy\" src=\"https:\/\/www.youtube.com\/embed\/srZdpUTdwzI\" width=\"560\" height=\"315\" frameborder=\"0\" allowfullscreen=\"allowfullscreen\"><\/iframe><\/p>\n<p>&nbsp;<\/p>\n<p><strong>Nitra, Dra\u017eovce \u2013\u00a0 the church St. Michal archangel<\/strong><\/p>\n<p><iframe loading=\"lazy\" src=\"https:\/\/www.youtube.com\/embed\/1BxmwylkTNE?rel=0\" width=\"560\" height=\"315\" frameborder=\"0\" allowfullscreen=\"allowfullscreen\"><\/iframe><\/p>\n<p>&nbsp;<\/p>\n<p><strong>Nitrianske Hrn\u010diarovce \u2013 the medieval\u00a0fort built on the prehistory site<\/strong><\/p>\n<p><iframe loading=\"lazy\" src=\"https:\/\/www.youtube.com\/embed\/BNJisF0J7wc?rel=0\" width=\"560\" height=\"315\" frameborder=\"0\" allowfullscreen=\"allowfullscreen\"><\/iframe><\/p>\n<p>&nbsp;<\/p>\n<p><strong>Nitra, location Mikov dvor \u2013\u00a0the reconstruction of the 11<sup>th<\/sup> century house<\/strong><\/p>\n<p><iframe loading=\"lazy\" src=\"https:\/\/www.youtube.com\/embed\/M9F7n1lgayA?rel=0\" width=\"560\" height=\"315\" frameborder=\"0\" allowfullscreen=\"allowfullscreen\"><\/iframe><\/p>\n<p>&nbsp;<\/p>\n<p><strong>Nitra, Star\u00e9 mesto, castle \u2013 the church St. Emmeram<\/strong><\/p>\n<p><iframe loading=\"lazy\" src=\"https:\/\/www.youtube.com\/embed\/s56ptsXEI44?rel=0\" width=\"560\" height=\"315\" frameborder=\"0\" allowfullscreen=\"allowfullscreen\"><\/iframe><\/p>\n<p>&nbsp;<\/p>\n<p>&nbsp;<\/p>\n<p><strong>Nitra, Zobor, location Martinsk\u00fd vrch \u2013 the church St. Martin, interior<\/strong><\/p>\n<p><iframe loading=\"lazy\" src=\"https:\/\/www.youtube.com\/embed\/sh6T2bDIUPM\" width=\"560\" height=\"315\" frameborder=\"0\" allowfullscreen=\"allowfullscreen\"><\/iframe><\/p>\n<p>&nbsp;<\/p>\n<p>&nbsp;<\/p>\n<p><strong>Nitra, Zobor, location\u00a0Martinsk\u00fd vrch \u2013 the church St. Martin<\/strong><\/p>\n<p><iframe loading=\"lazy\" src=\"https:\/\/www.youtube.com\/embed\/8zoETAxMU4o?rel=0\" width=\"560\" height=\"315\" frameborder=\"0\" allowfullscreen=\"allowfullscreen\"><\/iframe><\/p>\n<p>&nbsp;<\/p>\n<p><strong>Nitra, Chrenov\u00e1,\u00a0location Ma\u010dac\u00ed z\u00e1mok \u2013 the guarded castle from the 13<sup>th<\/sup> century<\/strong><\/p>\n<p><iframe loading=\"lazy\" src=\"https:\/\/www.youtube.com\/embed\/QNURxvAUuvc?rel=0\" width=\"560\" height=\"315\" frameborder=\"0\" allowfullscreen=\"allowfullscreen\"><\/iframe><\/p>\n<p>&nbsp;<\/p>\n<p><strong>Nitra, Star\u00e9 mesto,\u00a0castle \u2013 the reconstruction of the fortifications from the 9<sup>th<\/sup> century<\/strong><\/p>\n<p><iframe loading=\"lazy\" src=\"https:\/\/www.youtube.com\/embed\/JN9VVGaauWI?rel=0\" width=\"560\" height=\"315\" frameborder=\"0\" allowfullscreen=\"allowfullscreen\"><\/iframe><\/p>\n<p>&nbsp;<\/p>\n<p><strong>Nitra, Star\u00e9 mesto,\u00a0castle \u2013\u00a0southern casemates<\/strong><\/p>\n<p><iframe loading=\"lazy\" src=\"https:\/\/www.youtube.com\/embed\/l0o74O9QiAw?rel=0\" width=\"560\" height=\"315\" frameborder=\"0\" allowfullscreen=\"allowfullscreen\"><\/iframe><\/p>\n<p>&nbsp;<\/p>\n<p class=\"title style-scope ytd-video-primary-info-renderer\"><strong>Zvolen, M\u00f4\u0165ov\u00e1 \u2013 t<\/strong><strong>he reconstruction of the fortifications from the 9<sup>th<\/sup> century<\/strong><\/p>\n<p>&nbsp;<\/p>\n<p><iframe loading=\"lazy\" src=\"https:\/\/www.youtube.com\/embed\/gPlyveT2vNw\" width=\"560\" height=\"315\" frameborder=\"0\" allowfullscreen=\"allowfullscreen\"><\/iframe><\/p>\n<p>&nbsp;<\/p>\n<p><strong>Zvolen, M\u00f4\u0165ov\u00e1 \u2013 t<\/strong><strong>he reconstruction of the fortifications from the 10<sup>th<\/sup> century<\/strong><\/p>\n<p><iframe loading=\"lazy\" src=\"https:\/\/www.youtube.com\/embed\/G7X8aUMMWY4\" width=\"560\" height=\"315\" frameborder=\"0\" allowfullscreen=\"allowfullscreen\"><\/iframe><\/p>\n","protected":false},"excerpt":{"rendered":"<p>Tes\u00e1rske Mly\u0148any \u2013 house, La T\u00e9ne period Tes\u00e1rske Mly\u0148any \u2013 house, La T\u00e9ne period &nbsp; \u0160trba, \u0160oldov \u2013 a fortress, Gothic church &nbsp; Nitra, Zobor, location Martinsk\u00fd vrch \u2013 slavic settlement &nbsp; Nitra, Zobor, location Martinsk\u00fd vrch \u2013 slavic settlement &nbsp; Nitra, Zobor, location Martinsk\u00fd vrch \u2013 slavic settlement, interior Nitra, castle \u2013 the reconstruction &#8230; <a class=\"read-more\" href=\"https:\/\/archeol.sav.sk\/index.php\/en\/reconstruction-of-architecture\/\">\u010c\u00edtajte viac<\/a><\/p>\n","protected":false},"author":2,"featured_media":0,"parent":0,"menu_order":0,"comment_status":"closed","ping_status":"closed","template":"","meta":[],"_links":{"self":[{"href":"https:\/\/archeol.sav.sk\/index.php\/wp-json\/wp\/v2\/pages\/3801"}],"collection":[{"href":"https:\/\/archeol.sav.sk\/index.php\/wp-json\/wp\/v2\/pages"}],"about":[{"href":"https:\/\/archeol.sav.sk\/index.php\/wp-json\/wp\/v2\/types\/page"}],"author":[{"embeddable":true,"href":"https:\/\/archeol.sav.sk\/index.php\/wp-json\/wp\/v2\/users\/2"}],"replies":[{"embeddable":true,"href":"https:\/\/archeol.sav.sk\/index.php\/wp-json\/wp\/v2\/comments?post=3801"}],"version-history":[{"count":16,"href":"https:\/\/archeol.sav.sk\/index.php\/wp-json\/wp\/v2\/pages\/3801\/revisions"}],"predecessor-version":[{"id":5354,"href":"https:\/\/archeol.sav.sk\/index.php\/wp-json\/wp\/v2\/pages\/3801\/revisions\/5354"}],"wp:attachment":[{"href":"https:\/\/archeol.sav.sk\/index.php\/wp-json\/wp\/v2\/media?parent=3801"}],"curies":[{"name":"wp","href":"https:\/\/api.w.org\/{rel}","templated":true}]}}