{"id":3797,"date":"2018-10-02T14:50:53","date_gmt":"2018-10-02T12:50:53","guid":{"rendered":"http:\/\/archeol.sav.sk\/?page_id=3797"},"modified":"2018-10-02T15:57:41","modified_gmt":"2018-10-02T13:57:41","slug":"virtual-arch","status":"publish","type":"page","link":"https:\/\/archeol.sav.sk\/index.php\/en\/virtual-arch\/","title":{"rendered":"Virtual Arch"},"content":{"rendered":"<p><a href=\"https:\/\/www.interreg-central.eu\/Content.Node\/VirtualArch.html\"><img decoding=\"async\" loading=\"lazy\" class=\"alignright wp-image-3771\" src=\"http:\/\/archeol.sav.sk\/files\/Virtual-Arch_small-surface_vertical-1-278x300.jpg\" alt=\"virtual-arch_small-surface_vertical\" width=\"150\" height=\"162\" srcset=\"https:\/\/archeol.sav.sk\/files\/Virtual-Arch_small-surface_vertical-1-278x300.jpg 278w, https:\/\/archeol.sav.sk\/files\/Virtual-Arch_small-surface_vertical-1.jpg 522w\" sizes=\"(max-width: 150px) 100vw, 150px\" \/><\/a>Cultural heritage is at the heart of what it means to be European and it is being discovered by both governments and citizens as a means of improving economic performance, people\u2019s lives and living environments. Indeed archaeological (arch.) heritage is also now widely appreciated as an essential part of Europe\u2019s underlying<\/p>\n<p>socio-economic, cultural and natural capital. This is a significant change in focus as the protection of arch. Findings and sites have traditionally been regarded as costs to society. Central Europe has a broad diversity of arch. Heritage partly excellently developed and utilized. However, a broad share of this heritage &#8211; even of international importance &#8211; is very often hardly visible and tangible for the public and faces increasing menaces. In addition, inherent potentials for regional development lie idle and are waiting to become unveiled. But only archaeology, as prime owner of<\/p>\n<p>knowledge and information, may introduce those hidden pearls for economic use and implementation. Hence, <a href=\"https:\/\/www.interreg-central.eu\/Content.Node\/VirtualArch.html\">Virtual Arch<\/a> will contribute to a sustainable use and protection of non-visible and little known archaeological heritage underground or submerged by increasing the capacities of public actors in the field of archaeological heritage protection on presentation by introducing innovative visualization approaches and methods such as trend-setting ICT&amp;Virtual Reality (VR) tools. This introduces hidden arch. heritage as stimulant for regional growth and employment<\/p>\n<p>in new industries. Efforts to address valorization of invisible arch. heritage via visualization cannot be taken by countries and regions in isolation if they are to be effective. Participating regions are facing same challenges and<\/p>\n<p>share same aims and objectives. However, local framework conditions, methods and techniques applied are still different. Transnational cooperation will support the development of respective solutions by development of standard procedures, common tools and knowledge exchange.<\/p>\n<p><a href=\"https:\/\/www.interreg-central.eu\/Content.Node\/VirtualArch.html\"><img decoding=\"async\" loading=\"lazy\" class=\"alignleft wp-image-3799\" src=\"http:\/\/archeol.sav.sk\/files\/Virtual-Arch_small-surface_vertical-MonoChrome-278x300.jpg\" alt=\"virtual-arch_small-surface_vertical-monochrome\" width=\"150\" height=\"162\" srcset=\"https:\/\/archeol.sav.sk\/files\/Virtual-Arch_small-surface_vertical-MonoChrome-278x300.jpg 278w, https:\/\/archeol.sav.sk\/files\/Virtual-Arch_small-surface_vertical-MonoChrome.jpg 522w\" sizes=\"(max-width: 150px) 100vw, 150px\" \/><\/a>There is a possibility to render and test new approaches for protection and improvement of cultural heritage on the examples from the Nitra agglomeration. These are the regions with quite heavy environmental impact in the past as well as nowadays on one hand (there is being built one of the largest industrial zones in Europe \u2013 Land Rover-Jaguar, Sony, etc., massive road constructions, new residential zones, etc.), and with extreme density of archaeological sites on the other hand. The pilot action would be target on first-rate modern documentation of archaeological sites, which are situated in the more or less accessible landscapes, as well as sites endangered by infrastructure activities (highways, trade parks). The pilot action would introduce the proceedings to the public how to apprehend the actual \u201cnot visible\u201d heritage and utilize it for science, \u00a0teaching but also for development of tourism, as well as for spatial development planning.<\/p>\n<p>&nbsp;<\/p>\n<p>&nbsp;<\/p>\n<p><a href=\"http:\/\/archeol.sav.sk\/index.php\/en\/reconstruction-of-architecture\/\">Reconstruction of architecture<\/a><\/p>\n<p><a href=\"http:\/\/archeol.sav.sk\/index.php\/en\/documentation-of-findings\/\">Documentation of findings<\/a><\/p>\n<p>Lidar<\/p>\n<p><a href=\"http:\/\/archeol.sav.sk\/index.php\/en\/how-did-they-look\/\">How did they look?<\/a><\/p>\n<p><a href=\"http:\/\/archeol.sav.sk\/index.php\/en\/other\/\">Other<\/a><\/p>\n<p>&nbsp;<\/p>\n<p><strong>Slovak research team:\u00a0<\/strong><\/p>\n<p>Matej Ruttkay \u2013 leader, Anton Arp\u00e1\u0161, Elena Bakytov\u00e1, Branislav Bal\u017ean, Martin Bart\u00edk, Peter Bedn\u00e1r, Eva \u010caprdov\u00e1, Michal Hole\u0161\u010d\u00e1k, Michal Cheben, Tatiana Kme\u0165ov\u00e1, Jaroslava Ruttkayov\u00e1, Anna \u0160upov\u00e1, Barbara Zajacov\u00e1<\/p>\n<p>&nbsp;<\/p>\n<p><strong>Partners:<\/strong><\/p>\n<p>1. Landesamt f\u00fcr Arch\u00e4ologie Sachsen, Germany, 2. Fondazione Bruno Kessler, Italy, 3. Naturhistorisches Museum Wien, Praehistorische Abteilung, 4. Au\u00dfenstelle Hallstatt, Austria, 5. Uniwersytet Miko\u0142aja Kopernika w Toruniu, Instytut Archeologii UMK, Poland, 6. Archeologick\u00fd \u00fastav AV \u010cR, Praha, v.v. i., Czech Republic, 7. Provincia Autonoma di Trento, Italy, 8. Zavod za varstvo kulturne dedi\u0161\u010dine Slovenije \u2013 ZVKDS, Slovenia, 9. Gmina Miasta Puck, Poland, 10. Grad Zadar, Croatia<\/p>\n","protected":false},"excerpt":{"rendered":"<p>Cultural heritage is at the heart of what it means to be European and it is being discovered by both governments and citizens as a means of improving economic performance, people\u2019s lives and living environments. Indeed archaeological (arch.) heritage is also now widely appreciated as an essential part of Europe\u2019s underlying socio-economic, cultural and natural &#8230; <a class=\"read-more\" href=\"https:\/\/archeol.sav.sk\/index.php\/en\/virtual-arch\/\">\u010c\u00edtajte viac<\/a><\/p>\n","protected":false},"author":2,"featured_media":0,"parent":0,"menu_order":0,"comment_status":"closed","ping_status":"closed","template":"","meta":[],"_links":{"self":[{"href":"https:\/\/archeol.sav.sk\/index.php\/wp-json\/wp\/v2\/pages\/3797"}],"collection":[{"href":"https:\/\/archeol.sav.sk\/index.php\/wp-json\/wp\/v2\/pages"}],"about":[{"href":"https:\/\/archeol.sav.sk\/index.php\/wp-json\/wp\/v2\/types\/page"}],"author":[{"embeddable":true,"href":"https:\/\/archeol.sav.sk\/index.php\/wp-json\/wp\/v2\/users\/2"}],"replies":[{"embeddable":true,"href":"https:\/\/archeol.sav.sk\/index.php\/wp-json\/wp\/v2\/comments?post=3797"}],"version-history":[{"count":3,"href":"https:\/\/archeol.sav.sk\/index.php\/wp-json\/wp\/v2\/pages\/3797\/revisions"}],"predecessor-version":[{"id":3815,"href":"https:\/\/archeol.sav.sk\/index.php\/wp-json\/wp\/v2\/pages\/3797\/revisions\/3815"}],"wp:attachment":[{"href":"https:\/\/archeol.sav.sk\/index.php\/wp-json\/wp\/v2\/media?parent=3797"}],"curies":[{"name":"wp","href":"https:\/\/api.w.org\/{rel}","templated":true}]}}