{"id":3786,"date":"2018-09-27T14:59:55","date_gmt":"2018-09-27T12:59:55","guid":{"rendered":"http:\/\/archeol.sav.sk\/?page_id=3786"},"modified":"2020-08-28T16:02:39","modified_gmt":"2020-08-28T14:02:39","slug":"ako-vyzerali","status":"publish","type":"page","link":"https:\/\/archeol.sav.sk\/index.php\/sk\/ako-vyzerali\/","title":{"rendered":"Ako vyzerali?"},"content":{"rendered":"<p><strong>Keltsk\u00fd bojovn\u00edk<\/strong><\/p>\n<p><iframe loading=\"lazy\" src=\"https:\/\/www.youtube.com\/embed\/dLcIzCFLVDI\" width=\"560\" height=\"315\" frameborder=\"0\" allowfullscreen=\"allowfullscreen\"><\/iframe><\/p>\n<p>&nbsp;<\/p>\n<p><strong>Keltsk\u00e1 \u017eena <\/strong><strong><span style=\"font-size: 12pt;\">\u2013\u00a0 <\/span><\/strong><strong>spona je z lokality Slovensk\u00e9 Pravno<\/strong><\/p>\n<p><iframe loading=\"lazy\" src=\"https:\/\/www.youtube.com\/embed\/LSN-afQsN7w\" width=\"560\" height=\"315\" frameborder=\"0\" allowfullscreen=\"allowfullscreen\"><\/iframe><\/p>\n<p>&nbsp;<\/p>\n<h1 style=\"margin: 0cm; margin-bottom: .0001pt; background: white;\"><strong><span style=\"font-size: 12pt;\">Bojovn\u00edk z doby bronzovej \u2013 lokality L\u00fa\u010dky (prilba)\u00a0a \u010caka (pancier)<\/span><\/strong><\/h1>\n<p><iframe loading=\"lazy\" src=\"https:\/\/www.youtube.com\/embed\/G6tkAoSu0EM?rel=0\" width=\"560\" height=\"315\" frameborder=\"0\" allowfullscreen=\"allowfullscreen\"><\/iframe><\/p>\n<p>&nbsp;<\/p>\n<p class=\"title style-scope ytd-video-primary-info-renderer\"><strong>Ve\u013emo\u017e z mlad\u0161ej doby bronzovej<\/strong><\/p>\n<p><iframe loading=\"lazy\" src=\"https:\/\/www.youtube.com\/embed\/a5T8NwHNonc\" width=\"560\" height=\"315\" frameborder=\"0\" allowfullscreen=\"allowfullscreen\"><\/iframe><\/p>\n<p>&nbsp;<\/p>\n<h1 style=\"margin: 0cm; margin-bottom: .0001pt; background: white;\"><strong><span style=\"font-size: 12pt;\">Kum\u00e1nsky bojovn\u00edk v zbroji<\/span><\/strong><\/h1>\n<p><iframe loading=\"lazy\" src=\"https:\/\/www.youtube.com\/embed\/quNAJ6rNpVg?rel=0\" width=\"560\" height=\"315\" frameborder=\"0\" allowfullscreen=\"allowfullscreen\"><\/iframe><\/p>\n<p>&nbsp;<\/p>\n<h1 style=\"margin: 0cm; margin-bottom: .0001pt; background: white;\"><strong><span style=\"font-size: 12pt;\">Kum\u00e1nsky bojovn\u00edk<\/span><\/strong><\/h1>\n<p><iframe loading=\"lazy\" src=\"https:\/\/www.youtube.com\/embed\/W-uz6xA5xus?rel=0\" width=\"560\" height=\"315\" frameborder=\"0\" allowfullscreen=\"allowfullscreen\"><\/iframe><\/p>\n<p>&nbsp;<\/p>\n<h1 style=\"margin: 0cm; margin-bottom: .0001pt; background: white;\"><strong><span style=\"font-size: 12pt;\">\u017dena v slovanskom odeve s kor\u00e1lkami a bronzovou hrk\u00e1lkou<\/span><\/strong><\/h1>\n<p><iframe loading=\"lazy\" src=\"https:\/\/www.youtube.com\/embed\/jn1dxdUuus8?rel=0\" width=\"560\" height=\"315\" frameborder=\"0\" allowfullscreen=\"allowfullscreen\"><\/iframe><\/p>\n<p>&nbsp;<\/p>\n<h1 style=\"margin: 0cm; margin-bottom: .0001pt; background: white;\"><strong><span style=\"font-size: 12pt;\">\u017dena v slovanskom odeve s bronzov\u00fdmi n\u00e1u\u0161nicami<\/span><\/strong><\/h1>\n<p><iframe loading=\"lazy\" src=\"https:\/\/www.youtube.com\/embed\/rD2gFkFnhsM?rel=0\" width=\"560\" height=\"315\" frameborder=\"0\" allowfullscreen=\"allowfullscreen\"><\/iframe><\/p>\n<p>&nbsp;<\/p>\n<p style=\"margin: 0cm; margin-bottom: .0001pt; background: white;\"><strong><span style=\"font-size: 12pt;\">\u017dena v slovanskom odeve s<\/span><\/strong> <strong>n\u00e1u\u0161nicami a s lunicov\u00fdm z\u00e1veskom<\/strong><\/p>\n<p><iframe loading=\"lazy\" src=\"https:\/\/www.youtube.com\/embed\/r0leUMvusPA\" width=\"560\" height=\"315\" frameborder=\"0\" allowfullscreen=\"allowfullscreen\"><\/iframe><\/p>\n<p>&nbsp;<\/p>\n<h1 style=\"margin: 0cm; margin-bottom: .0001pt; background: white;\"><strong><span style=\"font-size: 12pt;\">Ve\u013ekomoravsk\u00fd bojovn\u00edk \u2013 lokalita Bojn\u00e1 (prilba)<\/span><\/strong><\/h1>\n<p><iframe loading=\"lazy\" src=\"https:\/\/www.youtube.com\/embed\/ZIOG8JSOiMY?rel=0\" width=\"560\" height=\"315\" frameborder=\"0\" allowfullscreen=\"allowfullscreen\"><\/iframe><\/p>\n<p>&nbsp;<\/p>\n<p><strong>Slovansk\u00fd kupec<\/strong><\/p>\n<p><iframe loading=\"lazy\" src=\"https:\/\/www.youtube.com\/embed\/AeOCQkIy8B4\" width=\"560\" height=\"315\" frameborder=\"0\" allowfullscreen=\"allowfullscreen\"><\/iframe><\/p>\n<p>&nbsp;<\/p>\n<p>&nbsp;<\/p>\n<p><a href=\"http:\/\/archeol.sav.sk\/index.php\/sk\/autorske-prava\/\">Autorsk\u00e9 pr\u00e1va<\/a><\/p>\n","protected":false},"excerpt":{"rendered":"<p>Keltsk\u00fd bojovn\u00edk &nbsp; Keltsk\u00e1 \u017eena \u2013\u00a0 spona je z lokality Slovensk\u00e9 Pravno &nbsp; Bojovn\u00edk z doby bronzovej \u2013 lokality L\u00fa\u010dky (prilba)\u00a0a \u010caka (pancier) &nbsp; Ve\u013emo\u017e z mlad\u0161ej doby bronzovej &nbsp; Kum\u00e1nsky bojovn\u00edk v zbroji &nbsp; Kum\u00e1nsky bojovn\u00edk &nbsp; \u017dena v slovanskom odeve s kor\u00e1lkami a bronzovou hrk\u00e1lkou &nbsp; \u017dena v slovanskom odeve s bronzov\u00fdmi n\u00e1u\u0161nicami &#8230; <a class=\"read-more\" href=\"https:\/\/archeol.sav.sk\/index.php\/sk\/ako-vyzerali\/\">\u010c\u00edtajte viac<\/a><\/p>\n","protected":false},"author":2,"featured_media":0,"parent":0,"menu_order":0,"comment_status":"closed","ping_status":"closed","template":"","meta":[],"_links":{"self":[{"href":"https:\/\/archeol.sav.sk\/index.php\/wp-json\/wp\/v2\/pages\/3786"}],"collection":[{"href":"https:\/\/archeol.sav.sk\/index.php\/wp-json\/wp\/v2\/pages"}],"about":[{"href":"https:\/\/archeol.sav.sk\/index.php\/wp-json\/wp\/v2\/types\/page"}],"author":[{"embeddable":true,"href":"https:\/\/archeol.sav.sk\/index.php\/wp-json\/wp\/v2\/users\/2"}],"replies":[{"embeddable":true,"href":"https:\/\/archeol.sav.sk\/index.php\/wp-json\/wp\/v2\/comments?post=3786"}],"version-history":[{"count":8,"href":"https:\/\/archeol.sav.sk\/index.php\/wp-json\/wp\/v2\/pages\/3786\/revisions"}],"predecessor-version":[{"id":5350,"href":"https:\/\/archeol.sav.sk\/index.php\/wp-json\/wp\/v2\/pages\/3786\/revisions\/5350"}],"wp:attachment":[{"href":"https:\/\/archeol.sav.sk\/index.php\/wp-json\/wp\/v2\/media?parent=3786"}],"curies":[{"name":"wp","href":"https:\/\/api.w.org\/{rel}","templated":true}]}}