{"id":3784,"date":"2018-09-27T14:45:53","date_gmt":"2018-09-27T12:45:53","guid":{"rendered":"http:\/\/archeol.sav.sk\/?page_id=3784"},"modified":"2020-08-28T15:19:26","modified_gmt":"2020-08-28T13:19:26","slug":"lidar","status":"publish","type":"page","link":"https:\/\/archeol.sav.sk\/index.php\/sk\/lidar\/","title":{"rendered":"Lidar"},"content":{"rendered":"<h1 style=\"margin: 0cm; margin-bottom: .0001pt; background: white;\"><strong><span style=\"font-size: 12pt;\">Nitra, Zobor \u2013 hradisko Zobor<\/span><\/strong><\/h1>\n<p><iframe loading=\"lazy\" src=\"https:\/\/www.youtube.com\/embed\/MqkONtaPZFk\" width=\"560\" height=\"315\" frameborder=\"0\" allowfullscreen=\"allowfullscreen\"><\/iframe><\/p>\n<p>&nbsp;<\/p>\n<h1 style=\"margin: 0cm; margin-bottom: .0001pt; background: white;\"><strong><span style=\"font-size: 12pt;\">Nitra, Zobor \u2013 hradisko Lupka<\/span><\/strong><\/h1>\n<p><iframe loading=\"lazy\" src=\"https:\/\/www.youtube.com\/embed\/YWlFJwW_PEE?rel=0\" width=\"560\" height=\"315\" frameborder=\"0\" allowfullscreen=\"allowfullscreen\"><\/iframe><\/p>\n<h1 style=\"margin: 0cm; margin-bottom: .0001pt; background: white;\"><strong><span style=\"font-size: 12pt;\">Nitrianske Hrn\u010diarovce \u2013 stredovek\u00fd hr\u00e1dok na pravekej lokalite<\/span><\/strong><\/h1>\n<p><iframe loading=\"lazy\" src=\"https:\/\/www.youtube.com\/embed\/y6qEctpZkEI?rel=0\" width=\"560\" height=\"315\" frameborder=\"0\" allowfullscreen=\"allowfullscreen\"><\/iframe><\/p>\n<p><a href=\"http:\/\/archeol.sav.sk\/index.php\/sk\/autorske-prava\/\">Autorsk\u00e9 pr\u00e1va<\/a><\/p>\n","protected":false},"excerpt":{"rendered":"<p>Nitra, Zobor \u2013 hradisko Zobor &nbsp; Nitra, Zobor \u2013 hradisko Lupka Nitrianske Hrn\u010diarovce \u2013 stredovek\u00fd hr\u00e1dok na pravekej lokalite Autorsk\u00e9 pr\u00e1va<\/p>\n","protected":false},"author":2,"featured_media":0,"parent":0,"menu_order":0,"comment_status":"closed","ping_status":"closed","template":"","meta":[],"_links":{"self":[{"href":"https:\/\/archeol.sav.sk\/index.php\/wp-json\/wp\/v2\/pages\/3784"}],"collection":[{"href":"https:\/\/archeol.sav.sk\/index.php\/wp-json\/wp\/v2\/pages"}],"about":[{"href":"https:\/\/archeol.sav.sk\/index.php\/wp-json\/wp\/v2\/types\/page"}],"author":[{"embeddable":true,"href":"https:\/\/archeol.sav.sk\/index.php\/wp-json\/wp\/v2\/users\/2"}],"replies":[{"embeddable":true,"href":"https:\/\/archeol.sav.sk\/index.php\/wp-json\/wp\/v2\/comments?post=3784"}],"version-history":[{"count":3,"href":"https:\/\/archeol.sav.sk\/index.php\/wp-json\/wp\/v2\/pages\/3784\/revisions"}],"predecessor-version":[{"id":5326,"href":"https:\/\/archeol.sav.sk\/index.php\/wp-json\/wp\/v2\/pages\/3784\/revisions\/5326"}],"wp:attachment":[{"href":"https:\/\/archeol.sav.sk\/index.php\/wp-json\/wp\/v2\/media?parent=3784"}],"curies":[{"name":"wp","href":"https:\/\/api.w.org\/{rel}","templated":true}]}}