{"id":3779,"date":"2018-09-27T13:51:16","date_gmt":"2018-09-27T11:51:16","guid":{"rendered":"http:\/\/archeol.sav.sk\/?page_id=3779"},"modified":"2020-08-28T15:51:39","modified_gmt":"2020-08-28T13:51:39","slug":"rekonstrukcie-nalezov","status":"publish","type":"page","link":"https:\/\/archeol.sav.sk\/index.php\/sk\/rekonstrukcie-nalezov\/","title":{"rendered":"Dokument\u00e1cia n\u00e1lezov"},"content":{"rendered":"<p class=\"title style-scope ytd-video-primary-info-renderer\"><strong>\u0160urany, \u010das\u0165 Nitriansky Hr\u00e1dok \u2013 d\u017eb\u00e1n zdoben\u00fd br\u00e1zden\u00fdm vpichom<\/strong><\/p>\n<p><iframe loading=\"lazy\" src=\"https:\/\/www.youtube.com\/embed\/phPGyITaDBg\" width=\"560\" height=\"315\" frameborder=\"0\" allowfullscreen=\"allowfullscreen\"><\/iframe><\/p>\n<p>&nbsp;<\/p>\n<p><strong>Svod\u00edn \u2013 kultov\u00e1 n\u00e1doba, mlad\u0161ia doba kamenn\u00e1<\/strong><br \/>\n<iframe loading=\"lazy\" src=\"https:\/\/www.youtube.com\/embed\/WJrc3SAQBaQ\" width=\"560\" height=\"315\" frameborder=\"0\" allowfullscreen=\"allowfullscreen\"><\/iframe><\/p>\n<p>&nbsp;<\/p>\n<p><strong>Slovensk\u00e9 Pravno<\/strong> <strong>\u2013 maskovit\u00e1 spona, doba lat\u00e9nska<\/strong><br \/>\n<iframe loading=\"lazy\" src=\"https:\/\/www.youtube.com\/embed\/ssiwSn7nGO0\" width=\"560\" height=\"315\" frameborder=\"0\" allowfullscreen=\"allowfullscreen\"><\/iframe><\/p>\n<p>&nbsp;<\/p>\n<p><strong>Pal\u00e1rikovo \u2013 kultov\u00e1 n\u00e1doba, doba lat\u00e9nska<\/strong><br \/>\n<iframe loading=\"lazy\" src=\"https:\/\/www.youtube.com\/embed\/Nuu-TRHV2Q8\" width=\"560\" height=\"315\" frameborder=\"0\" allowfullscreen=\"allowfullscreen\"><\/iframe><\/p>\n<p>&nbsp;<\/p>\n<p class=\"title style-scope ytd-video-primary-info-renderer\"><strong>Nitra Polyg\u00f3n \u2013 n\u00f4\u017e s kostenou rukov\u00e4\u0165ou<\/strong><\/p>\n<p><iframe loading=\"lazy\" src=\"https:\/\/www.youtube.com\/embed\/l3cKkfJoA_Y\" width=\"560\" height=\"315\" frameborder=\"0\" allowfullscreen=\"allowfullscreen\"><\/iframe><\/p>\n<p>&nbsp;<\/p>\n<p class=\"title style-scope ytd-video-primary-info-renderer\"><strong>Nitra, Mikov dvor \u2013 pozl\u00e1teny gomb\u00edk<\/strong><\/p>\n<p><iframe loading=\"lazy\" src=\"https:\/\/www.youtube.com\/embed\/8JlN0JU9Vbs\" width=\"560\" height=\"315\" frameborder=\"0\" allowfullscreen=\"allowfullscreen\"><\/iframe><\/p>\n<p>&nbsp;<\/p>\n<p class=\"title style-scope ytd-video-primary-info-renderer\"><strong>Nitra, Martinsk\u00fd vrch \u2013 bronzov\u00e1 spona<\/strong><\/p>\n<p><iframe loading=\"lazy\" src=\"https:\/\/www.youtube.com\/embed\/mdCSEkp1R_c\" width=\"560\" height=\"315\" frameborder=\"0\" allowfullscreen=\"allowfullscreen\"><\/iframe><\/p>\n<p>&nbsp;<\/p>\n<p><strong>Nitra, Lu\u017eianky \u2013 minca<\/strong><br \/>\n<iframe loading=\"lazy\" src=\"https:\/\/www.youtube.com\/embed\/qSNazmGdLbM\" width=\"560\" height=\"315\" frameborder=\"0\" allowfullscreen=\"allowfullscreen\"><\/iframe><\/p>\n<p>&nbsp;<\/p>\n<p class=\"title style-scope ytd-video-primary-info-renderer\"><strong>Nitra, Kynek \u2013 glazovan\u00e9 vaj\u00ed\u010dko, 11.\u201312. storo\u010die<\/strong><\/p>\n<p><iframe loading=\"lazy\" src=\"https:\/\/www.youtube.com\/embed\/UrpT2CmAh54\" width=\"560\" height=\"315\" frameborder=\"0\" allowfullscreen=\"allowfullscreen\"><\/iframe><\/p>\n<p>&nbsp;<\/p>\n<p class=\"title style-scope ytd-video-primary-info-renderer\"><strong>Nitra, Amfite\u00e1ter \u2013 pozl\u00e1ten\u00fd gomb\u00edk\u00a0<\/strong><\/p>\n<p><iframe loading=\"lazy\" src=\"https:\/\/www.youtube.com\/embed\/pKoF-AGGIRg\" width=\"560\" height=\"315\" frameborder=\"0\" allowfullscreen=\"allowfullscreen\"><\/iframe><\/p>\n<p>&nbsp;<\/p>\n<p class=\"title style-scope ytd-video-primary-info-renderer\"><strong>Nitra \u2013 spona v tvare kon\u00edka<\/strong><\/p>\n<p><iframe loading=\"lazy\" src=\"https:\/\/www.youtube.com\/embed\/rtwPOy4ub5g\" width=\"560\" height=\"315\" frameborder=\"0\" allowfullscreen=\"allowfullscreen\"><\/iframe><\/p>\n<p>&nbsp;<\/p>\n<p class=\"title style-scope ytd-video-primary-info-renderer\"><strong>I\u017ea \u2013 slonovinov\u00e1 plastika<\/strong><\/p>\n<p><iframe loading=\"lazy\" src=\"https:\/\/www.youtube.com\/embed\/MpaDzDwISUY\" width=\"560\" height=\"315\" frameborder=\"0\" allowfullscreen=\"allowfullscreen\"><\/iframe><\/p>\n<p>&nbsp;<\/p>\n<p><strong>Ducov\u00e9 \u2013 gomb\u00edk<\/strong><\/p>\n<p><iframe loading=\"lazy\" src=\"https:\/\/www.youtube.com\/embed\/nUeyqb-vnJg\" width=\"560\" height=\"315\" frameborder=\"0\" allowfullscreen=\"allowfullscreen\"><\/iframe><\/p>\n<p>&nbsp;<\/p>\n<p><strong>C\u00edfer-P\u00e1c \u2013 pozl\u00e1ten\u00e1 l\u00fa\u010dovit\u00e1 spona<\/strong><\/p>\n<p><iframe loading=\"lazy\" src=\"https:\/\/www.youtube.com\/embed\/D6kTP8lmMPY\" width=\"560\" height=\"315\" frameborder=\"0\" allowfullscreen=\"allowfullscreen\"><\/iframe><\/p>\n<p>&nbsp;<\/p>\n<p><strong>Nitra, Zobor, poloha Lupka \u2013 n\u00e1u\u0161nica s liatym z\u00e1veskom<\/strong><\/p>\n<p><iframe loading=\"lazy\" src=\"https:\/\/www.youtube.com\/embed\/VYbbe78piTI?rel=0\" width=\"560\" height=\"315\" frameborder=\"0\" allowfullscreen=\"allowfullscreen\"><\/iframe><\/p>\n<p>&nbsp;<\/p>\n<h1 style=\"margin: 0cm; margin-bottom: .0001pt; background: white;\"><strong><span style=\"font-size: 12pt;\">Nitra, Mikov dvor \u2013 spona s hrotitou n\u00f4\u017ekou<\/span><\/strong><\/h1>\n<p><iframe loading=\"lazy\" src=\"https:\/\/www.youtube.com\/embed\/OMfSeE0KSis?rel=0\" width=\"560\" height=\"315\" frameborder=\"0\" allowfullscreen=\"allowfullscreen\"><\/iframe><\/p>\n<h1 style=\"margin: 0cm; margin-bottom: .0001pt; background: white;\"><\/h1>\n<h1 style=\"margin: 0cm; margin-bottom: .0001pt; background: white;\"><strong><span style=\"font-size: 12pt;\">Nitra, Zobor, poloha Lupka \u2013 lunicov\u00fd z\u00e1vesok<\/span><\/strong><\/h1>\n<p><iframe loading=\"lazy\" src=\"https:\/\/www.youtube.com\/embed\/E2U3JhtY0Yk?rel=0\" width=\"560\" height=\"315\" frameborder=\"0\" allowfullscreen=\"allowfullscreen\"><\/iframe><\/p>\n<p>&nbsp;<\/p>\n<h1 style=\"margin: 0cm; margin-bottom: .0001pt; background: white;\"><strong><span style=\"font-size: 12pt;\">Nitra, Mikov dvor \u2013 prste\u0148 s modr\u00fdm o\u010dkom<\/span><\/strong><\/h1>\n<p><iframe loading=\"lazy\" src=\"https:\/\/www.youtube.com\/embed\/EBc8Aj_QI5A?rel=0\" width=\"560\" height=\"315\" frameborder=\"0\" allowfullscreen=\"allowfullscreen\"><\/iframe><\/p>\n<p>&nbsp;<\/p>\n<h1 style=\"margin: 0cm; margin-bottom: .0001pt; background: white;\"><strong><span style=\"font-size: 12pt;\">Bran\u010d \u2013 \u0161perk v tvare v\u0155bov\u00e9ho listu<\/span><\/strong><\/h1>\n<p><iframe loading=\"lazy\" src=\"https:\/\/www.youtube.com\/embed\/jjeDHUNBbOU?rel=0\" width=\"560\" height=\"315\" frameborder=\"0\" allowfullscreen=\"allowfullscreen\"><\/iframe><\/p>\n<p>&nbsp;<\/p>\n<p><strong>Nitra, Doln\u00e9 Kr\u0161kany \u2013 bronzov\u00e1 rolni\u010dka<\/strong><br \/>\n<iframe loading=\"lazy\" src=\"https:\/\/www.youtube.com\/embed\/Sg_Jc8nyM-8?rel=0\" width=\"560\" height=\"315\" frameborder=\"0\" allowfullscreen=\"allowfullscreen\"><\/iframe><\/p>\n<p>&nbsp;<\/p>\n<h1 style=\"margin: 0cm; margin-bottom: .0001pt; background: white;\"><strong><span style=\"font-size: 12pt;\">Lu\u017eianky \u2013 ma\u013eovan\u00e1 keramika<\/span><\/strong><\/h1>\n<p><iframe loading=\"lazy\" src=\"https:\/\/www.youtube.com\/embed\/ZvtBbBuPLYw?rel=0\" width=\"560\" height=\"315\" frameborder=\"0\" allowfullscreen=\"allowfullscreen\"><\/iframe><\/p>\n<p>&nbsp;<\/p>\n<h1 style=\"margin: 0cm; margin-bottom: .0001pt; background: white;\"><strong><span style=\"font-size: 12pt;\">\u0160urany, \u010das\u0165 Nitriansky Hr\u00e1dok \u2013 d\u017eb\u00e1n zdoben\u00fd br\u00e1zden\u00fdm vpichom<\/span><\/strong><\/h1>\n<p><iframe loading=\"lazy\" src=\"https:\/\/www.youtube.com\/embed\/phPGyITaDBg?rel=0\" width=\"560\" height=\"315\" frameborder=\"0\" allowfullscreen=\"allowfullscreen\"><\/iframe><\/p>\n<p>&nbsp;<\/p>\n<h1 style=\"margin: 0cm; margin-bottom: .0001pt; background: white;\"><strong><span style=\"font-size: 12pt;\">Nitra, \u010cerm\u00e1\u0148 \u2013 kamenn\u00e1 \u010depe\u013e<\/span><\/strong><\/h1>\n<p><iframe loading=\"lazy\" src=\"https:\/\/www.youtube.com\/embed\/GP15KDym5j8?rel=0\" width=\"560\" height=\"315\" frameborder=\"0\" allowfullscreen=\"allowfullscreen\"><\/iframe><\/p>\n<p>&nbsp;<\/p>\n<h1 style=\"margin: 0cm; margin-bottom: .0001pt; background: white;\"><strong><span style=\"font-size: 12pt;\">Nitra hrad \u2013 bronzov\u00e1 d\u00fdka<\/span><\/strong><\/h1>\n<p><iframe loading=\"lazy\" src=\"https:\/\/www.youtube.com\/embed\/vm9yu-tgj9w?rel=0\" width=\"560\" height=\"315\" frameborder=\"0\" allowfullscreen=\"allowfullscreen\"><\/iframe><\/p>\n<p>&nbsp;<\/p>\n<h1 style=\"margin: 0cm; margin-bottom: .0001pt; background: white;\"><strong><span style=\"font-size: 12pt;\">Nitra, Mostn\u00e1 ulica \u2013 bronzov\u00fd palc\u00e1t<\/span><\/strong><\/h1>\n<p><iframe loading=\"lazy\" src=\"https:\/\/www.youtube.com\/embed\/kmkJKwMbQ2I?rel=0\" width=\"560\" height=\"315\" frameborder=\"0\" allowfullscreen=\"allowfullscreen\"><\/iframe><\/p>\n<p>&nbsp;<\/p>\n<h1 style=\"margin: 0cm; margin-bottom: .0001pt; background: white;\"><strong><span style=\"font-size: 12pt;\">\u0160urany, \u010das\u0165 Nitriansky Hr\u00e1dok \u2013 sklenen\u00fd n\u00e1ramok<\/span><\/strong><\/h1>\n<p><iframe loading=\"lazy\" src=\"https:\/\/www.youtube.com\/embed\/WPBaQ-6VL_s?rel=0\" width=\"560\" height=\"315\" frameborder=\"0\" allowfullscreen=\"allowfullscreen\"><\/iframe><\/p>\n<p><a href=\"http:\/\/archeol.sav.sk\/index.php\/sk\/autorske-prava\/\">Autorsk\u00e9 pr\u00e1va<\/a><\/p>\n","protected":false},"excerpt":{"rendered":"<p>\u0160urany, \u010das\u0165 Nitriansky Hr\u00e1dok \u2013 d\u017eb\u00e1n zdoben\u00fd br\u00e1zden\u00fdm vpichom &nbsp; Svod\u00edn \u2013 kultov\u00e1 n\u00e1doba, mlad\u0161ia doba kamenn\u00e1 &nbsp; Slovensk\u00e9 Pravno \u2013 maskovit\u00e1 spona, doba lat\u00e9nska &nbsp; Pal\u00e1rikovo \u2013 kultov\u00e1 n\u00e1doba, doba lat\u00e9nska &nbsp; Nitra Polyg\u00f3n \u2013 n\u00f4\u017e s kostenou rukov\u00e4\u0165ou &nbsp; Nitra, Mikov dvor \u2013 pozl\u00e1teny gomb\u00edk &nbsp; Nitra, Martinsk\u00fd vrch \u2013 bronzov\u00e1 spona &nbsp; &#8230; <a class=\"read-more\" href=\"https:\/\/archeol.sav.sk\/index.php\/sk\/rekonstrukcie-nalezov\/\">\u010c\u00edtajte viac<\/a><\/p>\n","protected":false},"author":2,"featured_media":0,"parent":0,"menu_order":0,"comment_status":"closed","ping_status":"closed","template":"","meta":[],"_links":{"self":[{"href":"https:\/\/archeol.sav.sk\/index.php\/wp-json\/wp\/v2\/pages\/3779"}],"collection":[{"href":"https:\/\/archeol.sav.sk\/index.php\/wp-json\/wp\/v2\/pages"}],"about":[{"href":"https:\/\/archeol.sav.sk\/index.php\/wp-json\/wp\/v2\/types\/page"}],"author":[{"embeddable":true,"href":"https:\/\/archeol.sav.sk\/index.php\/wp-json\/wp\/v2\/users\/2"}],"replies":[{"embeddable":true,"href":"https:\/\/archeol.sav.sk\/index.php\/wp-json\/wp\/v2\/comments?post=3779"}],"version-history":[{"count":16,"href":"https:\/\/archeol.sav.sk\/index.php\/wp-json\/wp\/v2\/pages\/3779\/revisions"}],"predecessor-version":[{"id":5343,"href":"https:\/\/archeol.sav.sk\/index.php\/wp-json\/wp\/v2\/pages\/3779\/revisions\/5343"}],"wp:attachment":[{"href":"https:\/\/archeol.sav.sk\/index.php\/wp-json\/wp\/v2\/media?parent=3779"}],"curies":[{"name":"wp","href":"https:\/\/api.w.org\/{rel}","templated":true}]}}