{"id":3774,"date":"2018-09-27T10:43:52","date_gmt":"2018-09-27T08:43:52","guid":{"rendered":"http:\/\/archeol.sav.sk\/?page_id=3774"},"modified":"2020-08-28T16:08:01","modified_gmt":"2020-08-28T14:08:01","slug":"rekonstrukcie-architektury","status":"publish","type":"page","link":"https:\/\/archeol.sav.sk\/index.php\/sk\/rekonstrukcie-architektury\/","title":{"rendered":"Rekon\u0161trukcie architekt\u00fary"},"content":{"rendered":"<p><strong>Tes\u00e1rske Mly\u0148any \u2013 dom z mlad\u0161ej doby \u017eeleznej<\/strong><br \/>\n<iframe loading=\"lazy\" src=\"https:\/\/www.youtube.com\/embed\/VAtuSJVzMmk\" width=\"560\" height=\"315\" frameborder=\"0\" allowfullscreen=\"allowfullscreen\"><\/iframe><\/p>\n<p>&nbsp;<\/p>\n<p class=\"title style-scope ytd-video-primary-info-renderer\"><strong>Tes\u00e1rske Mly\u0148any \u2013 dom z mlad\u0161ej doby \u017eeleznej<\/strong><\/p>\n<p><iframe loading=\"lazy\" src=\"https:\/\/www.youtube.com\/embed\/pKrzhDiYanQ\" width=\"560\" height=\"315\" frameborder=\"0\" allowfullscreen=\"allowfullscreen\"><\/iframe><\/p>\n<p>&nbsp;<\/p>\n<p class=\"title style-scope ytd-video-primary-info-renderer\"><strong>\u0160trba, \u0160oldov \u2013 opevnen\u00fd, gotick\u00fd kostol<\/strong><\/p>\n<p><iframe loading=\"lazy\" src=\"https:\/\/www.youtube.com\/embed\/KuvIS5j0KVA\" width=\"560\" height=\"315\" frameborder=\"0\" allowfullscreen=\"allowfullscreen\"><\/iframe><\/p>\n<p>&nbsp;<\/p>\n<p><strong>Nitra, Zobor, poloha Martinsk\u00fd vrch \u2013<\/strong> <strong>slovansk\u00e9 obydlie<\/strong><br \/>\n<iframe loading=\"lazy\" src=\"https:\/\/www.youtube.com\/embed\/BiltdC65-RY\" width=\"560\" height=\"315\" frameborder=\"0\" allowfullscreen=\"allowfullscreen\"><\/iframe><\/p>\n<p>&nbsp;<\/p>\n<p><strong>Nitra, Zobor, poloha Martinsk\u00fd vrch \u2013<\/strong> <strong>slovansk\u00e9 obydlie<\/strong><br \/>\n<iframe loading=\"lazy\" src=\"https:\/\/www.youtube.com\/embed\/bjBRi9ffcJ0\" width=\"560\" height=\"315\" frameborder=\"0\" allowfullscreen=\"allowfullscreen\"><\/iframe><\/p>\n<p>&nbsp;<\/p>\n<p class=\"title style-scope ytd-video-primary-info-renderer\"><strong>Nitra, Zobor, poloha Martinsk\u00fd vrch \u2013<\/strong> <strong>slovansk\u00e9 obydlie, interi\u00e9r<\/strong><\/p>\n<p><iframe loading=\"lazy\" src=\"https:\/\/www.youtube.com\/embed\/g0__bPgWw2I\" width=\"560\" height=\"315\" frameborder=\"0\" allowfullscreen=\"allowfullscreen\"><\/iframe><\/p>\n<p>&nbsp;<\/p>\n<p><strong>Nitra, hrad &#8211; rekon\u0161trukcia vstupnej br\u00e1ny, 16. storo\u010die<\/strong><\/p>\n<p><iframe loading=\"lazy\" src=\"https:\/\/www.youtube.com\/embed\/D68HdLLVpJA\" width=\"560\" height=\"315\" frameborder=\"0\" allowfullscreen=\"allowfullscreen\"><\/iframe><\/p>\n<p>&nbsp;<\/p>\n<p class=\"title style-scope ytd-video-primary-info-renderer\"><strong>Nitra, Star\u00e9 mesto, hrad &#8211; rekon\u0161trukcia opevnenia z 11. storo\u010dia<\/strong><\/p>\n<p><iframe loading=\"lazy\" src=\"https:\/\/www.youtube.com\/embed\/JF9-WBacegs\" width=\"560\" height=\"315\" frameborder=\"0\" allowfullscreen=\"allowfullscreen\"><\/iframe><\/p>\n<p>&nbsp;<\/p>\n<p><strong>Al-Qusur, Failaka, Kuvajt \u2013 rekon\u0161trukcia domu z nestori\u00e1nskej osady<\/strong><\/p>\n<p><iframe loading=\"lazy\" src=\"https:\/\/www.youtube.com\/embed\/XFv1cpDS41o\" width=\"560\" height=\"315\" frameborder=\"0\" allowfullscreen=\"allowfullscreen\"><\/iframe><\/p>\n<p>&nbsp;<\/p>\n<p><strong>Beladice,\u00a0poloha Kri\u017eovatka \u2013 germ\u00e1nsky dom<\/strong><\/p>\n<p><iframe loading=\"lazy\" src=\"https:\/\/www.youtube.com\/embed\/iP-M0YmnSAQ\" width=\"560\" height=\"315\" frameborder=\"0\" allowfullscreen=\"allowfullscreen\"><\/iframe><\/p>\n<p>&nbsp;<\/p>\n<p><strong>Kop\u010dany\u00a0\u2013 kostol z 10. storo\u010dia<\/strong><\/p>\n<p><iframe loading=\"lazy\" src=\"https:\/\/www.youtube.com\/embed\/1kixKj3NVqo\" width=\"560\" height=\"315\" frameborder=\"0\" allowfullscreen=\"allowfullscreen\"><\/iframe><\/p>\n<p>&nbsp;<\/p>\n<p><strong>Majcichov<\/strong>\u00a0<strong>\u2013 opevnenie z 9. storo\u010dia<\/strong><\/p>\n<p><iframe loading=\"lazy\" src=\"https:\/\/www.youtube.com\/embed\/srZdpUTdwzI\" width=\"560\" height=\"315\" frameborder=\"0\" allowfullscreen=\"allowfullscreen\"><\/iframe><\/p>\n<p>&nbsp;<\/p>\n<p><strong>Nitra, Dra\u017eovce \u2013 kostol Sv. Michala archanjela<\/strong><\/p>\n<p><iframe loading=\"lazy\" src=\"https:\/\/www.youtube.com\/embed\/1BxmwylkTNE?rel=0\" width=\"560\" height=\"315\" frameborder=\"0\" allowfullscreen=\"allowfullscreen\"><\/iframe><\/p>\n<p>&nbsp;<\/p>\n<p><strong>Nitrianske Hrn\u010diarovce \u2013 stredovek\u00fd hr\u00e1dok postaven\u00fd na pravekej lokalite<\/strong><\/p>\n<p><iframe loading=\"lazy\" src=\"https:\/\/www.youtube.com\/embed\/BNJisF0J7wc?rel=0\" width=\"560\" height=\"315\" frameborder=\"0\" allowfullscreen=\"allowfullscreen\"><\/iframe><\/p>\n<p>&nbsp;<\/p>\n<p><strong>Nitra, poloha Mikov dvor \u2013 rekon\u0161trukcia domu z 11. storo\u010dia<\/strong><\/p>\n<p><iframe loading=\"lazy\" src=\"https:\/\/www.youtube.com\/embed\/M9F7n1lgayA?rel=0\" width=\"560\" height=\"315\" frameborder=\"0\" allowfullscreen=\"allowfullscreen\"><\/iframe><\/p>\n<p>&nbsp;<\/p>\n<p><strong>Nitra, Star\u00e9 mesto, hrad \u2013 kostol Sv. Emer\u00e1ma<\/strong><\/p>\n<p><iframe loading=\"lazy\" src=\"https:\/\/www.youtube.com\/embed\/s56ptsXEI44?rel=0\" width=\"560\" height=\"315\" frameborder=\"0\" allowfullscreen=\"allowfullscreen\"><\/iframe><\/p>\n<p>&nbsp;<\/p>\n<p><strong>Nitra, Zobor, poloha Martinsk\u00fd vrch \u2013 kostol Sv. Martina<\/strong><\/p>\n<p><iframe loading=\"lazy\" src=\"https:\/\/www.youtube.com\/embed\/8zoETAxMU4o?rel=0\" width=\"560\" height=\"315\" frameborder=\"0\" allowfullscreen=\"allowfullscreen\"><\/iframe><\/p>\n<p>&nbsp;<\/p>\n<p><strong>Nitra, Zobor, poloha Martinsk\u00fd vrch \u2013 kostol Sv. Martina, interi\u00e9r<\/strong><\/p>\n<p><iframe loading=\"lazy\" src=\"https:\/\/www.youtube.com\/embed\/sh6T2bDIUPM\" width=\"560\" height=\"315\" frameborder=\"0\" allowfullscreen=\"allowfullscreen\"><\/iframe><\/p>\n<p>&nbsp;<\/p>\n<p>&nbsp;<\/p>\n<p><strong>Nitra, Chrenov\u00e1, poloha Ma\u010dac\u00ed z\u00e1mok \u2013 str\u00e1\u017eny hr\u00e1dok z 13. storo\u010dia<\/strong><\/p>\n<p><iframe loading=\"lazy\" src=\"https:\/\/www.youtube.com\/embed\/QNURxvAUuvc?rel=0\" width=\"560\" height=\"315\" frameborder=\"0\" allowfullscreen=\"allowfullscreen\"><\/iframe><\/p>\n<p>&nbsp;<\/p>\n<p><strong>Nitra, Star\u00e9 mesto, hrad \u2013 rekon\u0161trukcia opevnenia z 9. storo\u010dia<\/strong><\/p>\n<p><iframe loading=\"lazy\" src=\"https:\/\/www.youtube.com\/embed\/JN9VVGaauWI?rel=0\" width=\"560\" height=\"315\" frameborder=\"0\" allowfullscreen=\"allowfullscreen\"><\/iframe><\/p>\n<p>&nbsp;<\/p>\n<p><strong>Nitra, Star\u00e9 mesto, hrad \u2013 ju\u017en\u00e1 kazemata<\/strong><\/p>\n<p><iframe loading=\"lazy\" src=\"https:\/\/www.youtube.com\/embed\/l0o74O9QiAw?rel=0\" width=\"560\" height=\"315\" frameborder=\"0\" allowfullscreen=\"allowfullscreen\"><\/iframe><\/p>\n<p>&nbsp;<\/p>\n<p class=\"title style-scope ytd-video-primary-info-renderer\"><strong>Zvolen M\u00f4\u0165ov\u00e1 \u2013 ide\u00e1lna rekon\u0161trukcia \u010dasti opevnenia z 9. storo\u010dia<\/strong><\/p>\n<p><iframe loading=\"lazy\" src=\"https:\/\/www.youtube.com\/embed\/gPlyveT2vNw\" width=\"560\" height=\"315\" frameborder=\"0\" allowfullscreen=\"allowfullscreen\"><\/iframe><\/p>\n<p>&nbsp;<\/p>\n<p><strong>Zvolen M\u00f4\u0165ov\u00e1 \u2013 ide\u00e1lna rekon\u0161trukcia \u010dasti opevnenia z 10. storo\u010dia<\/strong><\/p>\n<p><iframe loading=\"lazy\" src=\"https:\/\/www.youtube.com\/embed\/G7X8aUMMWY4\" width=\"560\" height=\"315\" frameborder=\"0\" allowfullscreen=\"allowfullscreen\"><\/iframe><\/p>\n<p><a href=\"http:\/\/archeol.sav.sk\/index.php\/sk\/autorske-prava\/\">Autorsk\u00e9 pr\u00e1va<\/a><\/p>\n","protected":false},"excerpt":{"rendered":"<p>Tes\u00e1rske Mly\u0148any \u2013 dom z mlad\u0161ej doby \u017eeleznej &nbsp; Tes\u00e1rske Mly\u0148any \u2013 dom z mlad\u0161ej doby \u017eeleznej &nbsp; \u0160trba, \u0160oldov \u2013 opevnen\u00fd, gotick\u00fd kostol &nbsp; Nitra, Zobor, poloha Martinsk\u00fd vrch \u2013 slovansk\u00e9 obydlie &nbsp; Nitra, Zobor, poloha Martinsk\u00fd vrch \u2013 slovansk\u00e9 obydlie &nbsp; Nitra, Zobor, poloha Martinsk\u00fd vrch \u2013 slovansk\u00e9 obydlie, interi\u00e9r &nbsp; Nitra, hrad &#8230; <a class=\"read-more\" href=\"https:\/\/archeol.sav.sk\/index.php\/sk\/rekonstrukcie-architektury\/\">\u010c\u00edtajte viac<\/a><\/p>\n","protected":false},"author":2,"featured_media":0,"parent":0,"menu_order":0,"comment_status":"closed","ping_status":"closed","template":"","meta":[],"_links":{"self":[{"href":"https:\/\/archeol.sav.sk\/index.php\/wp-json\/wp\/v2\/pages\/3774"}],"collection":[{"href":"https:\/\/archeol.sav.sk\/index.php\/wp-json\/wp\/v2\/pages"}],"about":[{"href":"https:\/\/archeol.sav.sk\/index.php\/wp-json\/wp\/v2\/types\/page"}],"author":[{"embeddable":true,"href":"https:\/\/archeol.sav.sk\/index.php\/wp-json\/wp\/v2\/users\/2"}],"replies":[{"embeddable":true,"href":"https:\/\/archeol.sav.sk\/index.php\/wp-json\/wp\/v2\/comments?post=3774"}],"version-history":[{"count":17,"href":"https:\/\/archeol.sav.sk\/index.php\/wp-json\/wp\/v2\/pages\/3774\/revisions"}],"predecessor-version":[{"id":5353,"href":"https:\/\/archeol.sav.sk\/index.php\/wp-json\/wp\/v2\/pages\/3774\/revisions\/5353"}],"wp:attachment":[{"href":"https:\/\/archeol.sav.sk\/index.php\/wp-json\/wp\/v2\/media?parent=3774"}],"curies":[{"name":"wp","href":"https:\/\/api.w.org\/{rel}","templated":true}]}}