{"id":3769,"date":"2018-09-27T10:08:40","date_gmt":"2018-09-27T08:08:40","guid":{"rendered":"http:\/\/archeol.sav.sk\/?page_id=3769"},"modified":"2020-08-06T08:52:46","modified_gmt":"2020-08-06T06:52:46","slug":"virtualna-archeologia","status":"publish","type":"page","link":"https:\/\/archeol.sav.sk\/index.php\/sk\/virtualna-archeologia\/","title":{"rendered":"Virtu\u00e1lna archeol\u00f3gia"},"content":{"rendered":"<p><a href=\"https:\/\/www.interreg-central.eu\/Content.Node\/VirtualArch.html\"><img decoding=\"async\" loading=\"lazy\" class=\"alignright wp-image-3771\" src=\"http:\/\/archeol.sav.sk\/files\/Virtual-Arch_small-surface_vertical-1-278x300.jpg\" alt=\"virtual-arch_small-surface_vertical\" width=\"150\" height=\"162\" srcset=\"https:\/\/archeol.sav.sk\/files\/Virtual-Arch_small-surface_vertical-1-278x300.jpg 278w, https:\/\/archeol.sav.sk\/files\/Virtual-Arch_small-surface_vertical-1.jpg 522w\" sizes=\"(max-width: 150px) 100vw, 150px\" \/><\/a>Bohat\u00e9 a r\u00f4znorod\u00e9 archeologick\u00e9 dedi\u010dstvo strednej Eur\u00f3py je \u010dasto nedostato\u010dne spr\u00edstupnen\u00e9 verejnosti a \u010del\u00ed rast\u00facej hrozbe zo strany developerov, ale aj pr\u00edrodn\u00fdch procesov. Projekt <a href=\"https:\/\/www.interreg-central.eu\/Content.Node\/VirtualArch.html\">VirtualArch<\/a> odha\u013euje eur\u00f3pske archeologick\u00e9 dedi\u010dstvo zainteresovan\u00fdm stran\u00e1m, ktor\u00e9 s\u00fa zodpovedn\u00e9 za hospod\u00e1rsky rozvoj. Aktivity sa zameriavaj\u00fa na trvalo udr\u017eate\u013en\u00e9 vyu\u017e\u00edvanie a ochranu archeologick\u00fdch pamiatok ukryt\u00fdch pod vodou, mlad\u0161ou z\u00e1stavbou, \u010di ohrozen\u00e9 in\u00fdmi \u013eudsk\u00fdmi aktivitami. Projekt rozv\u00edja inovat\u00edvne vizualiza\u010dn\u00e9 pr\u00edstupy a met\u00f3dy v oblasti virtu\u00e1lnej a roz\u0161\u00edrenej reality podporuj\u00facej ochranu a\u00a0z\u00e1chranu archeologick\u00e9ho dedi\u010dstva. Za Slovensk\u00fa republiku je pilotnou lokalitou mesto Nitra, resp. hradn\u00fd vrch s\u00a0pri\u013eahl\u00fdmi archeologick\u00fdmi n\u00e1leziskami zo stredoveku. V\u00a0spolupr\u00e1ci s\u00a0Biskupsk\u00fdm \u00faradom, Mestom Nitra a\u00a0Ponitrianskym m\u00fazeom sa v\u00a0projekte zameriavame na zv\u00fd\u0161enie kapac\u00edt verejn\u00fdch \u010dinite\u013eov, ktor\u00ed sa podie\u013eaj\u00fa na z\u00e1chrane a\u00a0ochrane kult\u00farneho dedi\u010dstva mesta Nitra.<\/p>\n<p>Archeologick\u00fd \u00fastav je excelentn\u00fdm pracoviskom Slovenskej akad\u00e9mie vied a\u00a0v\u010faka svojmu portf\u00f3liu\u00a0bol vybrat\u00fd medzi\u00a0partnerov projektu <a href=\"https:\/\/www.interreg-central.eu\/Content.Node\/VirtualArch.html\">VirtualArch v\u00a0r\u00e1mci programu Interreg &#8211; Stredn\u00e1 Eur\u00f3pa 2014-2020.<\/a><\/p>\n<p>&nbsp;<\/p>\n<p><a href=\"http:\/\/archeol.sav.sk\/index.php\/sk\/rekonstrukcie-architektury\/\">Rekon\u0161trukcie architekt\u00fary<\/a><\/p>\n<p><a href=\"http:\/\/archeol.sav.sk\/index.php\/sk\/rekonstrukcie-nalezov\/\">Rekon\u0161trukcie n\u00e1lezov<\/a><\/p>\n<p><a href=\"http:\/\/archeol.sav.sk\/index.php\/sk\/lidar\/\">Lidar<\/a><\/p>\n<p><a href=\"http:\/\/archeol.sav.sk\/index.php\/sk\/ako-vyzerali\/\">Ako vyzerali?<\/a><\/p>\n<p><a href=\"http:\/\/archeol.sav.sk\/index.php\/sk\/ostatne\/\">Ostatn\u00e9<\/a><\/p>\n<p>&nbsp;<\/p>\n<p><strong>V\u00fdskumn\u00fd t\u00edm:\u00a0<\/strong><\/p>\n<p>Matej Ruttkay \u2013 projektov\u00fd mana\u017e\u00e9r, Anton Arp\u00e1\u0161, Jakub Arp\u00e1\u0161, Elena Bakytov\u00e1, Branislav Bal\u017ean, Martin Bart\u00edk, Peter Bedn\u00e1r, Eva \u010caprdov\u00e1, Klaudia Da\u0148ov\u00e1, Magdal\u00e9na Hab\u00e1nov\u00e1, Michal Hole\u0161\u010d\u00e1k, Michal Cheben, Tatiana Kme\u0165ov\u00e1, Jaroslava Ruttkayov\u00e1, Anna \u0160upov\u00e1, Nina Va\u0161\u0161ov\u00e1, Barbara Zajacov\u00e1<\/p>\n<p>&nbsp;<\/p>\n<p><strong>Partneri:<\/strong><\/p>\n<p>1. Landesamt f\u00fcr Arch\u00e4ologie Sachsen,\u00a0Nemecko, 2. Fondazione Bruno Kessler,\u00a0Taliansko, 3. Naturhistorisches Museum Wien, Praehistorisc he Abteilung, Au\u00dfenstelle Hallstatt,\u00a0Rak\u00fasko, 4. Uniwersytet Miko\u0142aja Kopernika w Toruniu, Instytut Archeologii UMK, Po\u013esko, 5. Archeologick\u00fd \u00fastav AV \u010cR, Praha, v.v. i.,\u00a0\u010cesk\u00e1 republika, 6. Provincia Autonoma di Trento,\u00a0Taliansko, 7. Zavod za varstvo kulturne dedi\u0161\u010dine Slovenije \u2013 ZVKDS, Slovinsko, 8. Gmina Miasta Puck, Po\u013esko, 9. Grad Zadar,\u00a0Chorv\u00e1tsko<\/p>\n<p><a href=\"http:\/\/archeol.sav.sk\/index.php\/sk\/autorske-prava\/\">Autorsk\u00e9 pr\u00e1va<\/a><\/p>\n","protected":false},"excerpt":{"rendered":"<p>Bohat\u00e9 a r\u00f4znorod\u00e9 archeologick\u00e9 dedi\u010dstvo strednej Eur\u00f3py je \u010dasto nedostato\u010dne spr\u00edstupnen\u00e9 verejnosti a \u010del\u00ed rast\u00facej hrozbe zo strany developerov, ale aj pr\u00edrodn\u00fdch procesov. Projekt VirtualArch odha\u013euje eur\u00f3pske archeologick\u00e9 dedi\u010dstvo zainteresovan\u00fdm stran\u00e1m, ktor\u00e9 s\u00fa zodpovedn\u00e9 za hospod\u00e1rsky rozvoj. Aktivity sa zameriavaj\u00fa na trvalo udr\u017eate\u013en\u00e9 vyu\u017e\u00edvanie a ochranu archeologick\u00fdch pamiatok ukryt\u00fdch pod vodou, mlad\u0161ou z\u00e1stavbou, \u010di ohrozen\u00e9 &#8230; <a class=\"read-more\" href=\"https:\/\/archeol.sav.sk\/index.php\/sk\/virtualna-archeologia\/\">\u010c\u00edtajte viac<\/a><\/p>\n","protected":false},"author":2,"featured_media":0,"parent":0,"menu_order":0,"comment_status":"closed","ping_status":"closed","template":"","meta":[],"_links":{"self":[{"href":"https:\/\/archeol.sav.sk\/index.php\/wp-json\/wp\/v2\/pages\/3769"}],"collection":[{"href":"https:\/\/archeol.sav.sk\/index.php\/wp-json\/wp\/v2\/pages"}],"about":[{"href":"https:\/\/archeol.sav.sk\/index.php\/wp-json\/wp\/v2\/types\/page"}],"author":[{"embeddable":true,"href":"https:\/\/archeol.sav.sk\/index.php\/wp-json\/wp\/v2\/users\/2"}],"replies":[{"embeddable":true,"href":"https:\/\/archeol.sav.sk\/index.php\/wp-json\/wp\/v2\/comments?post=3769"}],"version-history":[{"count":9,"href":"https:\/\/archeol.sav.sk\/index.php\/wp-json\/wp\/v2\/pages\/3769\/revisions"}],"predecessor-version":[{"id":5289,"href":"https:\/\/archeol.sav.sk\/index.php\/wp-json\/wp\/v2\/pages\/3769\/revisions\/5289"}],"wp:attachment":[{"href":"https:\/\/archeol.sav.sk\/index.php\/wp-json\/wp\/v2\/media?parent=3769"}],"curies":[{"name":"wp","href":"https:\/\/api.w.org\/{rel}","templated":true}]}}