{"id":3598,"date":"2018-08-01T10:42:39","date_gmt":"2018-08-01T08:42:39","guid":{"rendered":"http:\/\/archeol.sav.sk\/?page_id=3598"},"modified":"2018-09-27T09:46:58","modified_gmt":"2018-09-27T07:46:58","slug":"verejna-vyskumna-institucia","status":"publish","type":"page","link":"https:\/\/archeol.sav.sk\/index.php\/sk\/verejna-vyskumna-institucia\/","title":{"rendered":"Verejn\u00e1 v\u00fdskumn\u00e1 in\u0161tit\u00facia"},"content":{"rendered":"<p style=\"text-align: left;\"><strong>Zakladacia listina<\/strong><\/p>\n<p><strong><a href=\"http:\/\/www.sav.sk\/index.php?lang=sk&amp;doc=docs-psav&amp;cat=3\" target=\"_blank\">Vn\u00fatorn\u00e9 predpisy SAV<\/a><\/strong><\/p>\n<p><a href=\"http:\/\/archeol.sav.sk\/index.php\/sk\/o-nas\/struktura-ausav\/\"><strong>Vedeck\u00e1 rada<\/strong><\/a><\/p>\n<p><a href=\"http:\/\/archeol.sav.sk\/index.php\/sk\/2018\/07\/12\/oznamenie-o-konani-volby-clenov-spravnej-rady-verejnej-vyskumnej-institucie\/\"><strong>Spr\u00e1vna rada<\/strong><\/a><\/p>\n<p><strong>Dozorn\u00e1 rada<\/strong><\/p>\n<p style=\"text-align: right;\"><a href=\"http:\/\/archeol.sav.sk\/files\/01a_Statut_AUSAVvvi_20180724_Def.pdf\"><strong>\u0160tat\u00fat A\u00da\u00a0SAV, v. v. i.<\/strong><\/a><\/p>\n<p style=\"text-align: right;\"><strong><a href=\"http:\/\/archeol.sav.sk\/files\/01b_OrganizacnyPoriadok_AUSAVvvi_20180724_Def.pdf\">Organiza\u010dn\u00fd poriadok\u00a0A\u00da\u00a0SAV, v. v. i.<\/a><\/strong><\/p>\n<p style=\"text-align: right;\"><strong><a href=\"http:\/\/archeol.sav.sk\/files\/01e_PracovnyPoriadok_AUSAVvvi_20180724_Def.pdf\">Pracovn\u00fd poriadok A\u00da SAV, v. v. i.<\/a><\/strong><\/p>\n<p style=\"text-align: right;\"><a href=\"http:\/\/archeol.sav.sk\/files\/01f_PravidlaTvorbyRozpoctu_AUSAVvvi_20180724_Def.pdf\"><strong>Pravidl\u00e1 tvorby rozpo\u010dtu A\u00da SAV, v. v. i.<\/strong><\/a><\/p>\n<p style=\"text-align: right;\"><a href=\"http:\/\/archeol.sav.sk\/files\/01g_PravidlaHodnotenia_AUSAVvvi_20180724_Def.pdf\"><strong>Pravidl\u00e1 hodnotenia v\u00fdskumn\u00fdch pracovn\u00edkov A\u00da SAV, v. v. i.<\/strong><\/a><\/p>\n<p style=\"text-align: right;\"><a href=\"http:\/\/archeol.sav.sk\/files\/01c_VolebnyPoriadok_SR_AUSAVvvi_20180724_Def.pdf\"><strong>Volebn\u00fd poriadok na funkciu \u010dlena Spr\u00e1vnej rady A\u00da SAV, v. v. i.<\/strong><\/a><\/p>\n<p style=\"text-align: right;\"><a href=\"http:\/\/archeol.sav.sk\/files\/01d_Volebny_Nominacny_Poriadok_VR_AUSAVvvi_20180724_Def.pdf\"><strong>Volebn\u00fd a nomina\u010dn\u00fd poriadok na funkciu \u010dlena vedeckej rady A\u00da SAV, v. v. i.<\/strong><\/a><\/p>\n<p>&nbsp;<\/p>\n<p>&nbsp;<\/p>\n","protected":false},"excerpt":{"rendered":"<p>Zakladacia listina Vn\u00fatorn\u00e9 predpisy SAV Vedeck\u00e1 rada Spr\u00e1vna rada Dozorn\u00e1 rada \u0160tat\u00fat A\u00da\u00a0SAV, v. v. i. Organiza\u010dn\u00fd poriadok\u00a0A\u00da\u00a0SAV, v. v. i. Pracovn\u00fd poriadok A\u00da SAV, v. v. i. Pravidl\u00e1 tvorby rozpo\u010dtu A\u00da SAV, v. v. i. Pravidl\u00e1 hodnotenia v\u00fdskumn\u00fdch pracovn\u00edkov A\u00da SAV, v. v. i. Volebn\u00fd poriadok na funkciu \u010dlena Spr\u00e1vnej rady A\u00da SAV, v. &#8230; <a class=\"read-more\" href=\"https:\/\/archeol.sav.sk\/index.php\/sk\/verejna-vyskumna-institucia\/\">\u010c\u00edtajte viac<\/a><\/p>\n","protected":false},"author":2,"featured_media":0,"parent":0,"menu_order":0,"comment_status":"closed","ping_status":"closed","template":"","meta":[],"_links":{"self":[{"href":"https:\/\/archeol.sav.sk\/index.php\/wp-json\/wp\/v2\/pages\/3598"}],"collection":[{"href":"https:\/\/archeol.sav.sk\/index.php\/wp-json\/wp\/v2\/pages"}],"about":[{"href":"https:\/\/archeol.sav.sk\/index.php\/wp-json\/wp\/v2\/types\/page"}],"author":[{"embeddable":true,"href":"https:\/\/archeol.sav.sk\/index.php\/wp-json\/wp\/v2\/users\/2"}],"replies":[{"embeddable":true,"href":"https:\/\/archeol.sav.sk\/index.php\/wp-json\/wp\/v2\/comments?post=3598"}],"version-history":[{"count":4,"href":"https:\/\/archeol.sav.sk\/index.php\/wp-json\/wp\/v2\/pages\/3598\/revisions"}],"predecessor-version":[{"id":3610,"href":"https:\/\/archeol.sav.sk\/index.php\/wp-json\/wp\/v2\/pages\/3598\/revisions\/3610"}],"wp:attachment":[{"href":"https:\/\/archeol.sav.sk\/index.php\/wp-json\/wp\/v2\/media?parent=3598"}],"curies":[{"name":"wp","href":"https:\/\/api.w.org\/{rel}","templated":true}]}}