{"id":35,"date":"2015-05-02T18:01:35","date_gmt":"2015-05-02T16:01:35","guid":{"rendered":"http:\/\/chcemlego.sk\/?page_id=35"},"modified":"2023-12-08T20:12:00","modified_gmt":"2023-12-08T18:12:00","slug":"o-nas","status":"publish","type":"page","link":"https:\/\/archeol.sav.sk\/index.php\/sk\/o-nas\/","title":{"rendered":"O n\u00e1s"},"content":{"rendered":"<h2>Spr\u00e1vna rada A\u00da SAV:<\/h2>\n<p>Predseda: doc. PhDr. Matej Ruttkay, CSc.<\/p>\n<p>\u010clenovia:<\/p>\n<p>Mgr. Lucia Benedikov\u00e1, PhD.<\/p>\n<p>PhDr. Mari\u00e1n Soj\u00e1k, PhD.<\/p>\n<p>PhDr. Klaudia Da\u0148ov\u00e1, PhD.<\/p>\n<p>Ing. Anna \u0160upov\u00e1<\/p>\n<p><strong>\u00a0<\/strong><\/p>\n<h2>Dozorn\u00e1 rada A\u00da SAV:<\/h2>\n<p>Ing. Iveta \u010cervenkov\u00e1<\/p>\n<p>PhDr. Jozef Labuda, CSc.<\/p>\n<p>RNDr. Miroslav Morovics, CSc.<\/p>\n<p>&nbsp;<\/p>\n<h2>Medzin\u00e1rodn\u00fd\u00a0poradn\u00fd\u00a0v\u00fdbor A\u00da SAV:<\/h2>\n<div class=\"gmail_default\">Prof. Dr. Dr. h.c. Claus von Carnap-Bornheim, Stiftung Schleswig-Holsteinische Landesmuseen Schloss Gottorf, Schleswig, Nemecko<b><br \/>\n<\/b><\/div>\n<p>Prof. Dr. hab. Judyta Rodzinska-Nowak Universytet Jagiello\u0144ski, Krak\u00f3w, Po\u013esko<\/p>\n<p>doc. PhDr. Lud\u011bk Galu\u0161ka, CSc. Moravsk\u00e9 zemsk\u00e9 muzeum, Brno, \u010cesk\u00e1 republika<\/p>\n<p>PhDr. Pavel Kou\u0159il, CSc. Archeologick\u00fd \u00fastav \u010cAV, v.v.i., Praha, \u010cesk\u00e1 republika<\/p>\n<p>&nbsp;<\/p>\n<h2>Hist\u00f3ria a \u0161tat\u00fat A\u00da SAV<\/h2>\n<p>Archeologick\u00fd \u00fastav Slovenskej akad\u00e9mie vied zriadilo Predsedn\u00edctvo Akad\u00e9mie uznesen\u00edm zo d\u0148a 26.10.1953 z b\u00fdval\u00e9ho \u0160t\u00e1tneho archeologick\u00e9ho \u00fastavu, ktor\u00fd bol zalo\u017een\u00fd 1.3.1939 v Martine. S\u00eddlom pracoviska je Nitra.<\/p>\n<h2>Poslanie a hlavn\u00e9 \u00falohy Archeologick\u00e9ho \u00fastavu SAV<\/h2>\n<p><b>1. <\/b>\u00dastav vykon\u00e1va vedecko-v\u00fdskumn\u00fa \u010dinnos\u0165 vo vednom odbore archeol\u00f3gia a pr\u00edbuzn\u00fdch vedn\u00fdch disciplinach. Efekt\u00edvnym a tvoriv\u00fdm sp\u00f4sobom prispieva k rie\u0161eniu teoreticky z\u00e1va\u017en\u00fdch a pre prax aktu\u00e1lnych vedeck\u00fdch probl\u00e9mov. Vedecko-v\u00fdskumn\u00fa \u010dinnos\u0165 rozv\u00edja v r\u00e1mci vlastn\u00e9ho vedecko-v\u00fdskumn\u00e9ho programu, \u00faloh grantov\u00fdch projektov, medzin\u00e1rodn\u00fdch projektov a individu\u00e1lnych \u00faloh tvoriv\u00fdch pracovnikov. Pom\u00e1ha uplat\u0148ova\u0165 dosiahnute v\u00fdsledky vo verejnom \u017eivote formou vedecko-populariza\u010dnej a k\u00falturno-osvetovej \u010dinnosti.<\/p>\n<p><b>2. <\/b>\u00dastav spolupracuje s pracoviskami pr\u00edbuzn\u00fdch odborov Akad\u00e9mie, s vysok\u00fdmi \u0161kolami a v\u00fdskumnymi pacoviskami doma i v zahrani\u010d\u00ed. Koordinuje a metodicky i odborne usmer\u0148uje t\u00e9maticky a z\u00e1chrann\u00fd ter\u00e9nny v\u00fdskum na Slovensku.<\/p>\n<p><b>3. <\/b>\u00dastav je \u0161koliacim pracoviskom pre v\u00fdchovu nov\u00fdch vedeck\u00fdch pracovnikov v odbore archeol\u00f3gia. Zabezpe\u010duje pr\u00edpravu a v\u00fdchovu vedeck\u00fdch a\u0161pirantov pre vlastn\u00e9 potreby a potreby in\u00fdch organiz\u00e1ci\u00ed. Zabezpe\u010duje \u010dinnos\u0165 komisie pre obhajoby kandid\u00e1tskych a doktorsk\u00fdch dizerta\u010dn\u00fdch pr\u00e1c v uvedenom odbore.<\/p>\n<p><b>4. <\/b>Na realiz\u00e1ciu \u00faloh, ktor\u00e9 pre pracovisko vypl\u00fdvaj\u00fa z t\u00e9matick\u00e9ho pl\u00e1nu dvojstrann\u00fdch a mnohostrann\u00fdch doh\u00f4d, uzatv\u00e1ra dohody s pr\u00edslu\u0161n\u00fdmi dom\u00e1cimi i zahrani\u010dn\u00fdmi partnermi.<\/p>\n<p><b>5. <\/b>Redak\u010dne pripravuje a vyd\u00e1va: \u010dasopis Slovensk\u00e1 archeol\u00f3gia, ro\u010denky Archeologick\u00e9 v\u00fdskumy a n\u00e1lezy na Slovensku, \u0160t\u00fadijne zvesti AU SAV, V\u00fdchodoslovensky pravek, monografick\u00e9 rady Archaeologica Slovaca Monographiae, Acta interdisciplinaria Archaeologica, Archeologick\u00e9 pam\u00e4tn\u00edky Slovenska, ed\u00edciu zborn\u00edkov z vedeck\u00fdch podujat\u00ed Communicationes a v spolupr\u00e1ci s N\u00e1rodn\u00fdm numizmatick\u00fdm komit\u00e9tom zborn\u00edk Slovensk\u00e1 numizmatika.<\/p>\n","protected":false},"excerpt":{"rendered":"<p>Spr\u00e1vna rada A\u00da SAV: Predseda: doc. PhDr. Matej Ruttkay, CSc. \u010clenovia: Mgr. Lucia Benedikov\u00e1, PhD. PhDr. Mari\u00e1n Soj\u00e1k, PhD. PhDr. Klaudia Da\u0148ov\u00e1, PhD. Ing. Anna \u0160upov\u00e1 \u00a0 Dozorn\u00e1 rada A\u00da SAV: Ing. Iveta \u010cervenkov\u00e1 PhDr. Jozef Labuda, CSc. RNDr. Miroslav Morovics, CSc. &nbsp; Medzin\u00e1rodn\u00fd\u00a0poradn\u00fd\u00a0v\u00fdbor A\u00da SAV: Prof. Dr. Dr. h.c. Claus von Carnap-Bornheim, Stiftung Schleswig-Holsteinische &#8230; <a class=\"read-more\" href=\"https:\/\/archeol.sav.sk\/index.php\/sk\/o-nas\/\">\u010c\u00edtajte viac<\/a><\/p>\n","protected":false},"author":1,"featured_media":0,"parent":0,"menu_order":0,"comment_status":"closed","ping_status":"closed","template":"","meta":[],"_links":{"self":[{"href":"https:\/\/archeol.sav.sk\/index.php\/wp-json\/wp\/v2\/pages\/35"}],"collection":[{"href":"https:\/\/archeol.sav.sk\/index.php\/wp-json\/wp\/v2\/pages"}],"about":[{"href":"https:\/\/archeol.sav.sk\/index.php\/wp-json\/wp\/v2\/types\/page"}],"author":[{"embeddable":true,"href":"https:\/\/archeol.sav.sk\/index.php\/wp-json\/wp\/v2\/users\/1"}],"replies":[{"embeddable":true,"href":"https:\/\/archeol.sav.sk\/index.php\/wp-json\/wp\/v2\/comments?post=35"}],"version-history":[{"count":7,"href":"https:\/\/archeol.sav.sk\/index.php\/wp-json\/wp\/v2\/pages\/35\/revisions"}],"predecessor-version":[{"id":6857,"href":"https:\/\/archeol.sav.sk\/index.php\/wp-json\/wp\/v2\/pages\/35\/revisions\/6857"}],"wp:attachment":[{"href":"https:\/\/archeol.sav.sk\/index.php\/wp-json\/wp\/v2\/media?parent=35"}],"curies":[{"name":"wp","href":"https:\/\/api.w.org\/{rel}","templated":true}]}}