{"id":3469,"date":"2018-05-18T12:35:07","date_gmt":"2018-05-18T10:35:07","guid":{"rendered":"http:\/\/archeol.sav.sk\/?page_id=3469"},"modified":"2019-09-19T10:39:05","modified_gmt":"2019-09-19T08:39:05","slug":"field-research-2017-2","status":"publish","type":"page","link":"https:\/\/archeol.sav.sk\/index.php\/en\/field-research-2017-2\/","title":{"rendered":"Field research 2018"},"content":{"rendered":"<p><a href=\"http:\/\/archeol.sav.sk\/files\/web-BANKA-2018-1.pdf\"><img decoding=\"async\" src=\"http:\/\/archeol.sav.sk\/pics\/pdf_button.png\" alt=\"pdf\" \/>\u00a0Banka<\/a><\/p>\n<p><img decoding=\"async\" src=\"http:\/\/archeol.sav.sk\/pics\/pdf_button.png\" alt=\"pdf\" \/>\u00a0<a href=\"http:\/\/archeol.sav.sk\/files\/Bojna-Valy-2018.pdf\">Bojn\u00e1\u00a0\u2013 Valy<\/a><\/p>\n<p><img decoding=\"async\" src=\"http:\/\/archeol.sav.sk\/pics\/pdf_button.png\" alt=\"pdf\" \/>\u00a0<a href=\"http:\/\/archeol.sav.sk\/files\/web-BA-hrad-2018.pdf\">Bratislava\u00a0\u2013 hrad<\/a><\/p>\n<p><img decoding=\"async\" src=\"http:\/\/archeol.sav.sk\/pics\/pdf_button.png\" alt=\"pdf\" \/>\u00a0<a href=\"http:\/\/archeol.sav.sk\/files\/ODOVZDAT-CERENCANY-2018-SAV-poster-na-web.pdf\">\u010ceren\u010dany<\/a><\/p>\n<p><a href=\"http:\/\/archeol.sav.sk\/files\/poster-hradok.pdf\"><img decoding=\"async\" src=\"http:\/\/archeol.sav.sk\/pics\/pdf_button.png\" alt=\"pdf\" \/>\u00a0Divinka\u00a0\u2013 Hradisko<\/a><\/p>\n<p><a href=\"http:\/\/archeol.sav.sk\/files\/Divinka-Ve-k\u00fd-vrch-2018.pdf\"><img decoding=\"async\" src=\"http:\/\/archeol.sav.sk\/pics\/pdf_button.png\" alt=\"pdf\" \/>\u00a0Divinka \u2013 Hradisko Ve\u013ek\u00fd vrch<\/a><\/p>\n<p><img decoding=\"async\" src=\"http:\/\/archeol.sav.sk\/pics\/pdf_button.png\" alt=\"pdf\" \/>\u00a0<a href=\"http:\/\/archeol.sav.sk\/files\/Hrad-Hru\u0161ov-2018.pdf\">H<\/a><a href=\"http:\/\/archeol.sav.sk\/files\/Hrad-Hru\u0161ov-2018.pdf\">ru\u0161ov<\/a><a href=\"http:\/\/archeol.sav.sk\/files\/Hrad-Hru\u0161ov-2018.pdf\">\u00a0\u2013 hrad<\/a><\/p>\n<p><a href=\"http:\/\/archeol.sav.sk\/files\/Sojak2018-jskHuciva-diera.pdf\"><img decoding=\"async\" src=\"http:\/\/archeol.sav.sk\/pics\/pdf_button.png\" alt=\"pdf\" \/><\/a>\u00a0<a href=\"http:\/\/archeol.sav.sk\/files\/Sojak2018-jskHuciva-diera.pdf\">Hu\u010div\u00e1 diera<\/a><\/p>\n<p><a href=\"http:\/\/archeol.sav.sk\/files\/Mitas-Bobek_KlatovaNovaVes_WebAU_2018.pdf\"><img decoding=\"async\" src=\"http:\/\/archeol.sav.sk\/pics\/pdf_button.png\" alt=\"pdf\" \/>\u00a0Kl\u00e1tova Nov\u00e1 Ves<\/a><\/p>\n<p><a href=\"http:\/\/archeol.sav.sk\/files\/Komarno_danova_web.pdf\"><img decoding=\"async\" src=\"http:\/\/archeol.sav.sk\/pics\/pdf_button.png\" alt=\"pdf\" \/>\u00a0Kom\u00e1rno<\/a><\/p>\n<p><img decoding=\"async\" src=\"http:\/\/archeol.sav.sk\/pics\/pdf_button.png\" alt=\"pdf\" \/>\u00a0<a href=\"http:\/\/archeol.sav.sk\/files\/Kovarce-1.pdf\">Kovarce<\/a><\/p>\n<p><img decoding=\"async\" src=\"http:\/\/archeol.sav.sk\/pics\/pdf_button.png\" alt=\"pdf\" \/>\u00a0<a href=\"http:\/\/archeol.sav.sk\/files\/Martin_nad_Zitavou_2018.pdf\">Martin nad \u017ditavou<\/a><\/p>\n<p><img decoding=\"async\" src=\"http:\/\/archeol.sav.sk\/pics\/pdf_button.png\" alt=\"pdf\" \/>\u00a0<a href=\"http:\/\/archeol.sav.sk\/files\/2018-A4-Motova.pdf\">M\u00f4\u0165ov\u00e1 \u2013 Priekopa<\/a><\/p>\n<p><img decoding=\"async\" src=\"http:\/\/archeol.sav.sk\/pics\/pdf_button.png\" alt=\"pdf\" \/>\u00a0<a href=\"http:\/\/archeol.sav.sk\/files\/Bistakova_Bobek_Drazovce_2018.pdf\">Nitra \u2013 Dra\u017eovce<\/a><\/p>\n<p><a href=\"http:\/\/archeol.sav.sk\/files\/Web_poster-Nitra-Kynek_def.pdf\"><img decoding=\"async\" src=\"http:\/\/archeol.sav.sk\/pics\/pdf_button.png\" alt=\"pdf\" \/>\u00a0Nitra\u00a0\u2013 Kynek<\/a><\/p>\n<p><a href=\"http:\/\/archeol.sav.sk\/files\/Bistakova_Bobek_Drazovce_2018.pdf\"><img decoding=\"async\" src=\"http:\/\/archeol.sav.sk\/pics\/pdf_button.png\" alt=\"pdf\" \/><\/a>\u00a0<a href=\"http:\/\/archeol.sav.sk\/files\/web_Nitra_Za-Ferenitkou.pdf\">Nitra \u2013 Ul. Za Ferenitkou<\/a><\/p>\n<p><a href=\"http:\/\/archeol.sav.sk\/files\/Web_poster-Levice_def.pdf\"><img decoding=\"async\" src=\"http:\/\/archeol.sav.sk\/pics\/pdf_button.png\" alt=\"pdf\" \/>\u00a0Levice<\/a><\/p>\n<p><img decoding=\"async\" src=\"http:\/\/archeol.sav.sk\/pics\/pdf_button.png\" alt=\"pdf\" \/>\u00a0<a href=\"http:\/\/archeol.sav.sk\/files\/Hrad-Lietava2018.pdf\">Lietavsk\u00fd hrad<\/a><\/p>\n<p><img decoding=\"async\" src=\"http:\/\/archeol.sav.sk\/pics\/pdf_button.png\" alt=\"pdf\" \/>\u00a0<a href=\"http:\/\/archeol.sav.sk\/files\/Mitas_Lovinobana_WebAU_2018.pdf\">Lovinoba\u0148a-Uderin\u00e1<\/a><\/p>\n<p><img decoding=\"async\" src=\"http:\/\/archeol.sav.sk\/pics\/pdf_button.png\" alt=\"pdf\" \/>\u00a0<a href=\"http:\/\/archeol.sav.sk\/files\/Plaveck\u00fd-hrad-2018.pdf\">Plaveck\u00fd hrad<\/a><\/p>\n<p><img decoding=\"async\" src=\"http:\/\/archeol.sav.sk\/pics\/pdf_button.png\" alt=\"pdf\" \/>\u00a0<a href=\"http:\/\/archeol.sav.sk\/files\/Podhoro\u010f_web.pdf\">Podhoro\u010f\u00a0\u2013 hrad Tibava\u00a0<\/a><\/p>\n<p><a href=\"http:\/\/archeol.sav.sk\/files\/Podskalie.pdf\"><img decoding=\"async\" src=\"http:\/\/archeol.sav.sk\/pics\/pdf_button.png\" alt=\"pdf\" \/>\u00a0Podskalie<\/a><\/p>\n<p><a href=\"http:\/\/archeol.sav.sk\/files\/Fottova_Bobek_Holescak_Pohranice_2017-2018.pdf\"><img decoding=\"async\" src=\"http:\/\/archeol.sav.sk\/pics\/pdf_button.png\" alt=\"pdf\" \/>\u00a0Pohranice<\/a><\/p>\n<p><img decoding=\"async\" src=\"http:\/\/archeol.sav.sk\/pics\/pdf_button.png\" alt=\"pdf\" \/>\u00a0<a href=\"http:\/\/archeol.sav.sk\/files\/2018-A4-P_Hrad-doln\u00fd.pdf\">Pust\u00fd hrad \u2013 Doln\u00fd<\/a><\/p>\n<p><a href=\"http:\/\/archeol.sav.sk\/files\/2018-A4-P_Hrad-horn\u00fd.pdf\"><img decoding=\"async\" src=\"http:\/\/archeol.sav.sk\/pics\/pdf_button.png\" alt=\"pdf\" \/>\u00a0Pust\u00fd hrad\u00a0\u2013 Horn\u00fd<\/a><\/p>\n<p><a href=\"http:\/\/archeol.sav.sk\/files\/Raksa-2018.pdf\"><img decoding=\"async\" src=\"http:\/\/archeol.sav.sk\/pics\/pdf_button.png\" alt=\"pdf\" \/><\/a>\u00a0<a href=\"http:\/\/archeol.sav.sk\/files\/Raksa-2018.pdf\">Rak\u0161a<\/a><\/p>\n<p><img decoding=\"async\" src=\"http:\/\/archeol.sav.sk\/pics\/pdf_button.png\" alt=\"pdf\" \/>\u00a0<a href=\"http:\/\/archeol.sav.sk\/files\/Sedmerovec-Podjamie_2018.pdf\">Sedmerovec-Podjamie<\/a><\/p>\n<p><a href=\"http:\/\/archeol.sav.sk\/files\/Sered_danova_web.pdf\"><img decoding=\"async\" src=\"http:\/\/archeol.sav.sk\/pics\/pdf_button.png\" alt=\"pdf\" \/>\u00a0Sere\u010f<\/a><\/p>\n<p><a href=\"http:\/\/archeol.sav.sk\/files\/Tren\u010d\u00edn-Opatov\u00e1-Ve\u013ek\u00e1-Skalka.pdf\"><img decoding=\"async\" src=\"http:\/\/archeol.sav.sk\/pics\/pdf_button.png\" alt=\"pdf\" \/> Tren\u010d\u00edn-Opatov\u00e1<\/a><\/p>\n<p><img decoding=\"async\" src=\"http:\/\/archeol.sav.sk\/pics\/pdf_button.png\" alt=\"pdf\" \/>\u00a0<a href=\"http:\/\/archeol.sav.sk\/files\/Web_poster-Trnava-Halenarska-ulica_def.pdf\">Trnava\u00a0\u2013 Halen\u00e1rska ulica<\/a><\/p>\n<p><a href=\"http:\/\/archeol.sav.sk\/files\/Web_poster-Trnava-Paulinska-ulica_def.pdf\"><img decoding=\"async\" src=\"http:\/\/archeol.sav.sk\/pics\/pdf_button.png\" alt=\"pdf\" \/>\u00a0Trnava\u00a0\u2013 Paul\u00ednska ulica<\/a><\/p>\n<p><a href=\"http:\/\/archeol.sav.sk\/files\/web_Velky-Cetin.pdf\"><img decoding=\"async\" src=\"http:\/\/archeol.sav.sk\/pics\/pdf_button.png\" alt=\"pdf\" \/>\u00a0Ve\u013ek\u00fd Cet\u00edn<\/a><\/p>\n<p><a href=\"http:\/\/archeol.sav.sk\/files\/Web_poster-Trnava-Paulinska-ulica_def.pdf\"><img decoding=\"async\" src=\"http:\/\/archeol.sav.sk\/pics\/pdf_button.png\" alt=\"pdf\" \/><\/a><a href=\"http:\/\/archeol.sav.sk\/files\/ODOVZDAT-REVISTE-2018-SAV-poster-na-web.pdf\">\u00a0\u017darnovica-Revi\u0161\u0165sk\u00e9 Podz\u00e1m\u010die<\/a><\/p>\n<p><a href=\"http:\/\/archeol.sav.sk\/files\/Web_poster-Trnava-Paulinska-ulica_def.pdf\"><img decoding=\"async\" src=\"http:\/\/archeol.sav.sk\/pics\/pdf_button.png\" alt=\"pdf\" \/><\/a>\u00a0<a href=\"http:\/\/archeol.sav.sk\/files\/ODOVZDAT-SASOV-2018-SAV-poster-A4-na-web.pdf\">\u017diar nad Hronom\u00a0\u2013 \u0160\u00e1\u0161ov<\/a><\/p>\n","protected":false},"excerpt":{"rendered":"<p>\u00a0Banka \u00a0Bojn\u00e1\u00a0\u2013 Valy \u00a0Bratislava\u00a0\u2013 hrad \u00a0\u010ceren\u010dany \u00a0Divinka\u00a0\u2013 Hradisko \u00a0Divinka \u2013 Hradisko Ve\u013ek\u00fd vrch \u00a0Hru\u0161ov\u00a0\u2013 hrad \u00a0Hu\u010div\u00e1 diera \u00a0Kl\u00e1tova Nov\u00e1 Ves \u00a0Kom\u00e1rno \u00a0Kovarce \u00a0Martin nad \u017ditavou \u00a0M\u00f4\u0165ov\u00e1 \u2013 Priekopa \u00a0Nitra \u2013 Dra\u017eovce \u00a0Nitra\u00a0\u2013 Kynek \u00a0Nitra \u2013 Ul. Za Ferenitkou \u00a0Levice \u00a0Lietavsk\u00fd hrad \u00a0Lovinoba\u0148a-Uderin\u00e1 \u00a0Plaveck\u00fd hrad \u00a0Podhoro\u010f\u00a0\u2013 hrad Tibava\u00a0 \u00a0Podskalie \u00a0Pohranice \u00a0Pust\u00fd hrad \u2013 Doln\u00fd \u00a0Pust\u00fd hrad\u00a0\u2013 &#8230; <a class=\"read-more\" href=\"https:\/\/archeol.sav.sk\/index.php\/en\/field-research-2017-2\/\">\u010c\u00edtajte viac<\/a><\/p>\n","protected":false},"author":2,"featured_media":0,"parent":0,"menu_order":0,"comment_status":"closed","ping_status":"closed","template":"","meta":[],"_links":{"self":[{"href":"https:\/\/archeol.sav.sk\/index.php\/wp-json\/wp\/v2\/pages\/3469"}],"collection":[{"href":"https:\/\/archeol.sav.sk\/index.php\/wp-json\/wp\/v2\/pages"}],"about":[{"href":"https:\/\/archeol.sav.sk\/index.php\/wp-json\/wp\/v2\/types\/page"}],"author":[{"embeddable":true,"href":"https:\/\/archeol.sav.sk\/index.php\/wp-json\/wp\/v2\/users\/2"}],"replies":[{"embeddable":true,"href":"https:\/\/archeol.sav.sk\/index.php\/wp-json\/wp\/v2\/comments?post=3469"}],"version-history":[{"count":17,"href":"https:\/\/archeol.sav.sk\/index.php\/wp-json\/wp\/v2\/pages\/3469\/revisions"}],"predecessor-version":[{"id":4801,"href":"https:\/\/archeol.sav.sk\/index.php\/wp-json\/wp\/v2\/pages\/3469\/revisions\/4801"}],"wp:attachment":[{"href":"https:\/\/archeol.sav.sk\/index.php\/wp-json\/wp\/v2\/media?parent=3469"}],"curies":[{"name":"wp","href":"https:\/\/api.w.org\/{rel}","templated":true}]}}