{"id":3354,"date":"2018-04-09T14:20:06","date_gmt":"2018-04-09T12:20:06","guid":{"rendered":"http:\/\/archeol.sav.sk\/?page_id=3354"},"modified":"2018-04-09T14:42:05","modified_gmt":"2018-04-09T12:42:05","slug":"directive","status":"publish","type":"page","link":"https:\/\/archeol.sav.sk\/index.php\/en\/phd-program\/directive\/","title":{"rendered":"Directive"},"content":{"rendered":"<h2><a href=\"http:\/\/archeol.sav.sk\/docs_ostatne\/smernica_ausav_pre_ds.pdf\" target=\"_blank\">Smernica Archeologick\u00e9ho \u00fastavu SAV pre doktorandsk\u00e9 \u0161t\u00fadium vo form\u00e1te *.pdf<\/a><\/h2>\n","protected":false},"excerpt":{"rendered":"<p>Smernica Archeologick\u00e9ho \u00fastavu SAV pre doktorandsk\u00e9 \u0161t\u00fadium vo form\u00e1te *.pdf<\/p>\n","protected":false},"author":2,"featured_media":0,"parent":1789,"menu_order":0,"comment_status":"closed","ping_status":"closed","template":"","meta":[],"_links":{"self":[{"href":"https:\/\/archeol.sav.sk\/index.php\/wp-json\/wp\/v2\/pages\/3354"}],"collection":[{"href":"https:\/\/archeol.sav.sk\/index.php\/wp-json\/wp\/v2\/pages"}],"about":[{"href":"https:\/\/archeol.sav.sk\/index.php\/wp-json\/wp\/v2\/types\/page"}],"author":[{"embeddable":true,"href":"https:\/\/archeol.sav.sk\/index.php\/wp-json\/wp\/v2\/users\/2"}],"replies":[{"embeddable":true,"href":"https:\/\/archeol.sav.sk\/index.php\/wp-json\/wp\/v2\/comments?post=3354"}],"version-history":[{"count":1,"href":"https:\/\/archeol.sav.sk\/index.php\/wp-json\/wp\/v2\/pages\/3354\/revisions"}],"predecessor-version":[{"id":3355,"href":"https:\/\/archeol.sav.sk\/index.php\/wp-json\/wp\/v2\/pages\/3354\/revisions\/3355"}],"up":[{"embeddable":true,"href":"https:\/\/archeol.sav.sk\/index.php\/wp-json\/wp\/v2\/pages\/1789"}],"wp:attachment":[{"href":"https:\/\/archeol.sav.sk\/index.php\/wp-json\/wp\/v2\/media?parent=3354"}],"curies":[{"name":"wp","href":"https:\/\/api.w.org\/{rel}","templated":true}]}}