{"id":3350,"date":"2018-04-09T14:17:41","date_gmt":"2018-04-09T12:17:41","guid":{"rendered":"http:\/\/archeol.sav.sk\/?page_id=3350"},"modified":"2023-11-16T11:52:25","modified_gmt":"2023-11-16T09:52:25","slug":"phd-students","status":"publish","type":"page","link":"https:\/\/archeol.sav.sk\/index.php\/en\/phd-program\/phd-students\/","title":{"rendered":"PhD Students"},"content":{"rendered":"<div class=\"entry-content\">\n<h2>Internal study mode<\/h2>\n<\/div>\n<div class=\"entry-content\">\n<p><strong><u><b>Since <\/b><b>1st September <\/b>2020<\/u><\/strong><\/p>\n<p><strong>Mgr. Petra Dragonidesov\u00e1<\/strong><\/p>\n<p>Topic: <strong>Soci\u00e1lna \u0161trukt\u00fara pohreb\u00edsk germ\u00e1nskej spolo\u010dnosti doby r\u00edmskej na z\u00e1klade anal\u00fdzy pohreb\u00edsk v\u00a0dolnom Pomorav\u00ed<\/strong><\/p>\n<p>Supervisor: <strong>PhDr. Kristi\u00e1n Elschek, CSc.<\/strong><\/p>\n<p>&nbsp;<\/p>\n<p><strong><u><b>Since <\/b><b>1st September <\/b>2021<\/u><\/strong><\/p>\n<p><strong>Mgr. Urszula Mariola \u015amigielska, M.A.\u00a0 <\/strong><\/p>\n<p>Topic:<strong> Pohrebn\u00fd r\u00edtus lu\u017eickej kult\u00fary na Slovensku a v pri\u013eahl\u00fdch kult\u00farno-geografick\u00fdch regi\u00f3noch na obidvoch stran\u00e1ch karpatsk\u00e9ho obl\u00faka v dobe bronzovej<\/strong><\/p>\n<p>Supervisor:<strong> Mgr. Lucia Benedikov\u00e1, PhD.<\/strong><\/p>\n<\/div>\n<p>&nbsp;<\/p>\n<p><strong><u><b>Since <\/b><b>1st September <\/b>2022<\/u><\/strong><\/p>\n<p><strong>Mgr. Anna Kalap\u00e1\u010dov\u00e1<\/strong><\/p>\n<p><strong>T\u00e9ma dizerta\u010dnej pr\u00e1ce: <\/strong><strong>Germ\u00e1nske \u017eiarov\u00e9 pohrebisko v O\u010dkove v kontexte v\u00fdvoja z\u00e1padn\u00e9ho Slovenska v mlad\u0161ej dobe r\u00edmskej<\/strong><\/p>\n<p>\u0160kolite\u013e: <strong>PhDr. J\u00e1n Rajt\u00e1r, CSc.<\/strong><\/p>\n<p><strong>\u00a0<\/strong><\/p>\n<p><strong>\u00a0<\/strong><strong>Mgr. Lucia Popovi\u010dov\u00e1<\/strong><\/p>\n<p><strong>T\u00e9ma dizerta\u010dnej pr\u00e1ce: <\/strong><strong>Charakteristika \u0161tiepan\u00fdch kamenn\u00fdch industri\u00ed v severov\u00fdchodnej \u010dasti Karpatskej kotliny po poslednom glaci\u00e1lnom maxime s d\u00f4razom na lokalitu Ka\u0161ov I<\/strong><\/p>\n<p>\u0160kolite\u013eka: <strong>doc. PhDr. \u013dubom\u00edra Kaminsk\u00e1, CSc.<\/strong><\/p>\n<p>&nbsp;<\/p>\n<p><strong>Mgr. Jaros\u0142aw W\u00f3jcik<\/strong><\/p>\n<p><strong>T\u00e9ma dizerta\u010dnej pr\u00e1ce: <\/strong><strong>Milit\u00e1ri\u00e1 a taktika boja v dobe popolnicov\u00fdch pol\u00ed na severe Karpatskej kotliny<\/strong><\/p>\n<p>\u0160kolite\u013e: <strong>PhDr. Vladim\u00edr Mit\u00e1\u0161, PhD.<\/strong><\/p>\n<p>&nbsp;<\/p>\n<p><strong><u>Since 2nd September 2023<\/u><\/strong><\/p>\n<p><strong>Mgr. Dominika Hulkov\u00e1 Feren\u010d\u00e1kov\u00e1<\/strong><\/p>\n<p>Topic: <strong>Everyday life in the castle in the Middle Ages and the postmedieval period<\/strong><\/p>\n<p>Supervisor: <strong>PhDr. Peter Bedn\u00e1r, CSc.<\/strong><\/p>\n<p>&nbsp;<\/p>\n<p><strong>Mgr. Erich Fazekas<\/strong><\/p>\n<p>Topic: <strong>Settlement structure of Lower Hron river and Ipe\u013e river valleys from the Neolithic till the Hallstatt Period in light of human-landscape interactions<\/strong><\/p>\n<p>Supervisor:<strong> prof. PhDr. Jozef B\u00e1tora, DrSc.<\/strong><\/p>\n<p>&nbsp;<\/p>\n<div class=\"entry-content\">\n<h2>External study mode<\/h2>\n<p><strong><u><b>Since <\/b><b>1st September <\/b>2017<\/u><\/strong><\/p>\n<p><strong>Mgr. Martin Prist\u00e1\u0161<\/strong><br \/>\nTopic: <strong>Po\u010diatky \u017eupn\u00e9ho centra Zempl\u00edn a\u00a0jeho z\u00e1zemia<\/strong><br \/>\nSupervisor: <strong>doc. PhDr. Matej Ruttkay, CSc.<\/strong><\/p>\n<h2><\/h2>\n<h2>Above-standard study<\/h2>\n<p><strong><u><b>Since <\/b><b>1st September <\/b>2016<\/u><\/strong><\/p>\n<p><strong>Mgr. Denisa Kr\u010dov\u00e1<\/strong><\/p>\n<p>Topic: <strong>R\u00edmsko-provinci\u00e1lna keramika star\u0161ej doby r\u00edmskej a sp\u00f4soby jej pou\u017e\u00edvania v limitnom a barbarskom prostred\u00ed na Slovensku<\/strong><\/p>\n<p>Supervisor: <strong>PhDr. J\u00e1n Rajt\u00e1r, CSc.<\/strong><\/p>\n<p>&nbsp;<\/p>\n<p><strong><u><b>Since <\/b><b>1st September <\/b>2017<\/u><\/strong><\/p>\n<p><strong>Mgr. Milo\u0161 \u010cierny<\/strong><\/p>\n<p>Topic: <strong>V\u00fdrobky z\u00a0kost\u00ed a\u00a0parohoviny z\u00a0feud\u00e1lnych s\u00eddiel 11.-15. storo\u010dia na Slovensku vo svetle n\u00e1lezov z\u00a0Pust\u00e9ho hradu vo Zvolene<\/strong><\/p>\n<p>Supervisor: <strong>prof. PhDr. Alexander Ruttkay, DrSc.<\/strong><\/p>\n<\/div>\n<div class=\"entry-content\">\n<p>&nbsp;<\/p>\n<\/div>\n","protected":false},"excerpt":{"rendered":"<p>Internal study mode Since 1st September 2020 Mgr. Petra Dragonidesov\u00e1 Topic: Soci\u00e1lna \u0161trukt\u00fara pohreb\u00edsk germ\u00e1nskej spolo\u010dnosti doby r\u00edmskej na z\u00e1klade anal\u00fdzy pohreb\u00edsk v\u00a0dolnom Pomorav\u00ed Supervisor: PhDr. Kristi\u00e1n Elschek, CSc. &nbsp; Since 1st September 2021 Mgr. Urszula Mariola \u015amigielska, M.A.\u00a0 Topic: Pohrebn\u00fd r\u00edtus lu\u017eickej kult\u00fary na Slovensku a v pri\u013eahl\u00fdch kult\u00farno-geografick\u00fdch regi\u00f3noch na obidvoch stran\u00e1ch karpatsk\u00e9ho &#8230; <a class=\"read-more\" href=\"https:\/\/archeol.sav.sk\/index.php\/en\/phd-program\/phd-students\/\">\u010c\u00edtajte viac<\/a><\/p>\n","protected":false},"author":2,"featured_media":0,"parent":1789,"menu_order":0,"comment_status":"closed","ping_status":"closed","template":"","meta":[],"_links":{"self":[{"href":"https:\/\/archeol.sav.sk\/index.php\/wp-json\/wp\/v2\/pages\/3350"}],"collection":[{"href":"https:\/\/archeol.sav.sk\/index.php\/wp-json\/wp\/v2\/pages"}],"about":[{"href":"https:\/\/archeol.sav.sk\/index.php\/wp-json\/wp\/v2\/types\/page"}],"author":[{"embeddable":true,"href":"https:\/\/archeol.sav.sk\/index.php\/wp-json\/wp\/v2\/users\/2"}],"replies":[{"embeddable":true,"href":"https:\/\/archeol.sav.sk\/index.php\/wp-json\/wp\/v2\/comments?post=3350"}],"version-history":[{"count":20,"href":"https:\/\/archeol.sav.sk\/index.php\/wp-json\/wp\/v2\/pages\/3350\/revisions"}],"predecessor-version":[{"id":6821,"href":"https:\/\/archeol.sav.sk\/index.php\/wp-json\/wp\/v2\/pages\/3350\/revisions\/6821"}],"up":[{"embeddable":true,"href":"https:\/\/archeol.sav.sk\/index.php\/wp-json\/wp\/v2\/pages\/1789"}],"wp:attachment":[{"href":"https:\/\/archeol.sav.sk\/index.php\/wp-json\/wp\/v2\/media?parent=3350"}],"curies":[{"name":"wp","href":"https:\/\/api.w.org\/{rel}","templated":true}]}}