{"id":3344,"date":"2018-04-09T14:10:33","date_gmt":"2018-04-09T12:10:33","guid":{"rendered":"http:\/\/archeol.sav.sk\/?page_id=3344"},"modified":"2023-11-16T11:51:52","modified_gmt":"2023-11-16T09:51:52","slug":"doktorandi","status":"publish","type":"page","link":"https:\/\/archeol.sav.sk\/index.php\/sk\/o-nas\/doktorandske-studium\/doktorandi\/","title":{"rendered":"Doktorandi"},"content":{"rendered":"<h2><strong>Intern\u00ed doktorandi<\/strong><\/h2>\n<p><strong><u>N\u00e1stup 1.9.2020<\/u><\/strong><\/p>\n<p><strong>Mgr. Petra Dragonidesov\u00e1<\/strong><\/p>\n<p>T\u00e9ma dizerta\u010dnej pr\u00e1ce: <strong>Soci\u00e1lna \u0161trukt\u00fara pohreb\u00edsk germ\u00e1nskej spolo\u010dnosti doby r\u00edmskej na z\u00e1klade anal\u00fdzy pohreb\u00edsk v\u00a0dolnom Pomorav\u00ed<\/strong><\/p>\n<p>\u0160kolite\u013e: <strong>PhDr. Kristi\u00e1n Elschek, CSc.<\/strong><\/p>\n<p><strong>\u00a0<\/strong><\/p>\n<p><strong><u>N\u00e1stup 1.9.2021<\/u><\/strong><\/p>\n<p><strong>Mgr. Urszula Mariola \u015amigielska, M.A.\u00a0 <\/strong><\/p>\n<p><strong>T\u00e9ma dizerta\u010dnej pr\u00e1ce: Pohrebn\u00fd r\u00edtus lu\u017eickej kult\u00fary na Slovensku a v pri\u013eahl\u00fdch kult\u00farno-geografick\u00fdch regi\u00f3noch na obidvoch stran\u00e1ch karpatsk\u00e9ho obl\u00faka v dobe bronzovej<\/strong><\/p>\n<p><strong>\u0160kolite\u013eka: Mgr. Lucia Benedikov\u00e1, PhD.<\/strong><\/p>\n<p>&nbsp;<\/p>\n<p><strong><u>N\u00e1stup 1.9.2022<\/u><\/strong><\/p>\n<p><strong>Mgr. Anna Kalap\u00e1\u010dov\u00e1<\/strong><\/p>\n<p><strong>T\u00e9ma dizerta\u010dnej pr\u00e1ce: <\/strong><strong>Germ\u00e1nske \u017eiarov\u00e9 pohrebisko v O\u010dkove v kontexte v\u00fdvoja z\u00e1padn\u00e9ho Slovenska v mlad\u0161ej dobe r\u00edmskej<\/strong><\/p>\n<p>\u0160kolite\u013e: <strong>PhDr. J\u00e1n Rajt\u00e1r, CSc.<\/strong><\/p>\n<p><strong>\u00a0<\/strong><\/p>\n<p><strong>\u00a0<\/strong><strong>Mgr. Lucia Popovi\u010dov\u00e1<\/strong><\/p>\n<p><strong>T\u00e9ma dizerta\u010dnej pr\u00e1ce: <\/strong><strong>Charakteristika \u0161tiepan\u00fdch kamenn\u00fdch industri\u00ed v severov\u00fdchodnej \u010dasti Karpatskej kotliny po poslednom glaci\u00e1lnom maxime s d\u00f4razom na lokalitu Ka\u0161ov I<\/strong><\/p>\n<p>\u0160kolite\u013eka: <strong>doc. PhDr. \u013dubom\u00edra Kaminsk\u00e1, CSc.<\/strong><\/p>\n<p>&nbsp;<\/p>\n<p><strong>Mgr. Jaros\u0142aw W\u00f3jcik<\/strong><\/p>\n<p><strong>T\u00e9ma dizerta\u010dnej pr\u00e1ce: <\/strong><strong>Milit\u00e1ri\u00e1 a taktika boja v dobe popolnicov\u00fdch pol\u00ed na severe Karpatskej kotliny<\/strong><\/p>\n<p>\u0160kolite\u013e: <strong>PhDr. Vladim\u00edr Mit\u00e1\u0161, PhD.<\/strong><\/p>\n<p>&nbsp;<\/p>\n<p><strong><u>N\u00e1stup 2. 9. 2023<\/u><\/strong><\/p>\n<p><strong>Mgr. Dominika Hulkov\u00e1 Feren\u010d\u00e1kov\u00e1<\/strong><\/p>\n<p>T\u00e9ma dizerta\u010dnej pr\u00e1ce: \u00a0<strong>Ka\u017edodenn\u00fd \u017eivot v hrade v stredoveku a na po\u010diatku novoveku<\/strong><\/p>\n<p>\u0160kolite\u013e: <strong>PhDr. Peter Bedn\u00e1r, CSc.<\/strong><\/p>\n<p>&nbsp;<\/p>\n<p><strong>Mgr. Erich Fazekas<\/strong><\/p>\n<p>T\u00e9ma dizerta\u010dnej pr\u00e1ce:\u00a0 <strong>Os\u00eddlenie doln\u00e9ho Pohronia a Poiplia v neolite a\u017e v dobe hal\u0161tatskej vo svetle interakci\u00ed \u010dloveka a\u00a0krajiny<\/strong><\/p>\n<p>\u0160kolite\u013e: <strong>prof. PhDr. Jozef B\u00e1tora, DrSc.<\/strong><\/p>\n<p>&nbsp;<\/p>\n<h2>Extern\u00ed doktorandi<\/h2>\n<p><strong><u>N\u00e1stup 1.9.2017<\/u><\/strong><\/p>\n<p><strong>Mgr. Martin Prist\u00e1\u0161<\/strong><br \/>\nT\u00e9ma dizerta\u010dnej pr\u00e1ce:\u00a0<strong>Po\u010diatky \u017eupn\u00e9ho centra Zempl\u00edn a\u00a0jeho z\u00e1zemia<\/strong><br \/>\n\u0160kolite\u013e:\u00a0<strong>doc. PhDr. Matej Ruttkay, CSc.<\/strong><\/p>\n<h2><\/h2>\n<h2>Nad\u0161tandardn\u00e9 \u0161t\u00fadium<\/h2>\n<p><strong><u>N\u00e1stup 1.9.2016<\/u><\/strong><\/p>\n<p><strong>Mgr. Denisa Kr\u010dov\u00e1<\/strong><\/p>\n<p>T\u00e9ma dizerta\u010dnej pr\u00e1ce:\u00a0<strong>R\u00edmsko-provinci\u00e1lna keramika star\u0161ej doby r\u00edmskej a sp\u00f4soby jej pou\u017e\u00edvania v limitnom a barbarskom prostred\u00ed na Slovensku<\/strong><\/p>\n<p>\u0160kolite\u013e:\u00a0<strong>PhDr. J\u00e1n Rajt\u00e1r, CSc.<\/strong><\/p>\n<p>&nbsp;<\/p>\n<p><strong><u>N\u00e1stup 1.9.2017<\/u><\/strong><\/p>\n<p><strong>Mgr. Milo\u0161 \u010cierny<\/strong><\/p>\n<p>T\u00e9ma dizerta\u010dnej pr\u00e1ce:\u00a0<strong>V\u00fdrobky z\u00a0kost\u00ed a\u00a0parohoviny z\u00a0feud\u00e1lnych s\u00eddiel 11.-15. storo\u010dia na Slovensku vo svetle n\u00e1lezov z\u00a0Pust\u00e9ho hradu vo Zvolene<\/strong><\/p>\n<p>\u0160kolite\u013e:\u00a0<strong>prof. PhDr. Alexander Ruttkay, DrSc.<\/strong><\/p>\n<p>&nbsp;<\/p>\n","protected":false},"excerpt":{"rendered":"<p>Intern\u00ed doktorandi N\u00e1stup 1.9.2020 Mgr. Petra Dragonidesov\u00e1 T\u00e9ma dizerta\u010dnej pr\u00e1ce: Soci\u00e1lna \u0161trukt\u00fara pohreb\u00edsk germ\u00e1nskej spolo\u010dnosti doby r\u00edmskej na z\u00e1klade anal\u00fdzy pohreb\u00edsk v\u00a0dolnom Pomorav\u00ed \u0160kolite\u013e: PhDr. Kristi\u00e1n Elschek, CSc. \u00a0 N\u00e1stup 1.9.2021 Mgr. Urszula Mariola \u015amigielska, M.A.\u00a0 T\u00e9ma dizerta\u010dnej pr\u00e1ce: Pohrebn\u00fd r\u00edtus lu\u017eickej kult\u00fary na Slovensku a v pri\u013eahl\u00fdch kult\u00farno-geografick\u00fdch regi\u00f3noch na obidvoch stran\u00e1ch karpatsk\u00e9ho obl\u00faka &#8230; <a class=\"read-more\" href=\"https:\/\/archeol.sav.sk\/index.php\/sk\/o-nas\/doktorandske-studium\/doktorandi\/\">\u010c\u00edtajte viac<\/a><\/p>\n","protected":false},"author":2,"featured_media":0,"parent":750,"menu_order":0,"comment_status":"closed","ping_status":"closed","template":"","meta":[],"_links":{"self":[{"href":"https:\/\/archeol.sav.sk\/index.php\/wp-json\/wp\/v2\/pages\/3344"}],"collection":[{"href":"https:\/\/archeol.sav.sk\/index.php\/wp-json\/wp\/v2\/pages"}],"about":[{"href":"https:\/\/archeol.sav.sk\/index.php\/wp-json\/wp\/v2\/types\/page"}],"author":[{"embeddable":true,"href":"https:\/\/archeol.sav.sk\/index.php\/wp-json\/wp\/v2\/users\/2"}],"replies":[{"embeddable":true,"href":"https:\/\/archeol.sav.sk\/index.php\/wp-json\/wp\/v2\/comments?post=3344"}],"version-history":[{"count":17,"href":"https:\/\/archeol.sav.sk\/index.php\/wp-json\/wp\/v2\/pages\/3344\/revisions"}],"predecessor-version":[{"id":6820,"href":"https:\/\/archeol.sav.sk\/index.php\/wp-json\/wp\/v2\/pages\/3344\/revisions\/6820"}],"up":[{"embeddable":true,"href":"https:\/\/archeol.sav.sk\/index.php\/wp-json\/wp\/v2\/pages\/750"}],"wp:attachment":[{"href":"https:\/\/archeol.sav.sk\/index.php\/wp-json\/wp\/v2\/media?parent=3344"}],"curies":[{"name":"wp","href":"https:\/\/api.w.org\/{rel}","templated":true}]}}