{"id":3342,"date":"2018-04-09T14:07:32","date_gmt":"2018-04-09T12:07:32","guid":{"rendered":"http:\/\/archeol.sav.sk\/?page_id=3342"},"modified":"2023-04-28T09:18:44","modified_gmt":"2023-04-28T07:18:44","slug":"offer","status":"publish","type":"page","link":"https:\/\/archeol.sav.sk\/index.php\/en\/phd-program\/offer\/","title":{"rendered":"Offer"},"content":{"rendered":"<p>The Institute of Archaeology of the Slovak Academy of Sciences (founded in 1939) is a modern workplace that currently employs more than 70 professional and scientific staff &#8211; archaeologists, but also colleagues from several collaborating natural science disciplines. For more information about the department, see www. sav.sk\/Science groups\/Historical sciences\/Institute of Archaeology; www. archeol.sav.sk.<\/p>\n<p>The Institute is an independent education centre for three (Constantine The Philosopher University in Nitra) and four-year (Comenius university, Bratislava) studies in external and internal mode in the field of archaeology in conjunction with several Slovak universities. Upon successful graduation, the doctoral student receives the title &#8220;Philosophiae doctor&#8221; (PhD.) Currently, internal doctoral students receive a tax-free scholarship of 807 \u20ac per month during the first part of study and 940 \u20ac per month after a successful dissertation examination.\u00a0 Doctoral students supervised by renowned supervisors have good working conditions at the institute and are usually immediately involved in research projects, which improves their communication in the research area, work mobility and material and technical equipment.<\/p>\n<p>The thesis topics offered are based on the needs of contemporary archaeological research in the Central European area and can be a good start to systematic scientific work for their future researchers.<\/p>\n<p>&nbsp;<\/p>\n<p><strong>More information about study:<\/strong><\/p>\n<p><a href=\"https:\/\/www.ff.ukf.sk\/doktorandske-studium\">Constantine The Philosopher University in Nitra<\/a><\/p>\n<p><a href=\"https:\/\/fphil.uniba.sk\/studium\/pk\/doktorandske-studium\/\">Comenius university, Bratislava<\/a><\/p>\n<p>&nbsp;<\/p>\n<p><!--more--><\/p>\n<p>PhD studies topics starting in 2023, the exact date of the admission procedure will be specified. It will probably take place in June 2023 (application deadline mid-May 2023). For further information, you can contact us at: nrausekr@savba.sk<\/p>\n<h2><\/h2>\n<h2><span id=\"title\">Faculty of Arts, <\/span><span id=\"subtitle\">Comenius University Bratislava &#8211; 4 years<\/span><\/h2>\n<p>Historical sciences, study programme: general history<\/p>\n<p>1.\u00a0Topic: <strong>Central hillfort of the P\u00fachov culture on Havr\u00e1nok hill in Liptovsk\u00e1 Sielnica-Liptovsk\u00e1 Mara. Development, function, and heritage presentation.<\/strong><\/p>\n<p>Supervisor: PhDr. Karol Pieta, DrSc. (Contact: <a href=\"mailto:nraupiet@savba.sk\">nraupiet@savba.sk<\/a>)<\/p>\n<p>Consultant: Mgr. Lucia Benedikov\u00e1, PhD. (Contact: <a href=\"mailto:nraubene@savba.sk\">nraubene@savba.sk<\/a>)<\/p>\n<p>Date of admission: <strong>June 2023<\/strong><\/p>\n<p><em>The topic includes the analysis of the development of the use and the interpretation of the importance of the dominant site of the Liptovsk\u00e1 Basin &#8211; the hill Havr\u00e1nok in Liptovsk\u00e1 Sielnica- Liptovsk\u00e1 Mara &#8211; in the Protohistoric Period based on the rich materials from the long-term excavations conducted by the Institute of Archaeology of the Slovak Academy of Sciences (SAV). The hill was fortified and used as an important sacrificial place from the Middle La T\u00e9ne to the beginning of the Roman Period. The topic will also include the reconsideration of the reconstructions of selected archaeological features and the use of the site for cultural tourism.<\/em><\/p>\n<p>&nbsp;<\/p>\n<p>2.Topic:\u00a0<strong>Exchange and trade as a socio-economic phenomenon of the Protohistorical and Early Medieval period in the western part of the Carpathian Basin. Coins and non-monetary exchange media<\/strong><\/p>\n<p>Supervisor: PhDr. Karol Pieta, DrSc. (Contact: <a href=\"mailto:nraupiet@savba.sk\">nraupiet@savba.sk<\/a>)<\/p>\n<p>Consultant: Dr. P\u00e9ter Proh\u00e1szka (Contact: <span class=\"qu\" tabindex=\"-1\" role=\"gridcell\" translate=\"no\"><span class=\"go\"><a href=\"mailto:prohaszkapeter1975@gmail.com\">prohaszkapeter1975@gmail.com<\/a>)<\/span><\/span><\/p>\n<p>Date of admission: <strong>June 2023<\/strong><\/p>\n<p><em>\u00a0<\/em><em>The definition of the development of trade and exchange relations in the specified area in the\u00a0 Protohistoric and Early Medieval Periods. The interpretation of the minting and use\/non-use of coins and other instruments of exchange and their various functions in different periods and communities, focused on the local coin production and relevant raw material resources in Slovakia..<\/em><\/p>\n<p>&nbsp;<\/p>\n<p>3. Topic:\u00a0<strong>Early Medieval burial mounds in the Middle Danube region<\/strong><\/p>\n<p>Supervisor: Mgr. Zbigniew Robak, PhD. (Contact:<a href=\"mailto:zbigniew.robak@savba.sk\"> zbigniew.robak@savba.sk<\/a>)<\/p>\n<p>Date of admission: <strong>June 2023<\/strong><\/p>\n<p><em>The main aim of the thesis is to critically analyze early medieval mound burials in Central Europe. Specific aims will include a complex analysis of well-known archeological sites, the so-called Slavic burial mound zone divided into chronological phases, regions and categories (if necessary, investigation of regional differences and revision of dating of the sites. A special emphasis should be put on Western Slovak groups (Upper Nitra, Turiec group).<\/em><\/p>\n<p><strong>\u00a0<\/strong><\/p>\n<p>4. Topic: <strong>Life with stone in the early Middle Ages<\/strong><\/p>\n<p>Supervisor: doc. PhDr. Matej Ruttkay, CSc. (Contact: <a href=\"mailto:matej.ruttkay@savba.sk\">matej.ruttkay@savba.sk<\/a>)<\/p>\n<p>Date of admission: <strong>June 2023<\/strong><\/p>\n<p><em>The aim of the thesis is to summarize, analyze and evaluate archaeological sources documenting the use of stone in various human activities in the early Middle Ages (primarily in the territory of today&#8217;s western Slovakia). From the excavations of more complexly investigated settlements and burial sites, an extensive finds fund is available (construction material, millstones, grinding stones, asses, flint stones, art objects, whorls, weights, or parts of grave inventory, etc.). Its analysis and incorporation into the Middle Danube area may provide a number of results important for the reconstruction of medieval life &#8211; sources of raw materials, technologies of extraction and processing, transport, trade\/exchange, etc. Interdisciplinary cooperation is a requirement for a successful completion of the thesis &#8211; especially comparisons with historical and art-historical sources and cooperation with geologists.<\/em><\/p>\n<p>&nbsp;<\/p>\n<h2><span id=\"title\">Faculty of Arts, <\/span><strong>Constantine the Philosopher University in Nitra,\u00a0 3 years<\/strong><\/h2>\n<p>Historical sciences, study programme: Archaeology<\/p>\n<p>&nbsp;<\/p>\n<p>5.\u00a0Topic:\u00a0 <strong>Settlement structure of Lower Hron river and Ipe\u013e river valleys from the Neolithic till the Hallstatt Period in light of human-landscape interactions<\/strong><\/p>\n<p>Supervisor: prof. PhDr. Jozef B\u00e1tora, DrSc. (Contact: <a href=\"mailto:nraubato@savba.sk\">nraubato@savba.sk<\/a>)<\/p>\n<p>Consultant: PhDr. Vladim\u00edr Mit\u00e1\u0161, PhD. (Contact: <a href=\"mailto:vladimir.mitas@savba.sk\">vladimir.mitas@savba.sk<\/a>)<\/p>\n<p>Date of admission: <strong>June 2023<\/strong><\/p>\n<p><em>During Prehistory, the Lower Hron and Ipe\u013e basins \u2013 two regions important in the northern part of the Carpathian Basin \u2013 constituted a bridge between the Danubian Lowland and the Tisza Basin. The aim of the dissertation will be, beside the identification of cultural changes, settlement structure and dynamics in this area, to analyse changes resulting from interactions between the human, landscape and natural environment. Dissertation will require a broader interdisciplinary cooperation.<\/em><\/p>\n<p>&nbsp;<\/p>\n<p>6.<b> <\/b>Topic: <strong>Early medieval settlement (6<sup>th<\/sup>\u201311<sup>th<\/sup> c.) of the Middle Nitra Basin from the perspective of archaeology<\/strong><\/p>\n<p>Supervisor: Mgr. Zbigniew Robak, PhD. (Contact:<a href=\"mailto:zbigniew.robak@savba.sk\"> zbigniew.robak@savba.sk<\/a>)<\/p>\n<p>Consultant: doc. PhDr. Matej Ruttkay, DrSc. (Contact: <a href=\"mailto:matej.ruttkay@savba.sk\">matej.ruttkay@savba.sk<\/a>)<\/p>\n<p>Date of admission: <strong>June 2023<\/strong><\/p>\n<p><em>The aim of the thesis is to collect and evaluate archaeological sources from the given chronological period from the central Nitra basin and adjacent mountainous areas \u2013 Vt\u00e1\u010dnik, Str\u00e1\u017eovsk\u00e9 Vrchy, Pova\u017esk\u00fd Inovec and Tribe\u010d. The work will include the documentation and processing of findings deposited in several institutions, as well as work in the GIS environment and with the use of LIDAR data.<\/em><\/p>\n<p><strong>\u00a0<\/strong><\/p>\n<p>7. Topic: <strong>Heating in castles in eastern Slovakia (\u0160ari\u0161, Uh and Zempl\u00edn Counties) and south-western Ukraine (Podolia) in the Middle Ages and at the beginning of the modern period<\/strong><\/p>\n<p>Supervisor: PhDr. Peter Bedn\u00e1r, CSc.<\/p>\n<p>Date of admission: <strong>June 2023<\/strong><\/p>\n<p><em>A comparison of the form and development of heating devices and heating methods in castles in the neighbouring areas of medieval Hungary and the historical Podolie region. The aim of the thesis is to collect the sources, compare the typological development of heating devices (open hearths, fireplaces, furnaces, hypocausts) and compare the art-historical development of tile stoves at selected sites in both areas. The thesis will test a hypothesis about the Eastern and Nordic influences on the development of heating devices in the medieval Kingdom of Hungary.<\/em><\/p>\n<p><em>\u00a0<\/em><\/p>\n<p>8.<b> <\/b>Topic:\u00a0 <strong>Medieval and modern ceramics from the upper \u017ditava river valley based on the archaeological sources from Hru\u0161ov and G\u00fdme\u0161 castles<\/strong><\/p>\n<p>Supervisor: Mgr. M\u00e1rio Bielich, PhD. (Contact: <a href=\"mailto:nraubedn@savba.sk\">nraubedn@savba.sk<\/a>)<\/p>\n<p>Date of admission: <strong>June 2023<\/strong><\/p>\n<p><em>The aim of the thesis is to process and evaluate ceramic finds acquired during archaeological research of the castles of Hru\u0161ov and G\u00fdme\u0161 in the context of archaeological sources from Upper \u017ditava valley and in a wider context also from the neighbouring areas of the historical Kingdom of Hungary. Also, the aim of the thesis is to capture changes in the production of ceramics in the studied period and recognize imports of different provenance in ceramic assemblages.<\/em><\/p>\n<p>&nbsp;<\/p>\n<p>You can find more about the topics of the dissertations on the website of the Slovak Academy of Sciences <a href=\"https:\/\/www.sav.sk\/?lang=sk&amp;doc=educ-phdtopic\">https:\/\/www.sav.sk\/?lang=sk&amp;doc=educ-phdtopic<\/a><\/p>\n","protected":false},"excerpt":{"rendered":"<p>The Institute of Archaeology of the Slovak Academy of Sciences (founded in 1939) is a modern workplace that currently employs more than 70 professional and scientific staff &#8211; archaeologists, but also colleagues from several collaborating natural science disciplines. For more information about the department, see www. sav.sk\/Science groups\/Historical sciences\/Institute of Archaeology; www. archeol.sav.sk. The Institute &#8230; <a class=\"read-more\" href=\"https:\/\/archeol.sav.sk\/index.php\/en\/phd-program\/offer\/\">Read more<\/a><\/p>\n","protected":false},"author":2,"featured_media":0,"parent":1789,"menu_order":0,"comment_status":"closed","ping_status":"closed","template":"","meta":[],"_links":{"self":[{"href":"https:\/\/archeol.sav.sk\/index.php\/wp-json\/wp\/v2\/pages\/3342"}],"collection":[{"href":"https:\/\/archeol.sav.sk\/index.php\/wp-json\/wp\/v2\/pages"}],"about":[{"href":"https:\/\/archeol.sav.sk\/index.php\/wp-json\/wp\/v2\/types\/page"}],"author":[{"embeddable":true,"href":"https:\/\/archeol.sav.sk\/index.php\/wp-json\/wp\/v2\/users\/2"}],"replies":[{"embeddable":true,"href":"https:\/\/archeol.sav.sk\/index.php\/wp-json\/wp\/v2\/comments?post=3342"}],"version-history":[{"count":10,"href":"https:\/\/archeol.sav.sk\/index.php\/wp-json\/wp\/v2\/pages\/3342\/revisions"}],"predecessor-version":[{"id":6607,"href":"https:\/\/archeol.sav.sk\/index.php\/wp-json\/wp\/v2\/pages\/3342\/revisions\/6607"}],"up":[{"embeddable":true,"href":"https:\/\/archeol.sav.sk\/index.php\/wp-json\/wp\/v2\/pages\/1789"}],"wp:attachment":[{"href":"https:\/\/archeol.sav.sk\/index.php\/wp-json\/wp\/v2\/media?parent=3342"}],"curies":[{"name":"wp","href":"https:\/\/api.w.org\/{rel}","templated":true}]}}