{"id":3340,"date":"2018-04-09T14:04:05","date_gmt":"2018-04-09T12:04:05","guid":{"rendered":"http:\/\/archeol.sav.sk\/?page_id=3340"},"modified":"2023-04-28T09:16:45","modified_gmt":"2023-04-28T07:16:45","slug":"ponuka","status":"publish","type":"page","link":"https:\/\/archeol.sav.sk\/index.php\/sk\/o-nas\/doktorandske-studium\/ponuka\/","title":{"rendered":"Ponuka"},"content":{"rendered":"<p>Archeologick\u00fd \u00fastav Slovenskej akad\u00e9mie vied, v. v. i. (zalo\u017een\u00fd v roku 1939) je modern\u00e9 pracovisko, ktor\u00e9 v s\u00fa\u010dasnosti zamestn\u00e1va viac ako 70 odborn\u00fdch a vedeck\u00fdch pracovn\u00edkov \u2013 archeol\u00f3gov, ale pracuj\u00fa tu aj kolegovia z viacer\u00fdch spolupracuj\u00facich pr\u00edrodovedn\u00fdch discipl\u00edn. Bli\u017e\u0161ie o pracovisku pozri www. sav.sk\/Science groups\/Historical sciences\/Institute of Archaeology; www. archeol.sav.sk. \u00dastav je v spojen\u00ed s viacer\u00fdmi slovensk\u00fdmi univerzitami samostatn\u00fdm \u0161koliacim pracoviskom pre troj (Univerzita Kon\u0161tant\u00edna Filozofa v Nitre) a \u0161tvorro\u010dn\u00e9 (Univerzita Komensk\u00e9ho Bratislava) \u0161t\u00fadium v externom a internom re\u017eime v odbore archeol\u00f3gia. Po jeho \u00faspe\u0161nom absolvovan\u00ed doktorand z\u00edska titul \u201ePhilosophiae doctor\u201c (PhD.)\u00a0 V s\u00fa\u010dasnosti intern\u00ed doktorandi po\u010das \u0161t\u00fadia dost\u00e1vaj\u00fa nezdanen\u00e9\u00a0 \u0161tipendium vo v\u00fd\u0161ke 807 \u20ac mesa\u010dne a po \u00faspe\u0161nej dizerta\u010dnej sk\u00fa\u0161ke\u00a0 940 \u20ac mesa\u010dne.\u00a0 Doktorandi veden\u00ed renomovan\u00fdmi \u0161kolite\u013emi maj\u00fa na \u00fastave\u00a0 dobr\u00e9 pracovn\u00e9 podmienky a s\u00fa spravidla okam\u017eite zapojen\u00ed do v\u00fdskumn\u00fdch projektov, \u010do zlep\u0161uje ich komunik\u00e1ciu vo v\u00fdskumnom priestore, pracovn\u00fa mobilitu a materi\u00e1lov\u00e9 i technick\u00e9 vybavenie.\u00a0 Pon\u00fakan\u00e9 t\u00e9my dizerta\u010dn\u00fdch pr\u00e1c vych\u00e1dzaj\u00fa z potrieb s\u00fa\u010dasn\u00e9ho archeologick\u00e9ho v\u00fdskumu v stredoeur\u00f3pskom priestore a m\u00f4\u017eu by\u0165 pre ich bud\u00facich rie\u0161ite\u013eov dobr\u00fdm \u0161tartom do systematickej vedeckej pr\u00e1ce.<\/p>\n<p>&nbsp;<\/p>\n<p>The Institute of Archaeology of the Slovak Academy of Sciences (founded in 1939) is a modern workplace that currently employs more than 70 professional and scientific staff &#8211; archaeologists, but also colleagues from several collaborating natural science disciplines. For more information about the department, see www. sav.sk\/Science groups\/Historical sciences\/Institute of Archaeology; www. archeol.sav.sk.<\/p>\n<p>The Institute is an independent education centre for three (Constantine The Philosopher University in Nitra) and four-year (Comenius university, Bratislava) in external and internal mode in the field of archaeology in conjunction with several Slovak universities. Upon successful graduation, the doctoral student receives the title &#8220;Philosophiae doctor&#8221; (PhD.) Currently, internal doctoral students receive a tax-free scholarship of 807 \u20ac per month during the first part of study and 940 \u20ac per month after a successful dissertation examination.\u00a0 Doctoral students supervised by renowned supervisors have good working conditions at the institute and are usually immediately involved in research projects, which improves their communication in the research area, work mobility and material and technical equipment.<\/p>\n<p>The thesis topics offered are based on the needs of contemporary archaeological research in the Central European area and can be a good start to systematic scientific work for their future researchers.<\/p>\n<p>&nbsp;<\/p>\n<p><strong>Viac inform\u00e1cii u \u0161t\u00fadiu\/More information about study:<\/strong><\/p>\n<p><a href=\"https:\/\/www.ff.ukf.sk\/doktorandske-studium\">Univerzita Kon\u0161tant\u00edna Filozofa v Nitre\/ Constantine The Philosopher University in Nitra<\/a><\/p>\n<p><a href=\"https:\/\/fphil.uniba.sk\/studium\/pk\/doktorandske-studium\/\">Univerzita Komensk\u00e9ho Bratislava\/ Comenius university, Bratislava<\/a><\/p>\n<p>&nbsp;<\/p>\n<p><!--more--><\/p>\n<p>T\u00e9my dizerta\u010dn\u00fdch pr\u00e1c so za\u010diatkom \u0161t\u00fadia v roku 2023, presn\u00fd d\u00e1tum prij\u00edmacieho konanie upresn\u00edme. Pravdepodobne sa uskuto\u010dn\u00ed v j\u00fani 2023 (odovzdanie prihl\u00e1\u0161ky polovica m\u00e1ja 2023). Pre \u010fal\u0161ie inform\u00e1cie n\u00e1s m\u00f4\u017eete kontaktova\u0165 na: nrausekr@savba.sk<\/p>\n<h2><strong>Univerzita Komensk\u00e9ho Bratislava \u2013 Filozofick\u00e1 Fakulta \u2013 4 ro\u010dn\u00e9 \u0161t\u00fadium<\/strong><\/h2>\n<p>\u0160tudijn\u00fd odbor: Historick\u00e9 vedy, \u0161tudijn\u00fd program: V\u0161eobecn\u00e9 dejiny<\/p>\n<p>1. FF UK BA (4. ro\u010dn\u00e9 \u0161t\u00fadium, denn\u00e9)<\/p>\n<p>N\u00e1zov dizerta\u010dnej pr\u00e1ce: <strong>Centr\u00e1lne hradisko p\u00fachovskej kult\u00fary na vrchu Havr\u00e1nok v Liptovskej Sielnici-Liptovskej Mare. V\u00fdvoj, funkcia a pamiatkov\u00e1 prezent\u00e1cia<\/strong><\/p>\n<p>Topic: <strong>Central hillfort of the P\u00fachov culture on Havr\u00e1nok hill in Liptovsk\u00e1 Sielnica-Liptovsk\u00e1 Mara. Development, function, and heritage presentation.<\/strong><\/p>\n<p>\u0160kolite\u013e: PhDr. Karol Pieta, DrSc. (Kontakt: <a href=\"mailto:nraupiet@savba.sk\">nraupiet@savba.sk<\/a>)<\/p>\n<p>Konzultant: Mgr. Lucia Benedikov\u00e1, PhD. (Kontakt: <a href=\"mailto:nraubene@savba.sk\">nraubene@savba.sk<\/a>)<\/p>\n<p>Forma \u0161t\u00fadia:\u00a0 D\/E<\/p>\n<p>Term\u00edn prij\u00edmacieho konania:\u00a0<strong>j\u00fan 2023<\/strong><\/p>\n<p>Anot\u00e1cia: <em>T\u00e9ma zah\u0155\u0148a spracovanie v\u00fdvoja vyu\u017e\u00edvania a\u00a0interpret\u00e1ciu v\u00fdznamu dominantnej polohy Liptovskej kotliny \u2013 vrchu Havr\u00e1nok v\u00a0Liptovskej Sielnici-Liptovskej Mara \u2013 vo v\u010dasnohistorickom obdob\u00ed na z\u00e1klade vyhodnotenia bohat\u00fdch materi\u00e1lov z dlhoro\u010dn\u00fdch vykop\u00e1vok Archeologick\u00e9ho \u00fastavu SAV. Vrch bol opevnen\u00fd a\u00a0vyu\u017e\u00edvan\u00fd aj ako\u00a0v\u00fdznamn\u00e9 obetn\u00e9 miesto od strednej doby lat\u00e9nskej do za\u010diatku doby r\u00edmskej. S\u00fa\u010das\u0165ou t\u00e9my bude aj\u00a0 nov\u00fd poh\u013ead na rekon\u0161trukcie vybran\u00fdch archeologick\u00fdch objektov a\u00a0na vyu\u017eitie lokality pre kult\u00farny turizmus. <\/em><\/p>\n<p><em>\u00a0<\/em><\/p>\n<p><em>The topic includes the analysis of the development of the use and the interpretation of the importance of the dominant site of the Liptovsk\u00e1 Basin &#8211; the hill Havr\u00e1nok in Liptovsk\u00e1 Sielnica- Liptovsk\u00e1 Mara &#8211; in the Protohistoric Period based on the rich materials from the long-term excavations conducted by the Institute of Archaeology of the Slovak Academy of Sciences (SAV). The hill was fortified and used as an important sacrificial place from the Middle La T\u00e9ne to the beginning of the Roman Period. The topic will also include the reconsideration of the reconstructions of selected archaeological features and the use of the site for cultural tourism.<\/em><\/p>\n<p>&nbsp;<\/p>\n<p><strong>2. <\/strong>FF UK BA (4. ro\u010dn\u00e9 \u0161t\u00fadium, denn\u00e9)<\/p>\n<p>N\u00e1zov dizerta\u010dnej pr\u00e1ce:\u00a0 <strong>V\u00fdmena a obchod<\/strong> <strong>ako soci\u00e1lnoekonomick\u00fd fenom\u00e9n protohistorick\u00e9ho a\u00a0ranostredovek\u00e9ho obdobia v z\u00e1padnej \u010dasti Karpatskej kotliny. Mince a\u00a0nemonet\u00e1rne prostriedky v\u00fdmeny.<\/strong><\/p>\n<p>Topic:\u00a0<strong>Exchange and trade as a socio-economic phenomenon of the Protohistorical and Early Medieval period in the western part of the Carpathian Basin. Coins and non-monetary exchange media<\/strong><\/p>\n<p>\u0160kolite\u013e: PhDr. Karol Pieta, DrSc. (Kontakt: <a href=\"mailto:nraupiet@savba.sk\">nraupiet@savba.sk<\/a>)<\/p>\n<p>Konzultant: Dr. P\u00e9ter Proh\u00e1szka (Kontakt: <span class=\"qu\" tabindex=\"-1\" role=\"gridcell\" translate=\"no\"><span class=\"go\"><a href=\"mailto:prohaszkapeter1975@gmail.com\">prohaszkapeter1975@gmail.com<\/a>)<\/span><\/span><\/p>\n<p>Forma \u0161t\u00fadia:\u00a0D\/E<\/p>\n<p>Term\u00edn prij\u00edmacieho konania:\u00a0j\u00fan 2023<\/p>\n<p>Anot\u00e1cia: <em>Definovanie v\u00fdvoja obchodno-v\u00fdmenn\u00fdch vz\u0165ahov v\u00a0ur\u010denej oblasti v protohistorickom a\u00a0vo v\u010dasnostredovekom obdob\u00ed. V\u00fdklad razby a vyu\u017e\u00edvania\/nevyu\u017e\u00edvania minc\u00ed a\u00a0in\u00fdch prostriedkov v\u00fdmeny a\u00a0ich r\u00f4znych funkci\u00ed v\u00a0jednotliv\u00fdch obdobiach a\u00a0spolo\u010denstv\u00e1ch, s\u00a0\u0165a\u017eiskom na lok\u00e1lnu produkciu minc\u00ed a jej surovinov\u00e9 predpoklady na \u00fazem\u00ed Slovenska.<\/em><\/p>\n<p><em>\u00a0<\/em><\/p>\n<p><em>The definition of the development of trade and exchange relations in the specified area in the\u00a0 Protohistoric and Early Medieval Periods. The interpretation of the minting and use\/non-use of coins and other instruments of exchange and their various functions in different periods and communities, focused on the local coin production and relevant raw material resources in Slovakia..<\/em><\/p>\n<p>&nbsp;<\/p>\n<p>3. FF UK BA (4. ro\u010dn\u00e9 \u0161t\u00fadium, denn\u00e9)<\/p>\n<p>N\u00e1zov dizerta\u010dnej pr\u00e1ce: <strong>V\u010dasnostredovek\u00e9 mohylov\u00e9 pohrebisk\u00e1 v stredodunajskom priestore<\/strong><br \/>\nTopic:\u00a0<strong>Early Medieval burial mounds in the Middle Danube region<\/strong><\/p>\n<p>\u0160kolite\u013e: Mgr. Zbigniew Robak, PhD. (Kontakt:<a href=\"mailto:zbigniew.robak@savba.sk\"> zbigniew.robak@savba.sk<\/a>)<br \/>\nForma \u0161t\u00fadia:\u00a0D\/E<br \/>\nTerm\u00edn prij\u00edmacieho konania: j\u00fan 2023<\/p>\n<p>Anot\u00e1cia: <em>Kritick\u00e9 spracovanie v\u010dasnostredovek\u00fdch mohylov\u00fdch\u00a0pohreb\u00edsk v strednej Eur\u00f3pe. Komplexn\u00e9 spracovanie zn\u00e1mych archeologick\u00fdch lokal\u00edt tzv. slovanskej mohylovej z\u00f3ny s rozdelen\u00edm na chronologick\u00e9 f\u00e1zy, regi\u00f3ny a kateg\u00f3rie. Region\u00e1lne rozdiely. Rev\u00edzia datovania lokal\u00edt. \u0160peci\u00e1lny d\u00f4raz na z\u00e1padoslovensk\u00e9 skupiny (hornonitrianska, tur\u010dianska skupina).<\/em><\/p>\n<p><em>\u00a0<\/em><\/p>\n<p><em>The main aim of the thesis is to critically analyze early medieval mound burials in Central Europe. Specific aims will include a complex analysis of well-known archeological sites, the so-called Slavic burial mound zone divided into chronological phases, regions and categories (if necessary, investigation of regional differences and revision of dating of the sites. A special emphasis should be put on Western Slovak groups (Upper Nitra, Turiec group).<\/em><\/p>\n<p><strong>\u00a0<\/strong><\/p>\n<p>4. FF UK BA (4. ro\u010dn\u00e9 \u0161t\u00fadium, denn\u00e9)<\/p>\n<p>N\u00e1zov dizerta\u010dnej pr\u00e1ce: <strong>\u017divot s\u00a0kame\u0148om vo v\u010dasnom stredoveku<\/strong><\/p>\n<p>Topic:\u00a0<strong>Life with stone in the early Middle Ages<\/strong><\/p>\n<p>\u0160kolite\u013e: doc. PhDr. Matej Ruttkay, CSc. (Kontakt: <a href=\"mailto:matej.ruttkay@savba.sk\">matej.ruttkay@savba.sk<\/a>)<\/p>\n<p>Forma \u0161t\u00fadia:\u00a0 D\/E<\/p>\n<p>Term\u00edn prij\u00edmacieho konania:\u00a0 j\u00fan 2023<\/p>\n<p>Anot\u00e1cia: <em>Cie\u013eom pr\u00e1ce je sumariz\u00e1cia, anal\u00fdza a vyhodnotenie archeologick\u00fdch prame\u0148ov dokladaj\u00facich vyu\u017eitie kame\u0148a pri\u00a0r\u00f4znych \u013eudsk\u00fdch aktivit\u00e1ch vo v\u010dasnom stredoveku (prioritne na \u00fazem\u00ed dne\u0161n\u00e9ho z\u00e1padn\u00e9ho Slovenska). Z\u00a0v\u00fdskumov komplexnej\u0161ie presk\u00faman\u00fdch s\u00eddlisk a\u00a0pohreb\u00edsk je k\u00a0dispoz\u00edcii rozsiahly n\u00e1lezov\u00fd fond (stavebn\u00fd materi\u00e1l, \u017earnovy, br\u00fasne kamene, osli\u010dky, kresacie kamene, umeleck\u00e9 predmety, prasleny, z\u00e1va\u017eia, pr\u00edpadne s\u00fa\u010dasti hrobov\u00e9ho invent\u00e1ru a\u00a0pod.). Jeho anal\u00fdza v\u00a0kontexte poznatkov zo stredodunajsk\u00e9ho priestoru prinesie d\u00f4le\u017eit\u00e9 inform\u00e1cie pre rekon\u0161trukciu \u017eivota v stredoveku \u2013 zdroje surov\u00edn, technol\u00f3gie \u0165a\u017eby a\u00a0spracovania, transport, obchod\/v\u00fdmena a\u00a0pod. Predpokladom \u00faspe\u0161n\u00e9ho rie\u0161enia pr\u00e1ce je interdisciplin\u00e1rna spolupr\u00e1ca \u2013 najm\u00e4 kompar\u00e1cia s\u00a0historick\u00fdmi a\u00a0kunsthistorick\u00fdmi prame\u0148mi, a spolupr\u00e1ca s\u00a0geol\u00f3gmi.\u00a0<\/em><\/p>\n<p><em>\u00a0<\/em><\/p>\n<p><em>The aim of the thesis is to summarize, analyze and evaluate archaeological sources documenting the use of stone in various human activities in the early Middle Ages (primarily in the territory of today&#8217;s western Slovakia). From the excavations of more complexly investigated settlements and burial sites, an extensive finds fund is available (construction material, millstones, grinding stones, asses, flint stones, art objects, whorls, weights, or parts of grave inventory, etc.). Its analysis and incorporation into the Middle Danube area may provide a number of results important for the reconstruction of medieval life &#8211; sources of raw materials, technologies of extraction and processing, transport, trade\/exchange, etc. Interdisciplinary cooperation is a requirement for a successful completion of the thesis &#8211; especially comparisons with historical and art-historical sources and cooperation with geologists.<\/em><\/p>\n<p>&nbsp;<\/p>\n<h2><strong>Univerzita Kon\u0161tant\u00edna Filozofa v Nitre \u2013 Filozofick\u00e1 Fakulta \u2013 3 ro\u010dn\u00e9 \u0161t\u00fadium<\/strong><\/h2>\n<p>\u0160tudijn\u00fd odbor: Historick\u00e9 vedy, \u0161tudijn\u00fd program: Archeol\u00f3gia<\/p>\n<p>&nbsp;<\/p>\n<p>5. FF UKF Nitra (3. ro\u010dn\u00e9 \u0161t\u00fadium denn\u00e9)<\/p>\n<p>N\u00e1zov dizerta\u010dnej pr\u00e1ce: <strong>Os\u00eddlenie doln\u00e9ho Pohronia a Poiplia v neolite a\u017e v dobe hal\u0161tatskej vo svetle interakci\u00ed \u010dloveka a krajiny<\/strong><\/p>\n<p>Topic:\u00a0 <strong>Settlement structure of Lower Hron river and Ipe\u013e river valleys from the Neolithic till the Hallstatt Period in light of human-landscape interactions<\/strong><\/p>\n<p>\u0160kolite\u013e: prof. PhDr. Jozef B\u00e1tora, DrSc. (Kontakt: <a href=\"mailto:nraubato@savba.sk\">nraubato@savba.sk<\/a>)<\/p>\n<p>Konzultant: \u00a0 PhDr. Vladim\u00edr Mit\u00e1\u0161, PhD. (Kontakt: <a href=\"mailto:vladimir.mitas@savba.sk\">vladimir.mitas@savba.sk<\/a>)<\/p>\n<p>Forma \u0161t\u00fadia:\u00a0 D\/E<\/p>\n<p>Term\u00edn prij\u00edmacieho konania:\u00a0<strong>j\u00fan 2023<\/strong><\/p>\n<p>Anot\u00e1cia:\u00a0<em>Doln\u00e9 Pohronie a\u00a0Poiplie s\u00fa dva d\u00f4le\u017eit\u00e9 regi\u00f3ny v\u00a0severokarpatskom priestore, ktor\u00e9 v\u00a0praveku<\/em> <em>predstavovali most medzi Podunajskou n\u00ed\u017einou a\u00a0Potis\u00edm. Cie\u013eom dizerta\u010dnej pr\u00e1ce bude okrem identifik\u00e1cie kult\u00farnych zmien, \u0161trukt\u00fary a\u00a0dynamiky os\u00eddlenia aj v\u00fdskum zmien v\u00a0d\u00f4sledku interakcie \u010dloveka a krajiny a\u00a0jeho okolit\u00e9ho pr\u00edrodn\u00e9ho prostredia. Rie\u0161enie pr\u00e1ce predpoklad\u00e1 \u0161ir\u0161iu interdisciplin\u00e1rnu spolupr\u00e1cu.<\/em><\/p>\n<p><strong><em>\u00a0 <\/em><\/strong><\/p>\n<p><em>During Prehistory, the Lower Hron and Ipe\u013e basins \u2013 two regions important in the northern part of the Carpathian Basin \u2013 constituted a bridge between the Danubian Lowland and the Tisza Basin. The aim of the dissertation will be, beside the identification of cultural changes, settlement structure and dynamics in this area, to analyse changes resulting from interactions between the human, landscape and natural environment. Dissertation will require a broader interdisciplinary cooperation.<\/em><\/p>\n<p>&nbsp;<\/p>\n<p>6. FF UKF Nitra (3. ro\u010dn\u00e9 \u0161t\u00fadium, denn\u00e9)<\/p>\n<p>N\u00e1zov dizerta\u010dnej pr\u00e1ce: <strong>V\u010dasnostredovek\u00e9 os\u00eddlenie (6.\u201311. storo\u010die) stredn\u00e9ho Ponitria z poh\u013eadu archeol\u00f3gie <\/strong><\/p>\n<p>Topic: <strong>Early medieval settlement (6<sup>th<\/sup>\u201311<sup>th<\/sup> c.) of the Middle Nitra Basin from the perspective of archaeology<\/strong><\/p>\n<p>\u0160kolite\u013e: Mgr. Zbigniew Robak, PhD. (Kontakt:<a href=\"mailto:zbigniew.robak@savba.sk\"> zbigniew.robak@savba.sk<\/a>)<\/p>\n<p>Konzultant: doc. PhDr. Matej Ruttkay, DrSc. (Kontakt: <a href=\"mailto:matej.ruttkay@savba.sk\">matej.ruttkay@savba.sk<\/a>)<\/p>\n<p>Forma \u0161t\u00fadia: D\/E<\/p>\n<p>Term\u00edn prij\u00edmacieho konania: j\u00fan 2023<\/p>\n<p>Anot\u00e1cia:\u00a0<em> Cie\u013eom pr\u00e1ce je zozbiera\u0165 a\u00a0vyhodnoti\u0165 archeologick\u00e9 pramene z\u00a0dan\u00e9ho chronologick\u00e9ho \u00faseku zo stredn\u00e9ho Ponitria a z\u00a0pri\u013eahl\u00fdch pohor\u00ed \u2013 Vt\u00e1\u010dnik, Str\u00e1\u017eovsk\u00e9 Vrchy, Pova\u017esk\u00fd Inovec a Tribe\u010d. S\u00fa\u010das\u0165ou pr\u00e1ce bude dokument\u00e1cia a\u00a0spracovanie n\u00e1lezov deponovan\u00fdch vo viacer\u00fdch in\u0161tit\u00faci\u00e1ch, ako aj pr\u00e1ca v prostred\u00ed GIS aj s vyu\u017eit\u00edm LIDARov\u00fdch d\u00e1t. <\/em><\/p>\n<p><strong>\u00a0<\/strong><\/p>\n<p><em>The aim of the thesis is to collect and evaluate archaeological sources from the given chronological period from the central Nitra basin and adjacent mountainous areas \u2013 Vt\u00e1\u010dnik, Str\u00e1\u017eovsk\u00e9 Vrchy, Pova\u017esk\u00fd Inovec and Tribe\u010d. The work will include the documentation and processing of findings deposited in several institutions, as well as work in the GIS environment and with the use of LIDAR data.<\/em><\/p>\n<p><strong>\u00a0<\/strong><\/p>\n<p>7. FF UKF Nitra (3. ro\u010dn\u00e9 \u0161t\u00fadium, denn\u00e9)<\/p>\n<p>N\u00e1zov dizerta\u010dnej pr\u00e1ce: <strong>Vykurovanie na hradoch na v\u00fdchodnom Slovensku (\u0160ari\u0161sk\u00e1, U\u017esk\u00e1 a Zempl\u00ednsk\u00e1 stolica) a na\u00a0juhoz\u00e1padnej Ukrajine (Podolie) v stredoveku a na po\u010diatku novoveku<\/strong><\/p>\n<p>Topic:\u00a0<strong>Heating in castles in eastern Slovakia (\u0160ari\u0161, Uh and Zempl\u00edn Counties) and south-western Ukraine (Podolia) in the Middle Ages and at the beginning of the modern period<\/strong><\/p>\n<p>\u0160kolite\u013e: PhDr. Peter Bedn\u00e1r, CSc. (Kontakt: <a href=\"mailto:nraubedn@savba.sk\">nraubedn@savba.sk<\/a>)<\/p>\n<p>Forma \u0161t\u00fadia:\u00a0 D\/E<\/p>\n<p>Term\u00edn prij\u00edmacieho konania:\u00a0 j\u00fan 2023<\/p>\n<p>Anot\u00e1cia: <em>Porovnanie podoby a\u00a0v\u00fdvoja vykurovac\u00edch zariaden\u00ed a\u00a0sp\u00f4sobov vykurovania na hradoch v\u00a0susediacich oblastiach stredovek\u00e9ho Uhorska a\u00a0historickej oblasti Podolia. Cie\u013eom je zozbieranie prame\u0148ov,\u00a0porovnanie typologick\u00e9ho v\u00fdvoja vykurovac\u00edch zariaden\u00ed (otvoren\u00e9 ohnisk\u00e1, krby, pece, hypokaust\u00e1), a tie\u017e\u00a0porovnanie umelecko-historick\u00e9ho v\u00fdvoja kach\u013eov\u00fdch pec\u00ed na vybran\u00fdch lokalit\u00e1ch v\u00a0oboch oblastiach. V\u00a0pr\u00e1ci sa over\u00ed hypot\u00e9za o\u00a0prejavoch v\u00fdchodn\u00fdch a seversk\u00fdch vplyvov na v\u00fdvoj vykurovac\u00edch zariaden\u00ed v Uhorsku.<\/em><\/p>\n<p><em>\u00a0<\/em><\/p>\n<p><em>A comparison of the form and development of heating devices and heating methods in castles in the neighbouring areas of medieval Hungary and the historical Podolie region. The aim of the thesis is to collect the sources, compare the typological development of heating devices (open hearths, fireplaces, furnaces, hypocausts) and compare the art-historical development of tile stoves at selected sites in both areas. The thesis will test a hypothesis about the Eastern and Nordic influences on the development of heating devices in the medieval Kingdom of Hungary.<\/em><\/p>\n<p><em>\u00a0<\/em><\/p>\n<p>8. FF UKF Nitra (3. ro\u010dn\u00e9 \u0161t\u00fadium, denn\u00e9)<\/p>\n<p>N\u00e1zov dizerta\u010dnej pr\u00e1ce: <strong>Stredovek\u00e1 a novovek\u00e1 keramika z horn\u00e9ho Po\u017eitavia na z\u00e1klade archeologick\u00fdch prame\u0148ov z hradov Hru\u0161ov a G\u00fdme\u0161<\/strong><\/p>\n<p>Topic:\u00a0 <strong>Medieval and modern ceramics from the upper \u017ditava river valley based on the archaeological sources from Hru\u0161ov and G\u00fdme\u0161 castles<\/strong><\/p>\n<p>\u0160kolite\u013e: Mgr. M\u00e1rio Bielich, PhD. (<a href=\"mailto:nraumbie@savba.sk\">nraumbie@savba.sk<\/a>)<\/p>\n<p>Forma \u0161t\u00fadia:\u00a0 D\/E<\/p>\n<p>Term\u00edn prij\u00edmacieho konania:\u00a0<strong>j\u00fan 2023<\/strong><\/p>\n<p>Anot\u00e1cia:\u00a0<em>Cie\u013eom pr\u00e1ce je spracovanie a vyhodnotenie keramick\u00fdch n\u00e1lezov z archeologick\u00fdch v\u00fdskumov hradov Hru\u0161ov a\u00a0G\u00fdme\u0161 v\u00a0kontexte archeologick\u00fdch prame\u0148ov z Horn\u00e9ho Po\u017eitavia a\u00a0v\u00a0\u0161ir\u0161\u00edch s\u00favislostiach i\u00a0z pri\u013eahl\u00fdch oblast\u00ed historick\u00e9ho Uhorska. Z\u00e1merom je i\u00a0postihnutie zmien, ktor\u00e9 v\u00a0sledovanom \u010dasovom \u00faseku prebiehali vo v\u00fdrobe keramiky, ako aj rozpoznanie importov r\u00f4znej proveniencie v\u00a0keramick\u00fdch s\u00faboroch. <\/em><\/p>\n<p><em>\u00a0<\/em><\/p>\n<p><em>The aim of the thesis is to process and evaluate ceramic finds acquired during archaeological research of the castles of Hru\u0161ov and G\u00fdme\u0161 in the context of archaeological sources from Upper \u017ditava valley and in a wider context also from the neighbouring areas of the historical Kingdom of Hungary. Also, the aim of the thesis is to capture changes in the production of ceramics in the studied period and recognize imports of different provenance in ceramic assemblages.<\/em><\/p>\n<p>&nbsp;<\/p>\n<p>Viac k t\u00e9mam dizerta\u010dn\u00fdch pr\u00e1c n\u00e1jdete na str\u00e1nke Slovenskej akad\u00e9mie vied\/ You can find more about the topics of the dissertations on the website of the Slovak Academy of Sciences <a href=\"https:\/\/www.sav.sk\/?lang=sk&amp;doc=educ-phdtopic\">https:\/\/www.sav.sk\/?lang=sk&amp;doc=educ-phdtopic<\/a><\/p>\n","protected":false},"excerpt":{"rendered":"<p>Archeologick\u00fd \u00fastav Slovenskej akad\u00e9mie vied, v. v. i. (zalo\u017een\u00fd v roku 1939) je modern\u00e9 pracovisko, ktor\u00e9 v s\u00fa\u010dasnosti zamestn\u00e1va viac ako 70 odborn\u00fdch a vedeck\u00fdch pracovn\u00edkov \u2013 archeol\u00f3gov, ale pracuj\u00fa tu aj kolegovia z viacer\u00fdch spolupracuj\u00facich pr\u00edrodovedn\u00fdch discipl\u00edn. Bli\u017e\u0161ie o pracovisku pozri www. sav.sk\/Science groups\/Historical sciences\/Institute of Archaeology; www. archeol.sav.sk. \u00dastav je v spojen\u00ed s &#8230; <a class=\"read-more\" href=\"https:\/\/archeol.sav.sk\/index.php\/sk\/o-nas\/doktorandske-studium\/ponuka\/\">\u010c\u00edtajte viac<\/a><\/p>\n","protected":false},"author":2,"featured_media":0,"parent":750,"menu_order":0,"comment_status":"closed","ping_status":"closed","template":"","meta":[],"_links":{"self":[{"href":"https:\/\/archeol.sav.sk\/index.php\/wp-json\/wp\/v2\/pages\/3340"}],"collection":[{"href":"https:\/\/archeol.sav.sk\/index.php\/wp-json\/wp\/v2\/pages"}],"about":[{"href":"https:\/\/archeol.sav.sk\/index.php\/wp-json\/wp\/v2\/types\/page"}],"author":[{"embeddable":true,"href":"https:\/\/archeol.sav.sk\/index.php\/wp-json\/wp\/v2\/users\/2"}],"replies":[{"embeddable":true,"href":"https:\/\/archeol.sav.sk\/index.php\/wp-json\/wp\/v2\/comments?post=3340"}],"version-history":[{"count":17,"href":"https:\/\/archeol.sav.sk\/index.php\/wp-json\/wp\/v2\/pages\/3340\/revisions"}],"predecessor-version":[{"id":6606,"href":"https:\/\/archeol.sav.sk\/index.php\/wp-json\/wp\/v2\/pages\/3340\/revisions\/6606"}],"up":[{"embeddable":true,"href":"https:\/\/archeol.sav.sk\/index.php\/wp-json\/wp\/v2\/pages\/750"}],"wp:attachment":[{"href":"https:\/\/archeol.sav.sk\/index.php\/wp-json\/wp\/v2\/media?parent=3340"}],"curies":[{"name":"wp","href":"https:\/\/api.w.org\/{rel}","templated":true}]}}