{"id":3316,"date":"2018-04-04T10:49:21","date_gmt":"2018-04-04T08:49:21","guid":{"rendered":"http:\/\/archeol.sav.sk\/?page_id=3316"},"modified":"2018-04-04T12:22:03","modified_gmt":"2018-04-04T10:22:03","slug":"monitoring-2017","status":"publish","type":"page","link":"https:\/\/archeol.sav.sk\/index.php\/sk\/monitoring-2017\/","title":{"rendered":"Monitoring 2017"},"content":{"rendered":"<div data-contents=\"true\">\n<div class=\"_1mf _1mj\" data-offset-key=\"5829f-0-0\">\n<div class=\"introtext mt20\">\n<p>29.12. 2017<\/p>\n<p><a href=\"https:\/\/nitraden.sk\/archeologovia-budu-aj-v-roku-2018-hladat-klastor-v-ktorom-sa-vraj-dozil-svatopluk\/\">Archeol\u00f3govia bud\u00fa sk\u00fama\u0165 kl\u00e1\u0161tor na Zobore.<\/a>\u00a0<em>\u201eDoklady architekt\u00fary z deviateho storo\u010dia doteraz nem\u00e1me, ale \u010do je zauj\u00edmav\u00e9, v roku 2017 m\u00e1me \u010fal\u0161ie n\u00e1lezy s\u00eddliskov\u00fdch objektov a vrstiev z deviateho \u2013 desiateho storo\u010dia, \u010do minim\u00e1lne doklad\u00e1, \u017ee ten \u017eivot tam v tomto obdob\u00ed bol,\u201c<\/em>\u00a0povedal riadite\u013e Archeologick\u00e9ho \u00fastavu SAV v Nitre Matej Ruttkay.<\/p>\n<p>Zdroj: <a href=\"https:\/\/nitraden.sk\/archeologovia-budu-aj-v-roku-2018-hladat-klastor-v-ktorom-sa-vraj-dozil-svatopluk\/\">nitraden.sk<\/a><\/p>\n<p>&nbsp;<\/p>\n<p>20. 12. 2017<\/p>\n<p><a href=\"https:\/\/spis.korzar.sme.sk\/c\/20723099\/hra-z-kniezacej-hrobky-v-poprade-je-europskym-unikatom.html#ixzz51np6gQHF\">Slovensko m\u00e1 \u010fal\u0161\u00ed archeologick\u00fd unik\u00e1t.<\/a> Je n\u00edm starovek\u00e1 hra, ktor\u00fa na\u0161li archeol\u00f3govia v roku\u00a02006\u00a0pri v\u00fdskume hrobky germ\u00e1nskeho knie\u017ea\u0165a v Poprade.<\/p>\n<p>Zdroj:\u00a0<a href=\"https:\/\/spis.korzar.sme.sk\/c\/20723099\/hra-z-kniezacej-hrobky-v-poprade-je-europskym-unikatom.html#ixzz51np6gQHF\">spis.korzar.sme.sk<\/a><br \/>\n17. 12. 2017<\/p>\n<\/div>\n<\/div>\n<\/div>\n<p>U\u017e nieko\u013eko sez\u00f3n s\u00fa slovensk\u00ed archeol\u00f3govia s\u00fa\u010das\u0165ou v\u00fdskumn\u00fdch projektov v Kuvajte. V hist\u00f3rii archeologick\u00fdch v\u00fdskumov<a href=\"http:\/\/news.kuwaittimes.net\/website\/history-archeological-excavations-kuwait\/\"> ich kr\u00e1tko spomenuli v Kuwait Times<\/a>.<\/p>\n<p>Zdroj: <a href=\"http:\/\/news.kuwaittimes.net\/website\/history-archeological-excavations-kuwait\/\">Kuwait Times<\/a><\/p>\n<div data-contents=\"true\">\n<div class=\"_1mf _1mj\" data-offset-key=\"5829f-0-0\">\n<div class=\"introtext mt20\">\n<p>16. 11. 2017<\/p>\n<p>Archeol\u00f3govia pl\u00e1nuj\u00fa ma\u0165 v\u00a0bud\u00facom <a href=\"http:\/\/www.teraz.sk\/regiony\/archeologovia-chcu-vybudovat-slovensk\/292816-clanok.html\">centre populariz\u00e1cie vedy<\/a> aj svoje pracovisk\u00e1, ktor\u00e9 by boli be\u017ene pr\u00edstupn\u00e9 verejnosti.<i> riadite\u013e <\/i>Archeologick\u00e9ho \u00fastavu\u00a0<strong>Matej Ruttkay:<\/strong><i><strong>\u00a0<\/strong><em>\u201e<\/em>Ml\u00e1de\u017e by sa mala oboznamova\u0165 s\u00a0t\u00fdm, \u010do veda je a\u00a0\u010do sa \u0148ou v\u0161etko d\u00e1 dosiahnu\u0165. P\u00f4jde o\u00a0uk\u00e1\u017eky praktick\u00fdch efektov, predstavenie napr\u00edklad d\u00e1vnych technol\u00f3gi\u00ed v\u00fdroby, ale i to, \u010do sa d\u00e1 o\u00a0hist\u00f3rii zisti\u0165 dne\u0161n\u00fdmi modern\u00fdmi met\u00f3dami, anal\u00fdzami z\u00a0kost\u00ed a z\u00a0in\u00fdch materi\u00e1lov.<em>\u201c<\/em><\/i><\/p>\n<p>Zdroj:\u00a0<a href=\"http:\/\/www.teraz.sk\/regiony\/archeologovia-chcu-vybudovat-slovensk\/292816-clanok.html\">www.teraz.sk<\/a><\/p>\n<p>9. 11. 2017<\/p>\n<p><a href=\"https:\/\/mynitra.sme.sk\/c\/20692493\/na-stavenisku-ciest-pre-jaguar-nasli-hrob-samana-z-doby-bronzovej.html\">Zauj\u00edmav\u00fd n\u00e1lez objavili archeol\u00f3govia pri v\u00fdskume na ploche<\/a>, kde sa bude stava\u0165 cestn\u00e1 infra\u0161trukt\u00fara pre Jaguar Land Rover a priemyseln\u00fd park v Nitre. Podarilo sa im n\u00e1js\u0165 kostru \u010dloveka z doby bronzovej, ktor\u00fd bol pravdepodobne \u0161amanom. Nebol pochovan\u00fd v \u0161tandardnom hrobe, ale jeho telo bolo ulo\u017een\u00e9 v jame, ktor\u00e1 sl\u00fa\u017eila na uskladnenie potrav\u00edn.<\/p>\n<p>Zdroj:\u00a0<a href=\"https:\/\/mynitra.sme.sk\/c\/20692493\/na-stavenisku-ciest-pre-jaguar-nasli-hrob-samana-z-doby-bronzovej.html\">mynitra.sme.sk<\/a><\/p>\n<p>&nbsp;<\/p>\n<p>9. 11. 2017<\/p>\n<p><a href=\"https:\/\/www.cas.sk\/clanok\/618231\/mimoriadny-nalez-v-nitre-na-stavenisku-jaguaru-objavili-kostru-cloveka\/\">Stavenisko, na ktorom sa buduje z\u00e1vod automobilky Jaguar Land Rover<\/a>, stoj\u00ed na mimoriadne bohat\u00fdch archeologick\u00fdch n\u00e1lezisk\u00e1ch. Dokazuj\u00fa to aj s\u00fa\u010dasn\u00e9 v\u00fdskumy, ktor\u00e9 tu realizuje Archeologick\u00fd \u00fastav (A\u00da) Slovenskej akad\u00e9mie vied (SAV) v\u00a0Nitre. Pod\u013ea slov jeho\u00a0<strong>riadite\u013ea Mateja Ruttkaya<\/strong>\u00a0sa na \u0161tyroch moment\u00e1lne sk\u00faman\u00fdch lokalit\u00e1ch na\u0161li doklady os\u00eddlenia zo v\u0161etk\u00fdch obdob\u00ed praveku, v\u010dasnej doby dejinnej a\u00a0stredoveku.<em>\u00a0\u201eTie najzauj\u00edmavej\u0161ie s\u00fa z\u00a0neskorej doby kamennej, z\u00a0obdobia lengyelskej kult\u00fary, kde m\u00e1me dolo\u017een\u00e9 bohat\u00e9 os\u00eddlenie i z\u00e1klady domov,\u201c<\/em>\u00a0povedal Ruttkay.<\/p>\n<p>Zdroj:\u00a0<a href=\"https:\/\/www.cas.sk\/clanok\/618231\/mimoriadny-nalez-v-nitre-na-stavenisku-jaguaru-objavili-kostru-cloveka\/\">www.cas.sk<\/a><\/p>\n<p>&nbsp;<\/p>\n<p>8. 11. 2017<\/p>\n<p><a href=\"https:\/\/mynitra.sme.sk\/c\/20691829\/archeologovia-ukazali-verejnosti-styri-nedavno-najdene-poklady.html\">Stovky det\u00ed aj z\u00e1ujemcov o archeol\u00f3giu dnes pri\u0161li do Archeologick\u00e9ho\u00a0\u00fastavu\u00a0SAV v Nitre<\/a>, ktor\u00fd dnes pre verejnos\u0165 otvoril svoje br\u00e1ny. Tento rok archeol\u00f3govia po\u010das D\u0148a otvoren\u00fdch dver\u00ed predstavili verejnosti \u0161tyri poklady, ktor\u00e9 na\u0161li pri ter\u00e9nnych v\u00fdskumoch na Slovensku \u2013\u00a0<strong>tri poklady minc\u00ed<\/strong>\u00a0z lokal\u00edt Hybe, Vinn\u00e9 a Lu\u010divn\u00e1 a \u017eelezn\u00fd poklad z Bojnej. Pribl\u00ed\u017eili tie\u017e pr\u00edrodovedeck\u00e9 met\u00f3dy, ktor\u00e9 pri svojej pr\u00e1ci vyu\u017e\u00edvaj\u00fa.<\/p>\n<p>Zdroj:\u00a0<a href=\"https:\/\/mynitra.sme.sk\/c\/20691829\/archeologovia-ukazali-verejnosti-styri-nedavno-najdene-poklady.html#ixzz4xxzwPclT\">mynitra.sme.sk<\/a><\/p>\n<p>&nbsp;<\/p>\n<p>27. 10. 2017<\/p>\n<p><a href=\"https:\/\/www.noviny.sk\/slovensko\/272796-na-slovensku-nasli-stan-lovcov-mamutov-archeologovia-hovoria-o-poklade\">Na Slovensku na\u0161li stan lovcov mamutov.<\/a>\u00a0Ide o jeden z najzauj\u00edmavej\u0161\u00edch objavov v tomto roku. Na v\u00fdskume sa s spolu s partnermi zo Slovenska a z Po\u013eska aj Archeologick\u00fd \u00fastav SAV.<\/p>\n<p>Zdroj:\u00a0<a href=\"https:\/\/www.noviny.sk\/slovensko\/272796-na-slovensku-nasli-stan-lovcov-mamutov-archeologovia-hovoria-o-poklade\">www.noviny.sk<\/a><\/p>\n<p>&nbsp;<\/p>\n<p>14. 8. 2017<\/p>\n<p><a href=\"http:\/\/www.sav.sk\/index.php?lang=sk&amp;doc=services-news&amp;source_no=20&amp;news_no=7066\">Nov\u00fd objav archeol\u00f3gov na Vinianskom hrade<\/a>.\u00a0\u00a0<em>\u201eU\u017e druh\u00fa sez\u00f3nu sa s\u00fastre\u010fujeme na jeho severn\u00fa \u010das\u0165, kde stoj\u00ed dominantn\u00e1 stavba stredovek\u00e9ho hradu \u2013 ve\u017ea s\u00a0trojuholn\u00edkov\u00fdm p\u00f4dorysom, postaven\u00e1 v\u00a060-tych rokoch 13. storo\u010dia, a\u00a0kvadratick\u00e1 pr\u00edstavba k\u00a0ve\u017ei<\/em>,\u201c hovor\u00ed ved\u00faci v\u00fdskumu\u00a0<strong>Peter Bedn\u00e1r<\/strong>\u00a0z\u00a0Archeologick\u00e9ho \u00fastavu SAV v Nitre.<\/p>\n<p>Zdroj:\u00a0<a href=\"http:\/\/www.sav.sk\/index.php?lang=sk&amp;doc=services-news&amp;source_no=20&amp;news_no=7066\">www.sav.sk<\/a><\/p>\n<p>&nbsp;<\/p>\n<p>15. 1. 2017<\/p>\n<p>Vedci z\u00a0<strong>Archeologick\u00e9ho \u00fastavu<\/strong>\u00a0v Nitre sk\u00famali uprostred da\u017e\u010fov\u00e9ho pralesa v Guatemale\u00a0<a href=\"https:\/\/www.google.com\/url?q=http:\/\/nitra.dnes24.sk\/uzasny-zazitok-vedcov-zo-sav-v-nitre-v-guatemale-skumali-mayske-pyramidy-260514&amp;sa=U&amp;ved=0ahUKEwjg7oO6uJ_XAhVN6qQKHQ9TDK8QFggIMAE&amp;client=internal-uds-cse&amp;cx=014969938255845085684:4_ypeikdujy&amp;usg=AOvVaw0NbXx9l_yui5jqZ5hvGTM4\">pozostatky mayskej civiliz\u00e1ci<\/a>e. Ich v\u00fdskum sa s\u00fastredil na lokalitu Uaxact\u00fan, kde boli odkryt\u00e9 maysk\u00e9 pamiatky predklasick\u00e9ho obdobia. Pod\u013ea archeol\u00f3ga<strong> Mat\u00fa\u0161a Mela<\/strong> ide o n\u00e1lezy, ktor\u00e9 je mo\u017en\u00e9 datova\u0165 do 4. a\u017e 2. storo\u010dia pred na\u0161\u00edm letopo\u010dtom.<em>\u00a0\u201eV\u00fdskumn\u00e1 sez\u00f3na v roku 2006 bola zameran\u00e1 na skupiny pyramid\u00e1lnych stavieb. V r\u00e1mci nich sme sk\u00famali objekt nazvan\u00fd tiburon, ktor\u00fd je v tejto lokalite moment\u00e1lne najv\u00e4\u010d\u0161ou stavbou, so z\u00e1klad\u0148ou 120 kr\u00e1t 120 metrov,\u201c vysvetlil Melo.\u00a0<\/em><\/p>\n<p>Po\u010das v\u00fdskumu, ktor\u00fd prebiehal pod veden\u00edm Katedry porovn\u00e1vacej religionistiky na Filozofickej fakulte Univerzity Komensk\u00e9ho, sa tam okrem pyram\u00edd podarilo objavi\u0165 aj \u010fal\u0161ie n\u00e1lezy. Dominovala medzi nimi predov\u0161etk\u00fdm keramika.\u00a0\u201eVzh\u013eadom na v\u00e1pnit\u00e9 zlo\u017eenie p\u00f4dy sme na\u0161li pomerne m\u00e1lo organick\u00fdch n\u00e1lezov v podobe uhl\u00edkov alebo zvierac\u00edch kost\u00ed, ktor\u00e9 sa v podmienkach pralesa r\u00fdchlo rozkladaj\u00fa. Ale zato sa n\u00e1m podarilo objavi\u0165 ve\u013ea r\u00f4znych kamenn\u00fdch predmetov, preto\u017ee Mayovia v tom obdob\u00ed e\u0161te kov nevyu\u017e\u00edvali. \u0160lo o r\u00f4zne pracovn\u00e9 n\u00e1stroje, ale i hroty kopij\u00ed vyroben\u00e9 z obsidi\u00e1nu a paz\u00farika,\u201c povedal Melo.<\/p>\n<p>Zdroj:\u00a0<a href=\"http:\/\/nitra.dnes24.sk\/uzasny-zazitok-vedcov-zo-sav-v-nitre-v-guatemale-skumali-mayske-pyramidy-260514\">nitra.dnes24.sk<\/a><\/p>\n<p>&nbsp;<\/p>\n<p>15. 1. 2017<\/p>\n<p><strong>Mari\u00e1novi Soj\u00e1kovi<\/strong> visel u\u017e dvakr\u00e1t \u017eivot na vl\u00e1sku. Ne\u010dudo, archeol\u00f3g h\u013ead\u00e1 odpovede na otvoren\u00e9 ot\u00e1zky na\u0161ej hist\u00f3rie aj na najnepr\u00edstupnej\u0161\u00edch a najneschodnej\u0161\u00edch miestach. V jaskyniach.\u00a0Ako sa z &#8220;klasick\u00e9ho&#8221; archeol\u00f3ga stane speleoarcheol\u00f3g p\u00e1traj\u00faci po najd\u00e1vnej\u0161ej hist\u00f3rii na\u0161ich predkov v podzemn\u00fdch priestoroch?<\/p>\n<p>Zdroj:\u00a0<a href=\"https:\/\/www.aktuality.sk\/clanok\/457070\/nebezpecna-archeologia-marian-patra-v-jaskyniach-po-davnej-historii-takmer-na-to-doplatil-zivotom\/\">\u017divot<\/a><\/p>\n<p>&nbsp;<\/p>\n<p>11.1.2017<\/p>\n<p>Archeol\u00f3govia m\u00f4\u017eu by\u0165 spokojn\u00ed, aj minul\u00fd rok priniesol\u00a0<strong>ve\u013ea zauj\u00edmav\u00fdch objavov<\/strong>. Mno\u017estvo vedeck\u00fdch inform\u00e1ci\u00ed neust\u00e1le rastie a v\u010faka tomu m\u00f4\u017eme lep\u0161ie nahliadnu\u0165 do \u017eivota na\u0161ich predkov. Pracovn\u00edk Archeologick\u00e9ho \u00fastavu SAV <strong>Branislav Kov\u00e1r<\/strong> pripravil\u00a0nasleduj\u00faci rebr\u00ed\u010dek najv\u00fdznamnej\u0161\u00edch archeologick\u00fdch objavov za rok 2016<\/p>\n<p>Zdroj:\u00a0<a href=\"http:\/\/historyweb.dennikn.sk\/clanky\/detail\/10-najvyznamnejsich-archeologickych-objavov-2016#.WfrRnWiPJPY\">www.historyweb.sk<\/a><\/p>\n<p>&nbsp;<\/p>\n<p>11. 1. 2017<\/p>\n<p>Slovensk\u00ed a\u00a0nemeck\u00ed archeol\u00f3govia sk\u00famali v\u00a0uplynulom roku vo Vr\u00e1b\u013eoch pr\u00edbytky prv\u00fdch ro\u013en\u00edkov. Spolo\u010dn\u00fd projekt Archeologick\u00e9ho \u00fastavu v\u00a0Nitre a nemeckej univerzity v\u00a0Kieli by mal fungova\u0165 8 rokov a\u00a0financuje ho nemeck\u00e1 v\u00fdskumn\u00e1 agent\u00fara DFG. Ako hovor\u00ed riadite\u013e Archeologick\u00e9ho \u00fastavu\u00a0<strong>Matej Ruttkay<\/strong>, sk\u00fama\u0165 sa bude s\u00fabor os\u00e1d z\u00a0mlad\u0161ej doby kamennej, pri\u010dom jedna z nich je opevnen\u00e1, \u010do je unik\u00e1tne. Riadite\u013e AU SAV o v\u00fdskume:<br \/>\n<em>\u201eJe zameran\u00fd aj na podrobn\u00e9 environment\u00e1lne \u0161t\u00fadie Horn\u00e9ho Po\u017eitavia, to, ako \u010dlovek a\u00a0krajina spolu fungovali, ako vedel \u010dlovek ovplyvni\u0165 krajinu a\u00a0na druhej strane ako t\u00e1 krajina alebo pr\u00edrodn\u00e9 prostredie ovplyv\u0148ovalo \u010dloveka. Treba si uvedomi\u0165, \u017ee to s\u00fa t\u00ed prv\u00ed ro\u013en\u00edci, ktor\u00ed prich\u00e1dzali e\u0161te do neskult\u00farnenej krajiny, to znamen\u00e1 to je to obdobie, kedy sa pr\u00e1ve t\u00e1 kult\u00farna krajina tvorila.\u201c<\/em><\/p>\n<p>Zdroj:\u00a0<strong>Rozhlasov\u00e1 stanica Regina<\/strong>; Spr\u00e1vy RTVS; 10:00; por. 5\/; Martina Gap\u010dov\u00e1 \/ Martina Gap\u010dov\u00e1<\/p>\n<p>&nbsp;<\/p>\n<p>8. 1. 2017<\/p>\n<p><a href=\"https:\/\/mynitra.sme.sk\/c\/20427547\/archeologovia-vo-vrabloch-skumali-pribytky-prvych-rolnikov.html\">Archeol\u00f3govia vo Vr\u00e1b\u013eoch sk\u00famali pr\u00edbytky prv\u00fdch ro\u013en\u00edkov.<\/a>Pr\u00edbytky prv\u00fdch ro\u013en\u00edkov na Hornom Po\u017eitav\u00ed sk\u00famali slovensk\u00ed a nemeck\u00ed archeol\u00f3govia v roku 2016. Spolo\u010dn\u00fd projekt Archeologick\u00e9ho \u00fastavu v Nitre a Univerzity v Kieli v Nemecku je napl\u00e1novan\u00fd na osem rokov a financuje ho nemeck\u00e1 v\u00fdskumn\u00e1 agent\u00fara DFG \u2011 Deutsche Forschungsgemeinschaft. Ako informoval riadite\u013e Archeologick\u00e9ho \u00fastavu v Nitre\u00a0<strong>Matej Ruttkay<\/strong>, v\u00fdskum, ktor\u00fd tu predt\u00fdm robili len v men\u0161om meradle, prer\u00e1stol v roku 2016 do rozsiahleho systematick\u00e9ho v\u00fdskumu.<\/p>\n<p>Zdroj:\u00a0<a href=\"http:\/\/nasanitra.sme.sk\/c\/20427547\/archeologovia%E2%80%91vo%E2%80%91vrabloch%E2%80%91skumali%E2%80%91pribytky%E2%80%91prvych%E2%80%91rolnikov.html\">nasanitra.sme.sk<\/a><\/p>\n<p>&nbsp;<\/p>\n<p>5. 1. 2017<\/p>\n<p>Na\u0161i archeol\u00f3govia maj\u00fa \u0161ancu podie\u013ea\u0165 sa na odkr\u00fdvan\u00ed sl\u00e1vnej \u010d\u00ednskej terakotovej arm\u00e1dy.\u00a0Slovensk\u00ed archeol\u00f3govia sa mo\u017eno bud\u00fa podie\u013ea\u0165 na odkr\u00fdvan\u00ed sl\u00e1vnej \u010d\u00ednskej terakotovej arm\u00e1dy. Mauz\u00f3leum prv\u00e9ho \u010d\u00ednskeho cis\u00e1ra \u010cchin \u0160 &#8216;\u2011chuang\u2011tiho\u00a0vzniklo v\u00a03. storo\u010d\u00ed pred na\u0161\u00edm letopo\u010dtom a\u00a0v\u00a0roku 1974 ho n\u00e1hodou objavili ro\u013en\u00edci pri kopan\u00ed studn\u00ed.\u00a0<strong>Karol Pieta<\/strong>\u00a0z\u00a0Archeologick\u00e9ho \u00faradu Slovenskej akad\u00e9mie vied: \u201eArcheologick\u00fd \u00fastav disponuje pracovn\u00fdmi skupinami, ktor\u00e9 s\u00fa zameran\u00e9 na vyh\u013ead\u00e1vanie archeologick\u00fdch n\u00e1lez\u00edsk a\u00a0n\u00e1lezov \u0161pi\u010dkovou s\u00fa\u010dasnou technikou, ktor\u00e1 zaujala \u010d\u00ednsku stranu.\u201c<br \/>\nZdroj:\u00a0<strong>Rozhlasov\u00e1 stanica Regina<\/strong>; Spr\u00e1vy RTVS; 11:00; por. 2\/3; Martina Gap\u010dov\u00e1 \/ Martina Gap\u010dov\u00e1<\/p>\n<p>&nbsp;<\/p>\n<\/div>\n<\/div>\n<div data-contents=\"true\"><\/div>\n<\/div>\n","protected":false},"excerpt":{"rendered":"<p>29.12. 2017 Archeol\u00f3govia bud\u00fa sk\u00fama\u0165 kl\u00e1\u0161tor na Zobore.\u00a0\u201eDoklady architekt\u00fary z deviateho storo\u010dia doteraz nem\u00e1me, ale \u010do je zauj\u00edmav\u00e9, v roku 2017 m\u00e1me \u010fal\u0161ie n\u00e1lezy s\u00eddliskov\u00fdch objektov a vrstiev z deviateho \u2013 desiateho storo\u010dia, \u010do minim\u00e1lne doklad\u00e1, \u017ee ten \u017eivot tam v tomto obdob\u00ed bol,\u201c\u00a0povedal riadite\u013e Archeologick\u00e9ho \u00fastavu SAV v Nitre Matej Ruttkay. Zdroj: nitraden.sk &nbsp; &#8230; <a class=\"read-more\" href=\"https:\/\/archeol.sav.sk\/index.php\/sk\/monitoring-2017\/\">\u010c\u00edtajte viac<\/a><\/p>\n","protected":false},"author":2,"featured_media":0,"parent":0,"menu_order":0,"comment_status":"closed","ping_status":"closed","template":"","meta":[],"_links":{"self":[{"href":"https:\/\/archeol.sav.sk\/index.php\/wp-json\/wp\/v2\/pages\/3316"}],"collection":[{"href":"https:\/\/archeol.sav.sk\/index.php\/wp-json\/wp\/v2\/pages"}],"about":[{"href":"https:\/\/archeol.sav.sk\/index.php\/wp-json\/wp\/v2\/types\/page"}],"author":[{"embeddable":true,"href":"https:\/\/archeol.sav.sk\/index.php\/wp-json\/wp\/v2\/users\/2"}],"replies":[{"embeddable":true,"href":"https:\/\/archeol.sav.sk\/index.php\/wp-json\/wp\/v2\/comments?post=3316"}],"version-history":[{"count":3,"href":"https:\/\/archeol.sav.sk\/index.php\/wp-json\/wp\/v2\/pages\/3316\/revisions"}],"predecessor-version":[{"id":3319,"href":"https:\/\/archeol.sav.sk\/index.php\/wp-json\/wp\/v2\/pages\/3316\/revisions\/3319"}],"wp:attachment":[{"href":"https:\/\/archeol.sav.sk\/index.php\/wp-json\/wp\/v2\/media?parent=3316"}],"curies":[{"name":"wp","href":"https:\/\/api.w.org\/{rel}","templated":true}]}}