{"id":3190,"date":"2018-02-02T14:02:04","date_gmt":"2018-02-02T12:02:04","guid":{"rendered":"http:\/\/archeol.sav.sk\/?page_id=3190"},"modified":"2018-02-02T14:02:04","modified_gmt":"2018-02-02T12:02:04","slug":"medieval-nitra-in-material-sources","status":"publish","type":"page","link":"https:\/\/archeol.sav.sk\/index.php\/en\/medieval-nitra-in-material-sources\/","title":{"rendered":"Medieval Nitra in material sources"},"content":{"rendered":"<p><strong>Zodpovedn\u00fd rie\u0161ite\u013e:<\/strong>\u00a0 PhDr. Milan Hanuliak, DrSc.<\/p>\n<p><strong>Spolurie\u0161itelia:<\/strong>\u00a0PhDr. Peter Bedn\u00e1r, CSc., Mgr. M\u00e1rio Bielich, PhD., PhDr. Gabriel Fusek, CSc., PhDr. Eva Fottov\u00e1, PhDr. J\u00e1n Hunka, CSc., prof. PhDr. Alexander T. Ruttkay, DrSc., doc. PhDr. Matej Ruttkay, CSc., RNDr. Mgr. Mari\u00e1n Samuel, PhDr. Peter \u0160alkovsk\u00fd, DrSc.,<\/p>\n<p>doc. PhDr. Jozef Z\u00e1bojn\u00edk, \u00a0CSc.,<\/p>\n<p><strong>Doba rie\u0161enia:<\/strong>\u00a01. 7. 2017 \u2013 30. 6. 2021<\/p>\n<p><strong>Registra\u010dn\u00e9 \u010d\u00edslo:<\/strong>\u00a0APVV-16-0449<\/p>\n<p><strong>Koordin\u00e1tor:<\/strong>\u00a0Archeologick\u00fd \u00fastav SAV<\/p>\n<p><strong>K\u013e\u00fa\u010dov\u00e9 slov\u00e1:<\/strong>\u00a0stredovek, lokalita, objekt, materi\u00e1lna kult\u00fara, topografia, typol\u00f3gia, \u0161trukt\u00fara a\u00a0v\u00fdvoj os\u00eddlenia<\/p>\n<p>&nbsp;<\/p>\n<figure id=\"attachment_3181\" class=\"wp-caption alignright\"><a href=\"http:\/\/archeol.sav.sk\/files\/mapa-na-web.jpg\"><img decoding=\"async\" loading=\"lazy\" class=\"wp-image-3181 size-medium\" src=\"http:\/\/archeol.sav.sk\/files\/mapa-na-web-300x146.jpg\" sizes=\"(max-width: 300px) 100vw, 300px\" srcset=\"http:\/\/archeol.sav.sk\/files\/mapa-na-web-300x146.jpg 300w, http:\/\/archeol.sav.sk\/files\/mapa-na-web.jpg 689w\" alt=\"mapa-na-web\" width=\"300\" height=\"146\" \/><\/a><figcaption class=\"wp-caption-text\">Geografick\u00e9 vymedzenie sprac\u00favanej oblasti<\/figcaption><\/figure>\n<p><strong>Ciele projektu<\/strong><\/p>\n<p>K\u00a0cie\u013eom projektu patr\u00ed z\u00e1mer vypracova\u0165 prierezov\u00fd preh\u013ead os\u00eddlenia mikroregi\u00f3nu Nitry na z\u00e1klade archeologick\u00fdch lokal\u00edt, n\u00e1lezov\u00fdch kontextov a\u00a0materi\u00e1lnej kult\u00fary, zostavi\u0165 topografiu os\u00eddlenia dan\u00e9ho \u00fazemia, odborne vyhodnoti\u0165 materi\u00e1l z\u00a0v\u00fdznamn\u00fdch, no dosia\u013e nespracovan\u00fdch lokal\u00edt, rektifikova\u0165 niektor\u00e9 d\u00e1vnej\u0161ie sformulovan\u00e9 uz\u00e1very, aktualizova\u0165 charakteristiky lokal\u00edt, doplni\u0165 vypovedacie schopnosti n\u00e1lezov\u00e9ho fondu. S\u00fastreden\u00edm tejto kolekcie inform\u00e1ci\u00ed vznikne kolekt\u00edvna monografia. Jej obsah bude prezentova\u0165 komplexn\u00fa a\u00a0vedecky fundovan\u00fa koncepciu dejinn\u00e9ho v\u00fdvoja vypracovan\u00fa na z\u00e1klade v\u00fdsledkov archeologick\u00e9ho b\u00e1dania a\u00a0\u010fal\u0161\u00edch sty\u010dn\u00fdch discipl\u00edn.<\/p>\n<p>&nbsp;<\/p>\n<p>&nbsp;<\/p>\n<p><strong>\u010cinnos\u0165 v\u00a0roku 2017<\/strong><\/p>\n<figure id=\"attachment_3182\" class=\"wp-caption alignright\"><a href=\"http:\/\/archeol.sav.sk\/files\/okrasny-kotuc-z-Nitry_Hornych-Kr%C5%A1kanoch.jpg\"><img decoding=\"async\" loading=\"lazy\" class=\"wp-image-3182 size-medium\" src=\"http:\/\/archeol.sav.sk\/files\/okrasny-kotuc-z-Nitry_Hornych-Kr%C5%A1kanoch-281x300.jpg\" sizes=\"(max-width: 281px) 100vw, 281px\" srcset=\"http:\/\/archeol.sav.sk\/files\/okrasny-kotuc-z-Nitry_Hornych-Kr\u0161kanoch-281x300.jpg 281w, http:\/\/archeol.sav.sk\/files\/okrasny-kotuc-z-Nitry_Hornych-Kr\u0161kanoch.jpg 570w\" alt=\"okrasny-kotuc-z-nitry_hornych-krskanoch\" width=\"281\" height=\"300\" \/><\/a><figcaption class=\"wp-caption-text\">Okrasn\u00fd kot\u00fa\u010d z pohrebiska v Nitre-Horn\u00fdch Kr\u0161kanoch<\/figcaption><\/figure>\n<p><strong>1. Pramenn\u00e1 z\u00e1klad\u0148a.<\/strong>\u00a0Po\u010das prv\u00e9ho polroka rie\u0161enia projektu, zredukovan\u00e9ho z\u00a0objekt\u00edvnych pr\u00ed\u010din o\u00a0tri mesiace, sa postupovalo pod\u013ea vypracovan\u00e9ho harmonogramu. V\u00a0s\u00falade so stanovenou \u0161trukt\u00farou zhroma\u017e\u010fovali rie\u0161itelia v\u00fdchodiskov\u00fa pramenn\u00fa datab\u00e1zu, \u0161tudovali zverejnen\u00e9 publika\u010dn\u00e9 v\u00fdstupy i\u00a0arch\u00edvne materi\u00e1ly, ktor\u00e9 vytvoria obsahov\u00fa n\u00e1pl\u0148 pr\u00edslu\u0161n\u00fdch tematick\u00fdch okruhov.<\/p>\n<p><strong>\u00a02.\u00a0<\/strong><strong>Tvorba pracovnej datab\u00e1zy.<\/strong>\u00a0Prist\u00fapilo sa k\u00a0selekcii stredovek\u00fdch n\u00e1lez\u00edsk z\u00a0centr\u00e1lnej datab\u00e1zy ISAU, v\u00a0ktorej je evidovan\u00fdch 1131 n\u00e1lezov\u00fdch spr\u00e1v mapuj\u00facich os\u00eddlenie Nitry od praveku po novovek.<\/p>\n<p><strong>3. Publika\u010dn\u00e1 \u010dinnos\u0165.<\/strong>\u00a0Z\u00a0pripravovanej monografickej \u0161t\u00fadie do intern\u00e9ho \u010dasopisu s\u00a0titulom \u201ePohrebisko z\u00a010. storo\u010dia v\u00a0Nitre-Horn\u00fdch Kr\u0161kanoch\u201c je ukon\u010den\u00e1 textov\u00e1 \u010das\u0165 katal\u00f3gu, a\u00a0prvej kapitoly. Rozpracovali sa ilustra\u010dn\u00e9 tabu\u013eky s\u00a0pl\u00e1nmi hrobov a\u00a0kresbami n\u00e1lezov.<\/p>\n<p><strong>4. Vedeck\u00e9 podujatia.<\/strong>\u00a0Dvaja pracovn\u00edci sa z\u00fa\u010dastnili, vedeck\u00e9ho podujatia organizovan\u00e9ho v\u00a0Rak\u00fasku, na ktorom predniesli dva refer\u00e1ty. Ich p\u00edsomn\u00e1 verzia bude publikovan\u00e1 v\u00a0konferen\u010dnom zborn\u00edku.<\/p>\n","protected":false},"excerpt":{"rendered":"<p>Zodpovedn\u00fd rie\u0161ite\u013e:\u00a0 PhDr. Milan Hanuliak, DrSc. Spolurie\u0161itelia:\u00a0PhDr. Peter Bedn\u00e1r, CSc., Mgr. M\u00e1rio Bielich, PhD., PhDr. Gabriel Fusek, CSc., PhDr. Eva Fottov\u00e1, PhDr. J\u00e1n Hunka, CSc., prof. PhDr. Alexander T. Ruttkay, DrSc., doc. PhDr. Matej Ruttkay, CSc., RNDr. Mgr. Mari\u00e1n Samuel, PhDr. Peter \u0160alkovsk\u00fd, DrSc., doc. PhDr. Jozef Z\u00e1bojn\u00edk, \u00a0CSc., Doba rie\u0161enia:\u00a01. 7. 2017 \u2013 30. &#8230; <a class=\"read-more\" href=\"https:\/\/archeol.sav.sk\/index.php\/en\/medieval-nitra-in-material-sources\/\">\u010c\u00edtajte viac<\/a><\/p>\n","protected":false},"author":2,"featured_media":0,"parent":0,"menu_order":0,"comment_status":"closed","ping_status":"closed","template":"","meta":[],"_links":{"self":[{"href":"https:\/\/archeol.sav.sk\/index.php\/wp-json\/wp\/v2\/pages\/3190"}],"collection":[{"href":"https:\/\/archeol.sav.sk\/index.php\/wp-json\/wp\/v2\/pages"}],"about":[{"href":"https:\/\/archeol.sav.sk\/index.php\/wp-json\/wp\/v2\/types\/page"}],"author":[{"embeddable":true,"href":"https:\/\/archeol.sav.sk\/index.php\/wp-json\/wp\/v2\/users\/2"}],"replies":[{"embeddable":true,"href":"https:\/\/archeol.sav.sk\/index.php\/wp-json\/wp\/v2\/comments?post=3190"}],"version-history":[{"count":1,"href":"https:\/\/archeol.sav.sk\/index.php\/wp-json\/wp\/v2\/pages\/3190\/revisions"}],"predecessor-version":[{"id":3191,"href":"https:\/\/archeol.sav.sk\/index.php\/wp-json\/wp\/v2\/pages\/3190\/revisions\/3191"}],"wp:attachment":[{"href":"https:\/\/archeol.sav.sk\/index.php\/wp-json\/wp\/v2\/media?parent=3190"}],"curies":[{"name":"wp","href":"https:\/\/api.w.org\/{rel}","templated":true}]}}