{"id":3164,"date":"2018-02-02T13:12:25","date_gmt":"2018-02-02T11:12:25","guid":{"rendered":"http:\/\/archeol.sav.sk\/?page_id=3164"},"modified":"2018-02-02T15:36:49","modified_gmt":"2018-02-02T13:36:49","slug":"activities-in-year-2017","status":"publish","type":"page","link":"https:\/\/archeol.sav.sk\/index.php\/en\/activities-in-year-2017\/","title":{"rendered":"Activities in year 2017"},"content":{"rendered":"<figure id=\"attachment_3155\" aria-describedby=\"caption-attachment-3155\" style=\"width: 290px\" class=\"wp-caption alignright\"><a href=\"http:\/\/archeol.sav.sk\/files\/Obr-2.jpg\"><img decoding=\"async\" loading=\"lazy\" class=\"wp-image-3155 size-medium\" src=\"http:\/\/archeol.sav.sk\/files\/Obr-2-300x200.jpg\" alt=\"obr-2\" width=\"300\" height=\"200\" srcset=\"https:\/\/archeol.sav.sk\/files\/Obr-2-300x200.jpg 300w, https:\/\/archeol.sav.sk\/files\/Obr-2-768x512.jpg 768w, https:\/\/archeol.sav.sk\/files\/Obr-2-1024x682.jpg 1024w\" sizes=\"(max-width: 300px) 100vw, 300px\" \/><\/a><figcaption id=\"caption-attachment-3155\" class=\"wp-caption-text\">Ve\u013ek\u00fd vrch from the V\u00e1h valley<\/figcaption><\/figure>\n<p><strong>1. Hillfort Ve\u013ek\u00fd vrch in Divinka.<\/strong> In cooperation with Pova\u017esk\u00e9 m\u00fazeum in \u017dilina were concluded not only two months lasting systematic terrain excavations, but also one month lasting rescue excavations. Database of finds was made based on the previous seasons of excavations, artefacts were also documented in photographs and drawings.<\/p>\n<p><strong>2. Nov\u00e1 Bystrica.<\/strong> First phase of survey focused on finding the relicts of past iron production in cadaster of the village of Nov\u00e1 Bystrica, part Vychylovka was started. In area of today\u00b4s open air museum were found numerous traces of the iron forging.<\/p>\n<p><strong>3. Lidar scanning.<\/strong> In cooperation with external contractor continued the aerial scanning of chosen parts of Kysuce region by the end of the fall season. This year, 142 km\u00b2 area was scanned. Acquired raw data will serve as a starting platform for further surveys.<\/p>\n<p><strong>4. Budat\u00edn castle.<\/strong> Work processes connected with graphic documentation of the past excavations of Budat\u00edn castle were finished. In cooperation with Pova\u017esk\u00e9 m\u00fazeum in \u017dilina was concluded collective monograph about the evolution of Budat\u00edn castle from the medieval until the recent days. It is the result of interdisciplinary research of this medieval and early modern monument that as a seat of nobility heavily influenced the development of settlement structure of the region researched in this project.<\/p>\n","protected":false},"excerpt":{"rendered":"<p>1. Hillfort Ve\u013ek\u00fd vrch in Divinka. In cooperation with Pova\u017esk\u00e9 m\u00fazeum in \u017dilina were concluded not only two months lasting systematic terrain excavations, but also one month lasting rescue excavations. Database of finds was made based on the previous seasons of excavations, artefacts were also documented in photographs and drawings. 2. Nov\u00e1 Bystrica. First phase &#8230; <a class=\"read-more\" href=\"https:\/\/archeol.sav.sk\/index.php\/en\/activities-in-year-2017\/\">\u010c\u00edtajte viac<\/a><\/p>\n","protected":false},"author":2,"featured_media":0,"parent":0,"menu_order":0,"comment_status":"closed","ping_status":"closed","template":"","meta":[],"_links":{"self":[{"href":"https:\/\/archeol.sav.sk\/index.php\/wp-json\/wp\/v2\/pages\/3164"}],"collection":[{"href":"https:\/\/archeol.sav.sk\/index.php\/wp-json\/wp\/v2\/pages"}],"about":[{"href":"https:\/\/archeol.sav.sk\/index.php\/wp-json\/wp\/v2\/types\/page"}],"author":[{"embeddable":true,"href":"https:\/\/archeol.sav.sk\/index.php\/wp-json\/wp\/v2\/users\/2"}],"replies":[{"embeddable":true,"href":"https:\/\/archeol.sav.sk\/index.php\/wp-json\/wp\/v2\/comments?post=3164"}],"version-history":[{"count":2,"href":"https:\/\/archeol.sav.sk\/index.php\/wp-json\/wp\/v2\/pages\/3164\/revisions"}],"predecessor-version":[{"id":3209,"href":"https:\/\/archeol.sav.sk\/index.php\/wp-json\/wp\/v2\/pages\/3164\/revisions\/3209"}],"wp:attachment":[{"href":"https:\/\/archeol.sav.sk\/index.php\/wp-json\/wp\/v2\/media?parent=3164"}],"curies":[{"name":"wp","href":"https:\/\/api.w.org\/{rel}","templated":true}]}}