{"id":3136,"date":"2018-02-02T11:03:52","date_gmt":"2018-02-02T09:03:52","guid":{"rendered":"http:\/\/archeol.sav.sk\/?page_id=3136"},"modified":"2018-02-02T13:54:53","modified_gmt":"2018-02-02T11:54:53","slug":"cinnost-v-roku-2016","status":"publish","type":"page","link":"https:\/\/archeol.sav.sk\/index.php\/sk\/clovek-a-krajina-na-kysuciach-a-prilahlom-povazi-v-stredoveku-a-na-zaciatku-novoveku\/cinnost-v-roku-2016\/","title":{"rendered":"\u010cinnos\u0165 v roku 2016"},"content":{"rendered":"<figure id=\"attachment_3115\" aria-describedby=\"caption-attachment-3115\" style=\"width: 290px\" class=\"wp-caption alignright\"><a href=\"http:\/\/archeol.sav.sk\/files\/Obr-6-1.jpg\"><img decoding=\"async\" loading=\"lazy\" class=\"wp-image-3115 size-medium\" src=\"http:\/\/archeol.sav.sk\/files\/Obr-6-1-300x210.jpg\" alt=\"obr-6\" width=\"300\" height=\"210\" srcset=\"https:\/\/archeol.sav.sk\/files\/Obr-6-1-300x210.jpg 300w, https:\/\/archeol.sav.sk\/files\/Obr-6-1-768x537.jpg 768w, https:\/\/archeol.sav.sk\/files\/Obr-6-1-1024x716.jpg 1024w\" sizes=\"(max-width: 300px) 100vw, 300px\" \/><\/a><figcaption id=\"caption-attachment-3115\" class=\"wp-caption-text\">Depot \u017eelezn\u00fdch predmetov z Divinky<\/figcaption><\/figure>\n<p>V\u00a0prvom polroku rie\u0161enia projektu sa uskuto\u010d\u0148ovali v\u00fdskumn\u00e9 pr\u00e1ce v\u00a0nasleduj\u00facich okruhoch.<\/p>\n<p>1.<strong>Hradisko Ve\u013ek\u00fd vrch v\u00a0Divinke.<\/strong>\u00a0Prebiehal dvojmesa\u010dn\u00fd ter\u00e9nny archeologick\u00fd v\u00fdskum. Po jeho ukon\u010den\u00ed sa urobil v\u00fdber keramiky a\u00a0\u017eelezn\u00fdch predmetov z\u00a0obdobia v\u010dasn\u00e9ho stredoveku. V\u00a0spolupr\u00e1ci s\u00a0V\u00fdskumn\u00fdm \u00fastavom zv\u00e1ra\u010dsk\u00fdm sa e\u0161te pred konzervovan\u00edm uskuto\u010dnila r\u00f6ntgenov\u00e1 anal\u00fdza vybran\u00fdch ve\u013ekomoravsk\u00fdch \u017eelezn\u00fdch predmetov. Do Radiocarbon Laboratory v\u00a0Poznani sa odoslali uhl\u00edky na anal\u00fdzu. Skenovali a\u00a0vektorizovali sa pl\u00e1ny z\u00a0v\u00fdskumov v\u00a0rokoch 1972\u201373.<\/p>\n<p><strong>2. Lidarov\u00e9 sn\u00edmkovanie.<\/strong>\u00a0V\u00a0pr\u00edpravnej f\u00e1ze sa definovali vhodn\u00e9 oblasti pre sn\u00edmkovanie ter\u00e9nu v\u00a0rozsahu cca 200 km\u00b2. Vybrali sa \u00fazemia s\u00a0predpokladan\u00fdmi reliktmi dopravn\u00e9ho pohybu, s\u00eddelnej a\u00a0hospod\u00e1rskej \u010dinnosti. Do konca roka 2016 sa v\u00a0spolupr\u00e1ci s\u00a0extern\u00fdm dod\u00e1vate\u013eom podarilo nalieta\u0165 \u00fazemia s\u00a0rozlohou 65 km\u00b2.<\/p>\n<div class=\"mceTemp\"><\/div>\n<figure id=\"attachment_3113\" aria-describedby=\"caption-attachment-3113\" style=\"width: 290px\" class=\"wp-caption alignright\"><a href=\"http:\/\/archeol.sav.sk\/files\/Obr-4-2.jpg\"><img decoding=\"async\" loading=\"lazy\" class=\"wp-image-3113 size-medium\" src=\"http:\/\/archeol.sav.sk\/files\/Obr-4-2-300x200.jpg\" alt=\"obr-4\" width=\"300\" height=\"200\" srcset=\"https:\/\/archeol.sav.sk\/files\/Obr-4-2-300x200.jpg 300w, https:\/\/archeol.sav.sk\/files\/Obr-4-2-768x512.jpg 768w, https:\/\/archeol.sav.sk\/files\/Obr-4-2-1024x683.jpg 1024w, https:\/\/archeol.sav.sk\/files\/Obr-4-2.jpg 1555w\" sizes=\"(max-width: 300px) 100vw, 300px\" \/><\/a><figcaption id=\"caption-attachment-3113\" class=\"wp-caption-text\">Divinka. Odkr\u00fdvanie cesty<\/figcaption><\/figure>\n<p><strong>3. Kartografick\u00e9 pramene.\u00a0<\/strong>Zhroma\u017edili sa historick\u00e9 mapy zo 16.\u201319. storo\u010dia, dostupn\u00e9 na mapov\u00fdch port\u00e1loch, ktor\u00e9 s\u00faviseli so\u00a0\u0161tudovan\u00fdm \u00fazem\u00edm, ako aj dostupn\u00e9 digit\u00e1lne k\u00f3pie historick\u00fdch katastr\u00e1lnych m\u00e1p kysuck\u00fdch obc\u00ed ulo\u017een\u00fdch v\u00a0\u00dastrednom arch\u00edve GK\u00da. Sumarizovali sa vojensk\u00e9 opisy krajiny z\u00a018. storo\u010dia, t\u00fdkaj\u00face sa jednotliv\u00fdch obc\u00ed sledovan\u00e9ho \u00fazemia.<\/p>\n<p><strong>4.\u00a0<\/strong><strong>Budat\u00ednsky hrad.<\/strong>\u00a0Za\u010dala sa kompletizova\u0165 dokument\u00e1cia z\u00a0v\u00fdskumov hradu v\u00a0rokoch 2006, 2007, 2010 a\u00a02013 a\u00a0robila sa rev\u00edzia hnute\u013en\u00fdch n\u00e1lezov z\u00a0v\u00fdskumu are\u00e1lu hradu.<\/p>\n<p>Rie\u0161itelia prezentovali v\u00fdsledky svojej pr\u00e1ce na dvoch medzin\u00e1rodn\u00fdch konferenci\u00e1ch, odovzdali do tla\u010de \u0161tyri pr\u00edspevky, z\u00a0ktor\u00fdch dva u\u017e vy\u0161li tla\u010dou.<\/p>\n","protected":false},"excerpt":{"rendered":"<p>V\u00a0prvom polroku rie\u0161enia projektu sa uskuto\u010d\u0148ovali v\u00fdskumn\u00e9 pr\u00e1ce v\u00a0nasleduj\u00facich okruhoch. 1.Hradisko Ve\u013ek\u00fd vrch v\u00a0Divinke.\u00a0Prebiehal dvojmesa\u010dn\u00fd ter\u00e9nny archeologick\u00fd v\u00fdskum. Po jeho ukon\u010den\u00ed sa urobil v\u00fdber keramiky a\u00a0\u017eelezn\u00fdch predmetov z\u00a0obdobia v\u010dasn\u00e9ho stredoveku. V\u00a0spolupr\u00e1ci s\u00a0V\u00fdskumn\u00fdm \u00fastavom zv\u00e1ra\u010dsk\u00fdm sa e\u0161te pred konzervovan\u00edm uskuto\u010dnila r\u00f6ntgenov\u00e1 anal\u00fdza vybran\u00fdch ve\u013ekomoravsk\u00fdch \u017eelezn\u00fdch predmetov. Do Radiocarbon Laboratory v\u00a0Poznani sa odoslali uhl\u00edky na anal\u00fdzu. Skenovali &#8230; <a class=\"read-more\" href=\"https:\/\/archeol.sav.sk\/index.php\/sk\/clovek-a-krajina-na-kysuciach-a-prilahlom-povazi-v-stredoveku-a-na-zaciatku-novoveku\/cinnost-v-roku-2016\/\">\u010c\u00edtajte viac<\/a><\/p>\n","protected":false},"author":2,"featured_media":0,"parent":2021,"menu_order":1,"comment_status":"closed","ping_status":"closed","template":"","meta":[],"_links":{"self":[{"href":"https:\/\/archeol.sav.sk\/index.php\/wp-json\/wp\/v2\/pages\/3136"}],"collection":[{"href":"https:\/\/archeol.sav.sk\/index.php\/wp-json\/wp\/v2\/pages"}],"about":[{"href":"https:\/\/archeol.sav.sk\/index.php\/wp-json\/wp\/v2\/types\/page"}],"author":[{"embeddable":true,"href":"https:\/\/archeol.sav.sk\/index.php\/wp-json\/wp\/v2\/users\/2"}],"replies":[{"embeddable":true,"href":"https:\/\/archeol.sav.sk\/index.php\/wp-json\/wp\/v2\/comments?post=3136"}],"version-history":[{"count":5,"href":"https:\/\/archeol.sav.sk\/index.php\/wp-json\/wp\/v2\/pages\/3136\/revisions"}],"predecessor-version":[{"id":3138,"href":"https:\/\/archeol.sav.sk\/index.php\/wp-json\/wp\/v2\/pages\/3136\/revisions\/3138"}],"up":[{"embeddable":true,"href":"https:\/\/archeol.sav.sk\/index.php\/wp-json\/wp\/v2\/pages\/2021"}],"wp:attachment":[{"href":"https:\/\/archeol.sav.sk\/index.php\/wp-json\/wp\/v2\/media?parent=3136"}],"curies":[{"name":"wp","href":"https:\/\/api.w.org\/{rel}","templated":true}]}}