{"id":2844,"date":"2017-10-29T23:46:23","date_gmt":"2017-10-29T21:46:23","guid":{"rendered":"http:\/\/archeol.sav.sk\/?page_id=2844"},"modified":"2017-10-29T23:46:23","modified_gmt":"2017-10-29T21:46:23","slug":"monitoring-2015","status":"publish","type":"page","link":"https:\/\/archeol.sav.sk\/index.php\/sk\/monitoring-2015\/","title":{"rendered":"Monitoring 2015"},"content":{"rendered":"<div class=\"clearfix _5x46\">28.12.2015<\/div>\n<div class=\"clearfix _5x46\">Medzi top po\u010dinmi slovenskej vedy s\u00fa aj\u00a0<a href=\"http:\/\/www.aktuality.sk\/clanok\/310195\/od-objavu-ladu-na-planetke-po-komentar-k-svatemu-pismu-top-9-pocinov-nasej-vedy-v-roku-2015\/\">dva v\u00fdskumy<\/a>\u00a0Archeologick\u00e9ho \u00fastavu SAV.<\/div>\n<div class=\"clearfix _5x46\"><\/div>\n<div class=\"clearfix _5x46\">Archeol\u00f3govia sk\u00famali tento rok mnoh\u00e9\u00a0<a href=\"http:\/\/tech.sme.sk\/c\/20069191\/zaujimave-nalezy-z-bratislavskeho-hradu-zverejnia-po-suhlase-parlamentu.html#ixzz3vh7EIBGK\">slovensk\u00e9 hrady<\/a>\u00a0\u2013 okrem in\u00fdch aj Modr\u00fd kame\u0148, Nitriansky hrad, G\u00fdme\u0161 a \u0160\u00e1\u0161ov.<\/div>\n<p>&nbsp;<\/p>\n<div class=\"clearfix _5x46\">\n<div class=\"clearfix _5x46\">26.12.2015<\/div>\n<div class=\"clearfix _5x46\">Nov\u00e9 ve\u013ekomoravsk\u00e9 i keltsk\u00e9 hradisk\u00e1 i zaniknut\u00e9 star\u00e9 cesty sa podarilo objavi\u0165 slovensk\u00fdm archeol\u00f3gom v priebehu tohto roka. Umo\u017enili im to predov\u0161etk\u00fdm modern\u00e9 technol\u00f3gie, ktor\u00e9 vyu\u017e\u00edvaj\u00fa napr\u00edklad pri v\u00fdskume v\u00fdznamn\u00e9ho\u00a0<a href=\"http:\/\/nasanitra.sme.sk\/c\/20068395\/v-objavenych-hradiskach-nasli-aj-mimoriadne-cenne-strieborne-a-zlate-keltske-mince.html\">slovansk\u00e9ho hradiska pri Bojnej v okrese Topo\u013e\u010dany<\/a>.<\/div>\n<p>&nbsp;<\/p>\n<div class=\"clearfix _5x46\"><a href=\"http:\/\/nitra.dnes24.sk\/na-hrade-objavili-romansku-hradbu-spristupnia-ju-verejnosti-225143\">Rom\u00e1nsku hradbu<\/a>, ktor\u00fa na Nitrianskom hrade objavili archeol\u00f3govia, si bude m\u00f4c\u0165 prezrie\u0165 aj verejnos\u0165.<\/div>\n<p>&nbsp;<\/p>\n<div class=\"clearfix _5x46\">2.12.2015<\/div>\n<div class=\"clearfix _5x46\">Archeol\u00f3g J\u00e1n Rajt\u00e1r: \u201eEur\u00f3pa sa zmen\u00ed. Ohradi\u0165 sa nem\u00f4\u017eeme.\u00a0<a href=\"http:\/\/www.tyzden.sk\/spolocnost\/28452\/archeolog-jan-rajtar-historia-sa-opakuje-v-obmenach\/\">Pevn\u00e9 hranice nezachr\u00e1nili napokon ani R\u00edmsku r\u00ed\u0161u.<\/a>\u201c<\/div>\n<p>&nbsp;<\/p>\n<div class=\"clearfix _5x46\">23.11.2015<\/div>\n<div class=\"clearfix _5x46\">\n<div data-contents=\"true\">\n<div class=\"_209g _2vxa\" data-offset-key=\"869m0-0-0\" data-block=\"true\"><span data-offset-key=\"869m0-0-0\"><span data-text=\"true\">Archeol\u00f3govia na\u0161li\u00a0<a href=\"http:\/\/topolcany.sme.sk\/c\/8073976\/archeologovia-nasli-pri-bojnej-dalsi-poklad.html\">pri Bojnej<\/a>\u00a0\u010fal\u0161\u00ed poklad.<\/span><\/span><\/div>\n<div class=\"_209g _2vxa\" data-offset-key=\"935dd-0-0\" data-block=\"true\"><\/div>\n<\/div>\n<p>17.11.2015<\/p>\n<div class=\"clearfix _5x46\">\n<div data-contents=\"true\">\n<p>V germ\u00e1nskej hrobke objavili aj\u00a0<a href=\"http:\/\/www.webnoviny.sk\/veda-a-technika\/clanok\/1013092-v-germanskej-hrobke-objavili-aj-toaletne-potreby-kniezata\/\">toaletn\u00e9 potreby knie\u017ea\u0165a<\/a>. Medzin\u00e1rodn\u00fd t\u00edm odborn\u00edkov n\u00e1lezy u\u017e nieko\u013eko rokov sk\u00fama a konzervuje pod mikroskopmi v \u0161pi\u010dkov\u00fdch v\u00fdskumn\u00fdch podmienkach.<\/p>\n<\/div>\n<p>&nbsp;<\/p>\n<div class=\"clearfix _5x46\">15.11.2015<\/div>\n<div class=\"clearfix _5x46\"><a href=\"http:\/\/www.webnoviny.sk\/veda-a-technika\/clanok\/1012047-slovenski-archeologovia-budu-kopat-v-sudane-aj-v-cine\/\">Slovensk\u00fdch archeol\u00f3gov \u010dakaj\u00fa \u010fal\u0161ie zahrani\u010dn\u00e9 v\u00fdskumn\u00e9 misie.<\/a>\u00a0Po nieko\u013ekoro\u010dnom \u00faspe\u0161nom b\u00e1dan\u00ed v Kuvajte rozbehn\u00fa v\u00fdskum aj v Sud\u00e1ne, \u010c\u00edne a Kazachstane. Zahrani\u010dn\u00ed partneri ich oslovuj\u00fa v\u010faka v\u00fdborn\u00e9mu menu slovenskej archeol\u00f3gie v zahrani\u010d\u00ed.<\/div>\n<\/div>\n<\/div>\n<\/div>\n","protected":false},"excerpt":{"rendered":"<p>28.12.2015 Medzi top po\u010dinmi slovenskej vedy s\u00fa aj\u00a0dva v\u00fdskumy\u00a0Archeologick\u00e9ho \u00fastavu SAV. Archeol\u00f3govia sk\u00famali tento rok mnoh\u00e9\u00a0slovensk\u00e9 hrady\u00a0\u2013 okrem in\u00fdch aj Modr\u00fd kame\u0148, Nitriansky hrad, G\u00fdme\u0161 a \u0160\u00e1\u0161ov. &nbsp; 26.12.2015 Nov\u00e9 ve\u013ekomoravsk\u00e9 i keltsk\u00e9 hradisk\u00e1 i zaniknut\u00e9 star\u00e9 cesty sa podarilo objavi\u0165 slovensk\u00fdm archeol\u00f3gom v priebehu tohto roka. Umo\u017enili im to predov\u0161etk\u00fdm modern\u00e9 technol\u00f3gie, ktor\u00e9 vyu\u017e\u00edvaj\u00fa &#8230; <a class=\"read-more\" href=\"https:\/\/archeol.sav.sk\/index.php\/sk\/monitoring-2015\/\">\u010c\u00edtajte viac<\/a><\/p>\n","protected":false},"author":2,"featured_media":0,"parent":0,"menu_order":0,"comment_status":"closed","ping_status":"closed","template":"","meta":[],"_links":{"self":[{"href":"https:\/\/archeol.sav.sk\/index.php\/wp-json\/wp\/v2\/pages\/2844"}],"collection":[{"href":"https:\/\/archeol.sav.sk\/index.php\/wp-json\/wp\/v2\/pages"}],"about":[{"href":"https:\/\/archeol.sav.sk\/index.php\/wp-json\/wp\/v2\/types\/page"}],"author":[{"embeddable":true,"href":"https:\/\/archeol.sav.sk\/index.php\/wp-json\/wp\/v2\/users\/2"}],"replies":[{"embeddable":true,"href":"https:\/\/archeol.sav.sk\/index.php\/wp-json\/wp\/v2\/comments?post=2844"}],"version-history":[{"count":1,"href":"https:\/\/archeol.sav.sk\/index.php\/wp-json\/wp\/v2\/pages\/2844\/revisions"}],"predecessor-version":[{"id":2845,"href":"https:\/\/archeol.sav.sk\/index.php\/wp-json\/wp\/v2\/pages\/2844\/revisions\/2845"}],"wp:attachment":[{"href":"https:\/\/archeol.sav.sk\/index.php\/wp-json\/wp\/v2\/media?parent=2844"}],"curies":[{"name":"wp","href":"https:\/\/api.w.org\/{rel}","templated":true}]}}