{"id":2842,"date":"2017-10-29T23:45:11","date_gmt":"2017-10-29T21:45:11","guid":{"rendered":"http:\/\/archeol.sav.sk\/?page_id=2842"},"modified":"2017-10-29T23:53:29","modified_gmt":"2017-10-29T21:53:29","slug":"monitoring-2014","status":"publish","type":"page","link":"https:\/\/archeol.sav.sk\/index.php\/sk\/monitoring-2014\/","title":{"rendered":"Monitoring 2014"},"content":{"rendered":"<div class=\"clearfix _5x46\">2. 12. 2014<\/div>\n<div class=\"clearfix _5x46\">Karol Pieta, z\u00e1stupca riadite\u013ea Archeologick\u00e9ho \u00fastavu SAV v Nitre, si, naopak, mysl\u00ed, \u017ee prezent\u00e1cia pamiatok je v\u010faka modernej technol\u00f3gii mo\u017en\u00e1 aj bez rizika.\u00a0<a href=\"http:\/\/spravy.pravda.sk\/regiony\/clanok\/338195-ukazat-ci-skryt-vzacne-nalezy-prekryje-zem\/\">\u201eVe\u013emi by sme si \u017eelali, aby sa \u010do najviac z tej \u00fa\u017easnej antickej architekt\u00fary zachovalo. Aby verejnos\u0165 videla, \u010do sa na\u0161lo, \u010do zostalo neporu\u0161en\u00e9,\u201c<\/a><\/div>\n<p>&nbsp;<\/p>\n<div class=\"clearfix _5x46\">\u00a012. 11. 2014<\/div>\n<div class=\"clearfix _5x46\"><a href=\"http:\/\/nitraden.sk\/nitrianski-archeologovia-objavili-v-horach-znaky-pritomnosti-slovanov\/\">Archeol\u00f3govia na\u0161li znaky slovansk\u00e9ho os\u00eddlenia vo vy\u0161\u0161\u00edch poloh\u00e1ch v okol\u00ed Pova\u017esk\u00e9ho Inovca a Str\u00e1\u017eovsk\u00fdch vrchov<\/a><\/div>\n","protected":false},"excerpt":{"rendered":"<p>2. 12. 2014 Karol Pieta, z\u00e1stupca riadite\u013ea Archeologick\u00e9ho \u00fastavu SAV v Nitre, si, naopak, mysl\u00ed, \u017ee prezent\u00e1cia pamiatok je v\u010faka modernej technol\u00f3gii mo\u017en\u00e1 aj bez rizika.\u00a0\u201eVe\u013emi by sme si \u017eelali, aby sa \u010do najviac z tej \u00fa\u017easnej antickej architekt\u00fary zachovalo. Aby verejnos\u0165 videla, \u010do sa na\u0161lo, \u010do zostalo neporu\u0161en\u00e9,\u201c &nbsp; \u00a012. 11. 2014 Archeol\u00f3govia na\u0161li &#8230; <a class=\"read-more\" href=\"https:\/\/archeol.sav.sk\/index.php\/sk\/monitoring-2014\/\">\u010c\u00edtajte viac<\/a><\/p>\n","protected":false},"author":2,"featured_media":0,"parent":0,"menu_order":0,"comment_status":"closed","ping_status":"closed","template":"","meta":[],"_links":{"self":[{"href":"https:\/\/archeol.sav.sk\/index.php\/wp-json\/wp\/v2\/pages\/2842"}],"collection":[{"href":"https:\/\/archeol.sav.sk\/index.php\/wp-json\/wp\/v2\/pages"}],"about":[{"href":"https:\/\/archeol.sav.sk\/index.php\/wp-json\/wp\/v2\/types\/page"}],"author":[{"embeddable":true,"href":"https:\/\/archeol.sav.sk\/index.php\/wp-json\/wp\/v2\/users\/2"}],"replies":[{"embeddable":true,"href":"https:\/\/archeol.sav.sk\/index.php\/wp-json\/wp\/v2\/comments?post=2842"}],"version-history":[{"count":1,"href":"https:\/\/archeol.sav.sk\/index.php\/wp-json\/wp\/v2\/pages\/2842\/revisions"}],"predecessor-version":[{"id":2843,"href":"https:\/\/archeol.sav.sk\/index.php\/wp-json\/wp\/v2\/pages\/2842\/revisions\/2843"}],"wp:attachment":[{"href":"https:\/\/archeol.sav.sk\/index.php\/wp-json\/wp\/v2\/media?parent=2842"}],"curies":[{"name":"wp","href":"https:\/\/api.w.org\/{rel}","templated":true}]}}