{"id":2823,"date":"2017-10-29T12:06:43","date_gmt":"2017-10-29T10:06:43","guid":{"rendered":"http:\/\/archeol.sav.sk\/?page_id=2823"},"modified":"2017-10-29T12:14:51","modified_gmt":"2017-10-29T10:14:51","slug":"contribution-of-slovakia-to-economic-and-social-development-of-central-european-urnfields","status":"publish","type":"page","link":"https:\/\/archeol.sav.sk\/index.php\/sk\/contribution-of-slovakia-to-economic-and-social-development-of-central-european-urnfields\/","title":{"rendered":"Contribution of Slovakia to Economic and Social Development of Central European Urnfields"},"content":{"rendered":"<p><strong>Principal investigator: <\/strong>Vladim\u00edr Mit\u00e1\u0161<\/p>\n<p><strong>Project start \u2013 end:<\/strong> 1. 7. 2017 \u2013 30. 6. 2021<\/p>\n<p><strong>Project ID:<\/strong> APVV-16-0441<\/p>\n<p><strong>Co-ordinating organization:<\/strong> Institute of Archaeology, SAS<\/p>\n<p><strong>Staff:<\/strong><\/p>\n<p>V\u00e1clav Furm\u00e1nek, Rudolf Kujovsk\u00fd, Ondrej O\u017e\u010f\u00e1ni, Ladislav Velia\u010dik, Barbara Zajacov\u00e1 a\u00a02 post-docs (Pavol Bobek, Petra Chebenov\u00e1)<\/p>\n<p><strong>\u00a0<\/strong><\/p>\n<p><strong>Key words:<\/strong> Slovakia, Bronze Age, Urnfields, economic and social development, settlement, cultural influences and interactions, identities, archaeological sources<\/p>\n<p>&nbsp;<\/p>\n<p><strong><a href=\"http:\/\/archeol.sav.sk\/files\/03_\u017diarov\u00fdHrobCin.jpg\"><img decoding=\"async\" loading=\"lazy\" class=\"alignright wp-image-2816 size-medium\" src=\"http:\/\/archeol.sav.sk\/files\/03_\u017diarov\u00fdHrobCin-300x200.jpg\" alt=\"03_ziarovyhrobcin\" width=\"300\" height=\"200\" srcset=\"https:\/\/archeol.sav.sk\/files\/03_\u017diarov\u00fdHrobCin-300x200.jpg 300w, https:\/\/archeol.sav.sk\/files\/03_\u017diarov\u00fdHrobCin-768x512.jpg 768w, https:\/\/archeol.sav.sk\/files\/03_\u017diarov\u00fdHrobCin-1024x683.jpg 1024w\" sizes=\"(max-width: 300px) 100vw, 300px\" \/><\/a>Annotation:<\/strong> The project is focused to continue the processing of specific sources that have passed through the archaeological transformations and were obtained on the territory of Slovakia. Based on heterogeneous material from the Late Bronze Age the project will extend findings on the evolution of prehistoric entities in this territory, having regard to the development of colour metallurgy and related contexts. The chronological framework is defined by the beginning and the end of Urnfield civilization in central Europe. Particular attention will be paid to the impact of metallurgy on economic and social development of the European Urnfields. The results of previous archaeological research excavations carried out on numerous sites of the Late Bronze Age in Slovakia clearly show the importance of these sites in that civilizational framework. <strong>An important part of the project will be therefore based on comprehensive analysis of metal artefacts<\/strong> from various cultures of the Late Bronze Age, but also on further ceramic and non-ceramic artefacts (e.g. stone, bone, glass), and with attempt to interpret the impact on differentiated social groups and identities. These, on territory of Slovakia, were exposed to cultural influences coming from the more developed areas of western, southern and eastern Europe. With the use of new knowledge, modern methods and involving interdisciplinary approach (anthropology, archaeobotany, paleodemography and etc.), the main ambition of the project is to highlight the importance and interconnection of domestic development with cultural development and civilizational centres of prehistoric Europe; but primarily to clarify the contribution of Slovakia in this process.<\/p>\n<p>&nbsp;<\/p>\n<p><strong>Project schedule and outcomes:<\/strong> Draft timetable of the project is based on the declared project objectives as laid out in a logical time sequence &#8211; three thematically structured stages:<\/p>\n<p><a href=\"http:\/\/archeol.sav.sk\/files\/06_Geofyzika.jpg\"><img decoding=\"async\" loading=\"lazy\" class=\"alignnone wp-image-2818 size-medium alignright\" src=\"http:\/\/archeol.sav.sk\/files\/06_Geofyzika-300x200.jpg\" alt=\"06_geofyzika\" width=\"300\" height=\"200\" srcset=\"https:\/\/archeol.sav.sk\/files\/06_Geofyzika-300x200.jpg 300w, https:\/\/archeol.sav.sk\/files\/06_Geofyzika-768x512.jpg 768w, https:\/\/archeol.sav.sk\/files\/06_Geofyzika-1024x683.jpg 1024w\" sizes=\"(max-width: 300px) 100vw, 300px\" \/><\/a> <em>Slovakia and Central European Urnfields &#8211; settlements, burial grounds, other types of sites<\/em><\/p>\n<p>Catalogues of sites will be completed; databases prepared and filled, artefacts will be selected for analysis within the natural science; and research team will focus on the analysis of the sources. <strong>Emphasis will be given on interdisciplinarity.<\/strong> Part of this stage will be the archaeological field research of selected the Urnfield Period sites as well as the presentation of research results at professional events and popularisation.<\/p>\n<p><strong>Stage 2:<\/strong> <em>Slovakia and Central European Urnfields &#8211; contacts, relationships, identity, environment<\/em><\/p>\n<p>Our research team will be focusing on analysis, evaluation and interpretation of the sources in the wider Central European context. Analyses of natural science and interdisciplinary cooperation will continue. Part of this stage will be the archaeological field research of selected the Urnfield Period sites as well as the presentation of research results at professional events and popularisation.<\/p>\n<p><strong>Stage 3:<\/strong> <em>Slovakia and Central European Urnfields &#8211; synthesis of knowledge<\/em><\/p>\n<p>Evaluation of assemblages. Finalisation of publication outputs to press. Presentation of research results at professional events and popularisation.<a href=\"http:\/\/archeol.sav.sk\/files\/04_HradiskoStrieborn\u00e1.jpg\"><img decoding=\"async\" loading=\"lazy\" class=\"wp-image-2819 size-medium alignright\" src=\"http:\/\/archeol.sav.sk\/files\/04_HradiskoStrieborn\u00e1-300x200.jpg\" alt=\"04_hradiskostrieborna\" width=\"300\" height=\"200\" srcset=\"https:\/\/archeol.sav.sk\/files\/04_HradiskoStrieborn\u00e1-300x200.jpg 300w, https:\/\/archeol.sav.sk\/files\/04_HradiskoStrieborn\u00e1-768x512.jpg 768w, https:\/\/archeol.sav.sk\/files\/04_HradiskoStrieborn\u00e1-1024x683.jpg 1024w\" sizes=\"(max-width: 300px) 100vw, 300px\" \/><\/a><\/p>\n<p>The project anticipates a critical approach to archaeological source by modern methodical approaches with interdisciplinary collaboration (anthropology, archaeobotany, archaeozoology etc.) and computer support (databases, statistics, spatial analysis, 3D modeling etc.) in archaeology. Its objective is to collect, document, analyse and including attempt to create models to evaluate the artefacts ecofacts and so-called specimens, respectively assemblages of artefacts, ecofacts, and so-called natural materials of the later phases of the Bronze Age with their archaeological contexts, to precise issues of referred time period of\u00a0 late prehistory in Slovakia and Central Europe, obviously, <strong>with regard to the contribution of Slovakia for economic and social development of Central European Urnfields<\/strong>. Logical outcome of the project are besides the partial publications and excavations, will be collective work <em>Slovakia and Central European Urnfields<\/em>.<\/p>\n<p><em>\u00a0<\/em><\/p>\n<p><em>Translated by Viera Tejbusov\u00e1<\/em><\/p>\n","protected":false},"excerpt":{"rendered":"<p>Principal investigator: Vladim\u00edr Mit\u00e1\u0161 Project start \u2013 end: 1. 7. 2017 \u2013 30. 6. 2021 Project ID: APVV-16-0441 Co-ordinating organization: Institute of Archaeology, SAS Staff: V\u00e1clav Furm\u00e1nek, Rudolf Kujovsk\u00fd, Ondrej O\u017e\u010f\u00e1ni, Ladislav Velia\u010dik, Barbara Zajacov\u00e1 a\u00a02 post-docs (Pavol Bobek, Petra Chebenov\u00e1) \u00a0 Key words: Slovakia, Bronze Age, Urnfields, economic and social development, settlement, cultural influences &#8230; <a class=\"read-more\" href=\"https:\/\/archeol.sav.sk\/index.php\/sk\/contribution-of-slovakia-to-economic-and-social-development-of-central-european-urnfields\/\">\u010c\u00edtajte viac<\/a><\/p>\n","protected":false},"author":2,"featured_media":0,"parent":0,"menu_order":0,"comment_status":"closed","ping_status":"closed","template":"","meta":[],"_links":{"self":[{"href":"https:\/\/archeol.sav.sk\/index.php\/wp-json\/wp\/v2\/pages\/2823"}],"collection":[{"href":"https:\/\/archeol.sav.sk\/index.php\/wp-json\/wp\/v2\/pages"}],"about":[{"href":"https:\/\/archeol.sav.sk\/index.php\/wp-json\/wp\/v2\/types\/page"}],"author":[{"embeddable":true,"href":"https:\/\/archeol.sav.sk\/index.php\/wp-json\/wp\/v2\/users\/2"}],"replies":[{"embeddable":true,"href":"https:\/\/archeol.sav.sk\/index.php\/wp-json\/wp\/v2\/comments?post=2823"}],"version-history":[{"count":3,"href":"https:\/\/archeol.sav.sk\/index.php\/wp-json\/wp\/v2\/pages\/2823\/revisions"}],"predecessor-version":[{"id":2827,"href":"https:\/\/archeol.sav.sk\/index.php\/wp-json\/wp\/v2\/pages\/2823\/revisions\/2827"}],"wp:attachment":[{"href":"https:\/\/archeol.sav.sk\/index.php\/wp-json\/wp\/v2\/media?parent=2823"}],"curies":[{"name":"wp","href":"https:\/\/api.w.org\/{rel}","templated":true}]}}