{"id":2815,"date":"2017-10-29T11:56:35","date_gmt":"2017-10-29T09:56:35","guid":{"rendered":"http:\/\/archeol.sav.sk\/?page_id=2815"},"modified":"2021-12-20T13:08:40","modified_gmt":"2021-12-20T11:08:40","slug":"prinos-slovenska-pre-hospodarsky-a-spolocensky-rozvoj-stredoeuropskych-popolnicovych-poli","status":"publish","type":"page","link":"https:\/\/archeol.sav.sk\/index.php\/sk\/prinos-slovenska-pre-hospodarsky-a-spolocensky-rozvoj-stredoeuropskych-popolnicovych-poli\/","title":{"rendered":"Pr\u00ednos Slovenska pre hospod\u00e1rsky a spolo\u010densk\u00fd rozvoj stredoeur\u00f3pskych popolnicov\u00fdch pol\u00ed"},"content":{"rendered":"<p><strong>Zodpovedn\u00fd rie\u0161ite\u013e: <\/strong>Vladim\u00edr Mit\u00e1\u0161<\/p>\n<p><strong>D<\/strong><strong>oba rie\u0161enia:<\/strong> 1. 7. 2017 \u2013 30. 6. 2021<\/p>\n<p><strong>Registra\u010dn\u00e9 \u010d\u00edslo:<\/strong> APVV-16-0441<\/p>\n<p><strong>Koordin\u00e1tor:<\/strong> Archeologick\u00fd \u00fastav SAV<\/p>\n<p><strong>Rie\u0161itelia:<\/strong><\/p>\n<p>V\u00e1clav Furm\u00e1nek, Rudolf Kujovsk\u00fd, Ondrej O\u017e\u010f\u00e1ni, Ladislav Velia\u010dik, Barbara Zajacov\u00e1 a\u00a0dvaja postdoktorandi (Pavol Bobek, Petra Chebenov\u00e1)<\/p>\n<p>&nbsp;<\/p>\n<p><strong>K\u013e\u00fa\u010dov\u00e9 slov\u00e1: <\/strong>Slovensko, doba bronzov\u00e1, popolnicov\u00e9 polia, hospod\u00e1rsky a\u00a0spolo\u010densk\u00fd v\u00fdvoj, os\u00eddlenie, kult\u00farne vplyvy, interakcie, identity, artefakty, ekofakty, pr\u00edrodniny<\/p>\n<p>&nbsp;<\/p>\n<figure id=\"attachment_2816\" aria-describedby=\"caption-attachment-2816\" style=\"width: 290px\" class=\"wp-caption alignright\"><a href=\"http:\/\/archeol.sav.sk\/files\/03_\u017diarov\u00fdHrobCin.jpg\"><img decoding=\"async\" loading=\"lazy\" class=\"wp-image-2816 size-medium\" src=\"http:\/\/archeol.sav.sk\/files\/03_\u017diarov\u00fdHrobCin-300x200.jpg\" alt=\"03_ziarovyhrobcin\" width=\"300\" height=\"200\" srcset=\"https:\/\/archeol.sav.sk\/files\/03_\u017diarov\u00fdHrobCin-300x200.jpg 300w, https:\/\/archeol.sav.sk\/files\/03_\u017diarov\u00fdHrobCin-768x512.jpg 768w, https:\/\/archeol.sav.sk\/files\/03_\u017diarov\u00fdHrobCin-1024x683.jpg 1024w\" sizes=\"(max-width: 300px) 100vw, 300px\" \/><\/a><figcaption id=\"caption-attachment-2816\" class=\"wp-caption-text\">Pozornos\u0165 sa venuje \u0161pecifik\u00e1m pohrebn\u00e9ho r\u00edtu (kamenn\u00e9 kon\u0161trukcie v Cinobani, Foto: V. Mit\u00e1\u0161).<\/figcaption><\/figure>\n<p><strong>Anot\u00e1cia:<\/strong> Projekt je zameran\u00fd na spracovanie materi\u00e1lu z\u00a0doby popolnicov\u00fdch pol\u00ed, z\u00edskan\u00e9ho archeologick\u00fdmi v\u00fdskumami na \u00fazem\u00ed Slovenska. Anal\u00fdza vybran\u00fdch n\u00e1lezov\u00fdch s\u00faborov z\u00a0mlad\u0161ej a\u00a0neskorej doby bronzovej m\u00e1 potenci\u00e1l preh\u013abi\u0165 poznatky o\u00a0v\u00fdvoji a\u00a0v\u00fdzname pravek\u00fdch ent\u00edt na stredoeur\u00f3pskom terit\u00f3riu. Ich chronologick\u00fd r\u00e1mec je v\u00a0projekte vymedzen\u00fd vznikom a\u00a0z\u00e1nikom civiliz\u00e1cie popolnicov\u00fdch pol\u00ed. Zvl\u00e1\u0161tna pozornos\u0165 bude venovan\u00e1 dopadu metalurgie na hospod\u00e1rsky a\u00a0spolo\u010densk\u00fd rozvoj eur\u00f3pskych popolnicov\u00fdch pol\u00ed. V\u00fdsledky doteraj\u0161\u00edch archeologick\u00fdch v\u00fdskumov na n\u00e1lezisk\u00e1ch z\u00a0mlad\u0161\u00edch f\u00e1z doby bronzovej na Slovensku zrete\u013ene ukazuj\u00fa na d\u00f4le\u017eitos\u0165 t\u00fdchto lokal\u00edt v uvedenom civiliza\u010dnom r\u00e1mci. V\u00fdznamnou s\u00fa\u010das\u0165ou projektu preto bude tak <strong>komplexn\u00fd rozbor kovov\u00fdch artefaktov z\u00a0viacer\u00fdch kult\u00far popolnicov\u00fdch pol\u00ed<\/strong>, ale i \u010fal\u0161\u00edch keramick\u00fdch a\u00a0nekeramick\u00fdch predmetov, ako aj pokus o\u00a0interpret\u00e1ciu ich dosahu na diferencovan\u00e9 soci\u00e1lne skupiny a identity. Tieto, na \u00fazem\u00ed Slovenska, boli vystaven\u00e9 kult\u00farnym vplyvom, prich\u00e1dzaj\u00facim aj z\u00a0vyspelej\u0161\u00edch oblast\u00ed z\u00e1padnej, ju\u017enej a v\u00fdchodnej Eur\u00f3py. S\u00a0vyu\u017eit\u00edm dostupn\u00fdch poznatkov, modern\u00fdch met\u00f3d a so zapojen\u00edm interdisciplin\u00e1rneho pr\u00edstupu, t. j. antropol\u00f3gie, archeobotaniky, paleodemografie at\u010f., je hlavnou amb\u00edciou projektu pouk\u00e1za\u0165 na v\u00fdznam a\u00a0previazanos\u0165 dom\u00e1ceho v\u00fdvoja s\u00a0rozvojom a kult\u00farnymi centrami strednej Eur\u00f3py, no predov\u0161etk\u00fdm osvetli\u0165 podiel \u00fazemia Slovenska v\u00a0tomto procese.<\/p>\n<p>&nbsp;<\/p>\n<p><strong>Harmonogram:<\/strong> Opiera sa o\u00a0deklarovan\u00e9 ciele projektu, ktor\u00e9 sa vyt\u00fd\u010dili v\u00a0logickom \u010dasovom slede a troch tematicky \u0161trukt\u00farovan\u00fdch etap\u00e1ch:<\/p>\n<figure id=\"attachment_2818\" aria-describedby=\"caption-attachment-2818\" style=\"width: 290px\" class=\"wp-caption alignright\"><a href=\"http:\/\/archeol.sav.sk\/files\/06_Geofyzika.jpg\"><img decoding=\"async\" loading=\"lazy\" class=\"wp-image-2818 size-medium\" src=\"http:\/\/archeol.sav.sk\/files\/06_Geofyzika-300x200.jpg\" alt=\"06_geofyzika\" width=\"300\" height=\"200\" srcset=\"https:\/\/archeol.sav.sk\/files\/06_Geofyzika-300x200.jpg 300w, https:\/\/archeol.sav.sk\/files\/06_Geofyzika-768x512.jpg 768w, https:\/\/archeol.sav.sk\/files\/06_Geofyzika-1024x683.jpg 1024w\" sizes=\"(max-width: 300px) 100vw, 300px\" \/><\/a><figcaption id=\"caption-attachment-2818\" class=\"wp-caption-text\">Po\u010d\u00edta sa s geofyzik\u00e1lnym meran\u00edm lokal\u00edt (Cinoba\u0148a, Foto: V. Mit\u00e1\u0161).<\/figcaption><\/figure>\n<p><strong>Etapa 1:<\/strong> <em>Slovensko a\u00a0stredoeur\u00f3pske popolnicov\u00e9 polia \u2013 s\u00eddlisk\u00e1, pohrebisk\u00e1, in\u00e9 typy n\u00e1lez\u00edsk<\/em><\/p>\n<p>Vypracuj\u00fa a\u00a0dokompletizuj\u00fa sa katal\u00f3gy vybran\u00fdch archeologick\u00fdch lokal\u00edt, datab\u00e1zy, uskuto\u010dn\u00ed sa v\u00fdber predmetov na pr\u00edrodovedn\u00e9 anal\u00fdzy a\u00a0rie\u0161ite\u013esk\u00fd kolekt\u00edv sa s\u00fastred\u00ed na anal\u00fdzu prame\u0148ov. <strong>D\u00f4raz sa bude kl\u00e1s\u0165 na interdisciplinaritu<\/strong> (v r\u00e1mci domovskej in\u0161tit\u00facie, ale aj mimo nej). S\u00fa\u010das\u0165ou etapy bude ter\u00e9nny archeologick\u00fd v\u00fdskum a\u00a0nede\u0161trukt\u00edvna prospekcia (vr\u00e1tane geofyzik\u00e1lnych meran\u00ed) na n\u00e1lezisk\u00e1ch z\u00a0doby popolnicov\u00fdch pol\u00ed ako aj prezent\u00e1cia v\u00fdsledkov v\u00fdskumu na vedeck\u00fdch podujatiach a populariz\u00e1cia.<\/p>\n<p><strong>Etapa 2:<\/strong> <em>Slovensko a\u00a0stredoeur\u00f3pske popolnicov\u00e9 polia \u2013 kontakty, vz\u0165ahy, identity, environment<\/em><\/p>\n<p>Rie\u0161ite\u013esk\u00fd kolekt\u00edv bude s\u00fastreden\u00fd na anal\u00fdzu, vyhodnotenie a\u00a0interpret\u00e1ciu prame\u0148ov v\u00a0\u0161ir\u0161\u00edch stredoeur\u00f3pskych s\u00favislostiach. Pokra\u010dovanie pr\u00edrodovedn\u00fdch anal\u00fdz a\u00a0interdisciplin\u00e1rnej spolupr\u00e1ce, zoh\u013eadnenie a\u00a0implement\u00e1cia poznatkov pr\u00edbuzn\u00fdch vedn\u00fdch discipl\u00edn do archeologick\u00fdch \u010dast\u00ed pr\u00e1c. S\u00fa\u010das\u0165ou etapy bude ter\u00e9nny archeologick\u00fd v\u00fdskum na vybran\u00fdch lokalit\u00e1ch z\u00a0doby popolnicov\u00fdch pol\u00ed ako aj prezent\u00e1cia v\u00fdsledkov v\u00fdskumu na vedeck\u00fdch podujatiach a populariz\u00e1cia.<\/p>\n<p><strong>Etapa 3:<\/strong> <em>Slovensko a\u00a0stredoeur\u00f3pske popolnicov\u00e9 polia \u2013 synt\u00e9za poznatkov<\/em><\/p>\n<p>Vyhodnotenie n\u00e1lezov\u00fdch s\u00faborov. Finaliz\u00e1cia publika\u010dn\u00fdch v\u00fdstupov do tla\u010de. Prezent\u00e1cia v\u00fdsledkov v\u00fdskumu na vedeck\u00fdch podujatiach a populariz\u00e1cia.<\/p>\n<figure id=\"attachment_2819\" aria-describedby=\"caption-attachment-2819\" style=\"width: 290px\" class=\"wp-caption alignright\"><a href=\"http:\/\/archeol.sav.sk\/files\/04_HradiskoStrieborn\u00e1.jpg\"><img decoding=\"async\" loading=\"lazy\" class=\"wp-image-2819 size-medium\" src=\"http:\/\/archeol.sav.sk\/files\/04_HradiskoStrieborn\u00e1-300x200.jpg\" alt=\"04_hradiskostrieborna\" width=\"300\" height=\"200\" srcset=\"https:\/\/archeol.sav.sk\/files\/04_HradiskoStrieborn\u00e1-300x200.jpg 300w, https:\/\/archeol.sav.sk\/files\/04_HradiskoStrieborn\u00e1-768x512.jpg 768w, https:\/\/archeol.sav.sk\/files\/04_HradiskoStrieborn\u00e1-1024x683.jpg 1024w\" sizes=\"(max-width: 300px) 100vw, 300px\" \/><\/a><figcaption id=\"caption-attachment-2819\" class=\"wp-caption-text\">V\u00fdskum sa dotkne s\u00eddlisk aj hrad\u00edsk (Cinoba\u0148a-Strieborn\u00e1, Foto: V. Mit\u00e1\u0161)<\/figcaption><\/figure>\n<p>Projekt\u00a0po\u010d\u00edta s\u00a0kritick\u00fdm pr\u00edstupom k\u00a0archeologick\u00fdm prame\u0148om, modern\u00fdmi metodick\u00fdmi postupmi, s\u00a0interdisciplin\u00e1rnou spolupr\u00e1cou (antropol\u00f3gia, archeobotanika, archeozool\u00f3gia at\u010f.) a\u00a0informa\u010dno-komunika\u010dn\u00fdmi technol\u00f3giami (datab\u00e1zy, \u0161tatistika, priestorov\u00e9 anal\u00fdzy, 3D modelovanie at\u010f.) v\u00a0archeol\u00f3gii. Jeho cie\u013eom bude zhroma\u017edi\u0165, zdokumentova\u0165, analyzova\u0165 a\u00a0vr\u00e1tane pokusov o\u00a0vytvorenie modelov vyhodnoti\u0165 artefakty, ekofakty a\u00a0pr\u00edrodniny, resp. s\u00fabory artefaktov, ekofaktov a pr\u00edrodn\u00edn z\u00a0mlad\u0161\u00edch f\u00e1z doby bronzovej s\u00a0ich archeologick\u00fdmi kontextami, precizova\u0165 probl\u00e9my uveden\u00fdch obdob\u00ed mlad\u0161ieho praveku na Slovensku a\u00a0v\u00a0strednej Eur\u00f3pe, samozrejme, <strong>so zrete\u013eom na pr\u00ednos \u00fazemia Slovenska pre hospod\u00e1rsky a\u00a0spolo\u010densk\u00fd rozvoj stredoeur\u00f3pskych popolnicov\u00fdch pol\u00ed<\/strong>. Logick\u00fdm vy\u00fasten\u00edm projektu, okrem \u010diastkov\u00fdch publik\u00e1ci\u00ed a v\u00fdskumov, by malo by\u0165 kolekt\u00edvne dielo <em>Slovensko a\u00a0stredoeur\u00f3pske popolnicov\u00e9 polia<\/em>.<\/p>\n<p>&nbsp;<\/p>\n<p><em>Vladim\u00edr Mit\u00e1\u0161<\/em><\/p>\n<p>&nbsp;<\/p>\n<p><a href=\"http:\/\/archeol.sav.sk\/index.php\/sk\/prinos-slovenska-pre-hospodarsky-a-spolocensky-rozvoj-stredoeuropskych-popolnicovych-poli\/aktivity-projektu-apvv-16-0441-v-rokoch-2017-2019\/\"><strong>Aktivity projektu APVV-16-0441 v\u00a0rokoch 2017 \u2013 2019<\/strong><\/a><\/p>\n<p><a href=\"http:\/\/archeol.sav.sk\/index.php\/sk\/aktivity-projektu-apvv-16-0441-v-rokoch-2020-2021\/\"><strong>Aktivity projektu APVV-16-0441 v rokoch 2020 \u2013 2021<\/strong><\/a><\/p>\n","protected":false},"excerpt":{"rendered":"<p>Zodpovedn\u00fd rie\u0161ite\u013e: Vladim\u00edr Mit\u00e1\u0161 Doba rie\u0161enia: 1. 7. 2017 \u2013 30. 6. 2021 Registra\u010dn\u00e9 \u010d\u00edslo: APVV-16-0441 Koordin\u00e1tor: Archeologick\u00fd \u00fastav SAV Rie\u0161itelia: V\u00e1clav Furm\u00e1nek, Rudolf Kujovsk\u00fd, Ondrej O\u017e\u010f\u00e1ni, Ladislav Velia\u010dik, Barbara Zajacov\u00e1 a\u00a0dvaja postdoktorandi (Pavol Bobek, Petra Chebenov\u00e1) &nbsp; K\u013e\u00fa\u010dov\u00e9 slov\u00e1: Slovensko, doba bronzov\u00e1, popolnicov\u00e9 polia, hospod\u00e1rsky a\u00a0spolo\u010densk\u00fd v\u00fdvoj, os\u00eddlenie, kult\u00farne vplyvy, interakcie, identity, artefakty, ekofakty, &#8230; <a class=\"read-more\" href=\"https:\/\/archeol.sav.sk\/index.php\/sk\/prinos-slovenska-pre-hospodarsky-a-spolocensky-rozvoj-stredoeuropskych-popolnicovych-poli\/\">\u010c\u00edtajte viac<\/a><\/p>\n","protected":false},"author":2,"featured_media":0,"parent":0,"menu_order":0,"comment_status":"closed","ping_status":"closed","template":"","meta":[],"_links":{"self":[{"href":"https:\/\/archeol.sav.sk\/index.php\/wp-json\/wp\/v2\/pages\/2815"}],"collection":[{"href":"https:\/\/archeol.sav.sk\/index.php\/wp-json\/wp\/v2\/pages"}],"about":[{"href":"https:\/\/archeol.sav.sk\/index.php\/wp-json\/wp\/v2\/types\/page"}],"author":[{"embeddable":true,"href":"https:\/\/archeol.sav.sk\/index.php\/wp-json\/wp\/v2\/users\/2"}],"replies":[{"embeddable":true,"href":"https:\/\/archeol.sav.sk\/index.php\/wp-json\/wp\/v2\/comments?post=2815"}],"version-history":[{"count":6,"href":"https:\/\/archeol.sav.sk\/index.php\/wp-json\/wp\/v2\/pages\/2815\/revisions"}],"predecessor-version":[{"id":5852,"href":"https:\/\/archeol.sav.sk\/index.php\/wp-json\/wp\/v2\/pages\/2815\/revisions\/5852"}],"wp:attachment":[{"href":"https:\/\/archeol.sav.sk\/index.php\/wp-json\/wp\/v2\/media?parent=2815"}],"curies":[{"name":"wp","href":"https:\/\/api.w.org\/{rel}","templated":true}]}}