{"id":2795,"date":"2017-10-27T13:49:17","date_gmt":"2017-10-27T11:49:17","guid":{"rendered":"http:\/\/archeol.sav.sk\/?page_id=2795"},"modified":"2019-03-07T14:59:13","modified_gmt":"2019-03-07T12:59:13","slug":"terenny-vyskum-2017","status":"publish","type":"page","link":"https:\/\/archeol.sav.sk\/index.php\/sk\/kontakt\/vyskum\/terenny-vyskum\/terenny-vyskum-2017\/","title":{"rendered":"Ter\u00e9nny v\u00fdskum 2017"},"content":{"rendered":"<header class=\"entry-header\">\n<p class=\"entry-title\">V\u00fdber z ter\u00e9nnych v\u00fdskumov za rok 2017:<\/p>\n<p><a href=\"http:\/\/archeol.sav.sk\/files\/bojn%C3%A1-2017_1.pdf\"><img decoding=\"async\" loading=\"lazy\" class=\"noprint alignnone\" src=\"http:\/\/archeol.sav.sk\/pics\/pdf_button.png\" alt=\"pdf\" width=\"16\" height=\"16\" align=\"left\" hspace=\"5\" vspace=\"0\" \/>\u00a0Bojn\u00e1<\/a><\/p>\n<p><img decoding=\"async\" loading=\"lazy\" class=\"noprint alignnone\" src=\"http:\/\/archeol.sav.sk\/pics\/pdf_button.png\" alt=\"pdf\" width=\"16\" height=\"16\" align=\"left\" hspace=\"5\" vspace=\"0\" \/><a href=\"http:\/\/archeol.sav.sk\/files\/Zigmundova-brana.pdf\">Bratislava \u2013 hrad<\/a><\/p>\n<p><img decoding=\"async\" loading=\"lazy\" class=\"noprint alignnone\" src=\"http:\/\/archeol.sav.sk\/pics\/pdf_button.png\" alt=\"pdf\" width=\"16\" height=\"16\" align=\"left\" hspace=\"5\" vspace=\"0\" \/><a href=\"http:\/\/archeol.sav.sk\/files\/2017-A4-%C4%8Cabra%C4%8F.pdf\">\u010cabra\u010f<\/a><\/p>\n<p><a href=\"http:\/\/archeol.sav.sk\/files\/Poster-Divinka-2017.pdf\"><img decoding=\"async\" loading=\"lazy\" class=\"noprint alignnone\" src=\"http:\/\/archeol.sav.sk\/pics\/pdf_button.png\" alt=\"pdf\" width=\"16\" height=\"16\" align=\"left\" hspace=\"5\" vspace=\"0\" \/><\/a>\u00a0<a href=\"http:\/\/archeol.sav.sk\/files\/Poster-Divinka-2017.pdf\">Divinka<\/a><\/p>\n<p><a href=\"http:\/\/archeol.sav.sk\/files\/Web_poster-Divin-2017.pdf\"><img decoding=\"async\" loading=\"lazy\" class=\"noprint alignnone\" src=\"http:\/\/archeol.sav.sk\/pics\/pdf_button.png\" alt=\"pdf\" width=\"16\" height=\"16\" align=\"left\" hspace=\"5\" vspace=\"0\" \/>\u00a0Div\u00edn<\/a><\/p>\n<p><img decoding=\"async\" loading=\"lazy\" class=\"noprint alignnone\" src=\"http:\/\/archeol.sav.sk\/pics\/pdf_button.png\" alt=\"pdf\" width=\"16\" height=\"16\" align=\"left\" hspace=\"5\" vspace=\"0\" \/><\/p>\n<p><a href=\"http:\/\/archeol.sav.sk\/files\/Web_poster-Divin-JV-bastion-2017.pdf\">Div\u00edn\u00a0\u2013 hrad<\/a><\/p>\n<p><a href=\"http:\/\/archeol.sav.sk\/files\/Hr_B_web.pdf\"><img decoding=\"async\" loading=\"lazy\" class=\"noprint alignnone\" src=\"http:\/\/archeol.sav.sk\/pics\/pdf_button.png\" alt=\"pdf\" width=\"16\" height=\"16\" align=\"left\" hspace=\"5\" vspace=\"0\" \/>Hronsk\u00fd Be\u0148adik<\/a><\/p>\n<p><img decoding=\"async\" loading=\"lazy\" class=\"noprint alignnone\" src=\"http:\/\/archeol.sav.sk\/pics\/pdf_button.png\" alt=\"pdf\" width=\"16\" height=\"16\" align=\"left\" hspace=\"5\" vspace=\"0\" \/><a href=\"http:\/\/archeol.sav.sk\/files\/Jasovska-jaskyna.pdf\">Jasovsk\u00e1 jasky\u0148a<\/a><\/p>\n<p><img decoding=\"async\" loading=\"lazy\" class=\"noprint alignnone\" src=\"http:\/\/archeol.sav.sk\/pics\/pdf_button.png\" alt=\"pdf\" width=\"16\" height=\"16\" align=\"left\" hspace=\"5\" vspace=\"0\" \/><\/p>\n<p><a href=\"http:\/\/archeol.sav.sk\/files\/Jaskyna-Chyza.pdf\">Jasky\u0148a Chy\u017ea<\/a><\/p>\n<header class=\"entry-header\"><img decoding=\"async\" loading=\"lazy\" class=\"noprint alignnone\" src=\"http:\/\/archeol.sav.sk\/pics\/pdf_button.png\" alt=\"pdf\" width=\"16\" height=\"16\" align=\"left\" hspace=\"5\" vspace=\"0\" \/><\/header>\n<p><a href=\"http:\/\/archeol.sav.sk\/files\/Ko\u0161ice_MPR.pdf\">Ko\u0161ice MPR<\/a><\/p>\n<p><img decoding=\"async\" loading=\"lazy\" class=\"noprint alignnone\" src=\"http:\/\/archeol.sav.sk\/pics\/pdf_button.png\" alt=\"pdf\" width=\"16\" height=\"16\" align=\"left\" hspace=\"5\" vspace=\"0\" \/>\u00a0<a href=\"http:\/\/archeol.sav.sk\/files\/Ko\u0161ice_Po\u0161tov\u00e1-ulica.pdf\">Ko\u0161ice\u00a0\u2013 Po\u0161tov\u00e1 ulica<\/a><\/p>\n<p><a href=\"http:\/\/archeol.sav.sk\/files\/Kovarce.pdf\"><img decoding=\"async\" loading=\"lazy\" class=\"noprint alignnone\" src=\"http:\/\/archeol.sav.sk\/pics\/pdf_button.png\" alt=\"pdf\" width=\"16\" height=\"16\" align=\"left\" hspace=\"5\" vspace=\"0\" \/><\/a>\u00a0<a href=\"http:\/\/archeol.sav.sk\/files\/Kovarce.pdf\">Kovarce<\/a><\/p>\n<p><a href=\"http:\/\/archeol.sav.sk\/files\/Lesenice_web.pdf\"><img decoding=\"async\" loading=\"lazy\" class=\"noprint alignnone\" src=\"http:\/\/archeol.sav.sk\/pics\/pdf_button.png\" alt=\"pdf\" width=\"16\" height=\"16\" align=\"left\" hspace=\"5\" vspace=\"0\" \/><\/a><a href=\"http:\/\/archeol.sav.sk\/files\/ODOVZDAT-KCA-DOLNA-2017-SAV-poster-na-web.pdf\">Kremnica<\/a><\/p>\n<p><img decoding=\"async\" loading=\"lazy\" class=\"noprint alignnone\" src=\"http:\/\/archeol.sav.sk\/pics\/pdf_button.png\" alt=\"pdf\" width=\"16\" height=\"16\" align=\"left\" hspace=\"5\" vspace=\"0\" \/><a href=\"http:\/\/archeol.sav.sk\/files\/ODOVZDAT-MINCOVNA-2017-SAV-poster-na-web-k\u00f3pia.pdf\">Kremnica\u00a0\u2013 mincov\u0148a<\/a><\/p>\n<p><a href=\"http:\/\/archeol.sav.sk\/files\/Lesenice_web.pdf\"><img decoding=\"async\" loading=\"lazy\" class=\"noprint alignnone\" src=\"http:\/\/archeol.sav.sk\/pics\/pdf_button.png\" alt=\"pdf\" width=\"16\" height=\"16\" align=\"left\" hspace=\"5\" vspace=\"0\" \/><\/a>\u00a0<a href=\"http:\/\/archeol.sav.sk\/files\/Lesenice_web.pdf\">Lesenice<\/a><\/p>\n<p><a href=\"http:\/\/archeol.sav.sk\/files\/Lesenice_web.pdf\"><img decoding=\"async\" loading=\"lazy\" class=\"noprint alignnone\" src=\"http:\/\/archeol.sav.sk\/pics\/pdf_button.png\" alt=\"pdf\" width=\"16\" height=\"16\" align=\"left\" hspace=\"5\" vspace=\"0\" \/><\/a><\/p>\n<p><a href=\"http:\/\/archeol.sav.sk\/files\/ODOVZDAT-LESENICE-2017-SAV-poster-na-web.pdf\">Lesenice \u2013 Penzi\u00f3n<\/a><\/p>\n<p><a href=\"http:\/\/archeol.sav.sk\/files\/Lietava.pdf\"><img decoding=\"async\" loading=\"lazy\" class=\"noprint alignnone\" src=\"http:\/\/archeol.sav.sk\/pics\/pdf_button.png\" alt=\"pdf\" width=\"16\" height=\"16\" align=\"left\" hspace=\"5\" vspace=\"0\" \/><\/a>\u00a0<a href=\"http:\/\/archeol.sav.sk\/files\/Lietava.pdf\">Lietavsk\u00fd hrad<\/a><\/p>\n<p><a href=\"http:\/\/archeol.sav.sk\/files\/Web_poster-Maly-Cetin13OK.pdf\"><img decoding=\"async\" loading=\"lazy\" class=\"noprint alignnone\" src=\"http:\/\/archeol.sav.sk\/pics\/pdf_button.png\" alt=\"pdf\" width=\"16\" height=\"16\" align=\"left\" hspace=\"5\" vspace=\"0\" \/>\u00a0Mal\u00fd Cet\u00edn<\/a><\/p>\n<p><img decoding=\"async\" loading=\"lazy\" class=\"noprint alignnone\" src=\"http:\/\/archeol.sav.sk\/pics\/pdf_button.png\" alt=\"pdf\" width=\"16\" height=\"16\" align=\"left\" hspace=\"5\" vspace=\"0\" \/><\/p>\n<p><a href=\"http:\/\/archeol.sav.sk\/files\/Web_poster-Nitra-Kynek.pdf\">Nitra\u00a0\u2013 Kynek<\/a><\/p>\n<p><img decoding=\"async\" loading=\"lazy\" class=\"noprint alignnone\" src=\"http:\/\/archeol.sav.sk\/pics\/pdf_button.png\" alt=\"pdf\" width=\"16\" height=\"16\" align=\"left\" hspace=\"5\" vspace=\"0\" \/><\/p>\n<p><a href=\"http:\/\/archeol.sav.sk\/files\/Web_poster-Nitra-Polygon.pdf\">Nitra\u00a0\u2013\u00a0\u201eNov\u00fd Polyg\u00f3n\u201c<\/a><\/p>\n<p><img decoding=\"async\" loading=\"lazy\" class=\"noprint alignnone\" src=\"http:\/\/archeol.sav.sk\/pics\/pdf_button.png\" alt=\"pdf\" width=\"16\" height=\"16\" align=\"left\" hspace=\"5\" vspace=\"0\" \/><a href=\"http:\/\/archeol.sav.sk\/files\/NR-zahrada-Zupneho-domu_b%C5%99ezinov%C3%A1_%C5%A1vihurov%C3%A1.pdf\">Nitra \u2013 \u201eZ\u00e1hrada \u017dupn\u00e9ho domu\u201c<\/a><\/p>\n<p><img decoding=\"async\" loading=\"lazy\" class=\"noprint alignnone\" src=\"http:\/\/archeol.sav.sk\/pics\/pdf_button.png\" alt=\"pdf\" width=\"16\" height=\"16\" align=\"left\" hspace=\"5\" vspace=\"0\" \/><\/p>\n<p><a href=\"http:\/\/archeol.sav.sk\/files\/Web_poster-Zobor2017.pdf\">Nitra\u00a0\u2013 Zobor<\/a><\/p>\n<p><a href=\"http:\/\/archeol.sav.sk\/files\/Plaveck%C3%BD-hrad.pdf\"><img decoding=\"async\" loading=\"lazy\" class=\"noprint alignnone\" src=\"http:\/\/archeol.sav.sk\/pics\/pdf_button.png\" alt=\"pdf\" width=\"16\" height=\"16\" align=\"left\" hspace=\"5\" vspace=\"0\" \/><\/a>\u00a0<a href=\"http:\/\/archeol.sav.sk\/files\/Plaveck%C3%BD-hrad.pdf\">Plaveck\u00fd hrad\u00a0<\/a><\/p>\n<p><a href=\"http:\/\/archeol.sav.sk\/files\/Beljak-Mitas_Poiplie_2017.pdf\"><img decoding=\"async\" loading=\"lazy\" class=\"noprint alignnone\" src=\"http:\/\/archeol.sav.sk\/pics\/pdf_button.png\" alt=\"pdf\" width=\"16\" height=\"16\" align=\"left\" hspace=\"5\" vspace=\"0\" \/><\/a><\/p>\n<p><a href=\"http:\/\/archeol.sav.sk\/files\/Beljak-Mitas_Poiplie_2017.pdf\">Poiplie<\/a><\/p>\n<p><img decoding=\"async\" loading=\"lazy\" class=\"noprint alignnone\" src=\"http:\/\/archeol.sav.sk\/pics\/pdf_button.png\" alt=\"pdf\" width=\"16\" height=\"16\" align=\"left\" hspace=\"5\" vspace=\"0\" \/><a href=\"http:\/\/archeol.sav.sk\/files\/2017-A4-P_Hrad-doln%C3%BD.pdf\">Pust\u00fd hrad vo Zvolen \u2013 Doln\u00fd hrad<\/a><\/p>\n<p><img decoding=\"async\" loading=\"lazy\" class=\"noprint alignnone\" src=\"http:\/\/archeol.sav.sk\/pics\/pdf_button.png\" alt=\"pdf\" width=\"16\" height=\"16\" align=\"left\" hspace=\"5\" vspace=\"0\" \/><a href=\"http:\/\/archeol.sav.sk\/files\/2017-A4-P_Hrad-horn%C3%BD.pdf\">Pust\u00fd hrad vo Zvolen\u00a0\u2013 Horn\u00fd hrad<\/a><\/p>\n<p><a href=\"http:\/\/archeol.sav.sk\/files\/Rybn%C3%ADk_2017-1.pdf\"><img decoding=\"async\" loading=\"lazy\" class=\"noprint alignnone\" src=\"http:\/\/archeol.sav.sk\/pics\/pdf_button.png\" alt=\"pdf\" width=\"16\" height=\"16\" align=\"left\" hspace=\"5\" vspace=\"0\" \/>Rybn\u00edk<\/a><\/p>\n<p><a href=\"http:\/\/archeol.sav.sk\/files\/slatina-2017.pdf\"><img decoding=\"async\" loading=\"lazy\" class=\"noprint alignnone\" src=\"http:\/\/archeol.sav.sk\/pics\/pdf_button.png\" alt=\"pdf\" width=\"16\" height=\"16\" align=\"left\" hspace=\"5\" vspace=\"0\" \/>\u00a0Slatina<\/a><\/p>\n<p><a href=\"http:\/\/archeol.sav.sk\/files\/stre%C5%BEenice.pdf\"><img decoding=\"async\" loading=\"lazy\" class=\"noprint alignnone\" src=\"http:\/\/archeol.sav.sk\/pics\/pdf_button.png\" alt=\"pdf\" width=\"16\" height=\"16\" align=\"left\" hspace=\"5\" vspace=\"0\" \/>Stre\u017eenice<\/a><\/p>\n<p><img decoding=\"async\" loading=\"lazy\" class=\"noprint alignnone\" src=\"http:\/\/archeol.sav.sk\/pics\/pdf_button.png\" alt=\"pdf\" width=\"16\" height=\"16\" align=\"left\" hspace=\"5\" vspace=\"0\" \/><\/p>\n<p><a href=\"http:\/\/archeol.sav.sk\/files\/Mitas_Sirkovce-_WebAU_2017.pdf\">\u0160irkovce<\/a><\/p>\n<p><a href=\"http:\/\/archeol.sav.sk\/files\/Web_poster_Tren\u010din.pdf\"><img decoding=\"async\" loading=\"lazy\" class=\"noprint alignnone\" src=\"http:\/\/archeol.sav.sk\/pics\/pdf_button.png\" alt=\"pdf\" width=\"16\" height=\"16\" align=\"left\" hspace=\"5\" vspace=\"0\" \/><\/a><a href=\"http:\/\/archeol.sav.sk\/files\/Web_poster_Tren\u010din.pdf\">Tren\u010d\u00edn<\/a><\/p>\n<p><img decoding=\"async\" loading=\"lazy\" class=\"noprint alignnone\" src=\"http:\/\/archeol.sav.sk\/pics\/pdf_button.png\" alt=\"pdf\" width=\"16\" height=\"16\" align=\"left\" hspace=\"5\" vspace=\"0\" \/><\/p>\n<p><a href=\"http:\/\/archeol.sav.sk\/files\/Trencianske_Bohuslavice_2017.pdf\">Tren\u010dianske Bohuslavice<\/a><\/p>\n<p><img decoding=\"async\" loading=\"lazy\" class=\"noprint alignnone\" src=\"http:\/\/archeol.sav.sk\/pics\/pdf_button.png\" alt=\"pdf\" width=\"16\" height=\"16\" align=\"left\" hspace=\"5\" vspace=\"0\" \/><\/p>\n<p><a href=\"http:\/\/archeol.sav.sk\/files\/Web_poster-Trnava-Srobarova-ulica.pdf\">Trnava<\/a><\/p>\n<p><img decoding=\"async\" loading=\"lazy\" class=\"noprint alignnone\" src=\"http:\/\/archeol.sav.sk\/pics\/pdf_button.png\" alt=\"pdf\" width=\"16\" height=\"16\" align=\"left\" hspace=\"5\" vspace=\"0\" \/><a href=\"http:\/\/archeol.sav.sk\/files\/Kujovsky_Barankova_Bobek_Velke_Zaluzie_2017.pdf\">Ve\u013ek\u00e9 Z\u00e1lu\u017eie<\/a><\/p>\n<p><a href=\"http:\/\/archeol.sav.sk\/files\/Vr%C3%A1ble_2017.pdf\"><img decoding=\"async\" loading=\"lazy\" class=\"noprint alignnone\" src=\"http:\/\/archeol.sav.sk\/pics\/pdf_button.png\" alt=\"pdf\" width=\"16\" height=\"16\" align=\"left\" hspace=\"5\" vspace=\"0\" \/>\u00a0Vr\u00e1ble<\/a><\/p>\n<p><a href=\"http:\/\/archeol.sav.sk\/files\/Da%C5%88ov%C3%A1_Cheben-Priemyseln%C3%BD-park-NR.pdf\"><img decoding=\"async\" loading=\"lazy\" class=\"noprint alignnone\" src=\"http:\/\/archeol.sav.sk\/pics\/pdf_button.png\" alt=\"pdf\" width=\"16\" height=\"16\" align=\"left\" hspace=\"5\" vspace=\"0\" \/>\u00a0Zbehy<\/a><\/p>\n<p><a href=\"http:\/\/archeol.sav.sk\/files\/Da%C5%88ov%C3%A1_Cheben-Priemyseln%C3%BD-park-NR.pdf\"><img decoding=\"async\" loading=\"lazy\" class=\"noprint alignnone\" src=\"http:\/\/archeol.sav.sk\/pics\/pdf_button.png\" alt=\"pdf\" width=\"16\" height=\"16\" align=\"left\" hspace=\"5\" vspace=\"0\" \/><\/a><a href=\"http:\/\/archeol.sav.sk\/files\/ODOVZDAT-REVISTE-2017-SAV-poster-na-web.pdf\">\u017darnovica-Revi\u0161\u0165sk\u00e9 Podz\u00e1m\u010die<\/a><\/p>\n<p><a href=\"http:\/\/archeol.sav.sk\/files\/Da%C5%88ov%C3%A1_Cheben-Priemyseln%C3%BD-park-NR.pdf\"><img decoding=\"async\" loading=\"lazy\" class=\"noprint alignnone\" src=\"http:\/\/archeol.sav.sk\/pics\/pdf_button.png\" alt=\"pdf\" width=\"16\" height=\"16\" align=\"left\" hspace=\"5\" vspace=\"0\" \/><\/a><a href=\"http:\/\/archeol.sav.sk\/files\/ODOVZDAT-SASOV-2017-SAV-poster-A4-na-web.pdf\">\u017diar nad Hronom\u00a0\u2013 hrad \u0160\u00e1\u0161ov<\/a><\/p>\n<\/header>\n","protected":false},"excerpt":{"rendered":"<p>V\u00fdber z ter\u00e9nnych v\u00fdskumov za rok 2017: \u00a0Bojn\u00e1 Bratislava \u2013 hrad \u010cabra\u010f \u00a0Divinka \u00a0Div\u00edn Div\u00edn\u00a0\u2013 hrad Hronsk\u00fd Be\u0148adik Jasovsk\u00e1 jasky\u0148a Jasky\u0148a Chy\u017ea Ko\u0161ice MPR \u00a0Ko\u0161ice\u00a0\u2013 Po\u0161tov\u00e1 ulica \u00a0Kovarce Kremnica Kremnica\u00a0\u2013 mincov\u0148a \u00a0Lesenice Lesenice \u2013 Penzi\u00f3n \u00a0Lietavsk\u00fd hrad \u00a0Mal\u00fd Cet\u00edn Nitra\u00a0\u2013 Kynek Nitra\u00a0\u2013\u00a0\u201eNov\u00fd Polyg\u00f3n\u201c Nitra \u2013 \u201eZ\u00e1hrada \u017dupn\u00e9ho domu\u201c Nitra\u00a0\u2013 Zobor \u00a0Plaveck\u00fd hrad\u00a0 Poiplie Pust\u00fd hrad &#8230; <a class=\"read-more\" href=\"https:\/\/archeol.sav.sk\/index.php\/sk\/kontakt\/vyskum\/terenny-vyskum\/terenny-vyskum-2017\/\">\u010c\u00edtajte viac<\/a><\/p>\n","protected":false},"author":2,"featured_media":0,"parent":1075,"menu_order":0,"comment_status":"closed","ping_status":"closed","template":"","meta":[],"_links":{"self":[{"href":"https:\/\/archeol.sav.sk\/index.php\/wp-json\/wp\/v2\/pages\/2795"}],"collection":[{"href":"https:\/\/archeol.sav.sk\/index.php\/wp-json\/wp\/v2\/pages"}],"about":[{"href":"https:\/\/archeol.sav.sk\/index.php\/wp-json\/wp\/v2\/types\/page"}],"author":[{"embeddable":true,"href":"https:\/\/archeol.sav.sk\/index.php\/wp-json\/wp\/v2\/users\/2"}],"replies":[{"embeddable":true,"href":"https:\/\/archeol.sav.sk\/index.php\/wp-json\/wp\/v2\/comments?post=2795"}],"version-history":[{"count":31,"href":"https:\/\/archeol.sav.sk\/index.php\/wp-json\/wp\/v2\/pages\/2795\/revisions"}],"predecessor-version":[{"id":4395,"href":"https:\/\/archeol.sav.sk\/index.php\/wp-json\/wp\/v2\/pages\/2795\/revisions\/4395"}],"up":[{"embeddable":true,"href":"https:\/\/archeol.sav.sk\/index.php\/wp-json\/wp\/v2\/pages\/1075"}],"wp:attachment":[{"href":"https:\/\/archeol.sav.sk\/index.php\/wp-json\/wp\/v2\/media?parent=2795"}],"curies":[{"name":"wp","href":"https:\/\/api.w.org\/{rel}","templated":true}]}}