{"id":2429,"date":"2017-01-24T21:14:07","date_gmt":"2017-01-24T19:14:07","guid":{"rendered":"http:\/\/archeol.sav.sk\/?page_id=2429"},"modified":"2017-01-24T21:22:17","modified_gmt":"2017-01-24T19:22:17","slug":"vyskumy-vcasnostredovekej-aglomeracie-bojna-v-roku-2016","status":"publish","type":"page","link":"https:\/\/archeol.sav.sk\/index.php\/sk\/vyskumy-vcasnostredovekej-aglomeracie-bojna-v-roku-2016\/","title":{"rendered":"V\u00fdskumy v\u010dasnostredovekej aglomer\u00e1cie Bojn\u00e1 v roku 2016"},"content":{"rendered":"<p><img decoding=\"async\" loading=\"lazy\" class=\"size-medium wp-image-2431 alignright\" src=\"http:\/\/archeol.sav.sk\/files\/Obr.-1--300x225.jpg\" alt=\"obr-1\" width=\"300\" height=\"225\" srcset=\"https:\/\/archeol.sav.sk\/files\/Obr.-1--300x225.jpg 300w, https:\/\/archeol.sav.sk\/files\/Obr.-1--768x576.jpg 768w, https:\/\/archeol.sav.sk\/files\/Obr.-1--1024x768.jpg 1024w\" sizes=\"(max-width: 300px) 100vw, 300px\" \/>V\u00a0roku 2016 v r\u00e1mci projektu pokra\u010dovali pr\u00e1ce na lokalite \u00a0Bojn\u00e1 I, ktor\u00e9 prebiehali od 21.6. do 31.10. 2016. Na lokalite sa uskuto\u010dnila vstupn\u00e1 i\u00a0z\u00e1vere\u010dn\u00e1 medzin\u00e1rodn\u00e1 odborn\u00e1 komisia. Na ploche 9 v intravil\u00e1ne hradiska sa odkryli \u010fal\u0161ie s\u00fa\u010dasti s\u00eddliskovej \u0161trukt\u00fary hradiska v\u010d\u00edtane dvoch zemn\u00edc s\u00a0kamenn\u00fdmi pecami a\u00a0po\u010detn\u00fdmi n\u00e1lezmi v z\u00e1sype. V\u00a0z\u00e1sype zemnice v\u00a0sonde XLIV na z\u00e1padnom predhrad\u00ed sa okrem <strong>bohat\u00e9ho keramick\u00e9ho invent\u00e1ra <\/strong>na\u0161iel aj zdoben\u00fd \u017eelezn\u00fd strme\u0148. V\u00a0r\u00e1mci v\u00fdskumu monument\u00e1lneho obvodov\u00e9ho opevnenia sa\u00a0modelovo vybudovala rekon\u0161trukcia jednej komory z\u00e1padnej \u010dasti ve\u013ekomoravsk\u00e9ho valu s\u00a0vonkaj\u0161ou kamennou plentou. Rekon\u0161trukcia hradby bola podrobne dokumentovan\u00e1 (A. Arp\u00e1\u0161).<br \/>\nSk\u00famali a\u00a0pre potreby realiza\u010dn\u00e9ho projektu rekon\u0161trukcie sa geodeticky zamerali detaily ju\u017en\u00e9ho kr\u00eddla v\u00fdchodnej br\u00e1ny, kde sa zistil priebeh \u010dela hradby a\u00a0 priekopy. <strong>Obnovila sa trasa p\u00f4vodnej pr\u00edstupovej cesty do hradiska.<\/strong><br \/>\nNa hradisku Bojn\u00e1 III sa v\u00a0r\u00e1mci pamiatkovej obnovy upravil ter\u00e9n a op\u00e4tovne sa nav\u0155\u0161ili n\u00e1sypy moh\u00fdl 1 a\u00a02. V\u00a0roku 2016 bolo\u00a0sk\u00faman\u00e9 novo objaven\u00e9 hradisko Bojn\u00e1 V (Bojn\u00e1-Nov\u00e1 Lehota), s\u00a0dolo\u017een\u00fdm os\u00eddlen\u00edm zo star\u0161ej a neskorej\u00a0doby bronzovej, strednej doby lat\u00e9nskej a\u00a0v\u010dasn\u00e9ho stredoveku.<\/p>\n<p><img decoding=\"async\" loading=\"lazy\" class=\"size-medium wp-image-2433 alignleft\" src=\"http:\/\/archeol.sav.sk\/files\/Obr.-3--300x212.jpg\" alt=\"obr-3\" width=\"300\" height=\"212\" srcset=\"https:\/\/archeol.sav.sk\/files\/Obr.-3--300x212.jpg 300w, https:\/\/archeol.sav.sk\/files\/Obr.-3--768x543.jpg 768w, https:\/\/archeol.sav.sk\/files\/Obr.-3--1024x724.jpg 1024w\" sizes=\"(max-width: 300px) 100vw, 300px\" \/>Vy\u0161la d\u00f4le\u017eit\u00e1 <strong>kolekt\u00edvna monografia<\/strong>, venovan\u00e1 problematike v\u010dasnostredovek\u00fdch mocensk\u00fdch centier, ktorej kapitoly a\u00a0pr\u00edspevky vznikli s\u010dasti s\u00a0podporou projektu APVV-0553-10 a\u00a0jedna \u0161t\u00fadia \u00a0s\u00a0podporou \u00a0projektu APVV-14-0842 (<em>K. Pieta et al.: Bojn\u00e1 2. Nov\u00e9 v\u00fdsledky v\u00fdskumov v\u010dasnostredovek\u00fdch hrad\u00edsk. Nitra 2015 <\/em>&#8211; vy\u0161la v lete 2016). V\u00fdznamn\u00fd podiel na aktivit\u00e1ch \u010dlenov kolekt\u00edvu mali aj z\u00e1kladn\u00e9 dokumenta\u010dn\u00e9 pr\u00e1ce (v\u00fdskumn\u00e9 spr\u00e1vy, hl\u00e1senia, spracov\u00e1vanie materi\u00e1lu). Ter\u00e9nne \u00fapravy a\u00a0rekon\u0161trukcie na hradisku Bojn\u00e1 I \u2013 Valy okrem ich experiment\u00e1lnej odbornej hodnoty sl\u00fa\u017eia\u00a0 spolu s\u00a0miestnym M\u00fazeom Ve\u013ekej Moravy na prezent\u00e1ciu lokality pre n\u00e1v\u0161tevn\u00edkov.<\/p>\n<p>Na hradisku Valy sa v\u00a0spolupr\u00e1ci s\u00a0Obcou Bojn\u00e1 uskuto\u010dnil \u00faspe\u0161n\u00fd <strong>\u0161tvrt\u00fd ro\u010dn\u00edk Cyrilo-metodsk\u00fdch sl\u00e1vnost\u00ed<\/strong> za hojnej \u00fa\u010dasti verejnosti. V\u00fdsledky v\u00fdskumov na Bojnej boli prezentovan\u00e9 na III. D\u0148och slovanskej kult\u00fary v Uherskom Hradi\u0161ti a\u00a0Modrej a\u00a0na medzin\u00e1rodnom kult\u00farnom podujat\u00ed Evropsk\u00e1 kulturn\u00ed stezka sv. Cyrila a\u00a0Metod\u011bje, konanom v\u00a0Nitre.<\/p>\n<p>&nbsp;<\/p>\n<p>Karol Pieta &#8211; Miriam Jakub\u010dinov\u00e1<\/p>\n<p>&nbsp;<\/p>\n<p><img decoding=\"async\" loading=\"lazy\" class=\"alignnone size-medium wp-image-2438\" src=\"http:\/\/archeol.sav.sk\/files\/Obr.-8--300x225.jpg\" alt=\"obr-8\" width=\"300\" height=\"225\" srcset=\"https:\/\/archeol.sav.sk\/files\/Obr.-8--300x225.jpg 300w, https:\/\/archeol.sav.sk\/files\/Obr.-8--768x576.jpg 768w, https:\/\/archeol.sav.sk\/files\/Obr.-8--1024x768.jpg 1024w\" sizes=\"(max-width: 300px) 100vw, 300px\" \/> <img decoding=\"async\" loading=\"lazy\" class=\"alignnone size-medium wp-image-2437\" src=\"http:\/\/archeol.sav.sk\/files\/Obr.-7--300x225.jpg\" alt=\"obr-7\" width=\"300\" height=\"225\" srcset=\"https:\/\/archeol.sav.sk\/files\/Obr.-7--300x225.jpg 300w, https:\/\/archeol.sav.sk\/files\/Obr.-7--768x576.jpg 768w, https:\/\/archeol.sav.sk\/files\/Obr.-7--1024x768.jpg 1024w\" sizes=\"(max-width: 300px) 100vw, 300px\" \/> <img decoding=\"async\" loading=\"lazy\" class=\"alignnone size-medium wp-image-2436\" src=\"http:\/\/archeol.sav.sk\/files\/Obr.-6--300x225.jpg\" alt=\"obr-6\" width=\"300\" height=\"225\" srcset=\"https:\/\/archeol.sav.sk\/files\/Obr.-6--300x225.jpg 300w, https:\/\/archeol.sav.sk\/files\/Obr.-6--768x576.jpg 768w, https:\/\/archeol.sav.sk\/files\/Obr.-6--1024x768.jpg 1024w\" sizes=\"(max-width: 300px) 100vw, 300px\" \/> <img decoding=\"async\" loading=\"lazy\" class=\"alignnone size-medium wp-image-2435\" src=\"http:\/\/archeol.sav.sk\/files\/Obr.-5--300x225.jpg\" alt=\"obr-5\" width=\"300\" height=\"225\" srcset=\"https:\/\/archeol.sav.sk\/files\/Obr.-5--300x225.jpg 300w, https:\/\/archeol.sav.sk\/files\/Obr.-5--768x576.jpg 768w, https:\/\/archeol.sav.sk\/files\/Obr.-5--1024x768.jpg 1024w\" sizes=\"(max-width: 300px) 100vw, 300px\" \/> <img decoding=\"async\" loading=\"lazy\" class=\"alignnone size-medium wp-image-2434\" src=\"http:\/\/archeol.sav.sk\/files\/Obr.-4--300x225.jpg\" alt=\"obr-4\" width=\"300\" height=\"225\" srcset=\"https:\/\/archeol.sav.sk\/files\/Obr.-4--300x225.jpg 300w, https:\/\/archeol.sav.sk\/files\/Obr.-4--768x576.jpg 768w, https:\/\/archeol.sav.sk\/files\/Obr.-4--1024x768.jpg 1024w\" sizes=\"(max-width: 300px) 100vw, 300px\" \/>\u00a0<img decoding=\"async\" loading=\"lazy\" class=\"alignnone size-medium wp-image-2443\" src=\"http:\/\/archeol.sav.sk\/files\/Obr.-10-1-1-300x225.jpg\" alt=\"obr-10\" width=\"300\" height=\"225\" srcset=\"https:\/\/archeol.sav.sk\/files\/Obr.-10-1-1-300x225.jpg 300w, https:\/\/archeol.sav.sk\/files\/Obr.-10-1-1-768x576.jpg 768w, https:\/\/archeol.sav.sk\/files\/Obr.-10-1-1-1024x768.jpg 1024w\" sizes=\"(max-width: 300px) 100vw, 300px\" \/> <img decoding=\"async\" loading=\"lazy\" class=\"alignnone size-medium wp-image-2444\" src=\"http:\/\/archeol.sav.sk\/files\/Obr.-11-1-1-300x225.jpg\" alt=\"obr-11\" width=\"300\" height=\"225\" srcset=\"https:\/\/archeol.sav.sk\/files\/Obr.-11-1-1-300x225.jpg 300w, https:\/\/archeol.sav.sk\/files\/Obr.-11-1-1-768x576.jpg 768w, https:\/\/archeol.sav.sk\/files\/Obr.-11-1-1-1024x768.jpg 1024w\" sizes=\"(max-width: 300px) 100vw, 300px\" \/> <img decoding=\"async\" loading=\"lazy\" class=\"alignnone size-medium wp-image-2445\" src=\"http:\/\/archeol.sav.sk\/files\/Obr.-12-1-1-300x225.jpg\" alt=\"obr-12\" width=\"300\" height=\"225\" srcset=\"https:\/\/archeol.sav.sk\/files\/Obr.-12-1-1-300x225.jpg 300w, https:\/\/archeol.sav.sk\/files\/Obr.-12-1-1-768x576.jpg 768w, https:\/\/archeol.sav.sk\/files\/Obr.-12-1-1-1024x768.jpg 1024w\" sizes=\"(max-width: 300px) 100vw, 300px\" \/><\/p>\n","protected":false},"excerpt":{"rendered":"<p>V\u00a0roku 2016 v r\u00e1mci projektu pokra\u010dovali pr\u00e1ce na lokalite \u00a0Bojn\u00e1 I, ktor\u00e9 prebiehali od 21.6. do 31.10. 2016. Na lokalite sa uskuto\u010dnila vstupn\u00e1 i\u00a0z\u00e1vere\u010dn\u00e1 medzin\u00e1rodn\u00e1 odborn\u00e1 komisia. Na ploche 9 v intravil\u00e1ne hradiska sa odkryli \u010fal\u0161ie s\u00fa\u010dasti s\u00eddliskovej \u0161trukt\u00fary hradiska v\u010d\u00edtane dvoch zemn\u00edc s\u00a0kamenn\u00fdmi pecami a\u00a0po\u010detn\u00fdmi n\u00e1lezmi v z\u00e1sype. V\u00a0z\u00e1sype zemnice v\u00a0sonde XLIV na z\u00e1padnom &#8230; <a class=\"read-more\" href=\"https:\/\/archeol.sav.sk\/index.php\/sk\/vyskumy-vcasnostredovekej-aglomeracie-bojna-v-roku-2016\/\">\u010c\u00edtajte viac<\/a><\/p>\n","protected":false},"author":2,"featured_media":0,"parent":0,"menu_order":0,"comment_status":"closed","ping_status":"closed","template":"","meta":[],"_links":{"self":[{"href":"https:\/\/archeol.sav.sk\/index.php\/wp-json\/wp\/v2\/pages\/2429"}],"collection":[{"href":"https:\/\/archeol.sav.sk\/index.php\/wp-json\/wp\/v2\/pages"}],"about":[{"href":"https:\/\/archeol.sav.sk\/index.php\/wp-json\/wp\/v2\/types\/page"}],"author":[{"embeddable":true,"href":"https:\/\/archeol.sav.sk\/index.php\/wp-json\/wp\/v2\/users\/2"}],"replies":[{"embeddable":true,"href":"https:\/\/archeol.sav.sk\/index.php\/wp-json\/wp\/v2\/comments?post=2429"}],"version-history":[{"count":3,"href":"https:\/\/archeol.sav.sk\/index.php\/wp-json\/wp\/v2\/pages\/2429\/revisions"}],"predecessor-version":[{"id":2449,"href":"https:\/\/archeol.sav.sk\/index.php\/wp-json\/wp\/v2\/pages\/2429\/revisions\/2449"}],"wp:attachment":[{"href":"https:\/\/archeol.sav.sk\/index.php\/wp-json\/wp\/v2\/media?parent=2429"}],"curies":[{"name":"wp","href":"https:\/\/api.w.org\/{rel}","templated":true}]}}