{"id":2329,"date":"2017-01-12T11:49:09","date_gmt":"2017-01-12T09:49:09","guid":{"rendered":"http:\/\/archeol.sav.sk\/?page_id=2329"},"modified":"2019-03-07T11:16:03","modified_gmt":"2019-03-07T09:16:03","slug":"divinka-3","status":"publish","type":"page","link":"https:\/\/archeol.sav.sk\/index.php\/en\/divinka-3\/","title":{"rendered":"Divinka, locality Ve\u013ek\u00fd vrch"},"content":{"rendered":"<p><strong>Research team:<\/strong> PhDr. Gabriel Fusek, CSc., Mgr. Michal Hole\u0161\u010d\u00e1k, Mgr. Andrea Slan\u00e1, PhD., Mgr. Zuzana Stanekov\u00e1<\/p>\n<p><strong>Year of excavation: <\/strong>2016<strong> \u2013 <\/strong>2018<\/p>\n<p><strong>Method of excavation: <\/strong>systematic, for scientific and documentation purposes<\/p>\n<p><strong>Type of locality: <\/strong>hillfort<\/p>\n<p><strong>Dating: <\/strong>young and late Bronze Age \u2013 Lusatian culture, young and late La T\u00e8ne period \u2013 P\u00fachov culture, Early Medieval Age \u2013 Great Moravian period, Modern Age \u2013 20<sup>th<\/sup> century<\/p>\n<div class=\"mceTemp\"><\/div>\n<figure id=\"attachment_2330\" aria-describedby=\"caption-attachment-2330\" style=\"width: 290px\" class=\"wp-caption alignright\"><a href=\"http:\/\/archeol.sav.sk\/files\/Obr-5-1.jpg\"><img decoding=\"async\" loading=\"lazy\" class=\"wp-image-2330 size-medium\" src=\"http:\/\/archeol.sav.sk\/files\/Obr-5-1-300x200.jpg\" alt=\"obr-5\" width=\"300\" height=\"200\" srcset=\"https:\/\/archeol.sav.sk\/files\/Obr-5-1-300x200.jpg 300w, https:\/\/archeol.sav.sk\/files\/Obr-5-1-768x512.jpg 768w, https:\/\/archeol.sav.sk\/files\/Obr-5-1-1024x683.jpg 1024w\" sizes=\"(max-width: 300px) 100vw, 300px\" \/><\/a><figcaption id=\"caption-attachment-2330\" class=\"wp-caption-text\">Excavations of the peak section of hillfort in year 2016<\/figcaption><\/figure>\n<p>Current archaeological research of hillfort Ve\u013ek\u00fd vrch in Divinka is made by Archaeological Institute of SAS in Nitra with cooperation with Museum of Pova\u017eie in \u017dilina since year 2013. From year 2016, locality is researched as part of a project APVV-15-0330.<\/p>\n<p>In year 2016, excavations were conducted on three places. First location is called Koleso, positioned on the steep slope in the suburbium. Here, stratification of layers containing big number of Lusatian pottery shards was researched. Second location, Ve\u013ek\u00e9 Sala\u0161ky, is situated on the access road from V\u00e1h valley. Here was excavated mound-like structure of earth and stone, which served as a foundation for turret or watchtower guarding the gate. <strong>Layers of destructed object<\/strong> overlay the road, which was carved in stone. Gate can be dated only by conducting the radiocarbon dating. Edge of the mound-like structure had been also damaged by a dugout shepherd shelter. Third locality was positioned in the peak section of the hillfort. Two ditches were made to research the rampart and its surroundings. Cultural layer contained vast number of pottery shards from different periods of settlement. Noticeable is the <strong>Great Moravian period<\/strong>, in which the iron artefacts can be dated.<\/p>\n<div class=\"mceTemp\"><\/div>\n<figure id=\"attachment_2331\" aria-describedby=\"caption-attachment-2331\" style=\"width: 290px\" class=\"wp-caption alignright\"><a href=\"http:\/\/archeol.sav.sk\/files\/Obr-3-1.jpg\"><img decoding=\"async\" loading=\"lazy\" class=\"wp-image-2331 size-medium\" src=\"http:\/\/archeol.sav.sk\/files\/Obr-3-1-300x199.jpg\" alt=\"obr-3\" width=\"300\" height=\"199\" srcset=\"https:\/\/archeol.sav.sk\/files\/Obr-3-1-300x199.jpg 300w, https:\/\/archeol.sav.sk\/files\/Obr-3-1-768x511.jpg 768w, https:\/\/archeol.sav.sk\/files\/Obr-3-1-1024x681.jpg 1024w\" sizes=\"(max-width: 300px) 100vw, 300px\" \/><\/a><figcaption id=\"caption-attachment-2331\" class=\"wp-caption-text\">Ortho-photo map of hillfort Ve\u013ek\u00fd vrch, with marked ramparts, springs and location names<\/figcaption><\/figure>\n<p>Terrain excavations of the hillfort in 2017 continued the previous research. At part Ve\u013ek\u00e9 Sala\u0161ky continued the unearthing of the layers covering the original entry path. Results of the radiocarbon dating of the collected samples of the burnt wood were analysed. They showed that the gate with adjacent fortification structure were built in the 9<sup>th<\/sup> century. This dating was proven also by a find of iron arrowhead laying on the level of the former path. Essential result of the research of the rampart in the peak area of the hillfort was the discovery of two different phases of the wall construction. According to the analysis of the coals found in the construction of the older phase, it was initially built by the people of Lusatian Culture during the Late Bronze Age. Arrowhead found on the top of its destruction layer shows that the second phase was built during the Great Moravian Period. In the ditches around the rampart were uncovered settlement objects from both of these chronological periods. In the upper settlement layers were found also ceramic shards belonging to the P\u00fachov Culture. From the settlement objects, most interesting was found of the stone foundation of the building from the Great Moravian Period, with <strong>small stone mill<\/strong> intact in its\u00b4 interior.<\/p>\n<figure id=\"attachment_3130\" aria-describedby=\"caption-attachment-3130\" style=\"width: 290px\" class=\"wp-caption alignright\"><a href=\"http:\/\/archeol.sav.sk\/files\/Obr-7-1.jpg\"><img decoding=\"async\" loading=\"lazy\" class=\"wp-image-3130 size-medium\" src=\"http:\/\/archeol.sav.sk\/files\/Obr-7-1-300x200.jpg\" alt=\"obr-7\" width=\"300\" height=\"200\" srcset=\"https:\/\/archeol.sav.sk\/files\/Obr-7-1-300x200.jpg 300w, https:\/\/archeol.sav.sk\/files\/Obr-7-1-768x512.jpg 768w, https:\/\/archeol.sav.sk\/files\/Obr-7-1-1024x682.jpg 1024w, https:\/\/archeol.sav.sk\/files\/Obr-7-1.jpg 1555w\" sizes=\"(max-width: 300px) 100vw, 300px\" \/><\/a><figcaption id=\"caption-attachment-3130\" class=\"wp-caption-text\">Stone mill found in the interior of the Great Moravian Period building<\/figcaption><\/figure>\n<p>Except the systematic excavations, a rescue excavations were concluded at the site of the future touristic watchtower at Mal\u00fd Vrch. Upper layer which lied right on the bedrock contained artefacts of the Lusatian Culture, P\u00fachov Culture and Great Moravian Period finds were only scarce. Also, a ditch through a terrain depression in the vicinity of the building site was concluded. It showed, that the depression is remain of German bunker from the World War II.<\/p>\n<p>In the year 2018 continued excavations of the object guarding the entry to the hillfort from the V\u00e1h valley. More remains of the gate and part of original road were unearthed. Set of samples sent for radiocarbon dating specified the dating of its building in the last phase of the Great Moravian Period. The find situation was partially disturbed in the half of the 20<sup>th<\/sup> century by a\u00a0shepards shelter.<\/p>\n<p>In the location Lovi\u0161ky, profile of the rampart was documented, but the object by itself wasn\u00b4t possible to date.<\/p>\n<p><a href=\"http:\/\/archeol.sav.sk\/files\/3D-2018-1.jpg\"><img decoding=\"async\" loading=\"lazy\" class=\"alignnone wp-image-4362 size-large\" src=\"http:\/\/archeol.sav.sk\/files\/3D-2018-1-1024x523.jpg\" alt=\"\" width=\"1024\" height=\"523\" srcset=\"https:\/\/archeol.sav.sk\/files\/3D-2018-1-1024x523.jpg 1024w, https:\/\/archeol.sav.sk\/files\/3D-2018-1-300x153.jpg 300w, https:\/\/archeol.sav.sk\/files\/3D-2018-1-768x392.jpg 768w, https:\/\/archeol.sav.sk\/files\/3D-2018-1.jpg 1961w\" sizes=\"(max-width: 1024px) 100vw, 1024px\" \/><\/a><\/p>\n<p>3D photogrammetry of the reamains of the Great Moravian Period gate.<\/p>\n","protected":false},"excerpt":{"rendered":"<p>Research team: PhDr. Gabriel Fusek, CSc., Mgr. Michal Hole\u0161\u010d\u00e1k, Mgr. Andrea Slan\u00e1, PhD., Mgr. Zuzana Stanekov\u00e1 Year of excavation: 2016 \u2013 2018 Method of excavation: systematic, for scientific and documentation purposes Type of locality: hillfort Dating: young and late Bronze Age \u2013 Lusatian culture, young and late La T\u00e8ne period \u2013 P\u00fachov culture, Early Medieval &#8230; <a class=\"read-more\" href=\"https:\/\/archeol.sav.sk\/index.php\/en\/divinka-3\/\">\u010c\u00edtajte viac<\/a><\/p>\n","protected":false},"author":2,"featured_media":0,"parent":0,"menu_order":0,"comment_status":"closed","ping_status":"closed","template":"","meta":[],"_links":{"self":[{"href":"https:\/\/archeol.sav.sk\/index.php\/wp-json\/wp\/v2\/pages\/2329"}],"collection":[{"href":"https:\/\/archeol.sav.sk\/index.php\/wp-json\/wp\/v2\/pages"}],"about":[{"href":"https:\/\/archeol.sav.sk\/index.php\/wp-json\/wp\/v2\/types\/page"}],"author":[{"embeddable":true,"href":"https:\/\/archeol.sav.sk\/index.php\/wp-json\/wp\/v2\/users\/2"}],"replies":[{"embeddable":true,"href":"https:\/\/archeol.sav.sk\/index.php\/wp-json\/wp\/v2\/comments?post=2329"}],"version-history":[{"count":9,"href":"https:\/\/archeol.sav.sk\/index.php\/wp-json\/wp\/v2\/pages\/2329\/revisions"}],"predecessor-version":[{"id":4365,"href":"https:\/\/archeol.sav.sk\/index.php\/wp-json\/wp\/v2\/pages\/2329\/revisions\/4365"}],"wp:attachment":[{"href":"https:\/\/archeol.sav.sk\/index.php\/wp-json\/wp\/v2\/media?parent=2329"}],"curies":[{"name":"wp","href":"https:\/\/api.w.org\/{rel}","templated":true}]}}