{"id":2308,"date":"2017-01-06T10:52:45","date_gmt":"2017-01-06T08:52:45","guid":{"rendered":"http:\/\/archeol.sav.sk\/?page_id=2308"},"modified":"2019-03-06T15:56:51","modified_gmt":"2019-03-06T13:56:51","slug":"divinka-2","status":"publish","type":"page","link":"https:\/\/archeol.sav.sk\/index.php\/sk\/divinka-2\/","title":{"rendered":"Divinka, poloha Ve\u013ek\u00fd vrch"},"content":{"rendered":"<p><strong>V\u00fdskumn\u00fd t\u00edm:<\/strong> PhDr. Gabriel Fusek, CSc., Mgr. Michal Hole\u0161\u010d\u00e1k, Mgr. Andrea Slan\u00e1, PhD., Mgr. Zuzana Stanekov\u00e1<\/p>\n<p><strong>Rok v\u00fdskumu:<\/strong> 2016 \u2013 2018<\/p>\n<p><strong>Druh v\u00fdskumu:<\/strong> systematick\u00fd, pre vedeck\u00e9 a dokumenta\u010dn\u00e9 \u00fa\u010dely<\/p>\n<p><strong>Druh n\u00e1leziska:<\/strong> v\u00fd\u0161inn\u00e9 hradisko<\/p>\n<p><strong>Datovanie:<\/strong> doba bronzov\u00e1 mlad\u0161ia a\u00a0neskor\u00e1 \u2013 lu\u017eick\u00e1 kult\u00fara, doba lat\u00e9nska mlad\u00e1 a\u00a0neskor\u00e1 \u2013 p\u00fachovsk\u00e1 kult\u00fara, v\u010dasn\u00fd stredovek \u2013 ve\u013ekomoravsk\u00e9 obdobia, novovek \u2013 20. storo\u010die<\/p>\n<div class=\"mceTemp\"><\/div>\n<figure id=\"attachment_3114\" aria-describedby=\"caption-attachment-3114\" style=\"width: 290px\" class=\"wp-caption alignright\"><a href=\"http:\/\/archeol.sav.sk\/files\/Obr-5-2.jpg\"><img decoding=\"async\" loading=\"lazy\" class=\"wp-image-3114 size-medium\" src=\"http:\/\/archeol.sav.sk\/files\/Obr-5-2-300x200.jpg\" alt=\"obr-5\" width=\"300\" height=\"200\" srcset=\"https:\/\/archeol.sav.sk\/files\/Obr-5-2-300x200.jpg 300w, https:\/\/archeol.sav.sk\/files\/Obr-5-2-768x512.jpg 768w, https:\/\/archeol.sav.sk\/files\/Obr-5-2-1024x683.jpg 1024w, https:\/\/archeol.sav.sk\/files\/Obr-5-2.jpg 1659w\" sizes=\"(max-width: 300px) 100vw, 300px\" \/><\/a><figcaption id=\"caption-attachment-3114\" class=\"wp-caption-text\">Vykop\u00e1vky vo vrcholovej \u010dasti hradiska v roku 2016<\/figcaption><\/figure>\n<p>S\u00fa\u010dasn\u00fd systematick\u00fd archeologick\u00fd v\u00fdskum hradiska Ve\u013ek\u00fd vrch v\u00a0Divinke uskuto\u010d\u0148uje Archeologick\u00fd \u00fastav SAV Nitra v\u00a0spolupr\u00e1ci s\u00a0Pova\u017esk\u00fdm m\u00fazeom v\u00a0\u017diline od roku 2013. Od roku 2016 sa n\u00e1lezisko sk\u00fama a\u00a0vyhodnocuje v\u00a0r\u00e1mci projektu APVV-15-0330.<\/p>\n<p>V\u00a0roku 2016 sa vykop\u00e1vky uskuto\u010dnili na troch miestach. V\u00a0polohe Koleso v\u00a0podhrad\u00ed sa sondou v\u00a0prudkom svahu sk\u00famalo ulo\u017eenie vrstiev s\u00a0mno\u017estvom \u010drepov lu\u017eickej kult\u00fary. Na pr\u00edstupovej ceste z\u00a0\u00fadolia V\u00e1hu sa v\u00a0mieste zvanom Ve\u013ek\u00e9 Sala\u0161ky nach\u00e1dza ku\u017ee\u013eovit\u00fd hlinito-kamenn\u00fd n\u00e1syp, z\u00e1klad\u0148a zaniknutej ve\u017ee chr\u00e1niacej vstupn\u00fa br\u00e1nu do are\u00e1lu. Odkryli sa <strong>z\u00e1nikov\u00e9 vrstvy<\/strong> objektu, ktor\u00fdmi je zasypan\u00e1 cesta vytesan\u00e1 do skaly. Br\u00e1nu bude mo\u017en\u00e9 datova\u0165 po vyhodnoten\u00ed v\u00fdsledkov r\u00e1diouhl\u00edkov\u00fdch anal\u00fdz. Okraj mohyly bol v\u00a0minulosti naru\u0161en\u00fd aj zah\u013aben\u00fdm novovek\u00fdm pastierskym pr\u00edstre\u0161kom. Vo vrcholovej \u010dasti hradiska sa dvomi sondami za\u010dala sk\u00fama\u0165 os\u00eddlen\u00e1 plocha priliehaj\u00faca k\u00a0valu, ako aj val samotn\u00fd. Kult\u00farna vrstva obsahovala mno\u017estvo \u010drepov zo v\u0161etk\u00fdch troch f\u00e1z os\u00eddlenia. V\u00fdrazn\u00fd je predov\u0161etk\u00fdm n\u00e1lezov\u00fd horizont <strong>z\u00a0ve\u013ekomoravsk\u00e9ho obdobia<\/strong>, z\u00a0ktor\u00e9ho poch\u00e1dzaj\u00fa aj kovov\u00e9 predmety.<\/p>\n<div class=\"mceTemp\"><\/div>\n<figure id=\"attachment_3112\" aria-describedby=\"caption-attachment-3112\" style=\"width: 290px\" class=\"wp-caption alignright\"><a href=\"http:\/\/archeol.sav.sk\/files\/Obr-3-2.jpg\"><img decoding=\"async\" loading=\"lazy\" class=\"wp-image-3112 size-medium\" src=\"http:\/\/archeol.sav.sk\/files\/Obr-3-2-300x199.jpg\" alt=\"obr-3\" width=\"300\" height=\"199\" srcset=\"https:\/\/archeol.sav.sk\/files\/Obr-3-2-300x199.jpg 300w, https:\/\/archeol.sav.sk\/files\/Obr-3-2-768x510.jpg 768w, https:\/\/archeol.sav.sk\/files\/Obr-3-2-1024x681.jpg 1024w, https:\/\/archeol.sav.sk\/files\/Obr-3-2.jpg 1667w\" sizes=\"(max-width: 300px) 100vw, 300px\" \/><\/a><figcaption id=\"caption-attachment-3112\" class=\"wp-caption-text\">Ortofotomapa hradiska na Ve\u013ekom vrchu s vyzna\u010den\u00fdmi valmi, prame\u0148mi a n\u00e1zvami pol\u00f4h<\/figcaption><\/figure>\n<p>V\u00a0roku 2017 sa nadviazalo na v\u00fdskumn\u00e9 pr\u00e1ce z\u00a0prech\u00e1dzaj\u00faceho obdobia. V polohe Ve\u013ek\u00e9 Sala\u0161ky sa pokra\u010dovalo v odkr\u00fdvan\u00ed <strong>z\u00e1nikov\u00fdch vrstiev <\/strong>prekr\u00fdvaj\u00facich p\u00f4vodn\u00fa pr\u00edstupov\u00fa cestu. Vyhodnotili sa v\u00fdsledky r\u00e1diouhl\u00edkov\u00fdch anal\u00fdz odobrat\u00fdch vzoriek zuho\u013enaten\u00e9ho dreva, z\u00a0ktor\u00fdch vypl\u00fdva, \u017ee br\u00e1nu s\u00a0pri\u013eahl\u00fdm pevnostn\u00fdm objektom vybudovali v\u00a09. storo\u010d\u00ed. Toto datovanie podporil aj n\u00e1lez \u017eelezn\u00e9ho hrotu \u0161\u00edpa tesne nad povrchom cesty. Z\u00e1sadn\u00fdm pr\u00ednosom v\u00fdskumu valu vo vrcholovej \u010dasti hradiska je poznatok o\u00a0dvoch f\u00e1zach jeho v\u00fdstavby. Pod\u013ea anal\u00fdzy uhl\u00edkov z\u00a0kon\u0161trukcie star\u0161ieho z\u00a0valov ho postavili tvorcovia lu\u017eickej kult\u00fary v\u00a0neskorej dobe bronzovej. N\u00e1lez hrotu \u0161\u00edpa na povrchu jeho de\u0161trukcie upozor\u0148uje, \u017ee nov\u00fd val na jeho zvy\u0161koch vybudovali vo ve\u013ekomoravskom obdob\u00ed. V\u00a0sond\u00e1ch na pri\u013eahlom os\u00eddlenom priestore sa nach\u00e1dzali s\u00eddliskov\u00e9 objekty z\u00a0oboch uveden\u00fdch chronologick\u00fdch \u00fasekov. V\u00a0povrchov\u00fdch s\u00eddliskov\u00fdch vrstv\u00e1ch sa v\u00a0men\u0161ej miere vyskytovali aj \u010drepy keramiky p\u00fachovskej kult\u00fary. Zo s\u00eddliskov\u00fdch objektov p\u00fata pozornos\u0165 predov\u0161etk\u00fdm n\u00e1lez kamennej podmurovky ve\u013ekomoravskej stavby, v\u00a0ktorej interi\u00e9ri sa nach\u00e1dzal <strong>kamenn\u00fd mlyn\u010dek<\/strong>.<\/p>\n<figure id=\"attachment_3116\" aria-describedby=\"caption-attachment-3116\" style=\"width: 290px\" class=\"wp-caption alignright\"><a href=\"http:\/\/archeol.sav.sk\/files\/Obr-7.jpg\"><img decoding=\"async\" loading=\"lazy\" class=\"wp-image-3116 size-medium\" src=\"http:\/\/archeol.sav.sk\/files\/Obr-7-300x200.jpg\" alt=\"obr-7\" width=\"300\" height=\"200\" srcset=\"https:\/\/archeol.sav.sk\/files\/Obr-7-300x200.jpg 300w, https:\/\/archeol.sav.sk\/files\/Obr-7-768x512.jpg 768w, https:\/\/archeol.sav.sk\/files\/Obr-7-1024x682.jpg 1024w, https:\/\/archeol.sav.sk\/files\/Obr-7.jpg 1555w\" sizes=\"(max-width: 300px) 100vw, 300px\" \/><\/a><figcaption id=\"caption-attachment-3116\" class=\"wp-caption-text\">N\u00e1lez kamenn\u00e9ho mlyn\u010deka v interi\u00e9ri ve\u013ekomoravskej stavby<\/figcaption><\/figure>\n<p>Okrem systematick\u00e9ho v\u00fdskumu sa na mieste pl\u00e1novanej v\u00fdstavby turistickej rozh\u013eadne v\u00a0polohe Mal\u00fd vrch uskuto\u010dnil z\u00e1chrann\u00fd v\u00fdskum. Z\u00a0povrchovej vrstvy spo\u010d\u00edvaj\u00facej na skalnatom podlo\u017e\u00ed poch\u00e1dzaj\u00fa artefakty patriace lu\u017eickej kult\u00fare, \u010drepy p\u00fachovskej kult\u00fary a\u00a0z\u00a0ve\u013ekomoravsk\u00e9ho obdobia sa tu nach\u00e1dzali len v\u00fdnimo\u010dne. V\u00a0bl\u00edzkosti bud\u00facej rozh\u013eadne sa urobil aj rez ter\u00e9nnou depresiou, ktor\u00fdm sa zistilo, \u017ee ide o\u00a0pozostatok zasypan\u00e9ho bunkra nemeckej arm\u00e1dy z\u00a0druhej svetovej vojny.<\/p>\n<p>V\u00a0roku 2018 sa pokra\u010dovalo vo v\u00fdskume objektu chr\u00e1niaceho pr\u00edstup na hradisko z\u00a0Pova\u017eia. Odkryli sa \u010fal\u0161ie s\u00fa\u010dasti zvislej kon\u0161trukcie br\u00e1ny a\u00a0\u010das\u0165 p\u00f4vodnej cesty. \u010eal\u0161ia s\u00e9ria odobrat\u00fdch vzoriek na r\u00e1diouhl\u00edkov\u00fa anal\u00fdzu spresnila datovanie doby jej v\u00fdstavby do z\u00e1veru ve\u013ekomoravsk\u00e9ho obdobia. N\u00e1lezov\u00fa situ\u00e1ciu s\u010dasti poru\u0161ili v\u00a0prvej polovici 20. storo\u010dia, kedy sa tu nach\u00e1dzal pastiersky pr\u00edstre\u0161ok.<\/p>\n<p>V\u00a0polohe Lovi\u0161ky sme obna\u017eili a\u00a0zdokumentovali profil valu, nepodarilo sa ho v\u0161ak datova\u0165.<\/p>\n<p><a href=\"http:\/\/archeol.sav.sk\/files\/3D-2018.jpg\"><img decoding=\"async\" loading=\"lazy\" class=\"alignnone wp-image-4345 size-large\" src=\"http:\/\/archeol.sav.sk\/files\/3D-2018-1024x523.jpg\" alt=\"\" width=\"1024\" height=\"523\" srcset=\"https:\/\/archeol.sav.sk\/files\/3D-2018-1024x523.jpg 1024w, https:\/\/archeol.sav.sk\/files\/3D-2018-300x153.jpg 300w, https:\/\/archeol.sav.sk\/files\/3D-2018-768x392.jpg 768w, https:\/\/archeol.sav.sk\/files\/3D-2018.jpg 1961w\" sizes=\"(max-width: 1024px) 100vw, 1024px\" \/><\/a><\/p>\n<p>Trojdimenzion\u00e1lna fotogramertia \u010dasti zvy\u0161kov ve\u013ekomoravskej br\u00e1ny<\/p>\n<div class=\"mceTemp\"><\/div>\n","protected":false},"excerpt":{"rendered":"<p>V\u00fdskumn\u00fd t\u00edm: PhDr. Gabriel Fusek, CSc., Mgr. Michal Hole\u0161\u010d\u00e1k, Mgr. Andrea Slan\u00e1, PhD., Mgr. Zuzana Stanekov\u00e1 Rok v\u00fdskumu: 2016 \u2013 2018 Druh v\u00fdskumu: systematick\u00fd, pre vedeck\u00e9 a dokumenta\u010dn\u00e9 \u00fa\u010dely Druh n\u00e1leziska: v\u00fd\u0161inn\u00e9 hradisko Datovanie: doba bronzov\u00e1 mlad\u0161ia a\u00a0neskor\u00e1 \u2013 lu\u017eick\u00e1 kult\u00fara, doba lat\u00e9nska mlad\u00e1 a\u00a0neskor\u00e1 \u2013 p\u00fachovsk\u00e1 kult\u00fara, v\u010dasn\u00fd stredovek \u2013 ve\u013ekomoravsk\u00e9 obdobia, novovek \u2013 &#8230; <a class=\"read-more\" href=\"https:\/\/archeol.sav.sk\/index.php\/sk\/divinka-2\/\">\u010c\u00edtajte viac<\/a><\/p>\n","protected":false},"author":2,"featured_media":0,"parent":0,"menu_order":0,"comment_status":"closed","ping_status":"closed","template":"","meta":[],"_links":{"self":[{"href":"https:\/\/archeol.sav.sk\/index.php\/wp-json\/wp\/v2\/pages\/2308"}],"collection":[{"href":"https:\/\/archeol.sav.sk\/index.php\/wp-json\/wp\/v2\/pages"}],"about":[{"href":"https:\/\/archeol.sav.sk\/index.php\/wp-json\/wp\/v2\/types\/page"}],"author":[{"embeddable":true,"href":"https:\/\/archeol.sav.sk\/index.php\/wp-json\/wp\/v2\/users\/2"}],"replies":[{"embeddable":true,"href":"https:\/\/archeol.sav.sk\/index.php\/wp-json\/wp\/v2\/comments?post=2308"}],"version-history":[{"count":10,"href":"https:\/\/archeol.sav.sk\/index.php\/wp-json\/wp\/v2\/pages\/2308\/revisions"}],"predecessor-version":[{"id":4356,"href":"https:\/\/archeol.sav.sk\/index.php\/wp-json\/wp\/v2\/pages\/2308\/revisions\/4356"}],"wp:attachment":[{"href":"https:\/\/archeol.sav.sk\/index.php\/wp-json\/wp\/v2\/media?parent=2308"}],"curies":[{"name":"wp","href":"https:\/\/api.w.org\/{rel}","templated":true}]}}