{"id":2290,"date":"2016-12-30T11:37:32","date_gmt":"2016-12-30T09:37:32","guid":{"rendered":"http:\/\/archeol.sav.sk\/?page_id=2290"},"modified":"2019-03-07T13:49:53","modified_gmt":"2019-03-07T11:49:53","slug":"field-research-2016","status":"publish","type":"page","link":"https:\/\/archeol.sav.sk\/index.php\/en\/field-research-2016\/","title":{"rendered":"Field research 2016"},"content":{"rendered":"<p>The s<span class=\"short_text\" lang=\"en\"><span class=\"\">election of<\/span> <span class=\"\">field research<\/span> <span class=\"\">in 2016<\/span><\/span><\/p>\n<p><a href=\"http:\/\/archeol.sav.sk\/files\/BANKA-web.pdf\"><img decoding=\"async\" loading=\"lazy\" class=\"noprint alignnone\" src=\"http:\/\/archeol.sav.sk\/pics\/pdf_button.png\" alt=\"pdf\" width=\"16\" height=\"16\" align=\"left\" hspace=\"5\" vspace=\"0\"><\/a><\/p>\n<p><a href=\"http:\/\/archeol.sav.sk\/files\/BANKA-web.pdf\">Banka<\/a><\/p>\n<p><a href=\"http:\/\/archeol.sav.sk\/files\/Web_poster-BRATISLAVA.pdf\"><img decoding=\"async\" loading=\"lazy\" class=\"noprint alignnone\" src=\"http:\/\/archeol.sav.sk\/pics\/pdf_button.png\" alt=\"pdf\" width=\"16\" height=\"16\" align=\"left\" hspace=\"5\" vspace=\"0\"><\/a><a href=\"http:\/\/archeol.sav.sk\/files\/Web_poster-BRATISLAVA.pdf\">Bratislava, hrad<\/a><\/p>\n<p><a href=\"http:\/\/archeol.sav.sk\/files\/Bojna-Valy-2016.pdf\"><img decoding=\"async\" loading=\"lazy\" class=\"noprint alignnone\" src=\"http:\/\/archeol.sav.sk\/pics\/pdf_button.png\" alt=\"pdf\" width=\"16\" height=\"16\" align=\"left\" hspace=\"5\" vspace=\"0\"><\/a><\/p>\n<p><a href=\"http:\/\/archeol.sav.sk\/files\/Bojna-Valy-2016.pdf\">Bojn\u00e1 Valy<\/a><\/p>\n<p><a href=\"http:\/\/archeol.sav.sk\/files\/2016-A4-hrad_\u010cabra\u010f.pdf\"><img decoding=\"async\" loading=\"lazy\" class=\"noprint alignnone\" src=\"http:\/\/archeol.sav.sk\/pics\/pdf_button.png\" alt=\"pdf\" width=\"16\" height=\"16\" align=\"left\" hspace=\"5\" vspace=\"0\"><\/a><a href=\"http:\/\/archeol.sav.sk\/files\/2016-A4-hrad_\u010cabra\u010f.pdf\">\u010cabra\u010f<\/a><\/p>\n<p><img decoding=\"async\" class=\"noprint\" src=\"http:\/\/archeol.sav.sk\/pics\/pdf_button.png\" alt=\"pdf\" align=\"left\" hspace=\"5\" vspace=\"0\"><\/p>\n<p><a href=\"http:\/\/archeol.sav.sk\/files\/Divinka.pdf\">Divinka<\/a><\/p>\n<p><img decoding=\"async\" class=\"noprint\" src=\"http:\/\/archeol.sav.sk\/pics\/pdf_button.png\" alt=\"pdf\" align=\"left\" hspace=\"5\" vspace=\"0\"><a href=\"http:\/\/archeol.sav.sk\/files\/Divin-2016.pdf\">&nbsp;Div\u00edn<\/a><\/p>\n<p><a href=\"http:\/\/archeol.sav.sk\/files\/Hrad-G\u00fdme\u0161.pdf\"><img decoding=\"async\" class=\"noprint\" src=\"http:\/\/archeol.sav.sk\/pics\/pdf_button.png\" alt=\"pdf\" align=\"left\" hspace=\"5\" vspace=\"0\"><\/a><\/p>\n<p><a href=\"http:\/\/archeol.sav.sk\/files\/Hrad-G\u00fdme\u0161.pdf\">G\u00fdme\u0161<\/a><\/p>\n<p><a href=\"http:\/\/archeol.sav.sk\/files\/2016-A4-Jelsava_lyceum.pdf\"><img decoding=\"async\" loading=\"lazy\" class=\"noprint alignnone\" src=\"http:\/\/archeol.sav.sk\/pics\/pdf_button.png\" alt=\"pdf\" width=\"16\" height=\"16\" align=\"left\" hspace=\"5\" vspace=\"0\"><\/a><\/p>\n<p><a href=\"http:\/\/archeol.sav.sk\/files\/2016-A4-Jelsava_lyceum.pdf\">Jel\u0161ava<\/a><\/p>\n<p><a href=\"http:\/\/archeol.sav.sk\/files\/Ko\u0161ice-2016.pdf\"><img decoding=\"async\" loading=\"lazy\" class=\"noprint alignnone\" src=\"http:\/\/archeol.sav.sk\/pics\/pdf_button.png\" alt=\"pdf\" width=\"16\" height=\"16\" align=\"left\" hspace=\"5\" vspace=\"0\"><\/a><\/p>\n<p><a href=\"http:\/\/archeol.sav.sk\/files\/Ko\u0161ice-2016.pdf\">Ko\u0161ice<\/a><\/p>\n<p><a href=\"http:\/\/archeol.sav.sk\/files\/Kovarce-2016.pdf\"><img decoding=\"async\" class=\"noprint\" src=\"http:\/\/archeol.sav.sk\/pics\/pdf_button.png\" alt=\"pdf\" align=\"left\" hspace=\"5\" vspace=\"0\">&nbsp;Kovarce<\/a><\/p>\n<p><a href=\"http:\/\/archeol.sav.sk\/files\/Hrad-Lietava.pdf\"><img decoding=\"async\" class=\"noprint\" src=\"http:\/\/archeol.sav.sk\/pics\/pdf_button.png\" alt=\"pdf\" align=\"left\" hspace=\"5\" vspace=\"0\"><\/a><a href=\"http:\/\/archeol.sav.sk\/files\/Hrad-Lietava.pdf\">Lietava<\/a><\/p>\n<p><a href=\"http:\/\/archeol.sav.sk\/files\/2016-limnosilicity.pdf\"><img decoding=\"async\" class=\"noprint\" src=\"http:\/\/archeol.sav.sk\/pics\/pdf_button.png\" alt=\"pdf\" align=\"left\" hspace=\"5\" vspace=\"0\"><\/a><a href=\"http:\/\/archeol.sav.sk\/files\/2016-limnosilicity.pdf\">Lutila a Star\u00e1 Kremni\u010dka<\/a><\/p>\n<p><a href=\"http:\/\/archeol.sav.sk\/files\/2016-A4-hrad_Modry_Kame\u0148.pdf\"><img decoding=\"async\" loading=\"lazy\" class=\"noprint alignnone\" src=\"http:\/\/archeol.sav.sk\/pics\/pdf_button.png\" alt=\"pdf\" width=\"16\" height=\"16\" align=\"left\" hspace=\"5\" vspace=\"0\"><\/a><\/p>\n<p><a href=\"http:\/\/archeol.sav.sk\/files\/2016-A4-hrad_Modry_Kame\u0148.pdf\">Modr\u00fd Kame\u0148<\/a><\/p>\n<p><a href=\"http:\/\/archeol.sav.sk\/files\/Web_poster-Nitra-Priemyseln\u00e1-ulica.pdf\"><img decoding=\"async\" class=\"noprint\" src=\"http:\/\/archeol.sav.sk\/pics\/pdf_button.png\" alt=\"pdf\" align=\"left\" hspace=\"5\" vspace=\"0\"><\/a><a href=\"http:\/\/archeol.sav.sk\/files\/Web_poster-Nitra-Priemyseln\u00e1-ulica.pdf\">Nitra<\/a><\/p>\n<p><a href=\"http:\/\/archeol.sav.sk\/files\/Web_poster-Nov\u00e9-Z\u00e1mky.pdf\"><img decoding=\"async\" class=\"noprint\" src=\"http:\/\/archeol.sav.sk\/pics\/pdf_button.png\" alt=\"pdf\" align=\"left\" hspace=\"5\" vspace=\"0\"><\/a><a href=\"http:\/\/archeol.sav.sk\/files\/Web_poster-Nov\u00e9-Z\u00e1mky.pdf\">Nov\u00e9 Z\u00e1mky<\/a><\/p>\n<p><a href=\"http:\/\/archeol.sav.sk\/files\/2016-A4-Pusty_hrad_Dolny.pdf\"><img decoding=\"async\" loading=\"lazy\" class=\"noprint alignnone\" src=\"http:\/\/archeol.sav.sk\/pics\/pdf_button.png\" alt=\"pdf\" width=\"16\" height=\"16\" align=\"left\" hspace=\"5\" vspace=\"0\"><\/a><\/p>\n<p><a href=\"http:\/\/archeol.sav.sk\/files\/2016-A4-Pusty_hrad_Dolny.pdf\">Pust\u00fd hrad &#8211; Doln\u00fd<\/a><\/p>\n<p><a href=\"http:\/\/archeol.sav.sk\/files\/2016-A4-Pusty_hrad_Horny.pdf\"><img decoding=\"async\" loading=\"lazy\" class=\"noprint alignnone\" src=\"http:\/\/archeol.sav.sk\/pics\/pdf_button.png\" alt=\"pdf\" width=\"16\" height=\"16\" align=\"left\" hspace=\"5\" vspace=\"0\"><\/a><\/p>\n<p><a href=\"http:\/\/archeol.sav.sk\/files\/2016-A4-Pusty_hrad_Horny.pdf\">Pust\u00fd hrad &#8211; Horn\u00fd<\/a><\/p>\n<p><a href=\"http:\/\/archeol.sav.sk\/files\/Rimavska-Sobota-2016.pdf\"><img decoding=\"async\" loading=\"lazy\" class=\"noprint alignnone\" src=\"http:\/\/archeol.sav.sk\/pics\/pdf_button.png\" alt=\"pdf\" width=\"16\" height=\"16\" align=\"left\" hspace=\"5\" vspace=\"0\"><\/a><\/p>\n<p><a href=\"http:\/\/archeol.sav.sk\/files\/Rimavska-Sobota-2016.pdf\">Rimavsk\u00e1 Sobota<\/a><\/p>\n<p><a href=\"http:\/\/archeol.sav.sk\/files\/Web_poster-Rumanov\u00e1.pdf\"><img decoding=\"async\" class=\"noprint\" src=\"http:\/\/archeol.sav.sk\/pics\/pdf_button.png\" alt=\"pdf\" align=\"left\" hspace=\"5\" vspace=\"0\"><\/a><a href=\"http:\/\/archeol.sav.sk\/files\/Web_poster-Rumanov\u00e1.pdf\">Rumanov\u00e1<\/a><\/p>\n<p><a href=\"http:\/\/archeol.sav.sk\/files\/Rybn\u00edk-2016_B\u00e1tora-T\u00f3th_WEB.pdf\"><img decoding=\"async\" class=\"noprint\" src=\"http:\/\/archeol.sav.sk\/pics\/pdf_button.png\" alt=\"pdf\" align=\"left\" hspace=\"5\" vspace=\"0\"><\/a><a href=\"http:\/\/archeol.sav.sk\/files\/Rybn\u00edk-2016_B\u00e1tora-T\u00f3th_WEB.pdf\">Rybn\u00edk<\/a><\/p>\n<p><a href=\"http:\/\/archeol.sav.sk\/files\/Ma\u0148a-2015.pdf\"><img decoding=\"async\" class=\"noprint\" src=\"http:\/\/archeol.sav.sk\/pics\/pdf_button.png\" alt=\"pdf\" align=\"left\" hspace=\"5\" vspace=\"0\">&nbsp;Ve\u013ek\u00e1 Ma\u0148a<\/a><\/p>\n<p><a href=\"http:\/\/archeol.sav.sk\/files\/Vr\u00e1ble_B\u00e1tora_2016_WEB_A\u00da.pdf\"><img decoding=\"async\" class=\"noprint\" src=\"http:\/\/archeol.sav.sk\/pics\/pdf_button.png\" alt=\"pdf\" align=\"left\" hspace=\"5\" vspace=\"0\"><\/a><a href=\"http:\/\/archeol.sav.sk\/files\/Vr\u00e1ble_B\u00e1tora_2016_WEB_A\u00da.pdf\">Vr\u00e1ble<\/a><\/p>\n<p><a href=\"http:\/\/archeol.sav.sk\/files\/Sedmerovec_Podjamie-2016.pdf\"><img decoding=\"async\" loading=\"lazy\" class=\"noprint alignnone\" src=\"http:\/\/archeol.sav.sk\/pics\/pdf_button.png\" alt=\"pdf\" width=\"16\" height=\"16\" align=\"left\" hspace=\"5\" vspace=\"0\"><\/a><a href=\"http:\/\/archeol.sav.sk\/files\/Sedmerovec_Podjamie-2016.pdf\">Sedmerovec-Podjamie<\/a><\/p>\n<p><a href=\"http:\/\/archeol.sav.sk\/files\/Sasovske-Podhradie.pdf\"><img decoding=\"async\" loading=\"lazy\" class=\"noprint alignnone\" src=\"http:\/\/archeol.sav.sk\/pics\/pdf_button.png\" alt=\"pdf\" width=\"16\" height=\"16\" align=\"left\" hspace=\"5\" vspace=\"0\"><\/a><\/p>\n<p><a href=\"http:\/\/archeol.sav.sk\/files\/Sasovske-Podhradie.pdf\">\u0160\u00e1\u0161ovsk\u00e9 Podhradie<\/a><\/p>\n<p><a href=\"http:\/\/archeol.sav.sk\/files\/Trstena-cast-Ustie-nad-Priehradou-2016.pdf\"><img decoding=\"async\" class=\"noprint\" src=\"http:\/\/archeol.sav.sk\/pics\/pdf_button.png\" alt=\"pdf\" align=\"left\" hspace=\"5\" vspace=\"0\">&nbsp;Trsten\u00e1<\/a><\/p>\n<p><a href=\"http:\/\/archeol.sav.sk\/files\/Z\u00e1horie_web.pdf\"><img decoding=\"async\" class=\"noprint\" src=\"http:\/\/archeol.sav.sk\/pics\/pdf_button.png\" alt=\"pdf\" align=\"left\" hspace=\"5\" vspace=\"0\"><\/a><a href=\"http:\/\/archeol.sav.sk\/files\/Z\u00e1horie_web.pdf\">Z\u00e1horie<\/a><\/p>\n<p><a href=\"http:\/\/archeol.sav.sk\/files\/Zobor_2016.pdf\"><img decoding=\"async\" loading=\"lazy\" class=\"noprint alignnone\" src=\"http:\/\/archeol.sav.sk\/pics\/pdf_button.png\" alt=\"pdf\" width=\"16\" height=\"16\" align=\"left\" hspace=\"5\" vspace=\"0\"><\/a><a href=\"http:\/\/archeol.sav.sk\/files\/Zobor_2016.pdf\">Zobor<\/a><\/p>\n<p><a href=\"http:\/\/archeol.sav.sk\/files\/SAV-poster-A4-na-web-pdf-haputka.pdf\"><img decoding=\"async\" loading=\"lazy\" class=\"noprint alignnone\" src=\"http:\/\/archeol.sav.sk\/pics\/pdf_button.png\" alt=\"pdf\" width=\"16\" height=\"16\" align=\"left\" hspace=\"5\" vspace=\"0\">Zvolen &#8211; Haputka<\/a><\/p>\n<p><img decoding=\"async\" loading=\"lazy\" class=\"noprint alignnone\" src=\"http:\/\/archeol.sav.sk\/pics\/pdf_button.png\" alt=\"pdf\" width=\"16\" height=\"16\" align=\"left\" hspace=\"5\" vspace=\"0\"><a href=\"http:\/\/archeol.sav.sk\/files\/ODOVZDAT-REVISTE-2016-SAV-poster-na-web.pdf\">\u017darnovica-Revi\u0161\u0165sk\u00e9 Podz\u00e1m\u010die<\/a><\/p>\n<p><a href=\"http:\/\/archeol.sav.sk\/files\/R.Hreha_Zupcany-2016.pdf\">\u017dup\u010dany<\/a><a href=\"http:\/\/archeol.sav.sk\/files\/R.Hreha_Zupcany-2016.pdf\"><img decoding=\"async\" loading=\"lazy\" class=\"noprint alignnone\" src=\"http:\/\/archeol.sav.sk\/pics\/pdf_button.png\" alt=\"pdf\" width=\"16\" height=\"16\" align=\"left\" hspace=\"5\" vspace=\"0\"><\/a><\/p>\n","protected":false},"excerpt":{"rendered":"<p>The selection of field research in 2016 Banka Bratislava, hrad Bojn\u00e1 Valy \u010cabra\u010f Divinka &nbsp;Div\u00edn G\u00fdme\u0161 Jel\u0161ava Ko\u0161ice &nbsp;Kovarce Lietava Lutila a Star\u00e1 Kremni\u010dka Modr\u00fd Kame\u0148 Nitra Nov\u00e9 Z\u00e1mky Pust\u00fd hrad &#8211; Doln\u00fd Pust\u00fd hrad &#8211; Horn\u00fd Rimavsk\u00e1 Sobota Rumanov\u00e1 Rybn\u00edk &nbsp;Ve\u013ek\u00e1 Ma\u0148a Vr\u00e1ble Sedmerovec-Podjamie \u0160\u00e1\u0161ovsk\u00e9 Podhradie &nbsp;Trsten\u00e1 Z\u00e1horie Zobor Zvolen &#8211; Haputka \u017darnovica-Revi\u0161\u0165sk\u00e9 Podz\u00e1m\u010die &#8230; <a class=\"read-more\" href=\"https:\/\/archeol.sav.sk\/index.php\/en\/field-research-2016\/\">\u010c\u00edtajte viac<\/a><\/p>\n","protected":false},"author":2,"featured_media":0,"parent":0,"menu_order":0,"comment_status":"closed","ping_status":"closed","template":"","meta":[],"_links":{"self":[{"href":"https:\/\/archeol.sav.sk\/index.php\/wp-json\/wp\/v2\/pages\/2290"}],"collection":[{"href":"https:\/\/archeol.sav.sk\/index.php\/wp-json\/wp\/v2\/pages"}],"about":[{"href":"https:\/\/archeol.sav.sk\/index.php\/wp-json\/wp\/v2\/types\/page"}],"author":[{"embeddable":true,"href":"https:\/\/archeol.sav.sk\/index.php\/wp-json\/wp\/v2\/users\/2"}],"replies":[{"embeddable":true,"href":"https:\/\/archeol.sav.sk\/index.php\/wp-json\/wp\/v2\/comments?post=2290"}],"version-history":[{"count":10,"href":"https:\/\/archeol.sav.sk\/index.php\/wp-json\/wp\/v2\/pages\/2290\/revisions"}],"predecessor-version":[{"id":4394,"href":"https:\/\/archeol.sav.sk\/index.php\/wp-json\/wp\/v2\/pages\/2290\/revisions\/4394"}],"wp:attachment":[{"href":"https:\/\/archeol.sav.sk\/index.php\/wp-json\/wp\/v2\/media?parent=2290"}],"curies":[{"name":"wp","href":"https:\/\/api.w.org\/{rel}","templated":true}]}}