{"id":2221,"date":"2016-12-03T10:22:42","date_gmt":"2016-12-03T08:22:42","guid":{"rendered":"http:\/\/archeol.sav.sk\/?page_id=2221"},"modified":"2019-05-02T10:25:01","modified_gmt":"2019-05-02T08:25:01","slug":"konferencie-2","status":"publish","type":"page","link":"https:\/\/archeol.sav.sk\/index.php\/sk\/konferencie-2\/","title":{"rendered":"Konferencie"},"content":{"rendered":"<p><strong><a href=\"http:\/\/archeol.sav.sk\/index.php\/sk\/2016\/11\/22\/podvodna-archeologia\/\">Archeol\u00f3gia pod vodou<\/a><\/strong><\/p>\n<p class=\"entry-title\"><strong><a href=\"http:\/\/archeol.sav.sk\/index.php\/sk\/2018\/10\/18\/diversity-of-identities-in-prehistory-early-history-and-presence\/\">Diversity of Identities in Prehistory, Early History and Presence<\/a><\/strong><\/p>\n<p><strong><a href=\"http:\/\/archeol.sav.sk\/index.php\/sk\/2018\/11\/07\/uskutocni-sa-konferencia-o-osidleni-horskych-a-podhorskych-oblasti-na-zapadnom-slovensku\/\">Horsk\u00e9 a\u00a0podhorsk\u00e9 oblasti na z\u00e1padnom Slovensku (Aktu\u00e1lny stav v\u00fdskumu)<\/a><\/strong><\/p>\n<p class=\"entry-title\"><a href=\"http:\/\/archeol.sav.sk\/files\/Kelti2019_Program.pdf\"><strong>20. medzin\u00e1rodn\u00e1 konferencia Kelti<\/strong><\/a><\/p>\n","protected":false},"excerpt":{"rendered":"<p>Archeol\u00f3gia pod vodou Diversity of Identities in Prehistory, Early History and Presence Horsk\u00e9 a\u00a0podhorsk\u00e9 oblasti na z\u00e1padnom Slovensku (Aktu\u00e1lny stav v\u00fdskumu) 20. medzin\u00e1rodn\u00e1 konferencia Kelti<\/p>\n","protected":false},"author":2,"featured_media":0,"parent":0,"menu_order":0,"comment_status":"closed","ping_status":"closed","template":"","meta":[],"_links":{"self":[{"href":"https:\/\/archeol.sav.sk\/index.php\/wp-json\/wp\/v2\/pages\/2221"}],"collection":[{"href":"https:\/\/archeol.sav.sk\/index.php\/wp-json\/wp\/v2\/pages"}],"about":[{"href":"https:\/\/archeol.sav.sk\/index.php\/wp-json\/wp\/v2\/types\/page"}],"author":[{"embeddable":true,"href":"https:\/\/archeol.sav.sk\/index.php\/wp-json\/wp\/v2\/users\/2"}],"replies":[{"embeddable":true,"href":"https:\/\/archeol.sav.sk\/index.php\/wp-json\/wp\/v2\/comments?post=2221"}],"version-history":[{"count":5,"href":"https:\/\/archeol.sav.sk\/index.php\/wp-json\/wp\/v2\/pages\/2221\/revisions"}],"predecessor-version":[{"id":4580,"href":"https:\/\/archeol.sav.sk\/index.php\/wp-json\/wp\/v2\/pages\/2221\/revisions\/4580"}],"wp:attachment":[{"href":"https:\/\/archeol.sav.sk\/index.php\/wp-json\/wp\/v2\/media?parent=2221"}],"curies":[{"name":"wp","href":"https:\/\/api.w.org\/{rel}","templated":true}]}}