{"id":2016,"date":"2016-10-13T23:29:24","date_gmt":"2016-10-13T21:29:24","guid":{"rendered":"http:\/\/archeol.sav.sk\/?page_id=2016"},"modified":"2021-01-28T18:42:51","modified_gmt":"2021-01-28T16:42:51","slug":"human-and-landscape-in-kysuce-and-adjacent-povazie-region-in-middle-ages-and-beginning-of-modern-age","status":"publish","type":"page","link":"https:\/\/archeol.sav.sk\/index.php\/en\/human-and-landscape-in-kysuce-and-adjacent-povazie-region-in-middle-ages-and-beginning-of-modern-age\/","title":{"rendered":"Human and landscape in Kysuce and adjacent Pova\u017eie region in middle ages and beginning of modern age"},"content":{"rendered":"<p><strong>Principal investigator<\/strong><strong>:<\/strong>\u00a0 PhDr. Gabriel Fusek, CSc.<\/p>\n<p><strong>Investigators:<\/strong> PhDr. Peter Bedn\u00e1r, CSc., Mgr. Marek Vojte\u010dek, PhD., Mgr. Michal Hole\u0161\u010d\u00e1k, PhD., Mgr. Peter Debn\u00e1r<\/p>\n<p><strong>Project duration<\/strong><strong>:<\/strong> 1. 7. 2016 \u2013 30. 6. 2020<\/p>\n<p><strong>Registration number:<\/strong> APVV-15-0330<\/p>\n<p><strong>Coordinator:<\/strong> Archaeological Institute SAS<\/p>\n<p><strong>Key words:<\/strong>\u00a0Northwestern Slovakia, middle ages, early modern age, mountaneous region, landscape archaeology<\/p>\n<p><strong>Project objectives <\/strong><\/p>\n<figure id=\"attachment_2304\" aria-describedby=\"caption-attachment-2304\" style=\"width: 290px\" class=\"wp-caption alignright\"><a href=\"http:\/\/archeol.sav.sk\/files\/Obr-1.jpeg\"><img decoding=\"async\" loading=\"lazy\" class=\"wp-image-2304 size-medium\" src=\"http:\/\/archeol.sav.sk\/files\/Obr-1-300x151.jpeg\" alt=\"Researched area\" width=\"300\" height=\"151\" srcset=\"https:\/\/archeol.sav.sk\/files\/Obr-1-300x151.jpeg 300w, https:\/\/archeol.sav.sk\/files\/Obr-1-768x387.jpeg 768w, https:\/\/archeol.sav.sk\/files\/Obr-1-1024x516.jpeg 1024w, https:\/\/archeol.sav.sk\/files\/Obr-1.jpeg 1377w\" sizes=\"(max-width: 300px) 100vw, 300px\" \/><\/a><figcaption id=\"caption-attachment-2304\" class=\"wp-caption-text\">Researched area<\/figcaption><\/figure>\n<p>Main result of the project will be complete settlement model of the area of Kysuce region from the beginnings of middle ages to the beginning of modern era, by evaluation of archaeological and enviromental sources. Database of all types of archaeological sources from the period of more than one millenium will be confronted with chosen characteristics of natural environment, leading to the analysis of cultural landscape and historical settlement structures. Emphasis will be put not only on the processing of known archeological finds and localities, but also on recognoscation of terrain by modern prospection methods, using GIS and processing the database by statistical methods.<\/p>\n<p><a href=\"http:\/\/archeol.sav.sk\/index.php\/en\/activities-in-year-2016\/\"><strong>Activities in year 2016<\/strong><\/a><\/p>\n<p><a href=\"http:\/\/archeol.sav.sk\/index.php\/en\/activities-in-year-2017\/\"><strong>Activities in year 2017<\/strong><\/a><\/p>\n<p><a href=\"http:\/\/archeol.sav.sk\/index.php\/sk\/activities-in-year-2018\/\"><strong>Activities in year 2018<\/strong><\/a><\/p>\n<p><strong><a href=\"http:\/\/archeol.sav.sk\/index.php\/sk\/clovek-a-krajina-na-kysuciach-a-prilahlom-povazi-v-stredoveku-a-na-zaciatku-novoveku\/cinnost-v-roku-2019\/\">Activities in year 2019<\/a><\/strong><\/p>\n<p><strong><a href=\"http:\/\/archeol.sav.sk\/index.php\/sk\/clovek-a-krajina-na-kysuciach-a-prilahlom-povazi-v-stredoveku-a-na-zaciatku-novoveku\/cinnost-v-roku-2020\/\">Activities in year 2020<\/a><\/strong><\/p>\n<div class=\"mceTemp\"><\/div>\n<p><strong>Publications<\/strong><\/p>\n<p>BEDN\u00c1R, Peter: Hrady a opevnen\u00e9 s\u00eddla v stredoveku. In: BEDN\u00c1R, Peter \u2013 STANEKOV\u00c1, Zuzana \u2013 \u0160IMKO, Peter (zost.):\u00a0 Budat\u00ednsky hrad. Archeologick\u00fd \u00fastav SAV Nitra a Pova\u017esk\u00e9 m\u00fazeum v \u017diline. Nitra \u2013 \u017dilina 2017, 22 \u2013 24. ISBN 978-80-88877-81-3<\/p>\n<p style=\"text-align: justify; line-height: 150%;\"><a href=\"http:\/\/archeol.sav.sk\/files\/Bedn\u00e1r-2019.pdf\">BEDN\u00c1R, Peter. Drevozemn\u00e9 opevnenia v Kysuckej vrchovine. In Vlastivedn\u00fd zborn\u00edk Pova\u017eia, 2019, \u010d. 29, 251 \u2013 262.<\/a><\/p>\n<p><a href=\"http:\/\/archeol.sav.sk\/files\/Budatinsky-hrad-obsah-2017.pdf\">BEDN\u00c1R, Peter \u2013 STANEKOV\u00c1, Zuzana \u2013 \u0160IMKO, Peter (zost.). Budat\u00ednsky hrad. Archeologick\u00fd \u00fastav SAV Nitra a Pova\u017esk\u00e9 m\u00fazeum v\u00a0\u017diline. Nitra \u2013 \u017dilina 2017. 236 s. ISBN 978-80-88877-81-3<\/a><\/p>\n<p><a href=\"http:\/\/archeol.sav.sk\/files\/Bedn\u00e1r-Stanekov\u00e1-\u0160imko-2019.pdf\">BEDN\u00c1R, Peter \u2013 STANEKOV\u00c1, Zuzana \u2013 \u0160IMKO, Peter (zost.). Budat\u00ednsky hrad.\u00a0 2. roz\u0161\u00edren\u00e9 vydanie. Nitra : Archeologick\u00fd \u00fastav SAV ; \u017dilina : Pova\u017esk\u00e9 m\u00fazeum, 2019. 279 s. ISBN 978-80-88877-81-7<\/a><\/p>\n<p>BEDN\u00c1R, Peter \u2013 \u0160IMKOVIC, Michal \u2013 MATEJKA Miroslav \u2013 STANEKOV\u00c1 Zuzana. Stredovek\u00fd hrad z poh\u013eadu architekt\u00fary a archeol\u00f3gie. In: BEDN\u00c1R, Peter \u2013 STANEKOV\u00c1, Zuzana \u2013 \u0160IMKO, Peter (zost.):\u00a0 Budat\u00ednsky hrad. Archeologick\u00fd \u00fastav SAV Nitra a Pova\u017esk\u00e9 m\u00fazeum v \u017diline. Nitra \u2013 \u017dilina 2017, 40 \u2013 47. ISBN 978-80-88877-81-3<\/p>\n<p>BEDN\u00c1R, Peter \u2013 \u0160IMKOVIC, Michal \u2013 MATEJKA Miroslav \u2013 STANEKOV\u00c1 Zuzana. Prestavby hradu za Su\u0148ogovcov z poh\u013eadu najnov\u0161\u00edch v\u00fdskumov. In: BEDN\u00c1R, Peter \u2013 STANEKOV\u00c1, Zuzana \u2013 \u0160IMKO, Peter (zost.):\u00a0 Budat\u00ednsky hrad. Archeologick\u00fd \u00fastav SAV Nitra a Pova\u017esk\u00e9 m\u00fazeum v \u017diline. Nitra \u2013 \u017dilina 2017, 59 \u2013 68. ISBN 978-80-88877-81-3<\/p>\n<p>STANEKOV\u00c1 Zuzana \u2013 BEDN\u00c1R, Peter: Archeologick\u00e9 n\u00e1lezy z v\u00fdskumu hradu. In: BEDN\u00c1R, Peter \u2013 STANEKOV\u00c1, Zuzana \u2013 \u0160IMKO, Peter (zost.):\u00a0 Budat\u00ednsky hrad. Archeologick\u00fd \u00fastav SAV Nitra a Pova\u017esk\u00e9 m\u00fazeum v \u017diline. Nitra \u2013 \u017dilina 2017, 126 \u2013 135. ISBN 978-80-88877-81-3<\/p>\n<p><a href=\"http:\/\/archeol.sav.sk\/files\/Bednar-Vojtecek-Danova-2017.pdf\">BEDN\u00c1R, Peter \u2013 VOJTE\u010cEK, Marek \u2013 DA\u0147OV\u00c1, Klaudia. N\u00e1lez stredovekej cesty v katastri obce Nededza, okres \u017dilina. In: Dejiny cestnej dopravy na Slovensku II. Zborn\u00edk z konferencie \u017dilina-Budat\u00edn, 9. febru\u00e1r 2017. Pova\u017esk\u00e9 m\u00fazeum v \u017diline. \u017dilina 2017, 25 \u201340. ISBN 978-80-88877-78-3<\/a><\/p>\n<p><a href=\"http:\/\/archeol.sav.sk\/files\/Fusek-2018a.pdf\">FUSEK, Gabriel: Prieskum na hradisku Ve\u013ek\u00fd vrch v Divinke. AVANS 2013, 2018, 59 \u2013 62, 170.<\/a><\/p>\n<p><a href=\"http:\/\/archeol.sav.sk\/files\/Fusek-2017.pdf\">FUSEK, Gabriel: Kleiner Hortfund von Divinka. In: Arch\u00e4ologische Studien zum fr\u00fchen Mittelalter. Internationale Konferenz Nitra vom 18. bis 20. Oktober 2016. Archeologick\u00fd \u00fastav SAV. Nitra 2017, 33 \u2013 44. ISBN 978-80-8196-009-3<\/a><\/p>\n<p><a href=\"http:\/\/archeol.sav.sk\/files\/Fusek-Divinka-Informacnik-1_2017.pdf\">FUSEK, Gabriel: Archeologick\u00fd v\u00fdskum na hradisku Ve\u013ek\u00fd vrch. In: Informa\u010dn\u00edk obce Divinka-Lalinok, ro\u010d. 7, \u010d. 1\/2017, 8 \u2013 10.<\/a><\/p>\n<p><a href=\"http:\/\/archeol.sav.sk\/files\/Fusek-2018c.pdf\">FUSEK, Gabriel: Early Medieval Hillfort in Divinka, Northwestern Slovakia. In: J. Lux \u2013 B. \u0160tular \u2013 K. Zanier (ur.\/eds.): Slovani, na\u0161a dedi\u0161\u010dina\/Our heritage: the Slavs. Ljubljana 2018, 103 \u2013 107.<\/a><\/p>\n<p style=\"text-align: justify; line-height: 150%;\"><a href=\"http:\/\/archeol.sav.sk\/files\/Fusek-2019.pdf\">FUSEK, Gabriel. Pevnostn\u00fd syst\u00e9m hradiska v Divinke. In Vlastivedn\u00fd zborn\u00edk Pova\u017eia, 2019, \u010d. 29, 208\u00a0 \u2013 240.<\/a><\/p>\n<p><a href=\"http:\/\/archeol.sav.sk\/files\/Fusek-Holescak-2018.pdf\">FUSEK, Gabriel \u2013 HOLE\u0160\u010c\u00c1K, Michal: Najstar\u0161ie opevnenie Ve\u013ek\u00e9ho vrchu v Divinke. In: S\u00eddla, artefakty a \u010das&#8230; Zborn\u00edk \u0161t\u00fadi\u00ed o dobe bronzovej a dobe hal\u0161tatskej k 75. narodenin\u00e1m Ladislava Velia\u010dika. Nitra \u2013 Vr\u00fatky 2018, s. 83 \u2013 94. ISBN 978-80-8196-020-8.<\/a><\/p>\n<p><a href=\"http:\/\/archeol.sav.sk\/files\/Fusek-Holescak-2019.pdf\">FUSEK, Gabriel \u2013 HOLE\u0160\u010c\u00c1K, Michal: Hillfort in Divinka in NW Slovakia. In: T. Tkal\u010dec \u2013 T. Sekelj Ivan\u010dan \u2013 S. Krznar \u2013 J. Belaj (eds.): Fortifications, defence systems, structures and features in the past. Proceedings of the 4<sup>th<\/sup> International Scientific Conference on Mediaeval Archaeology of the Institute of Archaeology Zagreb, 7<sup>th<\/sup> \u2013 9<sup>th<\/sup> June 2017. Zagreb 2019, 137 \u2013 146.<\/a><\/p>\n<p style=\"text-align: justify; line-height: 150%;\"><a href=\"http:\/\/archeol.sav.sk\/files\/Fusek-Hole\u0161\u010d\u00e1k-2019.pdf\">FUSEK, Gabriel \u2013 HOLE\u0160\u010c\u00c1K, Michal. Der Burgwall Gro\u00dfer Berg bei Divinka. Vorbericht In \u0160tudijn\u00e9 zvesti Archeologick\u00e9ho \u00fastavu SAV, 2019, \u010d. 66, 161 \u2013 172. ISSN 0560-2793.<\/a><\/p>\n<p><a href=\"http:\/\/archeol.sav.sk\/files\/Fusek_Slan\u00e1-2018.pdf\">FUSEK, Gabriel \u2013 SLAN\u00c1, Andrea: Hradisko v Divinke vo ve\u013ekomoravskom obdob\u00ed. Monumentorum tutela 29, 2018, 85 \u2013 96.<\/a><\/p>\n<p><a href=\"http:\/\/archeol.sav.sk\/files\/Fusek-Slan\u00e1-2020.pdf\">FUSEK, Gabriel \u2013 SLAN\u00c1, Andrea: Slovansk\u00e9 hradisko na Ve\u013ekom vrchu\/Slavic Hillfort on Big Hill. Katal\u00f3g v\u00fdstavy\/Exhibition Catalogue. \u017dilina 2020. ISBN 978-80-88877-86-8.<\/a><\/p>\n<p><a href=\"http:\/\/archeol.sav.sk\/files\/Fusek_Slan\u00e1_Stanekov\u00e1-2016.pdf\">FUSEK, Gabriel \u2013 SLAN\u00c1, Andrea \u2013 STANEKOV\u00c1, Zuzana. Archeologick\u00fd v\u00fdskum hradiska na Ve\u013ekom vrchu v Divinke. Predbe\u017en\u00e1 spr\u00e1va. In: SLIACKA, Simona (Ed.): V\u00fdsledky nov\u00fdch archeologick\u00fdch v\u00fdskumov na Strednom Slovensku. Ru\u017eomberok 2016, 75 \u2013 84.<\/a><\/p>\n<p><a href=\"http:\/\/archeol.sav.sk\/files\/Hole\u0161\u010d\u00e1k-2018.pdf\">HOLE\u0160\u010c\u00c1K, Michal: Stredovek\u00e1 pevnos\u0165 na vrchu Hradisko. In: Informa\u010dn\u00edk obce Divinka-Lalinok, ro\u010d. 8, \u010d. 1\/2018, 13.<\/a><\/p>\n<p style=\"text-align: justify; line-height: 150%;\"><a href=\"http:\/\/archeol.sav.sk\/files\/Hole\u0161\u010d\u00e1k-Slan\u00e1-2019.pdf\">HOLE\u0160\u010c\u00c1K, Michal. Medieval archery equipment from the territory of Slovakia. &#8211; Nitra : Institute of Archaeology of the Slovak Academy of Sciences ; Bratislava : VEDA, 2019. 124 s. Archaeologica Slovaca Monographiae : Studia, Tomus XXXI. ISBN 978-80-8196-033-8.<\/a><\/p>\n<p style=\"text-align: justify; line-height: 150%;\"><a href=\"http:\/\/archeol.sav.sk\/files\/Hole\u0161\u010d\u00e1k-2019b.pdf\">HOLE\u0160\u010c\u00c1K, Michal. \u201eSeversk\u00fd\u201c hrot \u0161\u00edpu z\u00a0Divinky. In Hradisk\u00e1 \u2013 svedkovia d\u00e1vnych \u010dias II. Zborn\u00edk pr\u00edspevkov o hradisk\u00e1ch a ich obyvate\u013eoch. &#8211; Doln\u00e1 Marikov\u00e1 : Ob\u010dianske zdru\u017eenie Hradisk\u00e1, 2019, s. 91\u201394. ISBN 978-80-973032-2-8.<\/a><\/p>\n<p style=\"text-align: justify; line-height: 150%;\"><a href=\"http:\/\/archeol.sav.sk\/files\/Hole\u0161\u010d\u00e1k-Slan\u00e1-2019.pdf\">HOLE\u0160\u010c\u00c1K, Michal \u2013 SLAN\u00c1, Andrea: Archeologick\u00fd v\u00fdskum stredovek\u00e9ho hr\u00e1dku v Divinke, poloha Hradisko. In Vlastivedn\u00fd zborn\u00edk Pova\u017eia, 2019, \u010d. 29, 241 \u2013 249.<\/a><\/p>\n<p><a href=\"https:\/\/doi.org\/10.31577\/slovarch.2020.68.14\">HOLE\u0160\u010c\u00c1K, Michal \u2013 SLAN\u00c1, Andrea: Stredovek\u00fd hr\u00e1dok v\u00a0Divinke a\u00a0Divine. In: Slovensk\u00e1 archeol\u00f3gia 68, 2020, 335 \u2013 351.<\/a><\/p>\n<p><a href=\"http:\/\/archeol.sav.sk\/files\/Vojtecek-2016.pdf\">VOJTE\u010cEK, Marek. Mal\u00e9 \u0161ance a Valy v\u00a0\u010ciernom. Pr\u00edspevok k poznaniu pevnostn\u00e9ho syst\u00e9mu Jablunkovsk\u00e9ho priesmyku. Archaeologia historica 41\/2, 2016, 195\u2013210.<\/a><\/p>\n<p style=\"text-align: justify; line-height: 150%;\"><a href=\"http:\/\/archeol.sav.sk\/files\/Vojte\u010dek-2019.pdf\">VOJTE\u010cEK, Marek. Relikty novovek\u00e9ho fortifika\u010dn\u00e9ho syst\u00e9mu v \u010ciernom na Kysuciach. In Vlastivedn\u00fd zborn\u00edk Pova\u017eia, 2019, \u010d. 29, 296 \u2013 315.<\/a><\/p>\n<p><a href=\"http:\/\/archeol.sav.sk\/files\/Vojtecek-Nemergut-2016.pdf\">VOJTE\u010cEK, Marek \u2013 NEMERGUT, Adri\u00e1n. Dokument\u00e1cia zaniknut\u00fdch ciest v katastri obci Svr\u010dinovec, \u010cierne a Skalit\u00e9. N\u00e1\u010drt problematiky kopani\u010diarskej koloniz\u00e1cie na \u00fazem\u00ed severn\u00fdch Kys\u00fac. Archaeologia historica 41\/2, 2016, 525 \u2013 544.<\/a><\/p>\n<p><a href=\"http:\/\/archeol.sav.sk\/files\/Budatinsky-hrad-obsah-2017.pdf\">\u00a0<\/a><\/p>\n<p><strong>Field activities<\/strong><\/p>\n<p><a href=\"http:\/\/archeol.sav.sk\/index.php\/en\/divinka-3\/\">Divinka, locality Ve\u013ek\u00fd vrch<\/a><\/p>\n<p><a href=\"http:\/\/archeol.sav.sk\/index.php\/en\/divinka-locality-hradisko\/\">Divinka, locality Hradisko<\/a><\/p>\n","protected":false},"excerpt":{"rendered":"<p>Principal investigator:\u00a0 PhDr. Gabriel Fusek, CSc. Investigators: PhDr. Peter Bedn\u00e1r, CSc., Mgr. Marek Vojte\u010dek, PhD., Mgr. Michal Hole\u0161\u010d\u00e1k, PhD., Mgr. Peter Debn\u00e1r Project duration: 1. 7. 2016 \u2013 30. 6. 2020 Registration number: APVV-15-0330 Coordinator: Archaeological Institute SAS Key words:\u00a0Northwestern Slovakia, middle ages, early modern age, mountaneous region, landscape archaeology Project objectives Main result of &#8230; <a class=\"read-more\" href=\"https:\/\/archeol.sav.sk\/index.php\/en\/human-and-landscape-in-kysuce-and-adjacent-povazie-region-in-middle-ages-and-beginning-of-modern-age\/\">\u010c\u00edtajte viac<\/a><\/p>\n","protected":false},"author":2,"featured_media":0,"parent":0,"menu_order":0,"comment_status":"closed","ping_status":"closed","template":"","meta":[],"_links":{"self":[{"href":"https:\/\/archeol.sav.sk\/index.php\/wp-json\/wp\/v2\/pages\/2016"}],"collection":[{"href":"https:\/\/archeol.sav.sk\/index.php\/wp-json\/wp\/v2\/pages"}],"about":[{"href":"https:\/\/archeol.sav.sk\/index.php\/wp-json\/wp\/v2\/types\/page"}],"author":[{"embeddable":true,"href":"https:\/\/archeol.sav.sk\/index.php\/wp-json\/wp\/v2\/users\/2"}],"replies":[{"embeddable":true,"href":"https:\/\/archeol.sav.sk\/index.php\/wp-json\/wp\/v2\/comments?post=2016"}],"version-history":[{"count":28,"href":"https:\/\/archeol.sav.sk\/index.php\/wp-json\/wp\/v2\/pages\/2016\/revisions"}],"predecessor-version":[{"id":5597,"href":"https:\/\/archeol.sav.sk\/index.php\/wp-json\/wp\/v2\/pages\/2016\/revisions\/5597"}],"wp:attachment":[{"href":"https:\/\/archeol.sav.sk\/index.php\/wp-json\/wp\/v2\/media?parent=2016"}],"curies":[{"name":"wp","href":"https:\/\/api.w.org\/{rel}","templated":true}]}}