{"id":1958,"date":"2016-10-10T22:17:14","date_gmt":"2016-10-10T20:17:14","guid":{"rendered":"http:\/\/archeol.sav.sk\/?page_id=1958"},"modified":"2016-10-10T22:17:14","modified_gmt":"2016-10-10T20:17:14","slug":"dynamika-vyuzivania-surovinovych-zdrojov-v-paleolite-a-neolite-na-zapadnom-slovensku","status":"publish","type":"page","link":"https:\/\/archeol.sav.sk\/index.php\/sk\/dynamika-vyuzivania-surovinovych-zdrojov-v-paleolite-a-neolite-na-zapadnom-slovensku\/","title":{"rendered":"Dynamika vyu\u017e\u00edvania surovinov\u00fdch zdrojov v paleolite a neolite na z\u00e1padnom Slovensku"},"content":{"rendered":"<p><strong>APVV-14-0742<\/strong><\/p>\n<p>&nbsp;<\/p>\n<p>Zodpovedn\u00fd rie\u0161ite\u013e:\u00a0 PhDr. Cheben Ivan,\u00a0 CSc.<\/p>\n<p>Doba rie\u0161enia: 01.07.2015\u00a0<strong>\u2013<\/strong> 30.06.2019<\/p>\n<p>&nbsp;<\/p>\n<p>Sledovanie distrib\u00facie kamenn\u00fdch silicitov\u00fdch surov\u00edn v priebehu doby kamennej poskytuje d\u00f4le\u017eit\u00fd n\u00e1stroj k pochopeniu ekonomiky a mobility jednotliv\u00fdch spolo\u010dnost\u00ed v tomto obdob\u00ed. Z\u00e1kladn\u00fdm atrib\u00fatom \u0161t\u00fadia je spracovanie kamennej \u0161tiepanej industrie a stanovenie p\u00f4vodu pou\u017e\u00edvan\u00fdch surov\u00edn, ktor\u00e9 s\u00fa v n\u00e1lezov\u00fdch s\u00faboroch na jednotliv\u00fdch lokalit\u00e1ch dolo\u017een\u00e9. Pri hodnoten\u00ed sledovan\u00fdch ot\u00e1zok je nevyhnutn\u00e9 vych\u00e1dza\u0165 nielen z geologicko-petrografick\u00fdch anal\u00fdz, ale aj z komplexnej technologickej anal\u00fdzy kamenn\u00fdch silicitov\u00fdch artefaktov. Hlavn\u00fdmi rie\u0161en\u00fdmi ot\u00e1zkami je \u0161t\u00fadium technol\u00f3gie v\u00fdroby a typologick\u00e1 anal\u00fdza \u0161tiepanej industrie, ktor\u00e9 spo\u010d\u00edvaj\u00fa v ur\u010den\u00ed formy a \u00fa\u010delu dovozu danej suroviny na s\u00eddlisko, jej transform\u00e1ciu a determinovanie artefaktu. Ide o produkt, ktor\u00fd bol cie\u013eom jej v\u00fdroby. Takto z\u00edskan\u00e9 inform\u00e1cie z jednotliv\u00fdch lokal\u00edt mo\u017eno medzi sebou porovn\u00e1va\u0165 v ur\u010ditom \u010dasovom horizonte, ako aj medzi viacer\u00fdmi \u010dasov\u00fdmi horizontmi. V\u00fdsledky tak m\u00f4\u017eu pouk\u00e1za\u0165 na v\u00fdvoj v\u00fdrobn\u00fdch postupov v priebehu doby kamennej, a to v procese od z\u00edskavania suroviny, cez jej prvotn\u00e9 spracovanie, distrib\u00faciu a\u017e po fin\u00e1lne pou\u017eitie v r\u00e1mci z\u00e1padn\u00e9ho Slovenska. Adapt\u00e1cia popul\u00e1ci\u00ed sa prejavuje jednak v organiz\u00e1cii s\u00eddlisk, ako aj v zaobstar\u00e1van\u00ed suroviny, \u010do je \u00fazko spojen\u00e9 i s kult\u00farnymi aspektmi.<\/p>\n","protected":false},"excerpt":{"rendered":"<p>APVV-14-0742 &nbsp; Zodpovedn\u00fd rie\u0161ite\u013e:\u00a0 PhDr. Cheben Ivan,\u00a0 CSc. Doba rie\u0161enia: 01.07.2015\u00a0\u2013 30.06.2019 &nbsp; Sledovanie distrib\u00facie kamenn\u00fdch silicitov\u00fdch surov\u00edn v priebehu doby kamennej poskytuje d\u00f4le\u017eit\u00fd n\u00e1stroj k pochopeniu ekonomiky a mobility jednotliv\u00fdch spolo\u010dnost\u00ed v tomto obdob\u00ed. Z\u00e1kladn\u00fdm atrib\u00fatom \u0161t\u00fadia je spracovanie kamennej \u0161tiepanej industrie a stanovenie p\u00f4vodu pou\u017e\u00edvan\u00fdch surov\u00edn, ktor\u00e9 s\u00fa v n\u00e1lezov\u00fdch s\u00faboroch na jednotliv\u00fdch &#8230; <a class=\"read-more\" href=\"https:\/\/archeol.sav.sk\/index.php\/sk\/dynamika-vyuzivania-surovinovych-zdrojov-v-paleolite-a-neolite-na-zapadnom-slovensku\/\">\u010c\u00edtajte viac<\/a><\/p>\n","protected":false},"author":2,"featured_media":0,"parent":0,"menu_order":0,"comment_status":"closed","ping_status":"closed","template":"","meta":[],"_links":{"self":[{"href":"https:\/\/archeol.sav.sk\/index.php\/wp-json\/wp\/v2\/pages\/1958"}],"collection":[{"href":"https:\/\/archeol.sav.sk\/index.php\/wp-json\/wp\/v2\/pages"}],"about":[{"href":"https:\/\/archeol.sav.sk\/index.php\/wp-json\/wp\/v2\/types\/page"}],"author":[{"embeddable":true,"href":"https:\/\/archeol.sav.sk\/index.php\/wp-json\/wp\/v2\/users\/2"}],"replies":[{"embeddable":true,"href":"https:\/\/archeol.sav.sk\/index.php\/wp-json\/wp\/v2\/comments?post=1958"}],"version-history":[{"count":1,"href":"https:\/\/archeol.sav.sk\/index.php\/wp-json\/wp\/v2\/pages\/1958\/revisions"}],"predecessor-version":[{"id":1959,"href":"https:\/\/archeol.sav.sk\/index.php\/wp-json\/wp\/v2\/pages\/1958\/revisions\/1959"}],"wp:attachment":[{"href":"https:\/\/archeol.sav.sk\/index.php\/wp-json\/wp\/v2\/media?parent=1958"}],"curies":[{"name":"wp","href":"https:\/\/api.w.org\/{rel}","templated":true}]}}